{"id":54,"date":"2020-09-01T17:07:58","date_gmt":"2020-09-01T15:07:58","guid":{"rendered":"https:\/\/mivegec.fr\/?page_id=54"},"modified":"2025-04-16T08:36:49","modified_gmt":"2025-04-16T06:36:49","slug":"intranet","status":"publish","type":"page","link":"https:\/\/mivegec.fr\/fr\/intranet","title":{"rendered":"Intranet"},"content":{"rendered":"<div class=\"members-access-error\">\n<div style=\"padding: 200px 0\">\n<h2 style=\"text-align: center\">Acc\u00e8s non autoris\u00e9.<\/h2>\n<p style=\"text-align: center\">Vous n&rsquo;\u00eates pas connect\u00e9 pour acc\u00e9der \u00e0 ce contenu.<\/p>\n<p style=\"text-align: center\">Pour acc\u00e9der \u00e0 cette page, <a href=\"https:\/\/sso.ird.fr\/cas\/login?service=https:\/\/mivegec.fr\/intranet\/\" target=\"_blank\" rel=\"noopener\">merci de vous connecter avec votre compte IRD<\/a>.<\/p>\n<\/div>\n<\/div>\n","protected":false},"excerpt":{"rendered":"<div class=\"members-access-error\">\n<div style=\"padding: 200px 0\">\n<h2 style=\"text-align: center\">Acc\u00e8s non autoris\u00e9.<\/h2>\n<p style=\"text-align: center\">Vous n&rsquo;\u00eates pas connect\u00e9 pour acc\u00e9der \u00e0 ce contenu.<\/p>\n<p style=\"text-align: center\">Pour acc\u00e9der \u00e0 cette page, <a href=\"https:\/\/sso.ird.fr\/cas\/login?service=https:\/\/mivegec.fr\/intranet\/\" target=\"_blank\" rel=\"noopener\">merci de vous connecter avec votre compte IRD<\/a>.<\/p>\n<\/div>\n<\/div>\n","protected":false},"author":3,"featured_media":0,"parent":0,"menu_order":0,"comment_status":"closed","ping_status":"closed","template":"","meta":{"_acf_changed":false,"_et_pb_use_builder":"on","_et_pb_old_content":"","_et_gb_content_width":"","footnotes":""},"class_list":["post-54","page","type-page","status-publish","hentry"],"acf":[],"yoast_head":"<!-- This site is optimized with the Yoast SEO plugin v26.8 - https:\/\/yoast.com\/product\/yoast-seo-wordpress\/ -->\n<title>Intranet - MIVEGEC<\/title>\n<meta name=\"robots\" content=\"index, follow, max-snippet:-1, max-image-preview:large, max-video-preview:-1\" \/>\n<link rel=\"canonical\" href=\"https:\/\/mivegec.fr\/fr\/intranet\" \/>\n<meta property=\"og:locale\" content=\"fr_FR\" \/>\n<meta property=\"og:type\" content=\"article\" \/>\n<meta property=\"og:title\" content=\"Intranet - MIVEGEC\" \/>\n<meta property=\"og:description\" content=\"Acc\u00e8s non autoris\u00e9. Vous n&rsquo;\u00eates pas connect\u00e9 pour acc\u00e9der \u00e0 ce contenu. Pour acc\u00e9der \u00e0 cette page, merci de vous connecter avec votre compte IRD.\" \/>\n<meta property=\"og:url\" content=\"https:\/\/mivegec.fr\/fr\/intranet\" \/>\n<meta property=\"og:site_name\" content=\"MIVEGEC\" \/>\n<meta property=\"article:modified_time\" content=\"2025-04-16T06:36:49+00:00\" \/>\n<meta name=\"twitter:card\" content=\"summary_large_image\" \/>\n<meta name=\"twitter:label1\" content=\"Dur\u00e9e de lecture estim\u00e9e\" \/>\n\t<meta name=\"twitter:data1\" content=\"1 minute\" \/>\n<script type=\"application\/ld+json\" class=\"yoast-schema-graph\">{\"@context\":\"https:\/\/schema.org\",\"@graph\":[{\"@type\":\"WebPage\",\"@id\":\"https:\/\/mivegec.fr\/fr\/intranet\",\"url\":\"https:\/\/mivegec.fr\/fr\/intranet\",\"name\":\"Intranet - MIVEGEC\",\"isPartOf\":{\"@id\":\"https:\/\/mivegec.fr\/fr\/#website\"},\"datePublished\":\"2020-09-01T15:07:58+00:00\",\"dateModified\":\"2025-04-16T06:36:49+00:00\",\"breadcrumb\":{\"@id\":\"https:\/\/mivegec.fr\/fr\/intranet#breadcrumb\"},\"inLanguage\":\"fr-FR\",\"potentialAction\":[{\"@type\":\"ReadAction\",\"target\":[\"https:\/\/mivegec.fr\/fr\/intranet\"]}]},{\"@type\":\"BreadcrumbList\",\"@id\":\"https:\/\/mivegec.fr\/fr\/intranet#breadcrumb\",\"itemListElement\":[{\"@type\":\"ListItem\",\"position\":1,\"name\":\"Accueil\",\"item\":\"https:\/\/mivegec.fr\/fr\"},{\"@type\":\"ListItem\",\"position\":2,\"name\":\"Intranet\"}]},{\"@type\":\"WebSite\",\"@id\":\"https:\/\/mivegec.fr\/fr\/#website\",\"url\":\"https:\/\/mivegec.fr\/fr\/\",\"name\":\"MIVEGEC\",\"description\":\"Maladies infectieuses et Vecteurs : \u00c9cologie, G\u00e9n\u00e9tique, \u00c9volution et Contr\u00f4le\",\"publisher\":{\"@id\":\"https:\/\/mivegec.fr\/fr\/#organization\"},\"potentialAction\":[{\"@type\":\"SearchAction\",\"target\":{\"@type\":\"EntryPoint\",\"urlTemplate\":\"https:\/\/mivegec.fr\/fr\/?s={search_term_string}\"},\"query-input\":{\"@type\":\"PropertyValueSpecification\",\"valueRequired\":true,\"valueName\":\"search_term_string\"}}],\"inLanguage\":\"fr-FR\"},{\"@type\":\"Organization\",\"@id\":\"https:\/\/mivegec.fr\/fr\/#organization\",\"name\":\"Mivegec\",\"url\":\"https:\/\/mivegec.fr\/fr\/\",\"logo\":{\"@type\":\"ImageObject\",\"inLanguage\":\"fr-FR\",\"@id\":\"https:\/\/mivegec.fr\/fr\/#\/schema\/logo\/image\/\",\"url\":\"https:\/\/mivegec.fr\/wp-content\/uploads\/2021\/03\/logo-mivegec@2x.png\",\"contentUrl\":\"https:\/\/mivegec.fr\/wp-content\/uploads\/2021\/03\/logo-mivegec@2x.png\",\"width\":616,\"height\":405,\"caption\":\"Mivegec\"},\"image\":{\"@id\":\"https:\/\/mivegec.fr\/fr\/#\/schema\/logo\/image\/\"}}]}<\/script>\n<!-- \/ Yoast SEO plugin. -->","yoast_head_json":{"title":"Intranet - MIVEGEC","robots":{"index":"index","follow":"follow","max-snippet":"max-snippet:-1","max-image-preview":"max-image-preview:large","max-video-preview":"max-video-preview:-1"},"canonical":"https:\/\/mivegec.fr\/fr\/intranet","og_locale":"fr_FR","og_type":"article","og_title":"Intranet - MIVEGEC","og_description":"Acc\u00e8s non autoris\u00e9. Vous n&rsquo;\u00eates pas connect\u00e9 pour acc\u00e9der \u00e0 ce contenu. Pour acc\u00e9der \u00e0 cette page, merci de vous connecter avec votre compte IRD.","og_url":"https:\/\/mivegec.fr\/fr\/intranet","og_site_name":"MIVEGEC","article_modified_time":"2025-04-16T06:36:49+00:00","twitter_card":"summary_large_image","twitter_misc":{"Dur\u00e9e de lecture estim\u00e9e":"1 minute"},"schema":{"@context":"https:\/\/schema.org","@graph":[{"@type":"WebPage","@id":"https:\/\/mivegec.fr\/fr\/intranet","url":"https:\/\/mivegec.fr\/fr\/intranet","name":"Intranet - MIVEGEC","isPartOf":{"@id":"https:\/\/mivegec.fr\/fr\/#website"},"datePublished":"2020-09-01T15:07:58+00:00","dateModified":"2025-04-16T06:36:49+00:00","breadcrumb":{"@id":"https:\/\/mivegec.fr\/fr\/intranet#breadcrumb"},"inLanguage":"fr-FR","potentialAction":[{"@type":"ReadAction","target":["https:\/\/mivegec.fr\/fr\/intranet"]}]},{"@type":"BreadcrumbList","@id":"https:\/\/mivegec.fr\/fr\/intranet#breadcrumb","itemListElement":[{"@type":"ListItem","position":1,"name":"Accueil","item":"https:\/\/mivegec.fr\/fr"},{"@type":"ListItem","position":2,"name":"Intranet"}]},{"@type":"WebSite","@id":"https:\/\/mivegec.fr\/fr\/#website","url":"https:\/\/mivegec.fr\/fr\/","name":"MIVEGEC","description":"Maladies infectieuses et Vecteurs : \u00c9cologie, G\u00e9n\u00e9tique, \u00c9volution et Contr\u00f4le","publisher":{"@id":"https:\/\/mivegec.fr\/fr\/#organization"},"potentialAction":[{"@type":"SearchAction","target":{"@type":"EntryPoint","urlTemplate":"https:\/\/mivegec.fr\/fr\/?s={search_term_string}"},"query-input":{"@type":"PropertyValueSpecification","valueRequired":true,"valueName":"search_term_string"}}],"inLanguage":"fr-FR"},{"@type":"Organization","@id":"https:\/\/mivegec.fr\/fr\/#organization","name":"Mivegec","url":"https:\/\/mivegec.fr\/fr\/","logo":{"@type":"ImageObject","inLanguage":"fr-FR","@id":"https:\/\/mivegec.fr\/fr\/#\/schema\/logo\/image\/","url":"https:\/\/mivegec.fr\/wp-content\/uploads\/2021\/03\/logo-mivegec@2x.png","contentUrl":"https:\/\/mivegec.fr\/wp-content\/uploads\/2021\/03\/logo-mivegec@2x.png","width":616,"height":405,"caption":"Mivegec"},"image":{"@id":"https:\/\/mivegec.fr\/fr\/#\/schema\/logo\/image\/"}}]}},"_links":{"self":[{"href":"https:\/\/mivegec.fr\/fr\/wp-json\/wp\/v2\/pages\/54","targetHints":{"allow":["GET"]}}],"collection":[{"href":"https:\/\/mivegec.fr\/fr\/wp-json\/wp\/v2\/pages"}],"about":[{"href":"https:\/\/mivegec.fr\/fr\/wp-json\/wp\/v2\/types\/page"}],"author":[{"embeddable":true,"href":"https:\/\/mivegec.fr\/fr\/wp-json\/wp\/v2\/users\/3"}],"replies":[{"embeddable":true,"href":"https:\/\/mivegec.fr\/fr\/wp-json\/wp\/v2\/comments?post=54"}],"version-history":[{"count":83,"href":"https:\/\/mivegec.fr\/fr\/wp-json\/wp\/v2\/pages\/54\/revisions"}],"predecessor-version":[{"id":11507,"href":"https:\/\/mivegec.fr\/fr\/wp-json\/wp\/v2\/pages\/54\/revisions\/11507"}],"wp:attachment":[{"href":"https:\/\/mivegec.fr\/fr\/wp-json\/wp\/v2\/media?parent=54"}],"curies":[{"name":"wp","href":"https:\/\/api.w.org\/{rel}","templated":true}]}}