{"id":433,"date":"2020-09-24T14:43:51","date_gmt":"2020-09-24T12:43:51","guid":{"rendered":"https:\/\/mivegec.fr\/?page_id=433"},"modified":"2026-01-08T15:59:16","modified_gmt":"2026-01-08T14:59:16","slug":"mivegec-1point5","status":"publish","type":"page","link":"https:\/\/mivegec.fr\/fr\/intranet\/mivegec-1point5","title":{"rendered":"MIVEGEC 1point5"},"content":{"rendered":"<div class=\"members-access-error\">\n<div style=\"padding: 200px 0\">\n<h2 style=\"text-align: center\">Acc\u00e8s non autoris\u00e9.<\/h2>\n<p style=\"text-align: center\">Vous n&rsquo;\u00eates pas connect\u00e9 pour acc\u00e9der \u00e0 ce contenu.<\/p>\n<p style=\"text-align: center\">Pour acc\u00e9der \u00e0 cette page, <a href=\"https:\/\/sso.ird.fr\/cas\/login?service=https:\/\/mivegec.fr\/intranet\/\" target=\"_blank\" rel=\"noopener\">merci de vous connecter avec votre compte IRD<\/a>.<\/p>\n<\/div>\n<\/div>\n","protected":false},"excerpt":{"rendered":"<div class=\"members-access-error\">\n<div style=\"padding: 200px 0\">\n<h2 style=\"text-align: center\">Acc\u00e8s non autoris\u00e9.<\/h2>\n<p style=\"text-align: center\">Vous n&rsquo;\u00eates pas connect\u00e9 pour acc\u00e9der \u00e0 ce contenu.<\/p>\n<p style=\"text-align: center\">Pour acc\u00e9der \u00e0 cette page, <a href=\"https:\/\/sso.ird.fr\/cas\/login?service=https:\/\/mivegec.fr\/intranet\/\" target=\"_blank\" rel=\"noopener\">merci de vous connecter avec votre compte IRD<\/a>.<\/p>\n<\/div>\n<\/div>\n","protected":false},"author":3,"featured_media":0,"parent":54,"menu_order":0,"comment_status":"closed","ping_status":"closed","template":"","meta":{"_acf_changed":false,"_et_pb_use_builder":"on","_et_pb_old_content":"","_et_gb_content_width":"","footnotes":""},"class_list":["post-433","page","type-page","status-publish","hentry"],"acf":[],"yoast_head":"<!-- This site is optimized with the Yoast SEO plugin v26.8 - https:\/\/yoast.com\/product\/yoast-seo-wordpress\/ -->\n<title>MIVEGEC 1point5 - MIVEGEC<\/title>\n<meta name=\"robots\" content=\"index, follow, max-snippet:-1, max-image-preview:large, max-video-preview:-1\" \/>\n<link rel=\"canonical\" href=\"https:\/\/mivegec.fr\/fr\/intranet\/mivegec-1point5\" \/>\n<meta property=\"og:locale\" content=\"fr_FR\" \/>\n<meta property=\"og:type\" content=\"article\" \/>\n<meta property=\"og:title\" content=\"MIVEGEC 1point5 - MIVEGEC\" \/>\n<meta property=\"og:description\" content=\"Acc\u00e8s non autoris\u00e9. Vous n&rsquo;\u00eates pas connect\u00e9 pour acc\u00e9der \u00e0 ce contenu. Pour acc\u00e9der \u00e0 cette page, merci de vous connecter avec votre compte IRD.\" \/>\n<meta property=\"og:url\" content=\"https:\/\/mivegec.fr\/fr\/intranet\/mivegec-1point5\" \/>\n<meta property=\"og:site_name\" content=\"MIVEGEC\" \/>\n<meta property=\"article:modified_time\" content=\"2026-01-08T14:59:16+00:00\" \/>\n<meta property=\"og:image\" content=\"https:\/\/mivegec.fr\/wp-content\/uploads\/2025\/02\/Bilan-C-FR.png\" \/>\n\t<meta property=\"og:image:width\" content=\"12000\" \/>\n\t<meta property=\"og:image:height\" content=\"4092\" \/>\n\t<meta property=\"og:image:type\" content=\"image\/png\" \/>\n<meta name=\"twitter:card\" content=\"summary_large_image\" \/>\n<meta name=\"twitter:label1\" content=\"Dur\u00e9e de lecture estim\u00e9e\" \/>\n\t<meta name=\"twitter:data1\" content=\"3 minutes\" \/>\n<script type=\"application\/ld+json\" class=\"yoast-schema-graph\">{\"@context\":\"https:\/\/schema.org\",\"@graph\":[{\"@type\":\"WebPage\",\"@id\":\"https:\/\/mivegec.fr\/fr\/intranet\/mivegec-1point5\",\"url\":\"https:\/\/mivegec.fr\/fr\/intranet\/mivegec-1point5\",\"name\":\"MIVEGEC 1point5 - MIVEGEC\",\"isPartOf\":{\"@id\":\"https:\/\/mivegec.fr\/fr\/#website\"},\"primaryImageOfPage\":{\"@id\":\"https:\/\/mivegec.fr\/fr\/intranet\/mivegec-1point5#primaryimage\"},\"image\":{\"@id\":\"https:\/\/mivegec.fr\/fr\/intranet\/mivegec-1point5#primaryimage\"},\"thumbnailUrl\":\"https:\/\/mivegec.fr\/wp-content\/uploads\/2025\/02\/Bilan-C-FR-1024x349.png\",\"datePublished\":\"2020-09-24T12:43:51+00:00\",\"dateModified\":\"2026-01-08T14:59:16+00:00\",\"breadcrumb\":{\"@id\":\"https:\/\/mivegec.fr\/fr\/intranet\/mivegec-1point5#breadcrumb\"},\"inLanguage\":\"fr-FR\",\"potentialAction\":[{\"@type\":\"ReadAction\",\"target\":[\"https:\/\/mivegec.fr\/fr\/intranet\/mivegec-1point5\"]}]},{\"@type\":\"ImageObject\",\"inLanguage\":\"fr-FR\",\"@id\":\"https:\/\/mivegec.fr\/fr\/intranet\/mivegec-1point5#primaryimage\",\"url\":\"https:\/\/mivegec.fr\/wp-content\/uploads\/2025\/02\/Bilan-C-FR-1024x349.png\",\"contentUrl\":\"https:\/\/mivegec.fr\/wp-content\/uploads\/2025\/02\/Bilan-C-FR-1024x349.png\"},{\"@type\":\"BreadcrumbList\",\"@id\":\"https:\/\/mivegec.fr\/fr\/intranet\/mivegec-1point5#breadcrumb\",\"itemListElement\":[{\"@type\":\"ListItem\",\"position\":1,\"name\":\"Accueil\",\"item\":\"https:\/\/mivegec.fr\/fr\"},{\"@type\":\"ListItem\",\"position\":2,\"name\":\"Intranet\",\"item\":\"https:\/\/mivegec.fr\/fr\/intranet\"},{\"@type\":\"ListItem\",\"position\":3,\"name\":\"MIVEGEC 1point5\"}]},{\"@type\":\"WebSite\",\"@id\":\"https:\/\/mivegec.fr\/fr\/#website\",\"url\":\"https:\/\/mivegec.fr\/fr\/\",\"name\":\"MIVEGEC\",\"description\":\"Maladies infectieuses et Vecteurs : \u00c9cologie, G\u00e9n\u00e9tique, \u00c9volution et Contr\u00f4le\",\"publisher\":{\"@id\":\"https:\/\/mivegec.fr\/fr\/#organization\"},\"potentialAction\":[{\"@type\":\"SearchAction\",\"target\":{\"@type\":\"EntryPoint\",\"urlTemplate\":\"https:\/\/mivegec.fr\/fr\/?s={search_term_string}\"},\"query-input\":{\"@type\":\"PropertyValueSpecification\",\"valueRequired\":true,\"valueName\":\"search_term_string\"}}],\"inLanguage\":\"fr-FR\"},{\"@type\":\"Organization\",\"@id\":\"https:\/\/mivegec.fr\/fr\/#organization\",\"name\":\"Mivegec\",\"url\":\"https:\/\/mivegec.fr\/fr\/\",\"logo\":{\"@type\":\"ImageObject\",\"inLanguage\":\"fr-FR\",\"@id\":\"https:\/\/mivegec.fr\/fr\/#\/schema\/logo\/image\/\",\"url\":\"https:\/\/mivegec.fr\/wp-content\/uploads\/2021\/03\/logo-mivegec@2x.png\",\"contentUrl\":\"https:\/\/mivegec.fr\/wp-content\/uploads\/2021\/03\/logo-mivegec@2x.png\",\"width\":616,\"height\":405,\"caption\":\"Mivegec\"},\"image\":{\"@id\":\"https:\/\/mivegec.fr\/fr\/#\/schema\/logo\/image\/\"}}]}<\/script>\n<!-- \/ Yoast SEO plugin. -->","yoast_head_json":{"title":"MIVEGEC 1point5 - MIVEGEC","robots":{"index":"index","follow":"follow","max-snippet":"max-snippet:-1","max-image-preview":"max-image-preview:large","max-video-preview":"max-video-preview:-1"},"canonical":"https:\/\/mivegec.fr\/fr\/intranet\/mivegec-1point5","og_locale":"fr_FR","og_type":"article","og_title":"MIVEGEC 1point5 - MIVEGEC","og_description":"Acc\u00e8s non autoris\u00e9. Vous n&rsquo;\u00eates pas connect\u00e9 pour acc\u00e9der \u00e0 ce contenu. Pour acc\u00e9der \u00e0 cette page, merci de vous connecter avec votre compte IRD.","og_url":"https:\/\/mivegec.fr\/fr\/intranet\/mivegec-1point5","og_site_name":"MIVEGEC","article_modified_time":"2026-01-08T14:59:16+00:00","og_image":[{"width":12000,"height":4092,"url":"https:\/\/mivegec.fr\/wp-content\/uploads\/2025\/02\/Bilan-C-FR.png","type":"image\/png"}],"twitter_card":"summary_large_image","twitter_misc":{"Dur\u00e9e de lecture estim\u00e9e":"3 minutes"},"schema":{"@context":"https:\/\/schema.org","@graph":[{"@type":"WebPage","@id":"https:\/\/mivegec.fr\/fr\/intranet\/mivegec-1point5","url":"https:\/\/mivegec.fr\/fr\/intranet\/mivegec-1point5","name":"MIVEGEC 1point5 - MIVEGEC","isPartOf":{"@id":"https:\/\/mivegec.fr\/fr\/#website"},"primaryImageOfPage":{"@id":"https:\/\/mivegec.fr\/fr\/intranet\/mivegec-1point5#primaryimage"},"image":{"@id":"https:\/\/mivegec.fr\/fr\/intranet\/mivegec-1point5#primaryimage"},"thumbnailUrl":"https:\/\/mivegec.fr\/wp-content\/uploads\/2025\/02\/Bilan-C-FR-1024x349.png","datePublished":"2020-09-24T12:43:51+00:00","dateModified":"2026-01-08T14:59:16+00:00","breadcrumb":{"@id":"https:\/\/mivegec.fr\/fr\/intranet\/mivegec-1point5#breadcrumb"},"inLanguage":"fr-FR","potentialAction":[{"@type":"ReadAction","target":["https:\/\/mivegec.fr\/fr\/intranet\/mivegec-1point5"]}]},{"@type":"ImageObject","inLanguage":"fr-FR","@id":"https:\/\/mivegec.fr\/fr\/intranet\/mivegec-1point5#primaryimage","url":"https:\/\/mivegec.fr\/wp-content\/uploads\/2025\/02\/Bilan-C-FR-1024x349.png","contentUrl":"https:\/\/mivegec.fr\/wp-content\/uploads\/2025\/02\/Bilan-C-FR-1024x349.png"},{"@type":"BreadcrumbList","@id":"https:\/\/mivegec.fr\/fr\/intranet\/mivegec-1point5#breadcrumb","itemListElement":[{"@type":"ListItem","position":1,"name":"Accueil","item":"https:\/\/mivegec.fr\/fr"},{"@type":"ListItem","position":2,"name":"Intranet","item":"https:\/\/mivegec.fr\/fr\/intranet"},{"@type":"ListItem","position":3,"name":"MIVEGEC 1point5"}]},{"@type":"WebSite","@id":"https:\/\/mivegec.fr\/fr\/#website","url":"https:\/\/mivegec.fr\/fr\/","name":"MIVEGEC","description":"Maladies infectieuses et Vecteurs : \u00c9cologie, G\u00e9n\u00e9tique, \u00c9volution et Contr\u00f4le","publisher":{"@id":"https:\/\/mivegec.fr\/fr\/#organization"},"potentialAction":[{"@type":"SearchAction","target":{"@type":"EntryPoint","urlTemplate":"https:\/\/mivegec.fr\/fr\/?s={search_term_string}"},"query-input":{"@type":"PropertyValueSpecification","valueRequired":true,"valueName":"search_term_string"}}],"inLanguage":"fr-FR"},{"@type":"Organization","@id":"https:\/\/mivegec.fr\/fr\/#organization","name":"Mivegec","url":"https:\/\/mivegec.fr\/fr\/","logo":{"@type":"ImageObject","inLanguage":"fr-FR","@id":"https:\/\/mivegec.fr\/fr\/#\/schema\/logo\/image\/","url":"https:\/\/mivegec.fr\/wp-content\/uploads\/2021\/03\/logo-mivegec@2x.png","contentUrl":"https:\/\/mivegec.fr\/wp-content\/uploads\/2021\/03\/logo-mivegec@2x.png","width":616,"height":405,"caption":"Mivegec"},"image":{"@id":"https:\/\/mivegec.fr\/fr\/#\/schema\/logo\/image\/"}}]}},"_links":{"self":[{"href":"https:\/\/mivegec.fr\/fr\/wp-json\/wp\/v2\/pages\/433","targetHints":{"allow":["GET"]}}],"collection":[{"href":"https:\/\/mivegec.fr\/fr\/wp-json\/wp\/v2\/pages"}],"about":[{"href":"https:\/\/mivegec.fr\/fr\/wp-json\/wp\/v2\/types\/page"}],"author":[{"embeddable":true,"href":"https:\/\/mivegec.fr\/fr\/wp-json\/wp\/v2\/users\/3"}],"replies":[{"embeddable":true,"href":"https:\/\/mivegec.fr\/fr\/wp-json\/wp\/v2\/comments?post=433"}],"version-history":[{"count":55,"href":"https:\/\/mivegec.fr\/fr\/wp-json\/wp\/v2\/pages\/433\/revisions"}],"predecessor-version":[{"id":11966,"href":"https:\/\/mivegec.fr\/fr\/wp-json\/wp\/v2\/pages\/433\/revisions\/11966"}],"up":[{"embeddable":true,"href":"https:\/\/mivegec.fr\/fr\/wp-json\/wp\/v2\/pages\/54"}],"wp:attachment":[{"href":"https:\/\/mivegec.fr\/fr\/wp-json\/wp\/v2\/media?parent=433"}],"curies":[{"name":"wp","href":"https:\/\/api.w.org\/{rel}","templated":true}]}}