{"id":401,"date":"2020-09-24T10:53:26","date_gmt":"2020-09-24T08:53:26","guid":{"rendered":"https:\/\/mivegec.fr\/?page_id=401"},"modified":"2022-10-12T11:02:08","modified_gmt":"2022-10-12T09:02:08","slug":"formation-et-cours","status":"publish","type":"page","link":"https:\/\/mivegec.fr\/fr\/formation-et-cours","title":{"rendered":"Formation et cours"},"content":{"rendered":"<p>[et_pb_section fb_built=\u00a0\u00bb1&Prime; fullwidth=\u00a0\u00bbon\u00a0\u00bb _builder_version=\u00a0\u00bb4.16&Prime; global_colors_info=\u00a0\u00bb{}\u00a0\u00bb][et_pb_fullwidth_post_title meta=\u00a0\u00bboff\u00a0\u00bb featured_image=\u00a0\u00bboff\u00a0\u00bb text_color=\u00a0\u00bblight\u00a0\u00bb admin_label=\u00a0\u00bbTitre\u00a0\u00bb _builder_version=\u00a0\u00bb4.16&Prime; background_image=\u00a0\u00bbhttps:\/\/mivegec.fr\/wp-content\/uploads\/2020\/09\/MIVEGEC-departements.jpg\u00a0\u00bb vertical_offset_tablet=\u00a0\u00bb0&Prime; horizontal_offset_tablet=\u00a0\u00bb0&Prime; text_orientation=\u00a0\u00bbcenter\u00a0\u00bb custom_padding=\u00a0\u00bb||100px|\u00a0\u00bb z_index_tablet=\u00a0\u00bb0&Prime; title_text_shadow_horizontal_length_tablet=\u00a0\u00bb0px\u00a0\u00bb title_text_shadow_vertical_length_tablet=\u00a0\u00bb0px\u00a0\u00bb title_text_shadow_blur_strength_tablet=\u00a0\u00bb1px\u00a0\u00bb meta_text_shadow_horizontal_length_tablet=\u00a0\u00bb0px\u00a0\u00bb meta_text_shadow_vertical_length_tablet=\u00a0\u00bb0px\u00a0\u00bb meta_text_shadow_blur_strength_tablet=\u00a0\u00bb1px\u00a0\u00bb box_shadow_horizontal_tablet=\u00a0\u00bb0px\u00a0\u00bb box_shadow_vertical_tablet=\u00a0\u00bb0px\u00a0\u00bb box_shadow_blur_tablet=\u00a0\u00bb40px\u00a0\u00bb box_shadow_spread_tablet=\u00a0\u00bb0px\u00a0\u00bb text_shadow_horizontal_length_tablet=\u00a0\u00bb0px\u00a0\u00bb text_shadow_vertical_length_tablet=\u00a0\u00bb0px\u00a0\u00bb text_shadow_blur_strength_tablet=\u00a0\u00bb1px\u00a0\u00bb global_colors_info=\u00a0\u00bb{}\u00a0\u00bb]<br \/>\n[\/et_pb_fullwidth_post_title][et_pb_fullwidth_code admin_label=\u00a0\u00bbFil d&rsquo;ariane\u00a0\u00bb module_id=\u00a0\u00bbbreadcrumb\u00a0\u00bb _builder_version=\u00a0\u00bb4.6.0&Prime; vertical_offset_tablet=\u00a0\u00bb0&Prime; horizontal_offset_tablet=\u00a0\u00bb0&Prime; text_orientation=\u00a0\u00bbcenter\u00a0\u00bb box_shadow_horizontal_tablet=\u00a0\u00bb0px\u00a0\u00bb box_shadow_vertical_tablet=\u00a0\u00bb0px\u00a0\u00bb box_shadow_blur_tablet=\u00a0\u00bb40px\u00a0\u00bb box_shadow_spread_tablet=\u00a0\u00bb0px\u00a0\u00bb global_module=\u00a0\u00bb1485&Prime; saved_tabs=\u00a0\u00bball\u00a0\u00bb global_colors_info=\u00a0\u00bb{}\u00a0\u00bb]<span><span><a href=\"https:\/\/mivegec.fr\/fr\">Accueil<\/a><\/span><\/span>[\/et_pb_fullwidth_code][\/et_pb_section][et_pb_section fb_built=\u00a0\u00bb1&Prime; _builder_version=\u00a0\u00bb4.16&Prime; global_colors_info=\u00a0\u00bb{}\u00a0\u00bb][et_pb_row _builder_version=\u00a0\u00bb4.16&Prime; _module_preset=\u00a0\u00bbdefault\u00a0\u00bb global_colors_info=\u00a0\u00bb{}\u00a0\u00bb][et_pb_column type=\u00a0\u00bb4_4&Prime; _builder_version=\u00a0\u00bb4.16&Prime; _module_preset=\u00a0\u00bbdefault\u00a0\u00bb global_colors_info=\u00a0\u00bb{}\u00a0\u00bb][et_pb_text _builder_version=\u00a0\u00bb4.16&Prime; _module_preset=\u00a0\u00bbdefault\u00a0\u00bb global_colors_info=\u00a0\u00bb{}\u00a0\u00bb]<\/p>\n<h2>Formations<\/h2>\n<p>[\/et_pb_text][\/et_pb_column][\/et_pb_row][et_pb_row column_structure=\u00a0\u00bb1_2,1_2&Prime; make_equal=\u00a0\u00bbon\u00a0\u00bb _builder_version=\u00a0\u00bb4.16&Prime; _module_preset=\u00a0\u00bbdefault\u00a0\u00bb global_colors_info=\u00a0\u00bb{}\u00a0\u00bb][et_pb_column type=\u00a0\u00bb1_2&Prime; _builder_version=\u00a0\u00bb4.16&Prime; _module_preset=\u00a0\u00bbdefault\u00a0\u00bb global_colors_info=\u00a0\u00bb{}\u00a0\u00bb][et_pb_text _builder_version=\u00a0\u00bb4.16&Prime; _module_preset=\u00a0\u00bbdefault\u00a0\u00bb global_colors_info=\u00a0\u00bb{}\u00a0\u00bb]<\/p>\n<p><strong style=\"font-size: 14px;\">Les agents de l\u2019UMR MIVEGEC (toutes tutelles et tous corps confondus) s\u2019impliquent fortement dans les actions p\u00e9dagogiques et leur organisation. <\/strong><span style=\"font-size: 14px;\">(voir figure)<\/span><\/p>\n<p><b>En formation initiale<\/b>, les publics vis\u00e9s rel\u00e8vent de diff\u00e9rentes structures fran\u00e7aises (Facult\u00e9 des Sciences et Facult\u00e9 de M\u00e9decine de l\u2019Universit\u00e9 de Montpellier\u00a0; \u00e9coles doctorales fran\u00e7aises\u00a0; dipl\u00f4mes de sp\u00e9cialisation m\u00e9dicale), \u00e9trang\u00e8res et internationales (parcours de master vietnamien, franco-ivoirien ou europ\u00e9ens labellis\u00e9s <i>ERASMUS <\/i><i>Mundus<\/i>).<\/p>\n<p><b>La <\/b><b>plupart de nos actions men\u00e9es aux niveaux master-2 et doctorat sont <\/b><b>aussi ouvertes <\/b><b>\u00e0 la formation continue. <\/b>Les autres actions de MIVEGEC en formation continue ou diffusion scientifique visent l\u00e0 encore divers publics (enseignants du secondaire en Sciences de la vie et de la Terre\u00a0; masters, doctorants et chercheurs\u00a0; scolaires, coll\u00e9giens et lyc\u00e9ens\u00a0; grand public) et se concr\u00e9tisent sous diff\u00e9rentes formes (\u00e9coles de terrain et \u00e9coles d\u2019\u00e9t\u00e9 organis\u00e9es tant au Nord qu\u2019au Sud\u00a0; MOOC\u00a0; ouvrages p\u00e9dagogiques ou ouvrages de vulgarisation scientifique).<\/p>\n<p>[\/et_pb_text][\/et_pb_column][et_pb_column type=\u00a0\u00bb1_2&Prime; module_class=\u00a0\u00bbflexcenter\u00a0\u00bb _builder_version=\u00a0\u00bb4.16&Prime; _module_preset=\u00a0\u00bbdefault\u00a0\u00bb global_colors_info=\u00a0\u00bb{}\u00a0\u00bb][et_pb_image src=\u00a0\u00bbhttps:\/\/mivegec.fr\/wp-content\/uploads\/2021\/02\/umr.jpg\u00a0\u00bb show_in_lightbox=\u00a0\u00bbon\u00a0\u00bb use_overlay=\u00a0\u00bbon\u00a0\u00bb hover_icon=\u00a0\u00bb&#x54;||divi||400&Prime; _builder_version=\u00a0\u00bb4.16&Prime; _module_preset=\u00a0\u00bbdefault\u00a0\u00bb global_colors_info=\u00a0\u00bb{}\u00a0\u00bb]<br \/>\n[\/et_pb_image][\/et_pb_column][\/et_pb_row][et_pb_row _builder_version=\u00a0\u00bb4.16&Prime; _module_preset=\u00a0\u00bbdefault\u00a0\u00bb global_colors_info=\u00a0\u00bb{}\u00a0\u00bb][et_pb_column type=\u00a0\u00bb4_4&Prime; _builder_version=\u00a0\u00bb4.16&Prime; _module_preset=\u00a0\u00bbdefault\u00a0\u00bb global_colors_info=\u00a0\u00bb{}\u00a0\u00bb][et_pb_text _builder_version=\u00a0\u00bb4.16&Prime; _module_preset=\u00a0\u00bbdefault\u00a0\u00bb vertical_offset_tablet=\u00a0\u00bb0&Prime; horizontal_offset_tablet=\u00a0\u00bb0&Prime; z_index_tablet=\u00a0\u00bb0&Prime; text_text_shadow_horizontal_length_tablet=\u00a0\u00bb0px\u00a0\u00bb text_text_shadow_vertical_length_tablet=\u00a0\u00bb0px\u00a0\u00bb text_text_shadow_blur_strength_tablet=\u00a0\u00bb1px\u00a0\u00bb link_text_shadow_horizontal_length_tablet=\u00a0\u00bb0px\u00a0\u00bb link_text_shadow_vertical_length_tablet=\u00a0\u00bb0px\u00a0\u00bb link_text_shadow_blur_strength_tablet=\u00a0\u00bb1px\u00a0\u00bb ul_text_shadow_horizontal_length_tablet=\u00a0\u00bb0px\u00a0\u00bb ul_text_shadow_vertical_length_tablet=\u00a0\u00bb0px\u00a0\u00bb ul_text_shadow_blur_strength_tablet=\u00a0\u00bb1px\u00a0\u00bb ol_text_shadow_horizontal_length_tablet=\u00a0\u00bb0px\u00a0\u00bb ol_text_shadow_vertical_length_tablet=\u00a0\u00bb0px\u00a0\u00bb ol_text_shadow_blur_strength_tablet=\u00a0\u00bb1px\u00a0\u00bb quote_text_shadow_horizontal_length_tablet=\u00a0\u00bb0px\u00a0\u00bb quote_text_shadow_vertical_length_tablet=\u00a0\u00bb0px\u00a0\u00bb quote_text_shadow_blur_strength_tablet=\u00a0\u00bb1px\u00a0\u00bb header_text_shadow_horizontal_length_tablet=\u00a0\u00bb0px\u00a0\u00bb header_text_shadow_vertical_length_tablet=\u00a0\u00bb0px\u00a0\u00bb header_text_shadow_blur_strength_tablet=\u00a0\u00bb1px\u00a0\u00bb header_2_text_shadow_horizontal_length_tablet=\u00a0\u00bb0px\u00a0\u00bb header_2_text_shadow_vertical_length_tablet=\u00a0\u00bb0px\u00a0\u00bb header_2_text_shadow_blur_strength_tablet=\u00a0\u00bb1px\u00a0\u00bb header_3_text_shadow_horizontal_length_tablet=\u00a0\u00bb0px\u00a0\u00bb header_3_text_shadow_vertical_length_tablet=\u00a0\u00bb0px\u00a0\u00bb header_3_text_shadow_blur_strength_tablet=\u00a0\u00bb1px\u00a0\u00bb header_4_text_shadow_horizontal_length_tablet=\u00a0\u00bb0px\u00a0\u00bb header_4_text_shadow_vertical_length_tablet=\u00a0\u00bb0px\u00a0\u00bb header_4_text_shadow_blur_strength_tablet=\u00a0\u00bb1px\u00a0\u00bb header_5_text_shadow_horizontal_length_tablet=\u00a0\u00bb0px\u00a0\u00bb header_5_text_shadow_vertical_length_tablet=\u00a0\u00bb0px\u00a0\u00bb header_5_text_shadow_blur_strength_tablet=\u00a0\u00bb1px\u00a0\u00bb header_6_text_shadow_horizontal_length_tablet=\u00a0\u00bb0px\u00a0\u00bb header_6_text_shadow_vertical_length_tablet=\u00a0\u00bb0px\u00a0\u00bb header_6_text_shadow_blur_strength_tablet=\u00a0\u00bb1px\u00a0\u00bb box_shadow_horizontal_tablet=\u00a0\u00bb0px\u00a0\u00bb box_shadow_vertical_tablet=\u00a0\u00bb0px\u00a0\u00bb box_shadow_blur_tablet=\u00a0\u00bb40px\u00a0\u00bb box_shadow_spread_tablet=\u00a0\u00bb0px\u00a0\u00bb global_colors_info=\u00a0\u00bb{}\u00a0\u00bb]<\/p>\n<p><b>Cliquer sur les liens ci-dessous pour avoir acc\u00e8s au d\u00e9tail des actions MIVEGEC durant le contrat LMD4 courant jusqu\u2019en ao\u00fbt 2021.<\/b><\/p>\n<ul>\n<li><strong><a href=\"https:\/\/mivegec.fr\/fr\/formation-et-cours\/structures-pedagogiques\">Structures p\u00e9dagogiques<\/a>\u00a0<\/strong>(Niveaux L-M-et-D)<\/li>\n<li><strong><a href=\"https:\/\/mivegec.fr\/fr\/formation-et-cours\/responsabilites-de-parcours-mentions-et-diplomes-de-specialisation\">Responsabilit\u00e9s de parcours, mentions et dipl\u00f4mes de sp\u00e9cialisation <\/a><\/strong>(Niveaux L-M-et-D)<\/li>\n<li><strong><a href=\"https:\/\/mivegec.fr\/fr\/formation-et-cours\/unites-denseignement\">Unit\u00e9s d\u2019enseignement <\/a><\/strong>(UE, responsabilit\u00e9 de montage\/portage)\u00a0(Niveaux L-M-et-D)<\/li>\n<li><strong><a href=\"https:\/\/mivegec.fr\/fr\/formation-et-cours\/ecoles-dete-et-de-terrain-formations-courtes\">Ecoles d\u2019\u00e9t\u00e9 et de terrain ; Formations courtes <\/a><\/strong>(formations initiale et continue)<\/li>\n<li><strong><a href=\"https:\/\/mivegec.fr\/fr\/formation-permanente\">Formation permanente<\/a><\/strong> (publics\u00a0: m\u00e9decins, enseignants du secondaire, statutaires &amp; contractuels des EPST\/EPSCP)<\/li>\n<li><a href=\"https:\/\/mivegec.fr\/fr\/formation-et-cours\/ouvrages-diffusion-et-mediation-scientifiques-mentorat-et-promotion-des-carrieres-scientifiques\"><strong>Ouvrages, diffusion et m\u00e9diation scientifiques, mentorat et promotion des carri\u00e8res scientifiques<\/strong> <\/a><\/li>\n<li><a href=\"https:\/\/mivegec.fr\/wp-content\/uploads\/2022\/10\/PFU-CNRS-MIVEGEC-2023_CA_MH_final_signe.pdf\"><strong>Plan de formation MIVEGEC 2023<\/strong><\/a><\/li>\n<\/ul>\n<p>[\/et_pb_text][\/et_pb_column][\/et_pb_row][\/et_pb_section]<\/p>\n","protected":false},"excerpt":{"rendered":"<p><span><span><a href=\"https:\/\/mivegec.fr\/fr\">Accueil<\/a><\/span><\/span>Formations Les agents de l\u2019UMR MIVEGEC (toutes tutelles et tous corps confondus) s\u2019impliquent fortement dans les actions p\u00e9dagogiques et leur organisation. (voir figure) En formation initiale, les publics vis\u00e9s rel\u00e8vent de diff\u00e9rentes structures fran\u00e7aises (Facult\u00e9 des Sciences et Facult\u00e9 de M\u00e9decine de l\u2019Universit\u00e9 de Montpellier\u00a0; \u00e9coles doctorales fran\u00e7aises\u00a0; dipl\u00f4mes de sp\u00e9cialisation m\u00e9dicale), \u00e9trang\u00e8res et internationales [&hellip;]<\/p>\n","protected":false},"author":3,"featured_media":0,"parent":0,"menu_order":0,"comment_status":"closed","ping_status":"closed","template":"","meta":{"_acf_changed":false,"_et_pb_use_builder":"on","_et_pb_old_content":"","_et_gb_content_width":"","footnotes":""},"class_list":["post-401","page","type-page","status-publish","hentry"],"acf":[],"yoast_head":"<!-- This site is optimized with the Yoast SEO plugin v26.8 - https:\/\/yoast.com\/product\/yoast-seo-wordpress\/ -->\n<title>Formation et cours - MIVEGEC<\/title>\n<meta name=\"robots\" content=\"index, follow, max-snippet:-1, max-image-preview:large, max-video-preview:-1\" \/>\n<link rel=\"canonical\" href=\"https:\/\/mivegec.fr\/fr\/formation-et-cours\" \/>\n<meta property=\"og:locale\" content=\"fr_FR\" \/>\n<meta property=\"og:type\" content=\"article\" \/>\n<meta property=\"og:title\" content=\"Formation et cours - MIVEGEC\" \/>\n<meta property=\"og:description\" content=\"Formations Les agents de l\u2019UMR MIVEGEC (toutes tutelles et tous corps confondus) s\u2019impliquent fortement dans les actions p\u00e9dagogiques et leur organisation. (voir figure) En formation initiale, les publics vis\u00e9s rel\u00e8vent de diff\u00e9rentes structures fran\u00e7aises (Facult\u00e9 des Sciences et Facult\u00e9 de M\u00e9decine de l\u2019Universit\u00e9 de Montpellier\u00a0; \u00e9coles doctorales fran\u00e7aises\u00a0; dipl\u00f4mes de sp\u00e9cialisation m\u00e9dicale), \u00e9trang\u00e8res et internationales [&hellip;]\" \/>\n<meta property=\"og:url\" content=\"https:\/\/mivegec.fr\/fr\/formation-et-cours\" \/>\n<meta property=\"og:site_name\" content=\"MIVEGEC\" \/>\n<meta property=\"article:modified_time\" content=\"2022-10-12T09:02:08+00:00\" \/>\n<meta name=\"twitter:card\" content=\"summary_large_image\" \/>\n<script type=\"application\/ld+json\" class=\"yoast-schema-graph\">{\"@context\":\"https:\/\/schema.org\",\"@graph\":[{\"@type\":\"WebPage\",\"@id\":\"https:\/\/mivegec.fr\/fr\/formation-et-cours\",\"url\":\"https:\/\/mivegec.fr\/fr\/formation-et-cours\",\"name\":\"Formation et cours - MIVEGEC\",\"isPartOf\":{\"@id\":\"https:\/\/mivegec.fr\/fr\/#website\"},\"datePublished\":\"2020-09-24T08:53:26+00:00\",\"dateModified\":\"2022-10-12T09:02:08+00:00\",\"breadcrumb\":{\"@id\":\"https:\/\/mivegec.fr\/fr\/formation-et-cours#breadcrumb\"},\"inLanguage\":\"fr-FR\",\"potentialAction\":[{\"@type\":\"ReadAction\",\"target\":[\"https:\/\/mivegec.fr\/fr\/formation-et-cours\"]}]},{\"@type\":\"BreadcrumbList\",\"@id\":\"https:\/\/mivegec.fr\/fr\/formation-et-cours#breadcrumb\",\"itemListElement\":[{\"@type\":\"ListItem\",\"position\":1,\"name\":\"Accueil\",\"item\":\"https:\/\/mivegec.fr\/fr\"},{\"@type\":\"ListItem\",\"position\":2,\"name\":\"Formation et cours\"}]},{\"@type\":\"WebSite\",\"@id\":\"https:\/\/mivegec.fr\/fr\/#website\",\"url\":\"https:\/\/mivegec.fr\/fr\/\",\"name\":\"MIVEGEC\",\"description\":\"Maladies infectieuses et Vecteurs : \u00c9cologie, G\u00e9n\u00e9tique, \u00c9volution et Contr\u00f4le\",\"publisher\":{\"@id\":\"https:\/\/mivegec.fr\/fr\/#organization\"},\"potentialAction\":[{\"@type\":\"SearchAction\",\"target\":{\"@type\":\"EntryPoint\",\"urlTemplate\":\"https:\/\/mivegec.fr\/fr\/?s={search_term_string}\"},\"query-input\":{\"@type\":\"PropertyValueSpecification\",\"valueRequired\":true,\"valueName\":\"search_term_string\"}}],\"inLanguage\":\"fr-FR\"},{\"@type\":\"Organization\",\"@id\":\"https:\/\/mivegec.fr\/fr\/#organization\",\"name\":\"Mivegec\",\"url\":\"https:\/\/mivegec.fr\/fr\/\",\"logo\":{\"@type\":\"ImageObject\",\"inLanguage\":\"fr-FR\",\"@id\":\"https:\/\/mivegec.fr\/fr\/#\/schema\/logo\/image\/\",\"url\":\"https:\/\/mivegec.fr\/wp-content\/uploads\/2021\/03\/logo-mivegec@2x.png\",\"contentUrl\":\"https:\/\/mivegec.fr\/wp-content\/uploads\/2021\/03\/logo-mivegec@2x.png\",\"width\":616,\"height\":405,\"caption\":\"Mivegec\"},\"image\":{\"@id\":\"https:\/\/mivegec.fr\/fr\/#\/schema\/logo\/image\/\"}}]}<\/script>\n<!-- \/ Yoast SEO plugin. -->","yoast_head_json":{"title":"Formation et cours - MIVEGEC","robots":{"index":"index","follow":"follow","max-snippet":"max-snippet:-1","max-image-preview":"max-image-preview:large","max-video-preview":"max-video-preview:-1"},"canonical":"https:\/\/mivegec.fr\/fr\/formation-et-cours","og_locale":"fr_FR","og_type":"article","og_title":"Formation et cours - MIVEGEC","og_description":"Formations Les agents de l\u2019UMR MIVEGEC (toutes tutelles et tous corps confondus) s\u2019impliquent fortement dans les actions p\u00e9dagogiques et leur organisation. (voir figure) En formation initiale, les publics vis\u00e9s rel\u00e8vent de diff\u00e9rentes structures fran\u00e7aises (Facult\u00e9 des Sciences et Facult\u00e9 de M\u00e9decine de l\u2019Universit\u00e9 de Montpellier\u00a0; \u00e9coles doctorales fran\u00e7aises\u00a0; dipl\u00f4mes de sp\u00e9cialisation m\u00e9dicale), \u00e9trang\u00e8res et internationales [&hellip;]","og_url":"https:\/\/mivegec.fr\/fr\/formation-et-cours","og_site_name":"MIVEGEC","article_modified_time":"2022-10-12T09:02:08+00:00","twitter_card":"summary_large_image","schema":{"@context":"https:\/\/schema.org","@graph":[{"@type":"WebPage","@id":"https:\/\/mivegec.fr\/fr\/formation-et-cours","url":"https:\/\/mivegec.fr\/fr\/formation-et-cours","name":"Formation et cours - MIVEGEC","isPartOf":{"@id":"https:\/\/mivegec.fr\/fr\/#website"},"datePublished":"2020-09-24T08:53:26+00:00","dateModified":"2022-10-12T09:02:08+00:00","breadcrumb":{"@id":"https:\/\/mivegec.fr\/fr\/formation-et-cours#breadcrumb"},"inLanguage":"fr-FR","potentialAction":[{"@type":"ReadAction","target":["https:\/\/mivegec.fr\/fr\/formation-et-cours"]}]},{"@type":"BreadcrumbList","@id":"https:\/\/mivegec.fr\/fr\/formation-et-cours#breadcrumb","itemListElement":[{"@type":"ListItem","position":1,"name":"Accueil","item":"https:\/\/mivegec.fr\/fr"},{"@type":"ListItem","position":2,"name":"Formation et cours"}]},{"@type":"WebSite","@id":"https:\/\/mivegec.fr\/fr\/#website","url":"https:\/\/mivegec.fr\/fr\/","name":"MIVEGEC","description":"Maladies infectieuses et Vecteurs : \u00c9cologie, G\u00e9n\u00e9tique, \u00c9volution et Contr\u00f4le","publisher":{"@id":"https:\/\/mivegec.fr\/fr\/#organization"},"potentialAction":[{"@type":"SearchAction","target":{"@type":"EntryPoint","urlTemplate":"https:\/\/mivegec.fr\/fr\/?s={search_term_string}"},"query-input":{"@type":"PropertyValueSpecification","valueRequired":true,"valueName":"search_term_string"}}],"inLanguage":"fr-FR"},{"@type":"Organization","@id":"https:\/\/mivegec.fr\/fr\/#organization","name":"Mivegec","url":"https:\/\/mivegec.fr\/fr\/","logo":{"@type":"ImageObject","inLanguage":"fr-FR","@id":"https:\/\/mivegec.fr\/fr\/#\/schema\/logo\/image\/","url":"https:\/\/mivegec.fr\/wp-content\/uploads\/2021\/03\/logo-mivegec@2x.png","contentUrl":"https:\/\/mivegec.fr\/wp-content\/uploads\/2021\/03\/logo-mivegec@2x.png","width":616,"height":405,"caption":"Mivegec"},"image":{"@id":"https:\/\/mivegec.fr\/fr\/#\/schema\/logo\/image\/"}}]}},"_links":{"self":[{"href":"https:\/\/mivegec.fr\/fr\/wp-json\/wp\/v2\/pages\/401","targetHints":{"allow":["GET"]}}],"collection":[{"href":"https:\/\/mivegec.fr\/fr\/wp-json\/wp\/v2\/pages"}],"about":[{"href":"https:\/\/mivegec.fr\/fr\/wp-json\/wp\/v2\/types\/page"}],"author":[{"embeddable":true,"href":"https:\/\/mivegec.fr\/fr\/wp-json\/wp\/v2\/users\/3"}],"replies":[{"embeddable":true,"href":"https:\/\/mivegec.fr\/fr\/wp-json\/wp\/v2\/comments?post=401"}],"version-history":[{"count":46,"href":"https:\/\/mivegec.fr\/fr\/wp-json\/wp\/v2\/pages\/401\/revisions"}],"predecessor-version":[{"id":7526,"href":"https:\/\/mivegec.fr\/fr\/wp-json\/wp\/v2\/pages\/401\/revisions\/7526"}],"wp:attachment":[{"href":"https:\/\/mivegec.fr\/fr\/wp-json\/wp\/v2\/media?parent=401"}],"curies":[{"name":"wp","href":"https:\/\/api.w.org\/{rel}","templated":true}]}}