{"id":398,"date":"2020-09-24T10:49:37","date_gmt":"2020-09-24T08:49:37","guid":{"rendered":"https:\/\/mivegec.fr\/?page_id=398"},"modified":"2021-03-04T14:26:45","modified_gmt":"2021-03-04T13:26:45","slug":"formation-permanente","status":"publish","type":"page","link":"https:\/\/mivegec.fr\/fr\/formation-permanente","title":{"rendered":"Formation permanente"},"content":{"rendered":"<p>[et_pb_section fb_built=\u00a0\u00bb1&Prime; fullwidth=\u00a0\u00bbon\u00a0\u00bb _builder_version=\u00a0\u00bb4.6.0&Prime;][et_pb_fullwidth_post_title meta=\u00a0\u00bboff\u00a0\u00bb featured_image=\u00a0\u00bboff\u00a0\u00bb text_color=\u00a0\u00bblight\u00a0\u00bb admin_label=\u00a0\u00bbTitre\u00a0\u00bb _builder_version=\u00a0\u00bb4.6.0&Prime; background_image=\u00a0\u00bbhttps:\/\/mivegec.fr\/wp-content\/uploads\/2020\/09\/MIVEGEC-departements.jpg\u00a0\u00bb vertical_offset_tablet=\u00a0\u00bb0&Prime; horizontal_offset_tablet=\u00a0\u00bb0&Prime; text_orientation=\u00a0\u00bbcenter\u00a0\u00bb custom_padding=\u00a0\u00bb||100px|\u00a0\u00bb z_index_tablet=\u00a0\u00bb0&Prime; title_text_shadow_horizontal_length_tablet=\u00a0\u00bb0px\u00a0\u00bb title_text_shadow_vertical_length_tablet=\u00a0\u00bb0px\u00a0\u00bb title_text_shadow_blur_strength_tablet=\u00a0\u00bb1px\u00a0\u00bb meta_text_shadow_horizontal_length_tablet=\u00a0\u00bb0px\u00a0\u00bb meta_text_shadow_vertical_length_tablet=\u00a0\u00bb0px\u00a0\u00bb meta_text_shadow_blur_strength_tablet=\u00a0\u00bb1px\u00a0\u00bb box_shadow_horizontal_tablet=\u00a0\u00bb0px\u00a0\u00bb box_shadow_vertical_tablet=\u00a0\u00bb0px\u00a0\u00bb box_shadow_blur_tablet=\u00a0\u00bb40px\u00a0\u00bb box_shadow_spread_tablet=\u00a0\u00bb0px\u00a0\u00bb text_shadow_horizontal_length_tablet=\u00a0\u00bb0px\u00a0\u00bb text_shadow_vertical_length_tablet=\u00a0\u00bb0px\u00a0\u00bb text_shadow_blur_strength_tablet=\u00a0\u00bb1px\u00a0\u00bb][\/et_pb_fullwidth_post_title][et_pb_fullwidth_code admin_label=\u00a0\u00bbFil d&rsquo;ariane\u00a0\u00bb module_id=\u00a0\u00bbbreadcrumb\u00a0\u00bb _builder_version=\u00a0\u00bb4.6.0&Prime; vertical_offset_tablet=\u00a0\u00bb0&Prime; horizontal_offset_tablet=\u00a0\u00bb0&Prime; text_orientation=\u00a0\u00bbcenter\u00a0\u00bb box_shadow_horizontal_tablet=\u00a0\u00bb0px\u00a0\u00bb box_shadow_vertical_tablet=\u00a0\u00bb0px\u00a0\u00bb box_shadow_blur_tablet=\u00a0\u00bb40px\u00a0\u00bb box_shadow_spread_tablet=\u00a0\u00bb0px\u00a0\u00bb global_module=\u00a0\u00bb1485&Prime; saved_tabs=\u00a0\u00bball\u00a0\u00bb]<span><span><a href=\"https:\/\/mivegec.fr\/fr\">Accueil<\/a><\/span><\/span>[\/et_pb_fullwidth_code][\/et_pb_section][et_pb_section fb_built=\u00a0\u00bb1&Prime; _builder_version=\u00a0\u00bb4.6.0&Prime;][et_pb_row _builder_version=\u00a0\u00bb4.6.0&Prime; _module_preset=\u00a0\u00bbdefault\u00a0\u00bb][et_pb_column type=\u00a0\u00bb4_4&Prime; _builder_version=\u00a0\u00bb4.6.0&Prime; _module_preset=\u00a0\u00bbdefault\u00a0\u00bb][et_pb_text _builder_version=\u00a0\u00bb4.6.0&Prime; _module_preset=\u00a0\u00bbdefault\u00a0\u00bb]<\/p>\n<div>\n<p><strong>Pour rappel, nos actions p\u00e9dagogiques class\u00e9es en \u2018cours et formations\u2019 sous l\u2019item \u2018Ecoles d\u2019\u00e9t\u00e9 et de terrain\u00a0; formations courtes\u2019 ainsi que des modules d\u2019enseignement de niveau master-2 ou doctorat sont ouverts \u00e0 l\u2019inscription en formation continue. S\u2019ajoutent \u00e0 ces actions\u00a0:<\/strong><\/p>\n<ul>\n<li>Enseignement postuniversitaire \u00ab\u00a0<a href=\"https:\/\/www.bioformation.org\/formation-diagnostic-dermatophytoses-epidemiologie-clinique-prelevements-examen-direct-isolement-et-identification\">Dermatophytose<\/a>s\u00a0\u00bb (Bioformation\u00ae)(resp. <a href=\"https:\/\/mivegec.fr\/fr\/annuaire\/agent?id=259\"><strong>N. Bourgeois<\/strong><\/a>)<\/li>\n<li>Participation \u00e0 la pr\u00e9paration de l\u2019agr\u00e9gation interne de Sciences de la Vie, Sciences de la Terre et de l\u2019Univers (<a href=\"https:\/\/mivegec.fr\/fr\/annuaire\/agent?id=82\"><strong>M. Sofonea<\/strong><\/a>)<\/li>\n<li>Co-organisation et co-animation de modules de formation en bioinformatique du plateau <strong>i-Trop<\/strong> transversal aux UMR h\u00e9berg\u00e9es par le centre IRD-Occitanie (2018-pr\u00e9sent ; <a href=\"https:\/\/mivegec.fr\/fr\/annuaire\/agent?id=206\"><strong>V. Noel<\/strong><\/a>, <a href=\"https:\/\/bioinfo.ird.fr\/\">site web i-Trop<\/a>).<br \/>Ces formations s\u2019adressent aux permanents, contractuels et doctorants des cinq UMR impliqu\u00e9es dans <strong>i-Trop<\/strong> (DIADE, IPME, BOREA, TransVIHMI &amp; MIVEGEC) ; (volume annuel ~ 5 modules de 1 \u00e0 4 jours &amp; ~15-20 participants\/module).<\/li>\n<\/ul>\n<p><strong>Didactique\u00a0:<\/strong><\/p>\n<ul>\n<li>Membre de l\u2019Institut de Recherche pour l\u2019Enseignement des SVT cr\u00e9\u00e9 en 2018 (<a href=\"https:\/\/mivegec.fr\/fr\/annuaire\/agent?id=38\"><strong>S. Hurtrez<\/strong><\/a>).<\/li>\n<li>Initiation d\u2019une formation acad\u00e9mique de couplage sup\u00e9rieur-secondaire autour de la didactisation en biologie \u00e9volutive mont\u00e9e en partenariat avec le rectorat de l\u2019Acad\u00e9mie de Montpellier (resp. 2018-pr\u00e9sent\u00a0: <a href=\"https:\/\/mivegec.fr\/fr\/annuaire\/agent?id=82\"><strong>M. Sofonea<\/strong><\/a>)<br \/>(~60 enseignants du secondaire, 12 chercheurs et enseignants chercheurs, dont trois statutaires MIVEGEC\u00a0: <a href=\"https:\/\/mivegec.fr\/fr\/annuaire\/agent?id=38\"><strong>S. Hurtrez<\/strong><\/a>, <a href=\"https:\/\/mivegec.fr\/fr\/annuaire\/agent?id=224\"><strong>S. Alizon<\/strong><\/a>, <a href=\"https:\/\/mivegec.fr\/fr\/annuaire\/agent?id=82\"><strong>M. Sofonea<\/strong> <\/a>&#8211; 2018, 2019)<\/li>\n<\/ul>\n<\/div>\n<p>[\/et_pb_text][\/et_pb_column][\/et_pb_row][et_pb_row _builder_version=\u00a0\u00bb4.9.0&Prime; _module_preset=\u00a0\u00bbdefault\u00a0\u00bb][et_pb_column type=\u00a0\u00bb4_4&Prime; _builder_version=\u00a0\u00bb4.9.0&Prime; _module_preset=\u00a0\u00bbdefault\u00a0\u00bb][et_pb_button button_url=\u00a0\u00bb\/formation-et-cours\/\u00a0\u00bb button_text=\u00a0\u00bbRetour \u00e0 Formation et cours\u00a0\u00bb button_alignment=\u00a0\u00bbleft\u00a0\u00bb _builder_version=\u00a0\u00bb4.9.0&Prime; _module_preset=\u00a0\u00bbdefault\u00a0\u00bb custom_button=\u00a0\u00bbon\u00a0\u00bb button_bg_color=\u00a0\u00bb#00a7ad\u00a0\u00bb button_icon=\u00a0\u00bb%%19%%\u00a0\u00bb button_icon_placement=\u00a0\u00bbleft\u00a0\u00bb background_layout=\u00a0\u00bbdark\u00a0\u00bb][\/et_pb_button][\/et_pb_column][\/et_pb_row][\/et_pb_section]<\/p>\n","protected":false},"excerpt":{"rendered":"<p><span><span><a href=\"https:\/\/mivegec.fr\/fr\">Accueil<\/a><\/span><\/span> Pour rappel, nos actions p\u00e9dagogiques class\u00e9es en \u2018cours et formations\u2019 sous l\u2019item \u2018Ecoles d\u2019\u00e9t\u00e9 et de terrain\u00a0; formations courtes\u2019 ainsi que des modules d\u2019enseignement de niveau master-2 ou doctorat sont ouverts \u00e0 l\u2019inscription en formation continue. S\u2019ajoutent \u00e0 ces actions\u00a0: Enseignement postuniversitaire \u00ab\u00a0Dermatophytoses\u00a0\u00bb (Bioformation\u00ae)(resp. N. Bourgeois) Participation \u00e0 la pr\u00e9paration de l\u2019agr\u00e9gation interne de [&hellip;]<\/p>\n","protected":false},"author":3,"featured_media":0,"parent":0,"menu_order":0,"comment_status":"closed","ping_status":"closed","template":"","meta":{"_acf_changed":false,"_et_pb_use_builder":"on","_et_pb_old_content":"","_et_gb_content_width":"","footnotes":""},"class_list":["post-398","page","type-page","status-publish","hentry"],"acf":[],"yoast_head":"<!-- This site is optimized with the Yoast SEO plugin v26.8 - https:\/\/yoast.com\/product\/yoast-seo-wordpress\/ -->\n<title>Formation permanente - MIVEGEC<\/title>\n<meta name=\"robots\" content=\"index, follow, max-snippet:-1, max-image-preview:large, max-video-preview:-1\" \/>\n<link rel=\"canonical\" href=\"https:\/\/mivegec.fr\/fr\/formation-permanente\" \/>\n<meta property=\"og:locale\" content=\"fr_FR\" \/>\n<meta property=\"og:type\" content=\"article\" \/>\n<meta property=\"og:title\" content=\"Formation permanente - MIVEGEC\" \/>\n<meta property=\"og:description\" content=\"Pour rappel, nos actions p\u00e9dagogiques class\u00e9es en \u2018cours et formations\u2019 sous l\u2019item \u2018Ecoles d\u2019\u00e9t\u00e9 et de terrain\u00a0; formations courtes\u2019 ainsi que des modules d\u2019enseignement de niveau master-2 ou doctorat sont ouverts \u00e0 l\u2019inscription en formation continue. S\u2019ajoutent \u00e0 ces actions\u00a0: Enseignement postuniversitaire &quot;Dermatophytoses&quot; (Bioformation\u00ae)(resp. N. Bourgeois) Participation \u00e0 la pr\u00e9paration de l\u2019agr\u00e9gation interne de [&hellip;]\" \/>\n<meta property=\"og:url\" content=\"https:\/\/mivegec.fr\/fr\/formation-permanente\" \/>\n<meta property=\"og:site_name\" content=\"MIVEGEC\" \/>\n<meta property=\"article:modified_time\" content=\"2021-03-04T13:26:45+00:00\" \/>\n<meta name=\"twitter:card\" content=\"summary_large_image\" \/>\n<meta name=\"twitter:label1\" content=\"Dur\u00e9e de lecture estim\u00e9e\" \/>\n\t<meta name=\"twitter:data1\" content=\"3 minutes\" \/>\n<script type=\"application\/ld+json\" class=\"yoast-schema-graph\">{\"@context\":\"https:\/\/schema.org\",\"@graph\":[{\"@type\":\"WebPage\",\"@id\":\"https:\/\/mivegec.fr\/fr\/formation-permanente\",\"url\":\"https:\/\/mivegec.fr\/fr\/formation-permanente\",\"name\":\"Formation permanente - MIVEGEC\",\"isPartOf\":{\"@id\":\"https:\/\/mivegec.fr\/fr\/#website\"},\"datePublished\":\"2020-09-24T08:49:37+00:00\",\"dateModified\":\"2021-03-04T13:26:45+00:00\",\"breadcrumb\":{\"@id\":\"https:\/\/mivegec.fr\/fr\/formation-permanente#breadcrumb\"},\"inLanguage\":\"fr-FR\",\"potentialAction\":[{\"@type\":\"ReadAction\",\"target\":[\"https:\/\/mivegec.fr\/fr\/formation-permanente\"]}]},{\"@type\":\"BreadcrumbList\",\"@id\":\"https:\/\/mivegec.fr\/fr\/formation-permanente#breadcrumb\",\"itemListElement\":[{\"@type\":\"ListItem\",\"position\":1,\"name\":\"Accueil\",\"item\":\"https:\/\/mivegec.fr\/fr\"},{\"@type\":\"ListItem\",\"position\":2,\"name\":\"Formation permanente\"}]},{\"@type\":\"WebSite\",\"@id\":\"https:\/\/mivegec.fr\/fr\/#website\",\"url\":\"https:\/\/mivegec.fr\/fr\/\",\"name\":\"MIVEGEC\",\"description\":\"Maladies infectieuses et Vecteurs : \u00c9cologie, G\u00e9n\u00e9tique, \u00c9volution et Contr\u00f4le\",\"publisher\":{\"@id\":\"https:\/\/mivegec.fr\/fr\/#organization\"},\"potentialAction\":[{\"@type\":\"SearchAction\",\"target\":{\"@type\":\"EntryPoint\",\"urlTemplate\":\"https:\/\/mivegec.fr\/fr\/?s={search_term_string}\"},\"query-input\":{\"@type\":\"PropertyValueSpecification\",\"valueRequired\":true,\"valueName\":\"search_term_string\"}}],\"inLanguage\":\"fr-FR\"},{\"@type\":\"Organization\",\"@id\":\"https:\/\/mivegec.fr\/fr\/#organization\",\"name\":\"Mivegec\",\"url\":\"https:\/\/mivegec.fr\/fr\/\",\"logo\":{\"@type\":\"ImageObject\",\"inLanguage\":\"fr-FR\",\"@id\":\"https:\/\/mivegec.fr\/fr\/#\/schema\/logo\/image\/\",\"url\":\"https:\/\/mivegec.fr\/wp-content\/uploads\/2021\/03\/logo-mivegec@2x.png\",\"contentUrl\":\"https:\/\/mivegec.fr\/wp-content\/uploads\/2021\/03\/logo-mivegec@2x.png\",\"width\":616,\"height\":405,\"caption\":\"Mivegec\"},\"image\":{\"@id\":\"https:\/\/mivegec.fr\/fr\/#\/schema\/logo\/image\/\"}}]}<\/script>\n<!-- \/ Yoast SEO plugin. -->","yoast_head_json":{"title":"Formation permanente - MIVEGEC","robots":{"index":"index","follow":"follow","max-snippet":"max-snippet:-1","max-image-preview":"max-image-preview:large","max-video-preview":"max-video-preview:-1"},"canonical":"https:\/\/mivegec.fr\/fr\/formation-permanente","og_locale":"fr_FR","og_type":"article","og_title":"Formation permanente - MIVEGEC","og_description":"Pour rappel, nos actions p\u00e9dagogiques class\u00e9es en \u2018cours et formations\u2019 sous l\u2019item \u2018Ecoles d\u2019\u00e9t\u00e9 et de terrain\u00a0; formations courtes\u2019 ainsi que des modules d\u2019enseignement de niveau master-2 ou doctorat sont ouverts \u00e0 l\u2019inscription en formation continue. S\u2019ajoutent \u00e0 ces actions\u00a0: Enseignement postuniversitaire \"Dermatophytoses\" (Bioformation\u00ae)(resp. N. Bourgeois) Participation \u00e0 la pr\u00e9paration de l\u2019agr\u00e9gation interne de [&hellip;]","og_url":"https:\/\/mivegec.fr\/fr\/formation-permanente","og_site_name":"MIVEGEC","article_modified_time":"2021-03-04T13:26:45+00:00","twitter_card":"summary_large_image","twitter_misc":{"Dur\u00e9e de lecture estim\u00e9e":"3 minutes"},"schema":{"@context":"https:\/\/schema.org","@graph":[{"@type":"WebPage","@id":"https:\/\/mivegec.fr\/fr\/formation-permanente","url":"https:\/\/mivegec.fr\/fr\/formation-permanente","name":"Formation permanente - MIVEGEC","isPartOf":{"@id":"https:\/\/mivegec.fr\/fr\/#website"},"datePublished":"2020-09-24T08:49:37+00:00","dateModified":"2021-03-04T13:26:45+00:00","breadcrumb":{"@id":"https:\/\/mivegec.fr\/fr\/formation-permanente#breadcrumb"},"inLanguage":"fr-FR","potentialAction":[{"@type":"ReadAction","target":["https:\/\/mivegec.fr\/fr\/formation-permanente"]}]},{"@type":"BreadcrumbList","@id":"https:\/\/mivegec.fr\/fr\/formation-permanente#breadcrumb","itemListElement":[{"@type":"ListItem","position":1,"name":"Accueil","item":"https:\/\/mivegec.fr\/fr"},{"@type":"ListItem","position":2,"name":"Formation permanente"}]},{"@type":"WebSite","@id":"https:\/\/mivegec.fr\/fr\/#website","url":"https:\/\/mivegec.fr\/fr\/","name":"MIVEGEC","description":"Maladies infectieuses et Vecteurs : \u00c9cologie, G\u00e9n\u00e9tique, \u00c9volution et Contr\u00f4le","publisher":{"@id":"https:\/\/mivegec.fr\/fr\/#organization"},"potentialAction":[{"@type":"SearchAction","target":{"@type":"EntryPoint","urlTemplate":"https:\/\/mivegec.fr\/fr\/?s={search_term_string}"},"query-input":{"@type":"PropertyValueSpecification","valueRequired":true,"valueName":"search_term_string"}}],"inLanguage":"fr-FR"},{"@type":"Organization","@id":"https:\/\/mivegec.fr\/fr\/#organization","name":"Mivegec","url":"https:\/\/mivegec.fr\/fr\/","logo":{"@type":"ImageObject","inLanguage":"fr-FR","@id":"https:\/\/mivegec.fr\/fr\/#\/schema\/logo\/image\/","url":"https:\/\/mivegec.fr\/wp-content\/uploads\/2021\/03\/logo-mivegec@2x.png","contentUrl":"https:\/\/mivegec.fr\/wp-content\/uploads\/2021\/03\/logo-mivegec@2x.png","width":616,"height":405,"caption":"Mivegec"},"image":{"@id":"https:\/\/mivegec.fr\/fr\/#\/schema\/logo\/image\/"}}]}},"_links":{"self":[{"href":"https:\/\/mivegec.fr\/fr\/wp-json\/wp\/v2\/pages\/398","targetHints":{"allow":["GET"]}}],"collection":[{"href":"https:\/\/mivegec.fr\/fr\/wp-json\/wp\/v2\/pages"}],"about":[{"href":"https:\/\/mivegec.fr\/fr\/wp-json\/wp\/v2\/types\/page"}],"author":[{"embeddable":true,"href":"https:\/\/mivegec.fr\/fr\/wp-json\/wp\/v2\/users\/3"}],"replies":[{"embeddable":true,"href":"https:\/\/mivegec.fr\/fr\/wp-json\/wp\/v2\/comments?post=398"}],"version-history":[{"count":11,"href":"https:\/\/mivegec.fr\/fr\/wp-json\/wp\/v2\/pages\/398\/revisions"}],"predecessor-version":[{"id":2877,"href":"https:\/\/mivegec.fr\/fr\/wp-json\/wp\/v2\/pages\/398\/revisions\/2877"}],"wp:attachment":[{"href":"https:\/\/mivegec.fr\/fr\/wp-json\/wp\/v2\/media?parent=398"}],"curies":[{"name":"wp","href":"https:\/\/api.w.org\/{rel}","templated":true}]}}