{"id":385,"date":"2020-09-24T09:29:05","date_gmt":"2020-09-24T07:29:05","guid":{"rendered":"https:\/\/mivegec.fr\/?page_id=385"},"modified":"2022-05-23T18:03:36","modified_gmt":"2022-05-23T16:03:36","slug":"contact-et-acces","status":"publish","type":"page","link":"https:\/\/mivegec.fr\/fr\/contact-et-acces","title":{"rendered":"Contact"},"content":{"rendered":"<p>[et_pb_section fb_built=\u00a0\u00bb1&Prime; fullwidth=\u00a0\u00bbon\u00a0\u00bb _builder_version=\u00a0\u00bb4.16&Prime; global_colors_info=\u00a0\u00bb{}\u00a0\u00bb][et_pb_fullwidth_post_title meta=\u00a0\u00bboff\u00a0\u00bb featured_image=\u00a0\u00bboff\u00a0\u00bb text_color=\u00a0\u00bblight\u00a0\u00bb admin_label=\u00a0\u00bbTitre\u00a0\u00bb _builder_version=\u00a0\u00bb4.16&Prime; background_color=\u00a0\u00bb#10465c\u00a0\u00bb vertical_offset_tablet=\u00a0\u00bb0&Prime; horizontal_offset_tablet=\u00a0\u00bb0&Prime; text_orientation=\u00a0\u00bbcenter\u00a0\u00bb custom_padding=\u00a0\u00bb||100px|\u00a0\u00bb z_index_tablet=\u00a0\u00bb0&Prime; title_text_shadow_horizontal_length_tablet=\u00a0\u00bb0px\u00a0\u00bb title_text_shadow_vertical_length_tablet=\u00a0\u00bb0px\u00a0\u00bb title_text_shadow_blur_strength_tablet=\u00a0\u00bb1px\u00a0\u00bb meta_text_shadow_horizontal_length_tablet=\u00a0\u00bb0px\u00a0\u00bb meta_text_shadow_vertical_length_tablet=\u00a0\u00bb0px\u00a0\u00bb meta_text_shadow_blur_strength_tablet=\u00a0\u00bb1px\u00a0\u00bb box_shadow_horizontal_tablet=\u00a0\u00bb0px\u00a0\u00bb box_shadow_vertical_tablet=\u00a0\u00bb0px\u00a0\u00bb box_shadow_blur_tablet=\u00a0\u00bb40px\u00a0\u00bb box_shadow_spread_tablet=\u00a0\u00bb0px\u00a0\u00bb text_shadow_horizontal_length_tablet=\u00a0\u00bb0px\u00a0\u00bb text_shadow_vertical_length_tablet=\u00a0\u00bb0px\u00a0\u00bb text_shadow_blur_strength_tablet=\u00a0\u00bb1px\u00a0\u00bb global_colors_info=\u00a0\u00bb{}\u00a0\u00bb][\/et_pb_fullwidth_post_title][\/et_pb_section][et_pb_section fb_built=\u00a0\u00bb1&Prime; _builder_version=\u00a0\u00bb4.16&Prime; global_colors_info=\u00a0\u00bb{}\u00a0\u00bb][et_pb_row _builder_version=\u00a0\u00bb4.16&Prime; background_size=\u00a0\u00bbinitial\u00a0\u00bb background_position=\u00a0\u00bbtop_left\u00a0\u00bb background_repeat=\u00a0\u00bbrepeat\u00a0\u00bb global_colors_info=\u00a0\u00bb{}\u00a0\u00bb][et_pb_column type=\u00a0\u00bb4_4&Prime; _builder_version=\u00a0\u00bb4.16&Prime; custom_padding=\u00a0\u00bb|||\u00a0\u00bb global_colors_info=\u00a0\u00bb{}\u00a0\u00bb custom_padding__hover=\u00a0\u00bb|||\u00a0\u00bb][et_pb_text _builder_version=\u00a0\u00bb4.16&Prime; vertical_offset_tablet=\u00a0\u00bb0&Prime; horizontal_offset_tablet=\u00a0\u00bb0&Prime; z_index_tablet=\u00a0\u00bb0&Prime; text_text_shadow_horizontal_length_tablet=\u00a0\u00bb0px\u00a0\u00bb text_text_shadow_vertical_length_tablet=\u00a0\u00bb0px\u00a0\u00bb text_text_shadow_blur_strength_tablet=\u00a0\u00bb1px\u00a0\u00bb link_text_shadow_horizontal_length_tablet=\u00a0\u00bb0px\u00a0\u00bb link_text_shadow_vertical_length_tablet=\u00a0\u00bb0px\u00a0\u00bb link_text_shadow_blur_strength_tablet=\u00a0\u00bb1px\u00a0\u00bb ul_text_shadow_horizontal_length_tablet=\u00a0\u00bb0px\u00a0\u00bb ul_text_shadow_vertical_length_tablet=\u00a0\u00bb0px\u00a0\u00bb ul_text_shadow_blur_strength_tablet=\u00a0\u00bb1px\u00a0\u00bb ol_text_shadow_horizontal_length_tablet=\u00a0\u00bb0px\u00a0\u00bb ol_text_shadow_vertical_length_tablet=\u00a0\u00bb0px\u00a0\u00bb ol_text_shadow_blur_strength_tablet=\u00a0\u00bb1px\u00a0\u00bb quote_text_shadow_horizontal_length_tablet=\u00a0\u00bb0px\u00a0\u00bb quote_text_shadow_vertical_length_tablet=\u00a0\u00bb0px\u00a0\u00bb quote_text_shadow_blur_strength_tablet=\u00a0\u00bb1px\u00a0\u00bb header_text_shadow_horizontal_length_tablet=\u00a0\u00bb0px\u00a0\u00bb header_text_shadow_vertical_length_tablet=\u00a0\u00bb0px\u00a0\u00bb header_text_shadow_blur_strength_tablet=\u00a0\u00bb1px\u00a0\u00bb header_2_text_shadow_horizontal_length_tablet=\u00a0\u00bb0px\u00a0\u00bb header_2_text_shadow_vertical_length_tablet=\u00a0\u00bb0px\u00a0\u00bb header_2_text_shadow_blur_strength_tablet=\u00a0\u00bb1px\u00a0\u00bb header_3_text_shadow_horizontal_length_tablet=\u00a0\u00bb0px\u00a0\u00bb header_3_text_shadow_vertical_length_tablet=\u00a0\u00bb0px\u00a0\u00bb header_3_text_shadow_blur_strength_tablet=\u00a0\u00bb1px\u00a0\u00bb header_4_text_shadow_horizontal_length_tablet=\u00a0\u00bb0px\u00a0\u00bb header_4_text_shadow_vertical_length_tablet=\u00a0\u00bb0px\u00a0\u00bb header_4_text_shadow_blur_strength_tablet=\u00a0\u00bb1px\u00a0\u00bb header_5_text_shadow_horizontal_length_tablet=\u00a0\u00bb0px\u00a0\u00bb header_5_text_shadow_vertical_length_tablet=\u00a0\u00bb0px\u00a0\u00bb header_5_text_shadow_blur_strength_tablet=\u00a0\u00bb1px\u00a0\u00bb header_6_text_shadow_horizontal_length_tablet=\u00a0\u00bb0px\u00a0\u00bb header_6_text_shadow_vertical_length_tablet=\u00a0\u00bb0px\u00a0\u00bb header_6_text_shadow_blur_strength_tablet=\u00a0\u00bb1px\u00a0\u00bb box_shadow_horizontal_tablet=\u00a0\u00bb0px\u00a0\u00bb box_shadow_vertical_tablet=\u00a0\u00bb0px\u00a0\u00bb box_shadow_blur_tablet=\u00a0\u00bb40px\u00a0\u00bb box_shadow_spread_tablet=\u00a0\u00bb0px\u00a0\u00bb global_colors_info=\u00a0\u00bb{}\u00a0\u00bb]<\/p>\n<h2>IRD CAMPUS LAVALETTE<\/h2>\n<p>911 avenue Agropolis<br \/>BP64501<br \/>34394 Montpellier Cedex 05<br \/>Tel Accueil : 04 67 41 61 00<\/p>\n<h2>Tramway &amp; bus<\/h2>\n<ul>\n<li>Tramway <em>ligne 1<\/em> jusqu&rsquo;\u00e0 la station \u00ab\u00a0Universit\u00e9s Sciences et Lettres\u00a0\u00bb, puis bus \u00ab\u00a0La Navette\u00a0\u00bb jusque l&rsquo;arr\u00eat \u00ab\u00a0Campus Agropolis\u00a0\u00bb<\/li>\n<li>Fr\u00e9quence : toutes les 6 min (30 min pendant les vacances scolaires).<\/li>\n<li>Horaires : voir le <a href=\"https:\/\/www.tam-voyages.com\/index.asp\" target=\"_blank\" rel=\"noopener noreferrer\">site de la TAM<\/a> (Transports de l&rsquo;Agglo de Montpellier) .<\/li>\n<li>Info TAM : +33 (0)4 67 22 87 87<\/li>\n<\/ul>\n<h2>Par le train<\/h2>\n<p><strong>Depuis la gare SNCF Saint Roch :<\/strong> Le tramway ligne 1, direction Mosson, arr\u00eat Universit\u00e9s Sciences et Lettres, puis la Navette<br \/>Voir <a href=\"https:\/\/www.tam-voyages.com\/index.asp\" target=\"_blank\" rel=\"noopener noreferrer\">Transports de l&rsquo;Agglom\u00e9ration de Montpellier (TAM) <\/a><\/p>\n<ul>\n<li>Gare de Montpellier : +33 (0)4 99 74 15<\/li>\n<li>Horaires : voir le site <a href=\"https:\/\/www.ter-sncf.com\/Regions\/Languedoc_Roussillon\/fr\/Default.aspx\" target=\"_blank\" rel=\"noopener noreferrer\">TER Languedoc-Roussillon<\/a> et <a href=\"https:\/\/www.voyages-sncf.com\/\" target=\"_blank\" rel=\"noopener noreferrer\">le site de la SNCF <\/a><a>.<\/a><\/li>\n<\/ul>\n<h2>De l&rsquo;a\u00e9roport<\/h2>\n<p><strong>Depuis l&rsquo;a\u00e9roport de Montpellier:<\/strong> Prendre un taxi ou la <a href=\"https:\/\/www.montpellier.aeroport.fr\/fr\/acces-a-l-aeroport\/en-transports-publics\" target=\"_blank\" rel=\"noopener noreferrer\">navette<\/a> jusque la Place d&rsquo;Europe, puis le tramway ligne 1, direction Mosson, arr\u00eat Universit\u00e9s Sciences et Lettres, puis la Navette<\/p>\n<ul>\n<li><a href=\"https:\/\/www.montpellier.aeroport.fr\/fr\/passagers\" target=\"_blank\" rel=\"noopener noreferrer\">A\u00e9roport de Montpellier<\/a> : +33 (0)4 67 20 85 85<\/li>\n<li><a href=\"https:\/\/www.pagesjaunes.fr\/annuaire\/montpellier-34\/taxis\" target=\"_blank\" rel=\"noopener noreferrer\">Taxis<\/a><\/li>\n<li><a href=\"https:\/\/www.montpellier.aeroport.fr\/fr\/parkings\/tarifs-parkings\" target=\"_blank\" rel=\"noopener noreferrer\">Parking \u00e0 l&rsquo;a\u00e9roport<\/a><\/li>\n<\/ul>\n<h2>Depuis l&rsquo;autoroute (A9)<\/h2>\n<ul>\n<li>Sortie 29 (Montpellier Est), suivre successivement les directions Centre ville, Millau, H\u00f4pitaux-facult\u00e9s, Zoo de Lunaret puis Parc Agropolis<\/li>\n<\/ul>\n<h2>Se loger<\/h2>\n<p>Quelques adresses utiles :<\/p>\n<ul>\n<li><a href=\"\/fr\/informations-pratiques\/158-francais\/divers\/1554-visale-d-action-logement-visale\" hreflang=\"fr\">Visale d\u2019Action Logement (VISALE)<\/a><\/li>\n<li><a href=\"https:\/\/www.espace-etudiant.com\/\" target=\"_blank\" rel=\"noopener noreferrer\">Espace-Etudiant.com<\/a><\/li>\n<li><a href=\"https:\/\/www.crous-montpellier.fr\/\" target=\"_blank\" rel=\"noopener noreferrer\">CROUS Montpellier :\u00a0<span id=\"OBJ_PREFIX_DWT3820_com_zimbra_url\" class=\"Object\" role=\"link\"><\/span><\/a><a href=\"https:\/\/selectra.info\/assurance\/guides\/comprendre\/attestation\" target=\"_blank\" rel=\"noopener noreferrer\">N&rsquo;oubliez pas l&rsquo;attestation<\/a> assurance pour logement du Crous.<\/li>\n<li><a href=\"https:\/\/www.umontpellier.fr\/\" target=\"_blank\" rel=\"noopener noreferrer\">Universit\u00e9 Montpellier<\/a><\/li>\n<li><a href=\"https:\/\/www.iamm.ciheam.org\/\" target=\"_blank\" rel=\"noopener noreferrer\">Logement IAMM<\/a><\/li>\n<li><a href=\"https:\/\/www.suitetudes.com\/\" target=\"_blank\" rel=\"noopener noreferrer\">Suit\u00e9udes<\/a><\/li>\n<li><a href=\"https:\/\/www.citadines.com\/\" target=\"_blank\" rel=\"noopener noreferrer\">Citadines<\/a><\/li>\n<li><a href=\"https:\/\/www.heliotel.com\/\" target=\"_blank\" rel=\"noopener noreferrer\">H\u00e9liotel<\/a><\/li>\n<li><a href=\"https:\/\/www.cohebergement.com\/location\/l\/87-montpellier\" target=\"_blank\" rel=\"noopener noreferrer\">Logement chez l&rsquo;habitant<\/a><\/li>\n<li><a href=\"https:\/\/www.aef-montpellier.fr\/\" target=\"_blank\" rel=\"noopener noreferrer\">Accueil en famille<\/a><\/li>\n<li><a href=\"https:\/\/www.agropolis.org\/english\/guide\/\" target=\"_blank\" rel=\"noopener noreferrer\">Agropolis (in English)<\/a><\/li>\n<\/ul>\n<h2>O\u00f9 sortir<\/h2>\n<ul>\n<li><a href=\"https:\/\/www.montpellier.fr\/\" target=\"_blank\" rel=\"noopener noreferrer\">Ville de Montpellier<\/a><\/li>\n<li><a href=\"https:\/\/www.ot-montpellier.fr\/\" target=\"_blank\" rel=\"noopener noreferrer\">Office du tourisme de Montpellier<\/a><\/li>\n<\/ul>\n<p>[\/et_pb_text][\/et_pb_column][\/et_pb_row][\/et_pb_section]<\/p>\n","protected":false},"excerpt":{"rendered":"<p>IRD CAMPUS LAVALETTE 911 avenue AgropolisBP6450134394 Montpellier Cedex 05Tel Accueil : 04 67 41 61 00 Tramway &amp; bus Tramway ligne 1 jusqu&rsquo;\u00e0 la station \u00ab\u00a0Universit\u00e9s Sciences et Lettres\u00a0\u00bb, puis bus \u00ab\u00a0La Navette\u00a0\u00bb jusque l&rsquo;arr\u00eat \u00ab\u00a0Campus Agropolis\u00a0\u00bb Fr\u00e9quence : toutes les 6 min (30 min pendant les vacances scolaires). Horaires : voir le site de [&hellip;]<\/p>\n","protected":false},"author":3,"featured_media":0,"parent":0,"menu_order":0,"comment_status":"closed","ping_status":"closed","template":"","meta":{"_acf_changed":false,"_et_pb_use_builder":"on","_et_pb_old_content":"","_et_gb_content_width":"","footnotes":""},"class_list":["post-385","page","type-page","status-publish","hentry"],"acf":[],"yoast_head":"<!-- This site is optimized with the Yoast SEO plugin v26.8 - https:\/\/yoast.com\/product\/yoast-seo-wordpress\/ -->\n<title>Contact - MIVEGEC<\/title>\n<meta name=\"robots\" content=\"index, follow, max-snippet:-1, max-image-preview:large, max-video-preview:-1\" \/>\n<link rel=\"canonical\" href=\"https:\/\/mivegec.fr\/fr\/contact-et-acces\" \/>\n<meta property=\"og:locale\" content=\"fr_FR\" \/>\n<meta property=\"og:type\" content=\"article\" \/>\n<meta property=\"og:title\" content=\"Contact - MIVEGEC\" \/>\n<meta property=\"og:description\" content=\"IRD CAMPUS LAVALETTE 911 avenue AgropolisBP6450134394 Montpellier Cedex 05Tel Accueil : 04 67 41 61 00 Tramway &amp; bus Tramway ligne 1 jusqu&#039;\u00e0 la station &quot;Universit\u00e9s Sciences et Lettres&quot;, puis bus &quot;La Navette&quot; jusque l&#039;arr\u00eat &quot;Campus Agropolis&quot; Fr\u00e9quence : toutes les 6 min (30 min pendant les vacances scolaires). Horaires : voir le site de [&hellip;]\" \/>\n<meta property=\"og:url\" content=\"https:\/\/mivegec.fr\/fr\/contact-et-acces\" \/>\n<meta property=\"og:site_name\" content=\"MIVEGEC\" \/>\n<meta property=\"article:modified_time\" content=\"2022-05-23T16:03:36+00:00\" \/>\n<meta name=\"twitter:card\" content=\"summary_large_image\" \/>\n<meta name=\"twitter:label1\" content=\"Dur\u00e9e de lecture estim\u00e9e\" \/>\n\t<meta name=\"twitter:data1\" content=\"3 minutes\" \/>\n<script type=\"application\/ld+json\" class=\"yoast-schema-graph\">{\"@context\":\"https:\/\/schema.org\",\"@graph\":[{\"@type\":\"WebPage\",\"@id\":\"https:\/\/mivegec.fr\/fr\/contact-et-acces\",\"url\":\"https:\/\/mivegec.fr\/fr\/contact-et-acces\",\"name\":\"Contact - MIVEGEC\",\"isPartOf\":{\"@id\":\"https:\/\/mivegec.fr\/fr\/#website\"},\"datePublished\":\"2020-09-24T07:29:05+00:00\",\"dateModified\":\"2022-05-23T16:03:36+00:00\",\"breadcrumb\":{\"@id\":\"https:\/\/mivegec.fr\/fr\/contact-et-acces#breadcrumb\"},\"inLanguage\":\"fr-FR\",\"potentialAction\":[{\"@type\":\"ReadAction\",\"target\":[\"https:\/\/mivegec.fr\/fr\/contact-et-acces\"]}]},{\"@type\":\"BreadcrumbList\",\"@id\":\"https:\/\/mivegec.fr\/fr\/contact-et-acces#breadcrumb\",\"itemListElement\":[{\"@type\":\"ListItem\",\"position\":1,\"name\":\"Accueil\",\"item\":\"https:\/\/mivegec.fr\/fr\"},{\"@type\":\"ListItem\",\"position\":2,\"name\":\"Contact\"}]},{\"@type\":\"WebSite\",\"@id\":\"https:\/\/mivegec.fr\/fr\/#website\",\"url\":\"https:\/\/mivegec.fr\/fr\/\",\"name\":\"MIVEGEC\",\"description\":\"Maladies infectieuses et Vecteurs : \u00c9cologie, G\u00e9n\u00e9tique, \u00c9volution et Contr\u00f4le\",\"publisher\":{\"@id\":\"https:\/\/mivegec.fr\/fr\/#organization\"},\"potentialAction\":[{\"@type\":\"SearchAction\",\"target\":{\"@type\":\"EntryPoint\",\"urlTemplate\":\"https:\/\/mivegec.fr\/fr\/?s={search_term_string}\"},\"query-input\":{\"@type\":\"PropertyValueSpecification\",\"valueRequired\":true,\"valueName\":\"search_term_string\"}}],\"inLanguage\":\"fr-FR\"},{\"@type\":\"Organization\",\"@id\":\"https:\/\/mivegec.fr\/fr\/#organization\",\"name\":\"Mivegec\",\"url\":\"https:\/\/mivegec.fr\/fr\/\",\"logo\":{\"@type\":\"ImageObject\",\"inLanguage\":\"fr-FR\",\"@id\":\"https:\/\/mivegec.fr\/fr\/#\/schema\/logo\/image\/\",\"url\":\"https:\/\/mivegec.fr\/wp-content\/uploads\/2021\/03\/logo-mivegec@2x.png\",\"contentUrl\":\"https:\/\/mivegec.fr\/wp-content\/uploads\/2021\/03\/logo-mivegec@2x.png\",\"width\":616,\"height\":405,\"caption\":\"Mivegec\"},\"image\":{\"@id\":\"https:\/\/mivegec.fr\/fr\/#\/schema\/logo\/image\/\"}}]}<\/script>\n<!-- \/ Yoast SEO plugin. -->","yoast_head_json":{"title":"Contact - MIVEGEC","robots":{"index":"index","follow":"follow","max-snippet":"max-snippet:-1","max-image-preview":"max-image-preview:large","max-video-preview":"max-video-preview:-1"},"canonical":"https:\/\/mivegec.fr\/fr\/contact-et-acces","og_locale":"fr_FR","og_type":"article","og_title":"Contact - MIVEGEC","og_description":"IRD CAMPUS LAVALETTE 911 avenue AgropolisBP6450134394 Montpellier Cedex 05Tel Accueil : 04 67 41 61 00 Tramway &amp; bus Tramway ligne 1 jusqu'\u00e0 la station \"Universit\u00e9s Sciences et Lettres\", puis bus \"La Navette\" jusque l'arr\u00eat \"Campus Agropolis\" Fr\u00e9quence : toutes les 6 min (30 min pendant les vacances scolaires). Horaires : voir le site de [&hellip;]","og_url":"https:\/\/mivegec.fr\/fr\/contact-et-acces","og_site_name":"MIVEGEC","article_modified_time":"2022-05-23T16:03:36+00:00","twitter_card":"summary_large_image","twitter_misc":{"Dur\u00e9e de lecture estim\u00e9e":"3 minutes"},"schema":{"@context":"https:\/\/schema.org","@graph":[{"@type":"WebPage","@id":"https:\/\/mivegec.fr\/fr\/contact-et-acces","url":"https:\/\/mivegec.fr\/fr\/contact-et-acces","name":"Contact - MIVEGEC","isPartOf":{"@id":"https:\/\/mivegec.fr\/fr\/#website"},"datePublished":"2020-09-24T07:29:05+00:00","dateModified":"2022-05-23T16:03:36+00:00","breadcrumb":{"@id":"https:\/\/mivegec.fr\/fr\/contact-et-acces#breadcrumb"},"inLanguage":"fr-FR","potentialAction":[{"@type":"ReadAction","target":["https:\/\/mivegec.fr\/fr\/contact-et-acces"]}]},{"@type":"BreadcrumbList","@id":"https:\/\/mivegec.fr\/fr\/contact-et-acces#breadcrumb","itemListElement":[{"@type":"ListItem","position":1,"name":"Accueil","item":"https:\/\/mivegec.fr\/fr"},{"@type":"ListItem","position":2,"name":"Contact"}]},{"@type":"WebSite","@id":"https:\/\/mivegec.fr\/fr\/#website","url":"https:\/\/mivegec.fr\/fr\/","name":"MIVEGEC","description":"Maladies infectieuses et Vecteurs : \u00c9cologie, G\u00e9n\u00e9tique, \u00c9volution et Contr\u00f4le","publisher":{"@id":"https:\/\/mivegec.fr\/fr\/#organization"},"potentialAction":[{"@type":"SearchAction","target":{"@type":"EntryPoint","urlTemplate":"https:\/\/mivegec.fr\/fr\/?s={search_term_string}"},"query-input":{"@type":"PropertyValueSpecification","valueRequired":true,"valueName":"search_term_string"}}],"inLanguage":"fr-FR"},{"@type":"Organization","@id":"https:\/\/mivegec.fr\/fr\/#organization","name":"Mivegec","url":"https:\/\/mivegec.fr\/fr\/","logo":{"@type":"ImageObject","inLanguage":"fr-FR","@id":"https:\/\/mivegec.fr\/fr\/#\/schema\/logo\/image\/","url":"https:\/\/mivegec.fr\/wp-content\/uploads\/2021\/03\/logo-mivegec@2x.png","contentUrl":"https:\/\/mivegec.fr\/wp-content\/uploads\/2021\/03\/logo-mivegec@2x.png","width":616,"height":405,"caption":"Mivegec"},"image":{"@id":"https:\/\/mivegec.fr\/fr\/#\/schema\/logo\/image\/"}}]}},"_links":{"self":[{"href":"https:\/\/mivegec.fr\/fr\/wp-json\/wp\/v2\/pages\/385","targetHints":{"allow":["GET"]}}],"collection":[{"href":"https:\/\/mivegec.fr\/fr\/wp-json\/wp\/v2\/pages"}],"about":[{"href":"https:\/\/mivegec.fr\/fr\/wp-json\/wp\/v2\/types\/page"}],"author":[{"embeddable":true,"href":"https:\/\/mivegec.fr\/fr\/wp-json\/wp\/v2\/users\/3"}],"replies":[{"embeddable":true,"href":"https:\/\/mivegec.fr\/fr\/wp-json\/wp\/v2\/comments?post=385"}],"version-history":[{"count":11,"href":"https:\/\/mivegec.fr\/fr\/wp-json\/wp\/v2\/pages\/385\/revisions"}],"predecessor-version":[{"id":6564,"href":"https:\/\/mivegec.fr\/fr\/wp-json\/wp\/v2\/pages\/385\/revisions\/6564"}],"wp:attachment":[{"href":"https:\/\/mivegec.fr\/fr\/wp-json\/wp\/v2\/media?parent=385"}],"curies":[{"name":"wp","href":"https:\/\/api.w.org\/{rel}","templated":true}]}}