{"id":364,"date":"2020-09-24T09:06:23","date_gmt":"2020-09-24T07:06:23","guid":{"rendered":"https:\/\/mivegec.fr\/?page_id=364"},"modified":"2021-02-03T09:23:30","modified_gmt":"2021-02-03T08:23:30","slug":"brevets","status":"publish","type":"page","link":"https:\/\/mivegec.fr\/fr\/brevets","title":{"rendered":"Brevets"},"content":{"rendered":"<p>[et_pb_section fb_built=\u00a0\u00bb1&Prime; fullwidth=\u00a0\u00bbon\u00a0\u00bb _builder_version=\u00a0\u00bb4.6.0&Prime;][et_pb_fullwidth_post_title meta=\u00a0\u00bboff\u00a0\u00bb featured_image=\u00a0\u00bboff\u00a0\u00bb text_color=\u00a0\u00bblight\u00a0\u00bb admin_label=\u00a0\u00bbTitre\u00a0\u00bb _builder_version=\u00a0\u00bb4.6.0&Prime; background_image=\u00a0\u00bbhttps:\/\/mivegec.fr\/wp-content\/uploads\/2020\/09\/MIVEGEC-departements.jpg\u00a0\u00bb vertical_offset_tablet=\u00a0\u00bb0&Prime; horizontal_offset_tablet=\u00a0\u00bb0&Prime; text_orientation=\u00a0\u00bbcenter\u00a0\u00bb custom_padding=\u00a0\u00bb||100px|\u00a0\u00bb z_index_tablet=\u00a0\u00bb0&Prime; title_text_shadow_horizontal_length_tablet=\u00a0\u00bb0px\u00a0\u00bb title_text_shadow_vertical_length_tablet=\u00a0\u00bb0px\u00a0\u00bb title_text_shadow_blur_strength_tablet=\u00a0\u00bb1px\u00a0\u00bb meta_text_shadow_horizontal_length_tablet=\u00a0\u00bb0px\u00a0\u00bb meta_text_shadow_vertical_length_tablet=\u00a0\u00bb0px\u00a0\u00bb meta_text_shadow_blur_strength_tablet=\u00a0\u00bb1px\u00a0\u00bb box_shadow_horizontal_tablet=\u00a0\u00bb0px\u00a0\u00bb box_shadow_vertical_tablet=\u00a0\u00bb0px\u00a0\u00bb box_shadow_blur_tablet=\u00a0\u00bb40px\u00a0\u00bb box_shadow_spread_tablet=\u00a0\u00bb0px\u00a0\u00bb text_shadow_horizontal_length_tablet=\u00a0\u00bb0px\u00a0\u00bb text_shadow_vertical_length_tablet=\u00a0\u00bb0px\u00a0\u00bb text_shadow_blur_strength_tablet=\u00a0\u00bb1px\u00a0\u00bb][\/et_pb_fullwidth_post_title][et_pb_fullwidth_code admin_label=\u00a0\u00bbFil d&rsquo;ariane\u00a0\u00bb module_id=\u00a0\u00bbbreadcrumb\u00a0\u00bb _builder_version=\u00a0\u00bb4.6.0&Prime; vertical_offset_tablet=\u00a0\u00bb0&Prime; horizontal_offset_tablet=\u00a0\u00bb0&Prime; text_orientation=\u00a0\u00bbcenter\u00a0\u00bb box_shadow_horizontal_tablet=\u00a0\u00bb0px\u00a0\u00bb box_shadow_vertical_tablet=\u00a0\u00bb0px\u00a0\u00bb box_shadow_blur_tablet=\u00a0\u00bb40px\u00a0\u00bb box_shadow_spread_tablet=\u00a0\u00bb0px\u00a0\u00bb global_module=\u00a0\u00bb1485&Prime; saved_tabs=\u00a0\u00bball\u00a0\u00bb]<span><span><a href=\"https:\/\/mivegec.fr\/fr\">Accueil<\/a><\/span><\/span>[\/et_pb_fullwidth_code][\/et_pb_section][et_pb_section fb_built=\u00a0\u00bb1&Prime; _builder_version=\u00a0\u00bb4.6.0&Prime;][et_pb_row _builder_version=\u00a0\u00bb4.6.0&Prime; _module_preset=\u00a0\u00bbdefault\u00a0\u00bb][et_pb_column type=\u00a0\u00bb4_4&Prime; _builder_version=\u00a0\u00bb4.6.0&Prime; _module_preset=\u00a0\u00bbdefault\u00a0\u00bb][et_pb_text _builder_version=\u00a0\u00bb4.6.0&Prime; _module_preset=\u00a0\u00bbdefault\u00a0\u00bb]<\/p>\n<div itemprop=\"articleBody\">\n<table border=\"0\">\n<tbody>\n<tr>\n<td>2014<\/td>\n<td>\n<p>Pierre Becquart &amp; Eric Leroy<\/p>\n<p>Titre: \u201cImmunogenic peptides of EBOLA and applications\u201d<\/p>\n<p>N\u00b0 d\u2019enregistrement: EP n\u00b014&nbsp;167 898.7<\/p>\n<p>Date de d\u00e9p\u00f4t&nbsp;: le 12 mai 2014<\/p>\n<\/td>\n<\/tr>\n<tr>\n<td>2012<\/td>\n<td>\n<p>Darriet F, Corbel V, Chandre F &amp; Zumbo B<\/p>\n<p><strong>Composition \u00e0 usage anti-moustique<\/strong><\/p>\n<p>N\u00b0 de la demande de brevet fran\u00e7ais: 11\/53024<\/p>\n<p>N\u00b0 de la demande internationale : PCT\/FR2012\/050752<\/p>\n<p>N\u00b0 de la publication internationale : WO 2012\/143644 A1<\/p>\n<\/td>\n<\/tr>\n<tr>\n<td>2011<\/td>\n<td>\n<p>Miss\u00e9 D.<\/p>\n<p>&nbsp;<\/p>\n<p>Titre: <strong>Proteins\/peptides having immunogenic properties and their biological applications<\/strong>. PCT\/IB2011\/050783. Date de publication : 01\/09\/2011. Inventeur :<\/p>\n<\/td>\n<\/tr>\n<tr>\n<td>2011<\/td>\n<td>\n<p>Miss\u00e9 D, Luplertlop N, Hans Y, Thomas F, Renaud F.<\/p>\n<p>&nbsp;<\/p>\n<p>Titre: <strong>Antimicrobial peptides of the cecropin family and therapeutic uses thereof<\/strong>. PCT\/IB2011\/050465. Date de publication : 11\/08\/2011.<\/p>\n<\/td>\n<\/tr>\n<tr>\n<td>2010<\/td>\n<td>\n<p>Luplertlop N, Renaud F, Thomas F et Miss\u00e9 D<\/p>\n<p>&nbsp;<\/p>\n<p>Brevet\/ Ref: FR10\/00434<br \/>Titre: <strong>\u00ab\u00a0Peptides antimicrobiens et leurs utilisations en th\u00e9rapeutique\u00a0\u00bb<\/strong><br \/>Date de d\u00e9p\u00f4t: 3 F\u00e9vrier 2010<\/p>\n<\/td>\n<\/tr>\n<tr>\n<td>2010<\/td>\n<td>Remoue F, Poinsignon A, Cornelie S, Drame PM, Doucoure A, Mouchet F, Rossignol M &amp; Corbel V. <br \/> <strong>M\u00e9thodes pour \u00e9valuer l&rsquo;efficacit\u00e9 de strat\u00e9gie de lutte anti-vectorielle dans le contr\u00f4le du paludisme et des arboviroses<\/strong> <br \/> Brevet n\u00b0 FR10\/00172<\/td>\n<\/tr>\n<tr>\n<td>2010<\/td>\n<td>Sereno D, Gazanion E, Vergnes B, Labesse G, Guichou JF, Garcia D &amp; Sylvestre R. <br \/> <strong>Methode pour traiter la leishmaniose<\/strong> <br \/> Brevet d\u00e9pos\u00e9 aux Etats-Unis sous le n\u00b061\/372 945. (lien vers Brevet Sereno Nicotinamide.pdf)<\/td>\n<\/tr>\n<tr>\n<td>2009<\/td>\n<td>Ladram A, Sereno D, Abassi F, Oury B, Amiche M &amp; Nicolas P. <br \/> <strong>Analogs of temporin SHa and uses thereof<\/strong> <br \/> Brevet n\u00b009 51768 d\u00e9pos\u00e9 par l&rsquo;Universit\u00e9 Pierre et Marie Curie, l&rsquo;IRD et le CNRS, enregistr\u00e9 \u00e0 l&rsquo;international, le 18 mars 2010, sous le n\u00b0PCT-FR10-050487.<\/td>\n<\/tr>\n<tr>\n<td>2008<\/td>\n<td>Corrales RM, Mathieu Daude F &amp; Sereno D. <br \/> <strong>A method for the screening of conserved secreted proteins<\/strong> <br \/> Brevet N\u00b0 08 290 657.9<\/td>\n<\/tr>\n<tr>\n<td>2008<\/td>\n<td>Martin T &amp; Assogba Komlan F. <strong><br \/> Proc\u00e9d\u00e9 de protection des cultures contre les acariens<\/strong> <br \/> Brevet N\u00b0 08 51 179<\/td>\n<\/tr>\n<tr>\n<td>2006<\/td>\n<td>\n<p>Veas F, Miss\u00e9 D, Bray D, Clerici C.<\/p>\n<p>&nbsp;<\/p>\n<p>Titre: <strong>Methods and compositions for the treatment of viral diseases. PCT\/GB2006\/001881. Date de publication<\/strong>: 23.11.2006.<\/p>\n<\/td>\n<\/tr>\n<tr>\n<td>2005<\/td>\n<td>\n<p>Veas F, Miss\u00e9 D, Clerici C, Trabatoni D.<\/p>\n<p>&nbsp;<\/p>\n<p>Titre: Biomarkers of resistance to infections in humans and biological applications thereof. PCT\/EP2004\/013393. Date de publication : 19.05.2005.<\/p>\n<\/td>\n<\/tr>\n<tr>\n<td>2004<\/td>\n<td>Sereno D, Vergnes B &amp; Ouaissi A. <br \/> <strong>In vitro antileishmanial activity of nicotinamide<\/strong>. <br \/> Provisionnal US N\u00b0 60.558.802<\/td>\n<\/tr>\n<tr>\n<td>2004<\/td>\n<td>Hougard JM &amp; Pennetier C. <strong><br \/> Nouvelle composition insecticide et son utilisation, notamment pour l\u2019impr\u00e9gnation de moustiquaires<\/strong> <br \/> Brevet N\u00b0 04 03 082<\/td>\n<\/tr>\n<tr>\n<td>2003<\/td>\n<td>Lemesre JL, Cavaleyra M, Sereno D &amp; Holzmuller P. <strong><br \/> Nouveaux moyens pour la pr\u00e9vention des Leishmanioses<\/strong><br \/> Brevet N\u00b0 03 13 555<\/td>\n<\/tr>\n<tr>\n<td>2003<\/td>\n<td>Ouaissi A, Sereno D, Vergnes B &amp; Cordeiro Da Silva A. <strong><br \/> Souches de protozoaire de virulence att\u00e9nu\u00e9e et leur utilisation<\/strong> <br \/> Brevet N\u00b0 03 12 689<\/td>\n<\/tr>\n<tr>\n<td>1999<\/td>\n<td>\n<p>Miss\u00e9 D, Veas F, Jansen F.<\/p>\n<p>&nbsp;<\/p>\n<p>Titre: <strong>Retrovirus envelope glycoprotein mutants and biological applications<\/strong>. PCT\/FR1999\/000767. Date de publication : 07.10.1999.<\/p>\n<\/td>\n<\/tr>\n<\/tbody>\n<\/table>\n<p><a href=\"https:\/\/www.ird.fr\/les-partenariats\/valorisation-et-transfert-de-technologie\" target=\"_blank\" rel=\"noopener\"><span class=\"em2\"> Pour davantage d&rsquo;informations sur ces brevets<\/span><\/a><\/p>\n<\/p><\/div>\n<p>[\/et_pb_text][\/et_pb_column][\/et_pb_row][\/et_pb_section]<\/p>\n","protected":false},"excerpt":{"rendered":"<p><span><span><a href=\"https:\/\/mivegec.fr\/fr\">Accueil<\/a><\/span><\/span> 2014 Pierre Becquart &amp; Eric Leroy Titre: \u201cImmunogenic peptides of EBOLA and applications\u201d N\u00b0 d\u2019enregistrement: EP n\u00b014&nbsp;167 898.7 Date de d\u00e9p\u00f4t&nbsp;: le 12 mai 2014 2012 Darriet F, Corbel V, Chandre F &amp; Zumbo B Composition \u00e0 usage anti-moustique N\u00b0 de la demande de brevet fran\u00e7ais: 11\/53024 N\u00b0 de la demande internationale : PCT\/FR2012\/050752 [&hellip;]<\/p>\n","protected":false},"author":3,"featured_media":0,"parent":0,"menu_order":0,"comment_status":"closed","ping_status":"closed","template":"","meta":{"_acf_changed":false,"_et_pb_use_builder":"on","_et_pb_old_content":"","_et_gb_content_width":"","footnotes":""},"class_list":["post-364","page","type-page","status-publish","hentry"],"acf":[],"yoast_head":"<!-- This site is optimized with the Yoast SEO plugin v26.8 - https:\/\/yoast.com\/product\/yoast-seo-wordpress\/ -->\n<title>Brevets - MIVEGEC<\/title>\n<meta name=\"robots\" content=\"index, follow, max-snippet:-1, max-image-preview:large, max-video-preview:-1\" \/>\n<link rel=\"canonical\" href=\"https:\/\/mivegec.fr\/fr\/brevets\" \/>\n<meta property=\"og:locale\" content=\"fr_FR\" \/>\n<meta property=\"og:type\" content=\"article\" \/>\n<meta property=\"og:title\" content=\"Brevets - MIVEGEC\" \/>\n<meta property=\"og:description\" content=\"2014 Pierre Becquart &amp; Eric Leroy Titre: \u201cImmunogenic peptides of EBOLA and applications\u201d N\u00b0 d\u2019enregistrement: EP n\u00b014&nbsp;167 898.7 Date de d\u00e9p\u00f4t&nbsp;: le 12 mai 2014 2012 Darriet F, Corbel V, Chandre F &amp; Zumbo B Composition \u00e0 usage anti-moustique N\u00b0 de la demande de brevet fran\u00e7ais: 11\/53024 N\u00b0 de la demande internationale : PCT\/FR2012\/050752 [&hellip;]\" \/>\n<meta property=\"og:url\" content=\"https:\/\/mivegec.fr\/fr\/brevets\" \/>\n<meta property=\"og:site_name\" content=\"MIVEGEC\" \/>\n<meta property=\"article:modified_time\" content=\"2021-02-03T08:23:30+00:00\" \/>\n<meta name=\"twitter:card\" content=\"summary_large_image\" \/>\n<meta name=\"twitter:label1\" content=\"Dur\u00e9e de lecture estim\u00e9e\" \/>\n\t<meta name=\"twitter:data1\" content=\"3 minutes\" \/>\n<script type=\"application\/ld+json\" class=\"yoast-schema-graph\">{\"@context\":\"https:\/\/schema.org\",\"@graph\":[{\"@type\":\"WebPage\",\"@id\":\"https:\/\/mivegec.fr\/fr\/brevets\",\"url\":\"https:\/\/mivegec.fr\/fr\/brevets\",\"name\":\"Brevets - MIVEGEC\",\"isPartOf\":{\"@id\":\"https:\/\/mivegec.fr\/fr\/#website\"},\"datePublished\":\"2020-09-24T07:06:23+00:00\",\"dateModified\":\"2021-02-03T08:23:30+00:00\",\"breadcrumb\":{\"@id\":\"https:\/\/mivegec.fr\/fr\/brevets#breadcrumb\"},\"inLanguage\":\"fr-FR\",\"potentialAction\":[{\"@type\":\"ReadAction\",\"target\":[\"https:\/\/mivegec.fr\/fr\/brevets\"]}]},{\"@type\":\"BreadcrumbList\",\"@id\":\"https:\/\/mivegec.fr\/fr\/brevets#breadcrumb\",\"itemListElement\":[{\"@type\":\"ListItem\",\"position\":1,\"name\":\"Accueil\",\"item\":\"https:\/\/mivegec.fr\/fr\"},{\"@type\":\"ListItem\",\"position\":2,\"name\":\"Brevets\"}]},{\"@type\":\"WebSite\",\"@id\":\"https:\/\/mivegec.fr\/fr\/#website\",\"url\":\"https:\/\/mivegec.fr\/fr\/\",\"name\":\"MIVEGEC\",\"description\":\"Maladies infectieuses et Vecteurs : \u00c9cologie, G\u00e9n\u00e9tique, \u00c9volution et Contr\u00f4le\",\"publisher\":{\"@id\":\"https:\/\/mivegec.fr\/fr\/#organization\"},\"potentialAction\":[{\"@type\":\"SearchAction\",\"target\":{\"@type\":\"EntryPoint\",\"urlTemplate\":\"https:\/\/mivegec.fr\/fr\/?s={search_term_string}\"},\"query-input\":{\"@type\":\"PropertyValueSpecification\",\"valueRequired\":true,\"valueName\":\"search_term_string\"}}],\"inLanguage\":\"fr-FR\"},{\"@type\":\"Organization\",\"@id\":\"https:\/\/mivegec.fr\/fr\/#organization\",\"name\":\"Mivegec\",\"url\":\"https:\/\/mivegec.fr\/fr\/\",\"logo\":{\"@type\":\"ImageObject\",\"inLanguage\":\"fr-FR\",\"@id\":\"https:\/\/mivegec.fr\/fr\/#\/schema\/logo\/image\/\",\"url\":\"https:\/\/mivegec.fr\/wp-content\/uploads\/2021\/03\/logo-mivegec@2x.png\",\"contentUrl\":\"https:\/\/mivegec.fr\/wp-content\/uploads\/2021\/03\/logo-mivegec@2x.png\",\"width\":616,\"height\":405,\"caption\":\"Mivegec\"},\"image\":{\"@id\":\"https:\/\/mivegec.fr\/fr\/#\/schema\/logo\/image\/\"}}]}<\/script>\n<!-- \/ Yoast SEO plugin. -->","yoast_head_json":{"title":"Brevets - MIVEGEC","robots":{"index":"index","follow":"follow","max-snippet":"max-snippet:-1","max-image-preview":"max-image-preview:large","max-video-preview":"max-video-preview:-1"},"canonical":"https:\/\/mivegec.fr\/fr\/brevets","og_locale":"fr_FR","og_type":"article","og_title":"Brevets - MIVEGEC","og_description":"2014 Pierre Becquart &amp; Eric Leroy Titre: \u201cImmunogenic peptides of EBOLA and applications\u201d N\u00b0 d\u2019enregistrement: EP n\u00b014&nbsp;167 898.7 Date de d\u00e9p\u00f4t&nbsp;: le 12 mai 2014 2012 Darriet F, Corbel V, Chandre F &amp; Zumbo B Composition \u00e0 usage anti-moustique N\u00b0 de la demande de brevet fran\u00e7ais: 11\/53024 N\u00b0 de la demande internationale : PCT\/FR2012\/050752 [&hellip;]","og_url":"https:\/\/mivegec.fr\/fr\/brevets","og_site_name":"MIVEGEC","article_modified_time":"2021-02-03T08:23:30+00:00","twitter_card":"summary_large_image","twitter_misc":{"Dur\u00e9e de lecture estim\u00e9e":"3 minutes"},"schema":{"@context":"https:\/\/schema.org","@graph":[{"@type":"WebPage","@id":"https:\/\/mivegec.fr\/fr\/brevets","url":"https:\/\/mivegec.fr\/fr\/brevets","name":"Brevets - MIVEGEC","isPartOf":{"@id":"https:\/\/mivegec.fr\/fr\/#website"},"datePublished":"2020-09-24T07:06:23+00:00","dateModified":"2021-02-03T08:23:30+00:00","breadcrumb":{"@id":"https:\/\/mivegec.fr\/fr\/brevets#breadcrumb"},"inLanguage":"fr-FR","potentialAction":[{"@type":"ReadAction","target":["https:\/\/mivegec.fr\/fr\/brevets"]}]},{"@type":"BreadcrumbList","@id":"https:\/\/mivegec.fr\/fr\/brevets#breadcrumb","itemListElement":[{"@type":"ListItem","position":1,"name":"Accueil","item":"https:\/\/mivegec.fr\/fr"},{"@type":"ListItem","position":2,"name":"Brevets"}]},{"@type":"WebSite","@id":"https:\/\/mivegec.fr\/fr\/#website","url":"https:\/\/mivegec.fr\/fr\/","name":"MIVEGEC","description":"Maladies infectieuses et Vecteurs : \u00c9cologie, G\u00e9n\u00e9tique, \u00c9volution et Contr\u00f4le","publisher":{"@id":"https:\/\/mivegec.fr\/fr\/#organization"},"potentialAction":[{"@type":"SearchAction","target":{"@type":"EntryPoint","urlTemplate":"https:\/\/mivegec.fr\/fr\/?s={search_term_string}"},"query-input":{"@type":"PropertyValueSpecification","valueRequired":true,"valueName":"search_term_string"}}],"inLanguage":"fr-FR"},{"@type":"Organization","@id":"https:\/\/mivegec.fr\/fr\/#organization","name":"Mivegec","url":"https:\/\/mivegec.fr\/fr\/","logo":{"@type":"ImageObject","inLanguage":"fr-FR","@id":"https:\/\/mivegec.fr\/fr\/#\/schema\/logo\/image\/","url":"https:\/\/mivegec.fr\/wp-content\/uploads\/2021\/03\/logo-mivegec@2x.png","contentUrl":"https:\/\/mivegec.fr\/wp-content\/uploads\/2021\/03\/logo-mivegec@2x.png","width":616,"height":405,"caption":"Mivegec"},"image":{"@id":"https:\/\/mivegec.fr\/fr\/#\/schema\/logo\/image\/"}}]}},"_links":{"self":[{"href":"https:\/\/mivegec.fr\/fr\/wp-json\/wp\/v2\/pages\/364","targetHints":{"allow":["GET"]}}],"collection":[{"href":"https:\/\/mivegec.fr\/fr\/wp-json\/wp\/v2\/pages"}],"about":[{"href":"https:\/\/mivegec.fr\/fr\/wp-json\/wp\/v2\/types\/page"}],"author":[{"embeddable":true,"href":"https:\/\/mivegec.fr\/fr\/wp-json\/wp\/v2\/users\/3"}],"replies":[{"embeddable":true,"href":"https:\/\/mivegec.fr\/fr\/wp-json\/wp\/v2\/comments?post=364"}],"version-history":[{"count":7,"href":"https:\/\/mivegec.fr\/fr\/wp-json\/wp\/v2\/pages\/364\/revisions"}],"predecessor-version":[{"id":11924,"href":"https:\/\/mivegec.fr\/fr\/wp-json\/wp\/v2\/pages\/364\/revisions\/11924"}],"wp:attachment":[{"href":"https:\/\/mivegec.fr\/fr\/wp-json\/wp\/v2\/media?parent=364"}],"curies":[{"name":"wp","href":"https:\/\/api.w.org\/{rel}","templated":true}]}}