{"id":345,"date":"2020-09-23T09:52:14","date_gmt":"2020-09-23T07:52:14","guid":{"rendered":"https:\/\/mivegec.fr\/?page_id=345"},"modified":"2021-03-19T15:26:02","modified_gmt":"2021-03-19T14:26:02","slug":"expertise-brevets","status":"publish","type":"page","link":"https:\/\/mivegec.fr\/fr\/expertise-brevets","title":{"rendered":"Expertise"},"content":{"rendered":"<p>[et_pb_section fb_built=\u00a0\u00bb1&Prime; fullwidth=\u00a0\u00bbon\u00a0\u00bb _builder_version=\u00a0\u00bb4.6.0&Prime;][et_pb_fullwidth_post_title meta=\u00a0\u00bboff\u00a0\u00bb featured_image=\u00a0\u00bboff\u00a0\u00bb text_color=\u00a0\u00bblight\u00a0\u00bb admin_label=\u00a0\u00bbTitre\u00a0\u00bb _builder_version=\u00a0\u00bb4.6.0&Prime; background_image=\u00a0\u00bbhttps:\/\/mivegec.fr\/wp-content\/uploads\/2020\/09\/MIVEGEC-departements.jpg\u00a0\u00bb vertical_offset_tablet=\u00a0\u00bb0&Prime; horizontal_offset_tablet=\u00a0\u00bb0&Prime; text_orientation=\u00a0\u00bbcenter\u00a0\u00bb custom_padding=\u00a0\u00bb||100px|\u00a0\u00bb z_index_tablet=\u00a0\u00bb0&Prime; title_text_shadow_horizontal_length_tablet=\u00a0\u00bb0px\u00a0\u00bb title_text_shadow_vertical_length_tablet=\u00a0\u00bb0px\u00a0\u00bb title_text_shadow_blur_strength_tablet=\u00a0\u00bb1px\u00a0\u00bb meta_text_shadow_horizontal_length_tablet=\u00a0\u00bb0px\u00a0\u00bb meta_text_shadow_vertical_length_tablet=\u00a0\u00bb0px\u00a0\u00bb meta_text_shadow_blur_strength_tablet=\u00a0\u00bb1px\u00a0\u00bb box_shadow_horizontal_tablet=\u00a0\u00bb0px\u00a0\u00bb box_shadow_vertical_tablet=\u00a0\u00bb0px\u00a0\u00bb box_shadow_blur_tablet=\u00a0\u00bb40px\u00a0\u00bb box_shadow_spread_tablet=\u00a0\u00bb0px\u00a0\u00bb text_shadow_horizontal_length_tablet=\u00a0\u00bb0px\u00a0\u00bb text_shadow_vertical_length_tablet=\u00a0\u00bb0px\u00a0\u00bb text_shadow_blur_strength_tablet=\u00a0\u00bb1px\u00a0\u00bb][\/et_pb_fullwidth_post_title][et_pb_fullwidth_code admin_label=\u00a0\u00bbFil d&rsquo;ariane\u00a0\u00bb module_id=\u00a0\u00bbbreadcrumb\u00a0\u00bb _builder_version=\u00a0\u00bb4.6.0&Prime; vertical_offset_tablet=\u00a0\u00bb0&Prime; horizontal_offset_tablet=\u00a0\u00bb0&Prime; text_orientation=\u00a0\u00bbcenter\u00a0\u00bb box_shadow_horizontal_tablet=\u00a0\u00bb0px\u00a0\u00bb box_shadow_vertical_tablet=\u00a0\u00bb0px\u00a0\u00bb box_shadow_blur_tablet=\u00a0\u00bb40px\u00a0\u00bb box_shadow_spread_tablet=\u00a0\u00bb0px\u00a0\u00bb global_module=\u00a0\u00bb1485&Prime; saved_tabs=\u00a0\u00bball\u00a0\u00bb]<span><span><a href=\"https:\/\/mivegec.fr\/fr\">Accueil<\/a><\/span><\/span>[\/et_pb_fullwidth_code][\/et_pb_section][et_pb_section fb_built=\u00a0\u00bb1&Prime; _builder_version=\u00a0\u00bb4.6.0&Prime;][et_pb_row _builder_version=\u00a0\u00bb4.6.0&Prime; _module_preset=\u00a0\u00bbdefault\u00a0\u00bb][et_pb_column type=\u00a0\u00bb4_4&Prime; _builder_version=\u00a0\u00bb4.6.0&Prime; _module_preset=\u00a0\u00bbdefault\u00a0\u00bb][et_pb_text _builder_version=\u00a0\u00bb4.6.0&Prime; _module_preset=\u00a0\u00bbdefault\u00a0\u00bb]<\/p>\n<div>\n<p>Avec la recherche et la formation, <strong>l\u2019expertise est l\u2019une des trois grandes missions de MIVEGEC.<\/strong> R\u00e9alis\u00e9e \u00e0 titre individuel ou collectif, elle peut consister en l&rsquo;<strong>\u00e9valuation<\/strong> d&rsquo;un produit tel qu&rsquo;un insecticide, une structure comme le CIRDES (Centre International de Recherche-d\u00e9veloppement sur l\u2019Elevage en zone Sub-humide) ou un programme. Elle peut aussi permettre d&rsquo;<strong>estimer l\u2019int\u00e9r\u00eat d\u2019une strat\u00e9gie<\/strong> telle que l&rsquo;utilisation d&rsquo;un m\u00e9dicament, <strong> \u00e9valuer un risque <\/strong> comme celui du paludisme dans une r\u00e9gion donn\u00e9e ou de la fi\u00e8vre de la vall\u00e9e du rift ou encore, r\u00e9aliser un <strong> \u00e9tat de l\u2019art <\/strong> pouvant d\u00e9boucher sur des recommandations (maladies infectieuses et changement climatique, lutte antivectorielle).<\/p>\n<p>Les enseignants chercheurs, chercheurs et ing\u00e9nieurs de l\u2019unit\u00e9 MIVEGEC sont ainsi souvent sollicit\u00e9s en raison de leurs comp\u00e9tences en recherche pour r\u00e9aliser des expertises dont les rapports sont parfois valoris\u00e9s sous forme d\u2019articles de synth\u00e8se, de livres, de communiqu\u00e9s de presse ou de pages web.<\/p>\n<p>Ils sont par ailleurs \u00e9galement sollicit\u00e9s pour \u00eatre relecteurs d\u2019articles de nombreuses revues.<\/p>\n<p>&nbsp;<\/p>\n<h2>Expertises et \u00e9valuations r\u00e9alis\u00e9es<\/h2>\n<p><strong style=\"font-size: 0.9rem;\">Rapport des groupes de travail du CNEV aux minist\u00e8res charg\u00e9s de la sant\u00e9 et de l\u2019agriculture<\/strong><\/p>\n<h3>Collections de r\u00e9f\u00e9rence<\/h3>\n<p>En cours, rapport attendu <em>Juillet 2013<\/em><\/p>\n<p>Participation de <a href=\"https:\/\/mivegec.fr\/fr\/annuaire\/agent?id=44\" target=\"_blank\" rel=\"noopener\">Gilbert Le Goff<\/a><\/p>\n<h3>R\u00e9sistance aux insecticides<\/h3>\n<p>En cours, rapport attendu <em>Juillet 2013<\/em><\/p>\n<p>Participation de <a href=\"https:\/\/mivegec.fr\/fr\/annuaire\/agent?id=264\">Fabrice Chandre<\/a>, <a href=\"https:\/\/mivegec.fr\/fr\/annuaire\/agent?id=278\">Fr\u00e9d\u00e9ric Darriet<\/a><\/p>\n<h3>Surveillance et contr\u00f4le d\u2018<em>Aedes albopictus <\/em>en France m\u00e9tropolitaine et ultramarine<\/h3>\n<p><em>Juin 2012<\/em><\/p>\n<p>Participation de Didier Fontenille<\/p>\n<h2>R\u00e9ponses du CNEV \u00e0 des saisines des minist\u00e8res charg\u00e9s de la sant\u00e9 et de l\u2019agriculture<\/h2>\n<h3>Saisine DGS pour un avis sur le r\u00e9seau de surveillance d\u2019<em>Ae. albopictus <\/em>en France m\u00e9tropolitaine<\/h3>\n<p><em>Mai 2013<\/em><\/p>\n<p>Participation de Didier Fontenille<\/p>\n<h3>Saisine DGS pour un avis sur la \u00ab\u00a0Distribution d\u2019<em>Ixodes ricinus<\/em> en France et principaux d\u00e9terminants de la modification de sa distribution\u00a0\u00bb<\/h3>\n<p><em>Mai 2013<\/em><\/p>\n<p>Participation de Elsa L\u00e9ger, Didier Fontenille<\/p>\n<h3>Saisine DGS pour un avis sur le r\u00e9seau de surveillance d\u2019<em>Ae. albopictus <\/em>en France m\u00e9tropolitaine<\/h3>\n<p><em>Mai 2012<\/em><\/p>\n<p>Participation de Didier Fontenille<\/p>\n<h3>Saisine relative \u00e0 la possibilit\u00e9 d\u2019une transmission autochtone de paludisme suite \u00e0 l\u2019identification de quatre cas de paludisme dans un navire<\/h3>\n<p><em>Novembre 2011<\/em><\/p>\n<p>Participation de Didier Fontenille<\/p>\n<h3>Saisine sur <em>Hylesia metabus<\/em>, agent de la papillonite en Guyane fran\u00e7aise<\/h3>\n<p><em>Aout 2011<\/em><\/p>\n<p>Participation de <a href=\"https:\/\/mivegec.fr\/fr\/annuaire\/agent?id=15\">Vincent Robert<\/a><\/p>\n<h3>Maladies Infectieuses Emergentes\u00a0: Etat de la Situation et Perspectives.<\/h3>\n<p><strong>2011 :<\/strong> Expertise coll\u00e9giale coordonn\u00e9e par C. Leport et <a href=\"https:\/\/mivegec.fr\/fr\/annuaire\/agent?id=36\">JF Gu\u00e9gan<\/a> pour le compte du Haut Conseil de la Sant\u00e9 Publique, Minist\u00e8re de la Sant\u00e9 &#8211; La Documentation fran\u00e7aise. <a href=\"\/images\/stories\/PDF_files\/Rapports\/presentation.pdf\">Presentation<\/a> et <a href=\"\/images\/stories\/PDF_files\/Rapports\/hcspr20110622_maladiesinfectemerg.pdf\">rapport<\/a>.<\/p>\n<p><span style=\"color: #333333; font-size: 22px;\">Plan national d\u2019adaptation au changement climatique &#8211; Partie Sant\u00e9 &#8211; Rapport de Groupe Interminist\u00e9riel et Parlementaire.<\/span><\/p>\n<p><strong>2010 :\u00a0Expertise coll\u00e9giale pr\u00e9sid\u00e9e par<\/strong> <a href=\"https:\/\/mivegec.fr\/fr\/annuaire\/agent?id=36\">JF Gu\u00e9gan<\/a><\/p>\n<h3>Recommandations de pratique clinique (RPC) portant sur les protections personnelles anti-vectorielles.<\/h3>\n<p><strong>2008-2010 <span class=\"em2\"> : <\/span><\/strong><a href=\"https:\/\/mivegec.fr\/fr\/annuaire\/agent?id=15\"> V. Robert<\/a> est membre du comit\u00e9 d\u2019organisation et du groupe de travail (pr\u00e9sid\u00e9 par G. Duvallet), <a href=\"https:\/\/mivegec.fr\/fr\/annuaire\/agent?id=264\">F. Chandre<\/a> est membre d\u2019un sous-groupe de travail et <a href=\"https:\/\/mivegec.fr\/fr\/annuaire\/agent?id=278\">F. Darriet<\/a> est expert ext\u00e9rieur. Les promoteurs sont la <em>Soci\u00e9t\u00e9 de m\u00e9decine des voyages et la Soci\u00e9t\u00e9 fran\u00e7aise de parasitologie<\/em> ; un soutien financier est apport\u00e9 par la DGS et un avis favorable a \u00e9t\u00e9 donn\u00e9 par l\u2019Afssaps. L\u2019IRD est un des partenaires.<\/p>\n<h3>Mission d\u2019\u00e9valuation externe du CIRDES.<\/h3>\n<p>(Centre International de Recherche et D\u00e9veloppement sur l\u2019Elevage en zone Sub-humide, \u00e0 Bobo-Dioulasso, Burkina Faso), avril <strong>2009<\/strong> :<\/p>\n<ul>\n<li>Expertise institutionnelle par B. Hubert (INRA, pr\u00e9sident de la commission), <a href=\"https:\/\/mivegec.fr\/fr\/annuaire\/agent?id=15\">V. Robert<\/a> (IRD), A. Bricout (AIRD), M.C. Deboin (CIRAD), P.C. Lef\u00e8vre, C. Ly, J.R. Kamga (CORAF). <a href=\"\/images\/stories\/PDF_files\/Rapports\/rapport_evaluation_cirdes_avril2009_v13juillet_annexes.pdf\" target=\"_blank\" rel=\"noopener\">PDF<\/a><\/li>\n<li>Rapport de mission d\u2019\u00e9valuation par A. Bricout, M.C. Deboin, B. Hubert, P.C. Lef\u00e8vre, C. Ly, J.R. Kamga, <a href=\"https:\/\/mivegec.fr\/fr\/annuaire\/agent?id=15\">V. Robert<\/a> &#8211; 69 pp.<\/li>\n<\/ul>\n<h3>La lutte antivectorielle en France.<\/h3>\n<p><strong>2009 <span class=\"em2\"> : <\/span><\/strong> Expertise coll\u00e9giale par D. Fontenille &#8211; IRD \u00c9ditions, coll. &#8211; 536 p. + CD-ROM<\/p>\n<h3>Mission d&rsquo;\u00e9valuation de la lutte anti-anoph\u00e9lienne.<\/h3>\n<p>(Mayotte, France), octobre<strong> 2008<\/strong> :<\/p>\n<ul>\n<li>Expertise institutionnelle par <a href=\"https:\/\/mivegec.fr\/fr\/annuaire\/agent?id=15\">V. Robert<\/a> (IRD) et C. Lagneau (EID M\u00e9diterran\u00e9e) \u00e0 la demande de la <a href=\"https:\/\/www.mayotte.pref.gouv.fr\/\">DASS Mayotte.<\/a><\/li>\n<li>Mission de conseil et d\u2019appui \u00e0 la mise en place de la lutte int\u00e9gr\u00e9e contre les vecteurs \u00e0 Mayotte par <a href=\"\/fr\/component\/content\/article?id=1191&amp;Itemid=&amp;selected=118\">V Robert<\/a> &amp; C Lagneau (6-10 octobre 2008).<\/li>\n<li>Rapport IRD et EID M\u00e9diterran\u00e9e du 09\/03\/2009 &#8211; 53 pp. <a href=\"\/images\/stories\/PDF_files\/Rapports\/lutte%20antivectorielle-mayotte-ird-eid.pdf\" target=\"_blank\" rel=\"noopener\">PDF<\/a><\/li>\n<\/ul>\n<h3>R\u00e9flexions sur le risque de fi\u00e8vre jaune \u00e0 Mayotte.<\/h3>\n<p>Par D. Fontenille, en r\u00e9ponse \u00e0 la saisine D\/08\/MD\/BT\/SF du Comit\u00e9 des maladies li\u00e9es aux voyages et des maladies d\u2019importation (Haut Conseil de la sant\u00e9 publique) du 19 septembre <strong>2008<\/strong> &#8211; 8 p.<\/p>\n<h3>Les effets qualitatifs du changement climatique sur la sant\u00e9 en France &#8211; Rapport de Groupe Interminist\u00e9riel.<\/h3>\n<p><strong>2008 :<\/strong> Expertise coll\u00e9giale coordonn\u00e9e par M. Delavi\u00e8re et <a href=\"https:\/\/mivegec.fr\/fr\/annuaire\/agent?id=36\">JF Gu\u00e9gan<\/a> &#8211; La Documentation fran\u00e7aise &#8211; accessible \u00e0 <a href=\"https:\/\/www.ladocumentationfrancaise.fr\/rapports-publics\/094000460\/index.shtml\">https:\/\/www.ladocumentationfrancaise.fr\/rapports-publics\/094000460\/index.shtml<\/a><\/p>\n<h3>Mission d&rsquo;\u00e9valuation sur les moustiquaires et autres supports impr\u00e9gn\u00e9s d\u2019insecticide.<\/h3>\n<p>Par un groupe d&rsquo;expert de l&rsquo;Afsset coordonn\u00e9 par Briand et Rousselle : P. Carnevale, <a href=\"https:\/\/mivegec.fr\/fr\/annuaire\/agent?id=278\">F. Darriet<\/a>, F. Hubert, P. Delaunay, X. Deparis, J.P. Jaeg, F. Legros, F. Pag\u00e8s, <a href=\"https:\/\/mivegec.fr\/fr\/annuaire\/agent?id=15\">V. Robert<\/a> :<\/p>\n<ul>\n<li>\u00c9valuation des risques li\u00e9s \u00e0 l\u2019utilisation des produits insecticides d\u2019impr\u00e9gnation des moustiquaires et des v\u00eatements dans le cadre de l\u2019\u00e9pid\u00e9mie de Chikungunya sur l\u2019\u00cele de La R\u00e9union. Saisine n\u00b0 <strong>2006\/007<\/strong>.<\/li>\n<li>Rapport du groupe de travail Afsset (https:\/\/www.afsset.fr\/index_2010.php) \u00ab Produits d\u2019impr\u00e9gnation des moustiquaires et des tissus \u00bb &#8211; avril <strong>2007<\/strong> &#8211; 91pp<\/li>\n<\/ul>\n<h3>Vers une meilleure connaissance des vecteurs et de leur contr\u00f4le.<\/h3>\n<p><strong>2006<\/strong> <span class=\"em2\"> : <\/span> Rapport par D. Fontenille sur la Science et la Technologie de l&rsquo;Acad\u00e9mie de Sciences de France, RST24 : La ma\u00eetrise des maladies infectieuses : 299-314.<\/p>\n<h3>\u00c9mergence de la maladie de Chagas en Guyane fran\u00e7aise &#8211; \u00c9valuation en 2005 et perspectives.<\/h3>\n<p>Rapport r\u00e9alis\u00e9 par D. Jeannel, F. Noireau et P. Chaud de l&rsquo;Institut de Veille Sanitaire (InVS).<\/p>\n<h3>Mission d&rsquo;\u00e9valuation de la lutte anti-anoph\u00e9lienne en Guyane fran\u00e7aise<\/h3>\n<ul>\n<li>Expertise institutionnelle par <a href=\"https:\/\/mivegec.fr\/fr\/annuaire\/agent?id=15\">V. Robert<\/a> (IRD) \u00e0 la demande de la DSDS de Guyane.<\/li>\n<li>Rapport final (lien vers le rapport en version pdf) d\u2019une \u00e9tude organisationnelle de la lutte anti-anoph\u00e9lienne en Guyane fran\u00e7aise, ao\u00fbt <strong>2004<\/strong> &#8211; 75 pp. <a href=\"\/images\/stories\/PDF_files\/Rapports\/rappetorganoph-guyane.pdf\" target=\"_blank\" rel=\"noopener\">PDF<\/a><\/li>\n<\/ul>\n<h3>Les a\u00e9roports a risques :<\/h3>\n<ul>\n<li>Rapport par D. Fontenille (<strong>2003<\/strong>) sur le contr\u00f4le des vecteurs des virus dengue dans les a\u00e9roports et a\u00e9ronefs au d\u00e9part des D.O.M. et des T.O.M. ; actualisation de la liste des a\u00e9roports a risques \u00e0 l&rsquo;attention du comit\u00e9 des maladies li\u00e9es aux voyages et des maladies d&rsquo;importation. Direction G\u00e9n\u00e9rale de la Sant\u00e9. DOC\/LIN\/IRD\/38\/03. <a href=\"\/images\/stories\/PDF_files\/Rapports\/fontenille_2003b.pdf\" target=\"_blank\" rel=\"noopener\">PDF<\/a><\/li>\n<li>Rapport par D. Fontenille (<strong>2003<\/strong>) \u00a0sur les a\u00e9roports \u00e0 risques n\u00e9cessitant d\u00e9sinsectisation des a\u00e9ronefs \u00e0 l&rsquo;attention du comit\u00e9 des maladies li\u00e9es aux voyages et des maladies d&rsquo;importation. Direction G\u00e9n\u00e9rale de la Sant\u00e9. DOC\/LIN\/IRD\/20\/03- 22p. <a href=\"\/images\/stories\/PDF_files\/Rapports\/fontenille_2003a.pdf\" target=\"_blank\" rel=\"noopener\">PDF<\/a><\/li>\n<\/ul>\n<h3>Mission d&rsquo;\u00e9tude sur la r\u00e9sistance du paludisme et des vecteurs dans l&rsquo;Ile de Grande Comore.<\/h3>\n<p>f\u00e9vrier-mars <strong>2001<\/strong> puis janvier-juin <strong>2003 <\/strong><span class=\"em2\"> : <\/span> Expertise faite par <a href=\"https:\/\/mivegec.fr\/fr\/annuaire\/agent?id=15\">V. Robert<\/a> (IRD et Institut Pasteur de Madagascar) et F. Ariey (Institut Pasteur de Madagascar) \u00e0 la demande du Minist\u00e8re de la sant\u00e9 des Comores.<\/p>\n<h3>Mission d&rsquo;\u00e9tude sur la situation du paludisme \u00e0 Mayotte.<\/h3>\n<p>janvier <strong>2002<\/strong> <span class=\"em2\"> : <\/span> Expertise faite par <a href=\"https:\/\/mivegec.fr\/fr\/annuaire\/agent?id=15\">V. Robert<\/a> (IRD et Institut Pasteur de Madagascar) et F. Ariey (Institut Pasteur de Madagascar) \u00e0 la demande de la Direction G\u00e9n\u00e9rale de la sant\u00e9.<\/p>\n<p>&nbsp;<\/p>\n<\/div>\n<p>[\/et_pb_text][\/et_pb_column][\/et_pb_row][\/et_pb_section]<\/p>\n","protected":false},"excerpt":{"rendered":"<p><span><span><a href=\"https:\/\/mivegec.fr\/fr\">Accueil<\/a><\/span><\/span> Avec la recherche et la formation, l\u2019expertise est l\u2019une des trois grandes missions de MIVEGEC. R\u00e9alis\u00e9e \u00e0 titre individuel ou collectif, elle peut consister en l&rsquo;\u00e9valuation d&rsquo;un produit tel qu&rsquo;un insecticide, une structure comme le CIRDES (Centre International de Recherche-d\u00e9veloppement sur l\u2019Elevage en zone Sub-humide) ou un programme. Elle peut aussi permettre d&rsquo;estimer l\u2019int\u00e9r\u00eat [&hellip;]<\/p>\n","protected":false},"author":3,"featured_media":0,"parent":0,"menu_order":0,"comment_status":"closed","ping_status":"closed","template":"","meta":{"_acf_changed":false,"_et_pb_use_builder":"on","_et_pb_old_content":"","_et_gb_content_width":"","footnotes":""},"class_list":["post-345","page","type-page","status-publish","hentry"],"acf":[],"yoast_head":"<!-- This site is optimized with the Yoast SEO plugin v26.8 - https:\/\/yoast.com\/product\/yoast-seo-wordpress\/ -->\n<title>Expertise - MIVEGEC<\/title>\n<meta name=\"robots\" content=\"index, follow, max-snippet:-1, max-image-preview:large, max-video-preview:-1\" \/>\n<link rel=\"canonical\" href=\"https:\/\/mivegec.fr\/fr\/expertise-brevets\" \/>\n<meta property=\"og:locale\" content=\"fr_FR\" \/>\n<meta property=\"og:type\" content=\"article\" \/>\n<meta property=\"og:title\" content=\"Expertise - MIVEGEC\" \/>\n<meta property=\"og:description\" content=\"Avec la recherche et la formation, l\u2019expertise est l\u2019une des trois grandes missions de MIVEGEC. R\u00e9alis\u00e9e \u00e0 titre individuel ou collectif, elle peut consister en l&#039;\u00e9valuation d&#039;un produit tel qu&#039;un insecticide, une structure comme le CIRDES (Centre International de Recherche-d\u00e9veloppement sur l\u2019Elevage en zone Sub-humide) ou un programme. Elle peut aussi permettre d&#039;estimer l\u2019int\u00e9r\u00eat [&hellip;]\" \/>\n<meta property=\"og:url\" content=\"https:\/\/mivegec.fr\/fr\/expertise-brevets\" \/>\n<meta property=\"og:site_name\" content=\"MIVEGEC\" \/>\n<meta property=\"article:modified_time\" content=\"2021-03-19T14:26:02+00:00\" \/>\n<meta name=\"twitter:card\" content=\"summary_large_image\" \/>\n<meta name=\"twitter:label1\" content=\"Dur\u00e9e de lecture estim\u00e9e\" \/>\n\t<meta name=\"twitter:data1\" content=\"7 minutes\" \/>\n<script type=\"application\/ld+json\" class=\"yoast-schema-graph\">{\"@context\":\"https:\/\/schema.org\",\"@graph\":[{\"@type\":\"WebPage\",\"@id\":\"https:\/\/mivegec.fr\/fr\/expertise-brevets\",\"url\":\"https:\/\/mivegec.fr\/fr\/expertise-brevets\",\"name\":\"Expertise - MIVEGEC\",\"isPartOf\":{\"@id\":\"https:\/\/mivegec.fr\/fr\/#website\"},\"datePublished\":\"2020-09-23T07:52:14+00:00\",\"dateModified\":\"2021-03-19T14:26:02+00:00\",\"breadcrumb\":{\"@id\":\"https:\/\/mivegec.fr\/fr\/expertise-brevets#breadcrumb\"},\"inLanguage\":\"fr-FR\",\"potentialAction\":[{\"@type\":\"ReadAction\",\"target\":[\"https:\/\/mivegec.fr\/fr\/expertise-brevets\"]}]},{\"@type\":\"BreadcrumbList\",\"@id\":\"https:\/\/mivegec.fr\/fr\/expertise-brevets#breadcrumb\",\"itemListElement\":[{\"@type\":\"ListItem\",\"position\":1,\"name\":\"Accueil\",\"item\":\"https:\/\/mivegec.fr\/fr\"},{\"@type\":\"ListItem\",\"position\":2,\"name\":\"Expertise\"}]},{\"@type\":\"WebSite\",\"@id\":\"https:\/\/mivegec.fr\/fr\/#website\",\"url\":\"https:\/\/mivegec.fr\/fr\/\",\"name\":\"MIVEGEC\",\"description\":\"Maladies infectieuses et Vecteurs : \u00c9cologie, G\u00e9n\u00e9tique, \u00c9volution et Contr\u00f4le\",\"publisher\":{\"@id\":\"https:\/\/mivegec.fr\/fr\/#organization\"},\"potentialAction\":[{\"@type\":\"SearchAction\",\"target\":{\"@type\":\"EntryPoint\",\"urlTemplate\":\"https:\/\/mivegec.fr\/fr\/?s={search_term_string}\"},\"query-input\":{\"@type\":\"PropertyValueSpecification\",\"valueRequired\":true,\"valueName\":\"search_term_string\"}}],\"inLanguage\":\"fr-FR\"},{\"@type\":\"Organization\",\"@id\":\"https:\/\/mivegec.fr\/fr\/#organization\",\"name\":\"Mivegec\",\"url\":\"https:\/\/mivegec.fr\/fr\/\",\"logo\":{\"@type\":\"ImageObject\",\"inLanguage\":\"fr-FR\",\"@id\":\"https:\/\/mivegec.fr\/fr\/#\/schema\/logo\/image\/\",\"url\":\"https:\/\/mivegec.fr\/wp-content\/uploads\/2021\/03\/logo-mivegec@2x.png\",\"contentUrl\":\"https:\/\/mivegec.fr\/wp-content\/uploads\/2021\/03\/logo-mivegec@2x.png\",\"width\":616,\"height\":405,\"caption\":\"Mivegec\"},\"image\":{\"@id\":\"https:\/\/mivegec.fr\/fr\/#\/schema\/logo\/image\/\"}}]}<\/script>\n<!-- \/ Yoast SEO plugin. -->","yoast_head_json":{"title":"Expertise - MIVEGEC","robots":{"index":"index","follow":"follow","max-snippet":"max-snippet:-1","max-image-preview":"max-image-preview:large","max-video-preview":"max-video-preview:-1"},"canonical":"https:\/\/mivegec.fr\/fr\/expertise-brevets","og_locale":"fr_FR","og_type":"article","og_title":"Expertise - MIVEGEC","og_description":"Avec la recherche et la formation, l\u2019expertise est l\u2019une des trois grandes missions de MIVEGEC. R\u00e9alis\u00e9e \u00e0 titre individuel ou collectif, elle peut consister en l'\u00e9valuation d'un produit tel qu'un insecticide, une structure comme le CIRDES (Centre International de Recherche-d\u00e9veloppement sur l\u2019Elevage en zone Sub-humide) ou un programme. Elle peut aussi permettre d'estimer l\u2019int\u00e9r\u00eat [&hellip;]","og_url":"https:\/\/mivegec.fr\/fr\/expertise-brevets","og_site_name":"MIVEGEC","article_modified_time":"2021-03-19T14:26:02+00:00","twitter_card":"summary_large_image","twitter_misc":{"Dur\u00e9e de lecture estim\u00e9e":"7 minutes"},"schema":{"@context":"https:\/\/schema.org","@graph":[{"@type":"WebPage","@id":"https:\/\/mivegec.fr\/fr\/expertise-brevets","url":"https:\/\/mivegec.fr\/fr\/expertise-brevets","name":"Expertise - MIVEGEC","isPartOf":{"@id":"https:\/\/mivegec.fr\/fr\/#website"},"datePublished":"2020-09-23T07:52:14+00:00","dateModified":"2021-03-19T14:26:02+00:00","breadcrumb":{"@id":"https:\/\/mivegec.fr\/fr\/expertise-brevets#breadcrumb"},"inLanguage":"fr-FR","potentialAction":[{"@type":"ReadAction","target":["https:\/\/mivegec.fr\/fr\/expertise-brevets"]}]},{"@type":"BreadcrumbList","@id":"https:\/\/mivegec.fr\/fr\/expertise-brevets#breadcrumb","itemListElement":[{"@type":"ListItem","position":1,"name":"Accueil","item":"https:\/\/mivegec.fr\/fr"},{"@type":"ListItem","position":2,"name":"Expertise"}]},{"@type":"WebSite","@id":"https:\/\/mivegec.fr\/fr\/#website","url":"https:\/\/mivegec.fr\/fr\/","name":"MIVEGEC","description":"Maladies infectieuses et Vecteurs : \u00c9cologie, G\u00e9n\u00e9tique, \u00c9volution et Contr\u00f4le","publisher":{"@id":"https:\/\/mivegec.fr\/fr\/#organization"},"potentialAction":[{"@type":"SearchAction","target":{"@type":"EntryPoint","urlTemplate":"https:\/\/mivegec.fr\/fr\/?s={search_term_string}"},"query-input":{"@type":"PropertyValueSpecification","valueRequired":true,"valueName":"search_term_string"}}],"inLanguage":"fr-FR"},{"@type":"Organization","@id":"https:\/\/mivegec.fr\/fr\/#organization","name":"Mivegec","url":"https:\/\/mivegec.fr\/fr\/","logo":{"@type":"ImageObject","inLanguage":"fr-FR","@id":"https:\/\/mivegec.fr\/fr\/#\/schema\/logo\/image\/","url":"https:\/\/mivegec.fr\/wp-content\/uploads\/2021\/03\/logo-mivegec@2x.png","contentUrl":"https:\/\/mivegec.fr\/wp-content\/uploads\/2021\/03\/logo-mivegec@2x.png","width":616,"height":405,"caption":"Mivegec"},"image":{"@id":"https:\/\/mivegec.fr\/fr\/#\/schema\/logo\/image\/"}}]}},"_links":{"self":[{"href":"https:\/\/mivegec.fr\/fr\/wp-json\/wp\/v2\/pages\/345","targetHints":{"allow":["GET"]}}],"collection":[{"href":"https:\/\/mivegec.fr\/fr\/wp-json\/wp\/v2\/pages"}],"about":[{"href":"https:\/\/mivegec.fr\/fr\/wp-json\/wp\/v2\/types\/page"}],"author":[{"embeddable":true,"href":"https:\/\/mivegec.fr\/fr\/wp-json\/wp\/v2\/users\/3"}],"replies":[{"embeddable":true,"href":"https:\/\/mivegec.fr\/fr\/wp-json\/wp\/v2\/comments?post=345"}],"version-history":[{"count":9,"href":"https:\/\/mivegec.fr\/fr\/wp-json\/wp\/v2\/pages\/345\/revisions"}],"predecessor-version":[{"id":3322,"href":"https:\/\/mivegec.fr\/fr\/wp-json\/wp\/v2\/pages\/345\/revisions\/3322"}],"wp:attachment":[{"href":"https:\/\/mivegec.fr\/fr\/wp-json\/wp\/v2\/media?parent=345"}],"curies":[{"name":"wp","href":"https:\/\/api.w.org\/{rel}","templated":true}]}}