{"id":287,"date":"2020-09-10T17:24:51","date_gmt":"2020-09-10T15:24:51","guid":{"rendered":"https:\/\/mivegec.fr\/?page_id=287"},"modified":"2025-04-04T13:02:18","modified_gmt":"2025-04-04T11:02:18","slug":"collaborations-scientifiques-edifice","status":"publish","type":"page","link":"https:\/\/mivegec.fr\/fr\/departements-scientifiques\/biologie-des-infections-virales-emergence-diffusion-impact-controle-elimination-edifice\/collaborations-scientifiques-edifice","title":{"rendered":"Collaborations scientifiques (EDIFICE)"},"content":{"rendered":"<p>[et_pb_section fb_built=\u00a0\u00bb1&Prime; fullwidth=\u00a0\u00bbon\u00a0\u00bb _builder_version=\u00a0\u00bb4.16&Prime; global_colors_info=\u00a0\u00bb{}\u00a0\u00bb][et_pb_fullwidth_post_title meta=\u00a0\u00bboff\u00a0\u00bb featured_image=\u00a0\u00bboff\u00a0\u00bb text_color=\u00a0\u00bblight\u00a0\u00bb admin_label=\u00a0\u00bbTitre\u00a0\u00bb _builder_version=\u00a0\u00bb4.16&Prime; background_image=\u00a0\u00bbhttps:\/\/mivegec.fr\/wp-content\/uploads\/2020\/09\/DS5-slide.jpg\u00a0\u00bb background_position=\u00a0\u00bbbottom_center\u00a0\u00bb vertical_offset_tablet=\u00a0\u00bb0&Prime; horizontal_offset_tablet=\u00a0\u00bb0&Prime; text_orientation=\u00a0\u00bbcenter\u00a0\u00bb custom_padding=\u00a0\u00bb||100px|\u00a0\u00bb z_index_tablet=\u00a0\u00bb0&Prime; title_text_shadow_horizontal_length_tablet=\u00a0\u00bb0px\u00a0\u00bb title_text_shadow_vertical_length_tablet=\u00a0\u00bb0px\u00a0\u00bb title_text_shadow_blur_strength_tablet=\u00a0\u00bb1px\u00a0\u00bb meta_text_shadow_horizontal_length_tablet=\u00a0\u00bb0px\u00a0\u00bb meta_text_shadow_vertical_length_tablet=\u00a0\u00bb0px\u00a0\u00bb meta_text_shadow_blur_strength_tablet=\u00a0\u00bb1px\u00a0\u00bb box_shadow_horizontal_tablet=\u00a0\u00bb0px\u00a0\u00bb box_shadow_vertical_tablet=\u00a0\u00bb0px\u00a0\u00bb box_shadow_blur_tablet=\u00a0\u00bb40px\u00a0\u00bb box_shadow_spread_tablet=\u00a0\u00bb0px\u00a0\u00bb text_shadow_style=\u00a0\u00bbpreset3&Prime; text_shadow_blur_strength_tablet=\u00a0\u00bb1px\u00a0\u00bb global_colors_info=\u00a0\u00bb{}\u00a0\u00bb]<br \/>\n[\/et_pb_fullwidth_post_title][et_pb_fullwidth_code admin_label=\u00a0\u00bbFil d&rsquo;ariane\u00a0\u00bb module_id=\u00a0\u00bbbreadcrumb\u00a0\u00bb _builder_version=\u00a0\u00bb4.24.0&Prime; vertical_offset_tablet=\u00a0\u00bb0&Prime; horizontal_offset_tablet=\u00a0\u00bb0&Prime; text_orientation=\u00a0\u00bbcenter\u00a0\u00bb box_shadow_horizontal_tablet=\u00a0\u00bb0px\u00a0\u00bb box_shadow_vertical_tablet=\u00a0\u00bb0px\u00a0\u00bb box_shadow_blur_tablet=\u00a0\u00bb40px\u00a0\u00bb box_shadow_spread_tablet=\u00a0\u00bb0px\u00a0\u00bb global_module=\u00a0\u00bb1485&Prime; saved_tabs=\u00a0\u00bball\u00a0\u00bb global_colors_info=\u00a0\u00bb{}\u00a0\u00bb]<span><span><a href=\"https:\/\/mivegec.fr\/fr\">Accueil<\/a><\/span><\/span>[\/et_pb_fullwidth_code][\/et_pb_section][et_pb_section fb_built=\u00a0\u00bb1&Prime; module_id=\u00a0\u00bbnavDepartement\u00a0\u00bb _builder_version=\u00a0\u00bb4.16&Prime; background_color=\u00a0\u00bb#225c74&Prime; vertical_offset_tablet=\u00a0\u00bb0&Prime; horizontal_offset_tablet=\u00a0\u00bb0&Prime; custom_padding=\u00a0\u00bb0px|0px|0px|0px\u00a0\u00bb box_shadow_horizontal_tablet=\u00a0\u00bb0px\u00a0\u00bb box_shadow_vertical_tablet=\u00a0\u00bb0px\u00a0\u00bb box_shadow_blur_tablet=\u00a0\u00bb40px\u00a0\u00bb box_shadow_spread_tablet=\u00a0\u00bb0px\u00a0\u00bb global_colors_info=\u00a0\u00bb{}\u00a0\u00bb][et_pb_row _builder_version=\u00a0\u00bb4.16&Prime; vertical_offset_tablet=\u00a0\u00bb0&Prime; horizontal_offset_tablet=\u00a0\u00bb0&Prime; custom_padding=\u00a0\u00bb40px|0px|40px|0px\u00a0\u00bb z_index_tablet=\u00a0\u00bb0&Prime; box_shadow_horizontal_tablet=\u00a0\u00bb0px\u00a0\u00bb box_shadow_vertical_tablet=\u00a0\u00bb0px\u00a0\u00bb box_shadow_blur_tablet=\u00a0\u00bb40px\u00a0\u00bb box_shadow_spread_tablet=\u00a0\u00bb0px\u00a0\u00bb global_colors_info=\u00a0\u00bb{}\u00a0\u00bb][et_pb_column type=\u00a0\u00bb4_4&Prime; _builder_version=\u00a0\u00bb4.16&Prime; custom_padding=\u00a0\u00bb|||\u00a0\u00bb global_colors_info=\u00a0\u00bb{}\u00a0\u00bb custom_padding__hover=\u00a0\u00bb|||\u00a0\u00bb][et_pb_text disabled_on=\u00a0\u00bboff|off|off\u00a0\u00bb admin_label=\u00a0\u00bbAnimateurs\u00a0\u00bb _builder_version=\u00a0\u00bb4.25.1&Prime; vertical_offset_tablet=\u00a0\u00bb0&Prime; horizontal_offset_tablet=\u00a0\u00bb0&Prime; text_orientation=\u00a0\u00bbcenter\u00a0\u00bb background_layout=\u00a0\u00bbdark\u00a0\u00bb z_index_tablet=\u00a0\u00bb0&Prime; text_text_shadow_horizontal_length_tablet=\u00a0\u00bb0px\u00a0\u00bb text_text_shadow_vertical_length_tablet=\u00a0\u00bb0px\u00a0\u00bb text_text_shadow_blur_strength_tablet=\u00a0\u00bb1px\u00a0\u00bb link_text_shadow_horizontal_length_tablet=\u00a0\u00bb0px\u00a0\u00bb link_text_shadow_vertical_length_tablet=\u00a0\u00bb0px\u00a0\u00bb link_text_shadow_blur_strength_tablet=\u00a0\u00bb1px\u00a0\u00bb ul_text_shadow_horizontal_length_tablet=\u00a0\u00bb0px\u00a0\u00bb ul_text_shadow_vertical_length_tablet=\u00a0\u00bb0px\u00a0\u00bb ul_text_shadow_blur_strength_tablet=\u00a0\u00bb1px\u00a0\u00bb ol_text_shadow_horizontal_length_tablet=\u00a0\u00bb0px\u00a0\u00bb ol_text_shadow_vertical_length_tablet=\u00a0\u00bb0px\u00a0\u00bb ol_text_shadow_blur_strength_tablet=\u00a0\u00bb1px\u00a0\u00bb quote_text_shadow_horizontal_length_tablet=\u00a0\u00bb0px\u00a0\u00bb quote_text_shadow_vertical_length_tablet=\u00a0\u00bb0px\u00a0\u00bb quote_text_shadow_blur_strength_tablet=\u00a0\u00bb1px\u00a0\u00bb header_text_shadow_horizontal_length_tablet=\u00a0\u00bb0px\u00a0\u00bb header_text_shadow_vertical_length_tablet=\u00a0\u00bb0px\u00a0\u00bb header_text_shadow_blur_strength_tablet=\u00a0\u00bb1px\u00a0\u00bb header_2_text_shadow_horizontal_length_tablet=\u00a0\u00bb0px\u00a0\u00bb header_2_text_shadow_vertical_length_tablet=\u00a0\u00bb0px\u00a0\u00bb header_2_text_shadow_blur_strength_tablet=\u00a0\u00bb1px\u00a0\u00bb header_3_text_shadow_horizontal_length_tablet=\u00a0\u00bb0px\u00a0\u00bb header_3_text_shadow_vertical_length_tablet=\u00a0\u00bb0px\u00a0\u00bb header_3_text_shadow_blur_strength_tablet=\u00a0\u00bb1px\u00a0\u00bb header_4_text_shadow_horizontal_length_tablet=\u00a0\u00bb0px\u00a0\u00bb header_4_text_shadow_vertical_length_tablet=\u00a0\u00bb0px\u00a0\u00bb header_4_text_shadow_blur_strength_tablet=\u00a0\u00bb1px\u00a0\u00bb header_5_text_shadow_horizontal_length_tablet=\u00a0\u00bb0px\u00a0\u00bb header_5_text_shadow_vertical_length_tablet=\u00a0\u00bb0px\u00a0\u00bb header_5_text_shadow_blur_strength_tablet=\u00a0\u00bb1px\u00a0\u00bb header_6_text_shadow_horizontal_length_tablet=\u00a0\u00bb0px\u00a0\u00bb header_6_text_shadow_vertical_length_tablet=\u00a0\u00bb0px\u00a0\u00bb header_6_text_shadow_blur_strength_tablet=\u00a0\u00bb1px\u00a0\u00bb box_shadow_horizontal_tablet=\u00a0\u00bb0px\u00a0\u00bb box_shadow_vertical_tablet=\u00a0\u00bb0px\u00a0\u00bb box_shadow_blur_tablet=\u00a0\u00bb40px\u00a0\u00bb box_shadow_spread_tablet=\u00a0\u00bb0px\u00a0\u00bb global_module=\u00a0\u00bb1577&Prime; saved_tabs=\u00a0\u00bball\u00a0\u00bb global_colors_info=\u00a0\u00bb{}\u00a0\u00bb]<\/p>\n<p style=\"text-align: center;\"><strong>Bin\u00f4me animateur du d\u00e9partement : <\/strong><a href=\"https:\/\/mivegec.fr\/fr\/annuaire\/agent?id=12\" target=\"_blank\" rel=\"noopener noreferrer\">Doroth\u00e9e MISS\u00c9 <\/a>&amp; <a href=\"https:\/\/mivegec.fr\/fr\/annuaire\/agent?id=256\">Pierre BECQUART<\/a><\/p>\n<p>[\/et_pb_text][et_pb_text admin_label=\u00a0\u00bbNavigation d\u00e9partement\u00a0\u00bb _builder_version=\u00a0\u00bb4.16&Prime; vertical_offset_tablet=\u00a0\u00bb0&Prime; horizontal_offset_tablet=\u00a0\u00bb0&Prime; text_orientation=\u00a0\u00bbcenter\u00a0\u00bb z_index_tablet=\u00a0\u00bb0&Prime; text_text_shadow_horizontal_length_tablet=\u00a0\u00bb0px\u00a0\u00bb text_text_shadow_vertical_length_tablet=\u00a0\u00bb0px\u00a0\u00bb text_text_shadow_blur_strength_tablet=\u00a0\u00bb1px\u00a0\u00bb link_text_shadow_horizontal_length_tablet=\u00a0\u00bb0px\u00a0\u00bb link_text_shadow_vertical_length_tablet=\u00a0\u00bb0px\u00a0\u00bb link_text_shadow_blur_strength_tablet=\u00a0\u00bb1px\u00a0\u00bb ul_text_shadow_horizontal_length_tablet=\u00a0\u00bb0px\u00a0\u00bb ul_text_shadow_vertical_length_tablet=\u00a0\u00bb0px\u00a0\u00bb ul_text_shadow_blur_strength_tablet=\u00a0\u00bb1px\u00a0\u00bb ol_text_shadow_horizontal_length_tablet=\u00a0\u00bb0px\u00a0\u00bb ol_text_shadow_vertical_length_tablet=\u00a0\u00bb0px\u00a0\u00bb ol_text_shadow_blur_strength_tablet=\u00a0\u00bb1px\u00a0\u00bb quote_text_shadow_horizontal_length_tablet=\u00a0\u00bb0px\u00a0\u00bb quote_text_shadow_vertical_length_tablet=\u00a0\u00bb0px\u00a0\u00bb quote_text_shadow_blur_strength_tablet=\u00a0\u00bb1px\u00a0\u00bb header_text_shadow_horizontal_length_tablet=\u00a0\u00bb0px\u00a0\u00bb header_text_shadow_vertical_length_tablet=\u00a0\u00bb0px\u00a0\u00bb header_text_shadow_blur_strength_tablet=\u00a0\u00bb1px\u00a0\u00bb header_2_text_shadow_horizontal_length_tablet=\u00a0\u00bb0px\u00a0\u00bb header_2_text_shadow_vertical_length_tablet=\u00a0\u00bb0px\u00a0\u00bb header_2_text_shadow_blur_strength_tablet=\u00a0\u00bb1px\u00a0\u00bb header_3_text_shadow_horizontal_length_tablet=\u00a0\u00bb0px\u00a0\u00bb header_3_text_shadow_vertical_length_tablet=\u00a0\u00bb0px\u00a0\u00bb header_3_text_shadow_blur_strength_tablet=\u00a0\u00bb1px\u00a0\u00bb header_4_text_shadow_horizontal_length_tablet=\u00a0\u00bb0px\u00a0\u00bb header_4_text_shadow_vertical_length_tablet=\u00a0\u00bb0px\u00a0\u00bb header_4_text_shadow_blur_strength_tablet=\u00a0\u00bb1px\u00a0\u00bb header_5_text_shadow_horizontal_length_tablet=\u00a0\u00bb0px\u00a0\u00bb header_5_text_shadow_vertical_length_tablet=\u00a0\u00bb0px\u00a0\u00bb header_5_text_shadow_blur_strength_tablet=\u00a0\u00bb1px\u00a0\u00bb header_6_text_shadow_horizontal_length_tablet=\u00a0\u00bb0px\u00a0\u00bb header_6_text_shadow_vertical_length_tablet=\u00a0\u00bb0px\u00a0\u00bb header_6_text_shadow_blur_strength_tablet=\u00a0\u00bb1px\u00a0\u00bb box_shadow_horizontal_tablet=\u00a0\u00bb0px\u00a0\u00bb box_shadow_vertical_tablet=\u00a0\u00bb0px\u00a0\u00bb box_shadow_blur_tablet=\u00a0\u00bb40px\u00a0\u00bb box_shadow_spread_tablet=\u00a0\u00bb0px\u00a0\u00bb global_colors_info=\u00a0\u00bb{}\u00a0\u00bb]<\/p>\n<p>\n<a class=\"et_pb_button\" href=\"https:\/\/mivegec.fr\/fr\/departements-scientifiques\/biologie-des-infections-virales-emergence-diffusion-impact-controle-elimination-edifice\">Pr\u00e9sentation<\/a> <a class=\"et_pb_button\" href=\"https:\/\/mivegec.fr\/fr\/departements-scientifiques\/biologie-des-infections-virales-emergence-diffusion-impact-controle-elimination-edifice\/equipes-edifice\">Equipes<\/a> <a class=\"et_pb_button\" href=\"https:\/\/mivegec.fr\/fr\/departements-scientifiques\/biologie-des-infections-virales-emergence-diffusion-impact-controle-elimination-edifice\/projets-edifice\">Projets<\/a> <a class=\"active et_pb_button\" href=\"https:\/\/mivegec.fr\/fr\/departements-scientifiques\/biologie-des-infections-virales-emergence-diffusion-impact-controle-elimination-edifice\/collaborations-scientifiques-edifice\">Collaborations scientifiques<\/a> <a class=\"et_pb_button\" target=\"_blank\" href=\"https:\/\/hal.archives-ouvertes.fr\/search\/index\/q\/*\/structId_i\/1052813\" rel=\"noopener noreferrer\">Publications<\/a><\/p>\n<p>[\/et_pb_text][\/et_pb_column][\/et_pb_row][\/et_pb_section][et_pb_section fb_built=\u00a0\u00bb1&Prime; module_id=\u00a0\u00bbcollaborations\u00a0\u00bb _builder_version=\u00a0\u00bb4.16&Prime; vertical_offset_tablet=\u00a0\u00bb0&Prime; horizontal_offset_tablet=\u00a0\u00bb0&Prime; box_shadow_horizontal_tablet=\u00a0\u00bb0px\u00a0\u00bb box_shadow_vertical_tablet=\u00a0\u00bb0px\u00a0\u00bb box_shadow_blur_tablet=\u00a0\u00bb40px\u00a0\u00bb box_shadow_spread_tablet=\u00a0\u00bb0px\u00a0\u00bb global_colors_info=\u00a0\u00bb{}\u00a0\u00bb][et_pb_row _builder_version=\u00a0\u00bb4.16&Prime; _module_preset=\u00a0\u00bbdefault\u00a0\u00bb global_colors_info=\u00a0\u00bb{}\u00a0\u00bb][et_pb_column type=\u00a0\u00bb4_4&Prime; _builder_version=\u00a0\u00bb4.16&Prime; _module_preset=\u00a0\u00bbdefault\u00a0\u00bb global_colors_info=\u00a0\u00bb{}\u00a0\u00bb][et_pb_dpblog_portfolio posts_number=\u00a0\u00bb20&Prime; orderby=\u00a0\u00bbtitle\u00a0\u00bb order=\u00a0\u00bbASC\u00a0\u00bb custom_post_types=\u00a0\u00bbcollab_scientifique\u00a0\u00bb include_categories=\u00a0\u00bb37&Prime; show_thumbnail=\u00a0\u00bboff\u00a0\u00bb show_categories=\u00a0\u00bboff\u00a0\u00bb show_excerpt=\u00a0\u00bbon\u00a0\u00bb strip_html=\u00a0\u00bboff\u00a0\u00bb fullwidth=\u00a0\u00bboff\u00a0\u00bb admin_label=\u00a0\u00bbcollab scientifique\u00a0\u00bb _builder_version=\u00a0\u00bb4.16&Prime; _module_preset=\u00a0\u00bbdefault\u00a0\u00bb vertical_offset_tablet=\u00a0\u00bb0&Prime; horizontal_offset_tablet=\u00a0\u00bb0&Prime; z_index_tablet=\u00a0\u00bb0&Prime; title_text_shadow_horizontal_length_tablet=\u00a0\u00bb0px\u00a0\u00bb title_text_shadow_vertical_length_tablet=\u00a0\u00bb0px\u00a0\u00bb title_text_shadow_blur_strength_tablet=\u00a0\u00bb1px\u00a0\u00bb caption_text_shadow_horizontal_length_tablet=\u00a0\u00bb0px\u00a0\u00bb caption_text_shadow_vertical_length_tablet=\u00a0\u00bb0px\u00a0\u00bb caption_text_shadow_blur_strength_tablet=\u00a0\u00bb1px\u00a0\u00bb excerpt_text_shadow_horizontal_length_tablet=\u00a0\u00bb0px\u00a0\u00bb excerpt_text_shadow_vertical_length_tablet=\u00a0\u00bb0px\u00a0\u00bb excerpt_text_shadow_blur_strength_tablet=\u00a0\u00bb1px\u00a0\u00bb excerpt_more_link_text_shadow_horizontal_length_tablet=\u00a0\u00bb0px\u00a0\u00bb excerpt_more_link_text_shadow_vertical_length_tablet=\u00a0\u00bb0px\u00a0\u00bb excerpt_more_link_text_shadow_blur_strength_tablet=\u00a0\u00bb1px\u00a0\u00bb cf_label_text_shadow_horizontal_length_tablet=\u00a0\u00bb0px\u00a0\u00bb cf_label_text_shadow_vertical_length_tablet=\u00a0\u00bb0px\u00a0\u00bb cf_label_text_shadow_blur_strength_tablet=\u00a0\u00bb1px\u00a0\u00bb cf_value_text_shadow_horizontal_length_tablet=\u00a0\u00bb0px\u00a0\u00bb cf_value_text_shadow_vertical_length_tablet=\u00a0\u00bb0px\u00a0\u00bb cf_value_text_shadow_blur_strength_tablet=\u00a0\u00bb1px\u00a0\u00bb pagination_links_text_shadow_horizontal_length_tablet=\u00a0\u00bb0px\u00a0\u00bb pagination_links_text_shadow_vertical_length_tablet=\u00a0\u00bb0px\u00a0\u00bb pagination_links_text_shadow_blur_strength_tablet=\u00a0\u00bb1px\u00a0\u00bb box_shadow_horizontal_tablet=\u00a0\u00bb0px\u00a0\u00bb box_shadow_vertical_tablet=\u00a0\u00bb0px\u00a0\u00bb box_shadow_blur_tablet=\u00a0\u00bb40px\u00a0\u00bb box_shadow_spread_tablet=\u00a0\u00bb0px\u00a0\u00bb text_shadow_horizontal_length_tablet=\u00a0\u00bb0px\u00a0\u00bb text_shadow_vertical_length_tablet=\u00a0\u00bb0px\u00a0\u00bb text_shadow_blur_strength_tablet=\u00a0\u00bb1px\u00a0\u00bb global_colors_info=\u00a0\u00bb{}\u00a0\u00bb]<br \/>\n[\/et_pb_dpblog_portfolio][\/et_pb_column][\/et_pb_row][\/et_pb_section]<\/p>\n","protected":false},"excerpt":{"rendered":"<p><span><span><a href=\"https:\/\/mivegec.fr\/fr\">Accueil<\/a><\/span><\/span>Bin\u00f4me animateur du d\u00e9partement : Doroth\u00e9e MISS\u00c9 &amp; Pierre BECQUART Pr\u00e9sentation Equipes Projets Collaborations scientifiques Publications<\/p>\n","protected":false},"author":229,"featured_media":0,"parent":251,"menu_order":0,"comment_status":"closed","ping_status":"closed","template":"","meta":{"_acf_changed":false,"_et_pb_use_builder":"on","_et_pb_old_content":"","_et_gb_content_width":"","footnotes":""},"class_list":["post-287","page","type-page","status-publish","hentry"],"acf":[],"yoast_head":"<!-- This site is optimized with the Yoast SEO plugin v26.8 - https:\/\/yoast.com\/product\/yoast-seo-wordpress\/ -->\n<title>Collaborations scientifiques (EDIFICE) - MIVEGEC<\/title>\n<meta name=\"robots\" content=\"index, follow, max-snippet:-1, max-image-preview:large, max-video-preview:-1\" \/>\n<link rel=\"canonical\" href=\"https:\/\/mivegec.fr\/fr\/departements-scientifiques\/biologie-des-infections-virales-emergence-diffusion-impact-controle-elimination-edifice\/collaborations-scientifiques-edifice\" \/>\n<meta property=\"og:locale\" content=\"fr_FR\" \/>\n<meta property=\"og:type\" content=\"article\" \/>\n<meta property=\"og:title\" content=\"Collaborations scientifiques (EDIFICE) - MIVEGEC\" \/>\n<meta property=\"og:description\" content=\"Bin\u00f4me animateur du d\u00e9partement : Doroth\u00e9e MISS\u00c9 &amp; Pierre BECQUART Pr\u00e9sentation Equipes Projets Collaborations scientifiques Publications\" \/>\n<meta property=\"og:url\" content=\"https:\/\/mivegec.fr\/fr\/departements-scientifiques\/biologie-des-infections-virales-emergence-diffusion-impact-controle-elimination-edifice\/collaborations-scientifiques-edifice\" \/>\n<meta property=\"og:site_name\" content=\"MIVEGEC\" \/>\n<meta property=\"article:modified_time\" content=\"2025-04-04T11:02:18+00:00\" \/>\n<meta name=\"twitter:card\" content=\"summary_large_image\" \/>\n<meta name=\"twitter:label1\" content=\"Dur\u00e9e de lecture estim\u00e9e\" \/>\n\t<meta name=\"twitter:data1\" content=\"2 minutes\" \/>\n<script type=\"application\/ld+json\" class=\"yoast-schema-graph\">{\"@context\":\"https:\/\/schema.org\",\"@graph\":[{\"@type\":\"WebPage\",\"@id\":\"https:\/\/mivegec.fr\/fr\/departements-scientifiques\/biologie-des-infections-virales-emergence-diffusion-impact-controle-elimination-edifice\/collaborations-scientifiques-edifice\",\"url\":\"https:\/\/mivegec.fr\/fr\/departements-scientifiques\/biologie-des-infections-virales-emergence-diffusion-impact-controle-elimination-edifice\/collaborations-scientifiques-edifice\",\"name\":\"Collaborations scientifiques (EDIFICE) - MIVEGEC\",\"isPartOf\":{\"@id\":\"https:\/\/mivegec.fr\/fr\/#website\"},\"datePublished\":\"2020-09-10T15:24:51+00:00\",\"dateModified\":\"2025-04-04T11:02:18+00:00\",\"breadcrumb\":{\"@id\":\"https:\/\/mivegec.fr\/fr\/departements-scientifiques\/biologie-des-infections-virales-emergence-diffusion-impact-controle-elimination-edifice\/collaborations-scientifiques-edifice#breadcrumb\"},\"inLanguage\":\"fr-FR\",\"potentialAction\":[{\"@type\":\"ReadAction\",\"target\":[\"https:\/\/mivegec.fr\/fr\/departements-scientifiques\/biologie-des-infections-virales-emergence-diffusion-impact-controle-elimination-edifice\/collaborations-scientifiques-edifice\"]}]},{\"@type\":\"BreadcrumbList\",\"@id\":\"https:\/\/mivegec.fr\/fr\/departements-scientifiques\/biologie-des-infections-virales-emergence-diffusion-impact-controle-elimination-edifice\/collaborations-scientifiques-edifice#breadcrumb\",\"itemListElement\":[{\"@type\":\"ListItem\",\"position\":1,\"name\":\"Accueil\",\"item\":\"https:\/\/mivegec.fr\/fr\"},{\"@type\":\"ListItem\",\"position\":2,\"name\":\"D\u00e9partements scientifiques\",\"item\":\"https:\/\/mivegec.fr\/fr\/departements-scientifiques\"},{\"@type\":\"ListItem\",\"position\":3,\"name\":\"Biologie des infections virales: \u00c9mergence, Diffusion, Impact, Contr\u00f4le, \u00c9limination (EDIFICE)\",\"item\":\"https:\/\/mivegec.fr\/fr\/departements-scientifiques\/biologie-des-infections-virales-emergence-diffusion-impact-controle-elimination-edifice\"},{\"@type\":\"ListItem\",\"position\":4,\"name\":\"Collaborations scientifiques (EDIFICE)\"}]},{\"@type\":\"WebSite\",\"@id\":\"https:\/\/mivegec.fr\/fr\/#website\",\"url\":\"https:\/\/mivegec.fr\/fr\/\",\"name\":\"MIVEGEC\",\"description\":\"Maladies infectieuses et Vecteurs : \u00c9cologie, G\u00e9n\u00e9tique, \u00c9volution et Contr\u00f4le\",\"publisher\":{\"@id\":\"https:\/\/mivegec.fr\/fr\/#organization\"},\"potentialAction\":[{\"@type\":\"SearchAction\",\"target\":{\"@type\":\"EntryPoint\",\"urlTemplate\":\"https:\/\/mivegec.fr\/fr\/?s={search_term_string}\"},\"query-input\":{\"@type\":\"PropertyValueSpecification\",\"valueRequired\":true,\"valueName\":\"search_term_string\"}}],\"inLanguage\":\"fr-FR\"},{\"@type\":\"Organization\",\"@id\":\"https:\/\/mivegec.fr\/fr\/#organization\",\"name\":\"Mivegec\",\"url\":\"https:\/\/mivegec.fr\/fr\/\",\"logo\":{\"@type\":\"ImageObject\",\"inLanguage\":\"fr-FR\",\"@id\":\"https:\/\/mivegec.fr\/fr\/#\/schema\/logo\/image\/\",\"url\":\"https:\/\/mivegec.fr\/wp-content\/uploads\/2021\/03\/logo-mivegec@2x.png\",\"contentUrl\":\"https:\/\/mivegec.fr\/wp-content\/uploads\/2021\/03\/logo-mivegec@2x.png\",\"width\":616,\"height\":405,\"caption\":\"Mivegec\"},\"image\":{\"@id\":\"https:\/\/mivegec.fr\/fr\/#\/schema\/logo\/image\/\"}}]}<\/script>\n<!-- \/ Yoast SEO plugin. -->","yoast_head_json":{"title":"Collaborations scientifiques (EDIFICE) - MIVEGEC","robots":{"index":"index","follow":"follow","max-snippet":"max-snippet:-1","max-image-preview":"max-image-preview:large","max-video-preview":"max-video-preview:-1"},"canonical":"https:\/\/mivegec.fr\/fr\/departements-scientifiques\/biologie-des-infections-virales-emergence-diffusion-impact-controle-elimination-edifice\/collaborations-scientifiques-edifice","og_locale":"fr_FR","og_type":"article","og_title":"Collaborations scientifiques (EDIFICE) - MIVEGEC","og_description":"Bin\u00f4me animateur du d\u00e9partement : Doroth\u00e9e MISS\u00c9 &amp; Pierre BECQUART Pr\u00e9sentation Equipes Projets Collaborations scientifiques Publications","og_url":"https:\/\/mivegec.fr\/fr\/departements-scientifiques\/biologie-des-infections-virales-emergence-diffusion-impact-controle-elimination-edifice\/collaborations-scientifiques-edifice","og_site_name":"MIVEGEC","article_modified_time":"2025-04-04T11:02:18+00:00","twitter_card":"summary_large_image","twitter_misc":{"Dur\u00e9e de lecture estim\u00e9e":"2 minutes"},"schema":{"@context":"https:\/\/schema.org","@graph":[{"@type":"WebPage","@id":"https:\/\/mivegec.fr\/fr\/departements-scientifiques\/biologie-des-infections-virales-emergence-diffusion-impact-controle-elimination-edifice\/collaborations-scientifiques-edifice","url":"https:\/\/mivegec.fr\/fr\/departements-scientifiques\/biologie-des-infections-virales-emergence-diffusion-impact-controle-elimination-edifice\/collaborations-scientifiques-edifice","name":"Collaborations scientifiques (EDIFICE) - MIVEGEC","isPartOf":{"@id":"https:\/\/mivegec.fr\/fr\/#website"},"datePublished":"2020-09-10T15:24:51+00:00","dateModified":"2025-04-04T11:02:18+00:00","breadcrumb":{"@id":"https:\/\/mivegec.fr\/fr\/departements-scientifiques\/biologie-des-infections-virales-emergence-diffusion-impact-controle-elimination-edifice\/collaborations-scientifiques-edifice#breadcrumb"},"inLanguage":"fr-FR","potentialAction":[{"@type":"ReadAction","target":["https:\/\/mivegec.fr\/fr\/departements-scientifiques\/biologie-des-infections-virales-emergence-diffusion-impact-controle-elimination-edifice\/collaborations-scientifiques-edifice"]}]},{"@type":"BreadcrumbList","@id":"https:\/\/mivegec.fr\/fr\/departements-scientifiques\/biologie-des-infections-virales-emergence-diffusion-impact-controle-elimination-edifice\/collaborations-scientifiques-edifice#breadcrumb","itemListElement":[{"@type":"ListItem","position":1,"name":"Accueil","item":"https:\/\/mivegec.fr\/fr"},{"@type":"ListItem","position":2,"name":"D\u00e9partements scientifiques","item":"https:\/\/mivegec.fr\/fr\/departements-scientifiques"},{"@type":"ListItem","position":3,"name":"Biologie des infections virales: \u00c9mergence, Diffusion, Impact, Contr\u00f4le, \u00c9limination (EDIFICE)","item":"https:\/\/mivegec.fr\/fr\/departements-scientifiques\/biologie-des-infections-virales-emergence-diffusion-impact-controle-elimination-edifice"},{"@type":"ListItem","position":4,"name":"Collaborations scientifiques (EDIFICE)"}]},{"@type":"WebSite","@id":"https:\/\/mivegec.fr\/fr\/#website","url":"https:\/\/mivegec.fr\/fr\/","name":"MIVEGEC","description":"Maladies infectieuses et Vecteurs : \u00c9cologie, G\u00e9n\u00e9tique, \u00c9volution et Contr\u00f4le","publisher":{"@id":"https:\/\/mivegec.fr\/fr\/#organization"},"potentialAction":[{"@type":"SearchAction","target":{"@type":"EntryPoint","urlTemplate":"https:\/\/mivegec.fr\/fr\/?s={search_term_string}"},"query-input":{"@type":"PropertyValueSpecification","valueRequired":true,"valueName":"search_term_string"}}],"inLanguage":"fr-FR"},{"@type":"Organization","@id":"https:\/\/mivegec.fr\/fr\/#organization","name":"Mivegec","url":"https:\/\/mivegec.fr\/fr\/","logo":{"@type":"ImageObject","inLanguage":"fr-FR","@id":"https:\/\/mivegec.fr\/fr\/#\/schema\/logo\/image\/","url":"https:\/\/mivegec.fr\/wp-content\/uploads\/2021\/03\/logo-mivegec@2x.png","contentUrl":"https:\/\/mivegec.fr\/wp-content\/uploads\/2021\/03\/logo-mivegec@2x.png","width":616,"height":405,"caption":"Mivegec"},"image":{"@id":"https:\/\/mivegec.fr\/fr\/#\/schema\/logo\/image\/"}}]}},"_links":{"self":[{"href":"https:\/\/mivegec.fr\/fr\/wp-json\/wp\/v2\/pages\/287","targetHints":{"allow":["GET"]}}],"collection":[{"href":"https:\/\/mivegec.fr\/fr\/wp-json\/wp\/v2\/pages"}],"about":[{"href":"https:\/\/mivegec.fr\/fr\/wp-json\/wp\/v2\/types\/page"}],"author":[{"embeddable":true,"href":"https:\/\/mivegec.fr\/fr\/wp-json\/wp\/v2\/users\/229"}],"replies":[{"embeddable":true,"href":"https:\/\/mivegec.fr\/fr\/wp-json\/wp\/v2\/comments?post=287"}],"version-history":[{"count":12,"href":"https:\/\/mivegec.fr\/fr\/wp-json\/wp\/v2\/pages\/287\/revisions"}],"predecessor-version":[{"id":11345,"href":"https:\/\/mivegec.fr\/fr\/wp-json\/wp\/v2\/pages\/287\/revisions\/11345"}],"up":[{"embeddable":true,"href":"https:\/\/mivegec.fr\/fr\/wp-json\/wp\/v2\/pages\/251"}],"wp:attachment":[{"href":"https:\/\/mivegec.fr\/fr\/wp-json\/wp\/v2\/media?parent=287"}],"curies":[{"name":"wp","href":"https:\/\/api.w.org\/{rel}","templated":true}]}}