{"id":2472,"date":"2021-02-08T09:45:33","date_gmt":"2021-02-08T08:45:33","guid":{"rendered":"https:\/\/mivegec.fr\/?page_id=2472"},"modified":"2021-03-04T14:14:56","modified_gmt":"2021-03-04T13:14:56","slug":"ouvrages-diffusion-et-mediation-scientifiques-mentorat-et-promotion-des-carrieres-scientifiques","status":"publish","type":"page","link":"https:\/\/mivegec.fr\/fr\/formation-et-cours\/ouvrages-diffusion-et-mediation-scientifiques-mentorat-et-promotion-des-carrieres-scientifiques","title":{"rendered":"Ouvrages, diffusion et m\u00e9diation scientifiques, mentorat et promotion des carri\u00e8res scientifiques"},"content":{"rendered":"<p>[et_pb_section fb_built=\u00a0\u00bb1&Prime; fullwidth=\u00a0\u00bbon\u00a0\u00bb _builder_version=\u00a0\u00bb4.6.0&Prime;][et_pb_fullwidth_post_title meta=\u00a0\u00bboff\u00a0\u00bb featured_image=\u00a0\u00bboff\u00a0\u00bb text_color=\u00a0\u00bblight\u00a0\u00bb admin_label=\u00a0\u00bbTitre\u00a0\u00bb _builder_version=\u00a0\u00bb4.6.0&Prime; background_image=\u00a0\u00bbhttps:\/\/mivegec.fr\/wp-content\/uploads\/2020\/09\/MIVEGEC-departements.jpg\u00a0\u00bb vertical_offset_tablet=\u00a0\u00bb0&Prime; horizontal_offset_tablet=\u00a0\u00bb0&Prime; text_orientation=\u00a0\u00bbcenter\u00a0\u00bb custom_padding=\u00a0\u00bb||100px|\u00a0\u00bb z_index_tablet=\u00a0\u00bb0&Prime; title_text_shadow_horizontal_length_tablet=\u00a0\u00bb0px\u00a0\u00bb title_text_shadow_vertical_length_tablet=\u00a0\u00bb0px\u00a0\u00bb title_text_shadow_blur_strength_tablet=\u00a0\u00bb1px\u00a0\u00bb meta_text_shadow_horizontal_length_tablet=\u00a0\u00bb0px\u00a0\u00bb meta_text_shadow_vertical_length_tablet=\u00a0\u00bb0px\u00a0\u00bb meta_text_shadow_blur_strength_tablet=\u00a0\u00bb1px\u00a0\u00bb box_shadow_horizontal_tablet=\u00a0\u00bb0px\u00a0\u00bb box_shadow_vertical_tablet=\u00a0\u00bb0px\u00a0\u00bb box_shadow_blur_tablet=\u00a0\u00bb40px\u00a0\u00bb box_shadow_spread_tablet=\u00a0\u00bb0px\u00a0\u00bb text_shadow_horizontal_length_tablet=\u00a0\u00bb0px\u00a0\u00bb text_shadow_vertical_length_tablet=\u00a0\u00bb0px\u00a0\u00bb text_shadow_blur_strength_tablet=\u00a0\u00bb1px\u00a0\u00bb][\/et_pb_fullwidth_post_title][et_pb_fullwidth_code admin_label=\u00a0\u00bbFil d&rsquo;ariane\u00a0\u00bb module_id=\u00a0\u00bbbreadcrumb\u00a0\u00bb _builder_version=\u00a0\u00bb4.6.0&Prime; vertical_offset_tablet=\u00a0\u00bb0&Prime; horizontal_offset_tablet=\u00a0\u00bb0&Prime; text_orientation=\u00a0\u00bbcenter\u00a0\u00bb box_shadow_horizontal_tablet=\u00a0\u00bb0px\u00a0\u00bb box_shadow_vertical_tablet=\u00a0\u00bb0px\u00a0\u00bb box_shadow_blur_tablet=\u00a0\u00bb40px\u00a0\u00bb box_shadow_spread_tablet=\u00a0\u00bb0px\u00a0\u00bb global_module=\u00a0\u00bb1485&Prime; saved_tabs=\u00a0\u00bball\u00a0\u00bb]<span><span><a href=\"https:\/\/mivegec.fr\/fr\">Accueil<\/a><\/span><\/span>[\/et_pb_fullwidth_code][\/et_pb_section][et_pb_section fb_built=\u00a0\u00bb1&Prime; _builder_version=\u00a0\u00bb4.6.0&Prime;][et_pb_row _builder_version=\u00a0\u00bb4.6.0&Prime; _module_preset=\u00a0\u00bbdefault\u00a0\u00bb][et_pb_column type=\u00a0\u00bb4_4&Prime; _builder_version=\u00a0\u00bb4.6.0&Prime; _module_preset=\u00a0\u00bbdefault\u00a0\u00bb][et_pb_text _builder_version=\u00a0\u00bb4.6.0&Prime; _module_preset=\u00a0\u00bbdefault\u00a0\u00bb]<\/p>\n<div>\n<p><strong>Vulgarisation\u00a0:<\/strong><\/p>\n<p>C\u2019est grave, Dr Darwin\u00a0? (2016). (<a href=\"https:\/\/mivegec.fr\/fr\/annuaire\/agent?id=224\"><strong>S. Alizon<\/strong><\/a>). Seuil <a href=\"https:\/\/www.seuil.com\/ouvrage\/c-est-grave-dr-darwin-samuel-alizon\/9782021102925\">https:\/\/www.seuil.com\/ouvrage\/c-est-grave-dr-darwin-samuel-alizon\/9782021102925<\/a><\/p>\n<p><strong>Ouvrages \u00e9dit\u00e9s par des permanents MIVEGEC &amp; incluant aussi des contributions d\u2019autres permanents et contractuels MIVEGEC\u00a0:<\/strong><\/p>\n<ul>\n<li>Biologie Evolutive 2<sup>nde<\/sup> \u00e9dition. (2016). (<a href=\"https:\/\/mivegec.fr\/fr\/annuaire\/agent?id=197\"><strong>F. Thomas<\/strong><\/a> , <a href=\"https:\/\/mivegec.fr\/fr\/annuaire\/agent?id=21\"><strong>T. Lefevre<\/strong><\/a>, M. Raymond, eds). Collection MLD, De Boeck <a href=\"https:\/\/sites.google.com\/site\/biologieevolutive\/home\">https:\/\/sites.google.com\/site\/biologieevolutive\/home<\/a><\/li>\n<li>Tiques et maladies \u00e0 tiques : Biologie, \u00e9cologie \u00e9volutive, \u00e9pid\u00e9miologie (2016). (<a href=\"https:\/\/mivegec.fr\/fr\/annuaire\/agent?id=194\"><strong>KD McCoy<\/strong><\/a> &amp; N. Boulanger, eds) IRD \u00c9ditions \u2013 Collection\u00a0: Didactiques <a href=\"https:\/\/www.editions.ird.fr\/produit\/349\/9782709921022\/Tiques%20et%20maladies%20a%20tiques\">https:\/\/www.editions.ird.fr\/produit\/349\/9782709921022\/Tiques%20et%20maladies%20a%20tiques<\/a><\/li>\n<li>Ecology and Evolution of infectious diseases: Pathogen control and public health management in low-income countries (2018) (<a href=\"https:\/\/mivegec.fr\/fr\/annuaire\/agent?id=132\"><strong>B. Roche<\/strong><\/a>, <a href=\"https:\/\/mivegec.fr\/fr\/annuaire\/agent?id=225\"><strong>H. Broutin<\/strong><\/a> &amp; <a href=\"https:\/\/mivegec.fr\/fr\/annuaire\/agent?id=81\"><strong>F. Simard<\/strong><\/a>, eds). Oxford University Press, Oxford, UK. <a href=\"https:\/\/global.oup.com\/academic\/product\/ecology-and-evolution-of-infectious-disease-9780198789840?cc=mx&amp;lang=en&amp;\">https:\/\/global.oup.com\/academic\/product\/ecology-and-evolution-of-infectious-disease-9780198789840?cc=mx&amp;lang=en&amp;<\/a><\/li>\n<\/ul>\n<p><strong>Autres\u00a0:<\/strong><\/p>\n<p>Provencher JF, Borrelle SB, Sherley RB, Avery-Gomm S, Hodum P, Bond A, Major HL, <a href=\"https:\/\/mivegec.fr\/fr\/annuaire\/agent?id=194\"><strong>McCoy KD<\/strong><\/a>, Crawford R, Merkel F, Votier S, Reynolds M, Hatfield J, Spatz D, Mallory ML.(2019). Seabirds. In World Seas, Volume III: Ecological Issues and Environmental Impacts. CRC Sheppard (ed.). Elsevier, Inc.; Cambridge, MA, USA; pp 668.<\/p>\n<p><strong>Chapitres parus dans d\u2019autres ouvrages que ceux \u00e9dit\u00e9s par les statutaires MIVEGEC <\/strong><\/p>\n<p><a href=\"https:\/\/mivegec.fr\/fr\/annuaire\/agent?id=255\"><strong>Bastien P<\/strong><\/a>., Marty P. (2015) \u00ab\u00a0<strong>Leishmaniose<\/strong>\u00ab\u00a0. <em>In : R\u00e9f\u00e9rentiel en microbiologie m\u00e9dicale<\/em> (R\u00e9mic 5.2), Soci\u00e9t\u00e9 Fran\u00e7aise de Microbiologie: pp. 799-802.<\/p>\n<p><a href=\"https:\/\/mivegec.fr\/fr\/annuaire\/agent?id=255\"><strong>Bastien P<\/strong><\/a>., <a href=\"https:\/\/mivegec.fr\/fr\/annuaire\/agent?id=42\"><strong>Lachaud L<\/strong><\/a>. (2016) \u00ab\u00a0<strong>Leishmanioses<\/strong>\u00ab\u00a0. <em>In : Encyclop\u00e9die M\u00e9dico-Chirurgicale<\/em>, 8-506-A-10<\/p>\n<p><a href=\"https:\/\/mivegec.fr\/fr\/annuaire\/agent?id=255\"><strong>Bastien P<\/strong><\/a>., Pelloux H. (2017) \u00ab\u00a0<strong>Diagnostics mol\u00e9culaires. Applications en Parasitologie<\/strong>\u00ab\u00a0. <em>In\u00a0:<\/em> <em>Parasitologie et Mycologie m\u00e9dicales &#8211; Guide des analyses et pratiques diagnostiques<\/em> (ANOFEL; F. Botterel, M.-L. Dard\u00e9, A. Debourgogne, L. Delhaes, S. Houz\u00e9 &amp; F. Morio, eds.), 2017, Elsevier-Masson: pp. 217-220.<\/p>\n<p><strong>Actions de diffusion et m\u00e9diation scientifique\u00a0:<\/strong><\/p>\n<ul>\n<li>\u00b7 Programme de diffusion scientifique en marge du congr\u00e8s international Evolution 2018 (<a href=\"https:\/\/www.evolutionmontpellier2018.org\/diffusion-scientifique\">https:\/\/www.evolutionmontpellier2018.org\/diffusion-scientifique<\/a>)<br \/>(resp.\u00a0: <a href=\"https:\/\/mivegec.fr\/fr\/annuaire\/agent?id=82\"><strong>M. Sofonea<\/strong><\/a>\u00a0; pr\u00e9sence de deux statutaires MIVEGEC, <a href=\"https:\/\/mivegec.fr\/fr\/annuaire\/agent?id=224\"><strong>S. Alizon<\/strong><\/a> &amp; <a href=\"https:\/\/mivegec.fr\/fr\/annuaire\/agent?id=264\"><strong>F. Chandre<\/strong><\/a>, parmi les chercheurs s\u2019\u00e9tant pr\u00eat\u00e9s \u00e0 cet \u00e9v\u00e8nement)<\/li>\n<li>\u00b7 Participations des personnels MIVEGEC aux f\u00eates de la Science chaque ann\u00e9e<\/li>\n<li>\u00b7 Conf\u00e9rences ou interventions aupr\u00e8s du grand public ou des scolaires (Ecoles \u00e9l\u00e9mentaires, Lyc\u00e9es, Universit\u00e9 de Tous les Savoirs, Ecologistes de l\u2019Euzi\u00e8res, etc\u2026)<\/li>\n<\/ul>\n<p><strong>Actions de promotion des carri\u00e8res scientifiques &amp; de mentorat de jeunes scientifiques en formation:<\/strong><\/p>\n<ul>\n<li>\u00b7 Association Femmes &amp; Sciences (2016-pr\u00e9sent, membre du Conseil administratif, <a href=\"https:\/\/mivegec.fr\/fr\/annuaire\/agent?id=67\"><strong>P. Perrin<\/strong><\/a>) <a href=\"https:\/\/www.femmesetsciences.fr\/\">https:\/\/www.femmesetsciences.fr\/<\/a><\/li>\n<li>\u00b7 Comit\u00e9 Femmes &amp; Sciences-Montpellier (Membre du Comit\u00e9 de Pilotage depuis 2016, <a href=\"https:\/\/mivegec.fr\/fr\/annuaire\/agent?id=67\"><strong>P. Perrin<\/strong><\/a>)\u00a0: interventions dans les lyc\u00e9es, coll\u00e8ges &amp; \u00e9coles<\/li>\n<li>\u00b7 Intervention annuelle \u00ab\u00a0Femmes &amp; Sciences\u00a0: lutter contre les st\u00e9r\u00e9otypes\u00a0\u00bb\u00a0; f\u00eates de la science depuis 2015 (<a href=\"https:\/\/mivegec.fr\/fr\/annuaire\/agent?id=67\"><strong>P. Perrin<\/strong><\/a>)<\/li>\n<li>\u00b7 Module doctoral annuel \u00ab\u00a0Mentorat\u00a0: Femmes &amp; Sciences\u00a0\u00bb Coll\u00e8ge doctoral de l\u2019Universit\u00e9 de Montpellier (2017-pr\u00e9sent, <a href=\"https:\/\/mivegec.fr\/fr\/annuaire\/agent?id=67\"><strong>P. Perrin<\/strong><\/a>)<\/li>\n<\/ul>\n<\/div>\n<p>[\/et_pb_text][\/et_pb_column][\/et_pb_row][et_pb_row _builder_version=\u00a0\u00bb4.9.0&Prime; _module_preset=\u00a0\u00bbdefault\u00a0\u00bb][et_pb_column type=\u00a0\u00bb4_4&Prime; _builder_version=\u00a0\u00bb4.9.0&Prime; _module_preset=\u00a0\u00bbdefault\u00a0\u00bb][et_pb_button button_url=\u00a0\u00bb\/formation-et-cours\/\u00a0\u00bb button_text=\u00a0\u00bbRetour \u00e0 Formation et cours\u00a0\u00bb button_alignment=\u00a0\u00bbleft\u00a0\u00bb _builder_version=\u00a0\u00bb4.9.0&Prime; _module_preset=\u00a0\u00bbdefault\u00a0\u00bb custom_button=\u00a0\u00bbon\u00a0\u00bb button_bg_color=\u00a0\u00bb#00a7ad\u00a0\u00bb button_icon=\u00a0\u00bb%%19%%\u00a0\u00bb button_icon_placement=\u00a0\u00bbleft\u00a0\u00bb background_layout=\u00a0\u00bbdark\u00a0\u00bb][\/et_pb_button][\/et_pb_column][\/et_pb_row][\/et_pb_section]<\/p>\n","protected":false},"excerpt":{"rendered":"<p><span><span><a href=\"https:\/\/mivegec.fr\/fr\">Accueil<\/a><\/span><\/span> Vulgarisation\u00a0: C\u2019est grave, Dr Darwin\u00a0? (2016). (S. Alizon). Seuil https:\/\/www.seuil.com\/ouvrage\/c-est-grave-dr-darwin-samuel-alizon\/9782021102925 Ouvrages \u00e9dit\u00e9s par des permanents MIVEGEC &amp; incluant aussi des contributions d\u2019autres permanents et contractuels MIVEGEC\u00a0: Biologie Evolutive 2nde \u00e9dition. (2016). (F. Thomas , T. Lefevre, M. Raymond, eds). Collection MLD, De Boeck https:\/\/sites.google.com\/site\/biologieevolutive\/home Tiques et maladies \u00e0 tiques : Biologie, \u00e9cologie \u00e9volutive, \u00e9pid\u00e9miologie [&hellip;]<\/p>\n","protected":false},"author":3,"featured_media":0,"parent":401,"menu_order":0,"comment_status":"closed","ping_status":"closed","template":"","meta":{"_acf_changed":false,"_et_pb_use_builder":"on","_et_pb_old_content":"","_et_gb_content_width":"","footnotes":""},"class_list":["post-2472","page","type-page","status-publish","hentry"],"acf":[],"yoast_head":"<!-- This site is optimized with the Yoast SEO plugin v26.8 - https:\/\/yoast.com\/product\/yoast-seo-wordpress\/ -->\n<title>Ouvrages, diffusion et m\u00e9diation scientifiques, mentorat et promotion des carri\u00e8res scientifiques - MIVEGEC<\/title>\n<meta name=\"robots\" content=\"index, follow, max-snippet:-1, max-image-preview:large, max-video-preview:-1\" \/>\n<link rel=\"canonical\" href=\"https:\/\/mivegec.fr\/fr\/formation-et-cours\/ouvrages-diffusion-et-mediation-scientifiques-mentorat-et-promotion-des-carrieres-scientifiques\" \/>\n<meta property=\"og:locale\" content=\"fr_FR\" \/>\n<meta property=\"og:type\" content=\"article\" \/>\n<meta property=\"og:title\" content=\"Ouvrages, diffusion et m\u00e9diation scientifiques, mentorat et promotion des carri\u00e8res scientifiques - MIVEGEC\" \/>\n<meta property=\"og:description\" content=\"Vulgarisation\u00a0: C\u2019est grave, Dr Darwin\u00a0? (2016). (S. Alizon). Seuil https:\/\/www.seuil.com\/ouvrage\/c-est-grave-dr-darwin-samuel-alizon\/9782021102925 Ouvrages \u00e9dit\u00e9s par des permanents MIVEGEC &amp; incluant aussi des contributions d\u2019autres permanents et contractuels MIVEGEC\u00a0: Biologie Evolutive 2nde \u00e9dition. (2016). (F. Thomas , T. Lefevre, M. Raymond, eds). Collection MLD, De Boeck https:\/\/sites.google.com\/site\/biologieevolutive\/home Tiques et maladies \u00e0 tiques : Biologie, \u00e9cologie \u00e9volutive, \u00e9pid\u00e9miologie [&hellip;]\" \/>\n<meta property=\"og:url\" content=\"https:\/\/mivegec.fr\/fr\/formation-et-cours\/ouvrages-diffusion-et-mediation-scientifiques-mentorat-et-promotion-des-carrieres-scientifiques\" \/>\n<meta property=\"og:site_name\" content=\"MIVEGEC\" \/>\n<meta property=\"article:modified_time\" content=\"2021-03-04T13:14:56+00:00\" \/>\n<meta name=\"twitter:card\" content=\"summary_large_image\" \/>\n<meta name=\"twitter:label1\" content=\"Dur\u00e9e de lecture estim\u00e9e\" \/>\n\t<meta name=\"twitter:data1\" content=\"4 minutes\" \/>\n<script type=\"application\/ld+json\" class=\"yoast-schema-graph\">{\"@context\":\"https:\/\/schema.org\",\"@graph\":[{\"@type\":\"WebPage\",\"@id\":\"https:\/\/mivegec.fr\/fr\/formation-et-cours\/ouvrages-diffusion-et-mediation-scientifiques-mentorat-et-promotion-des-carrieres-scientifiques\",\"url\":\"https:\/\/mivegec.fr\/fr\/formation-et-cours\/ouvrages-diffusion-et-mediation-scientifiques-mentorat-et-promotion-des-carrieres-scientifiques\",\"name\":\"Ouvrages, diffusion et m\u00e9diation scientifiques, mentorat et promotion des carri\u00e8res scientifiques - MIVEGEC\",\"isPartOf\":{\"@id\":\"https:\/\/mivegec.fr\/fr\/#website\"},\"datePublished\":\"2021-02-08T08:45:33+00:00\",\"dateModified\":\"2021-03-04T13:14:56+00:00\",\"breadcrumb\":{\"@id\":\"https:\/\/mivegec.fr\/fr\/formation-et-cours\/ouvrages-diffusion-et-mediation-scientifiques-mentorat-et-promotion-des-carrieres-scientifiques#breadcrumb\"},\"inLanguage\":\"fr-FR\",\"potentialAction\":[{\"@type\":\"ReadAction\",\"target\":[\"https:\/\/mivegec.fr\/fr\/formation-et-cours\/ouvrages-diffusion-et-mediation-scientifiques-mentorat-et-promotion-des-carrieres-scientifiques\"]}]},{\"@type\":\"BreadcrumbList\",\"@id\":\"https:\/\/mivegec.fr\/fr\/formation-et-cours\/ouvrages-diffusion-et-mediation-scientifiques-mentorat-et-promotion-des-carrieres-scientifiques#breadcrumb\",\"itemListElement\":[{\"@type\":\"ListItem\",\"position\":1,\"name\":\"Accueil\",\"item\":\"https:\/\/mivegec.fr\/fr\"},{\"@type\":\"ListItem\",\"position\":2,\"name\":\"Formation et cours\",\"item\":\"https:\/\/mivegec.fr\/fr\/formation-et-cours\"},{\"@type\":\"ListItem\",\"position\":3,\"name\":\"Ouvrages, diffusion et m\u00e9diation scientifiques, mentorat et promotion des carri\u00e8res scientifiques\"}]},{\"@type\":\"WebSite\",\"@id\":\"https:\/\/mivegec.fr\/fr\/#website\",\"url\":\"https:\/\/mivegec.fr\/fr\/\",\"name\":\"MIVEGEC\",\"description\":\"Maladies infectieuses et Vecteurs : \u00c9cologie, G\u00e9n\u00e9tique, \u00c9volution et Contr\u00f4le\",\"publisher\":{\"@id\":\"https:\/\/mivegec.fr\/fr\/#organization\"},\"potentialAction\":[{\"@type\":\"SearchAction\",\"target\":{\"@type\":\"EntryPoint\",\"urlTemplate\":\"https:\/\/mivegec.fr\/fr\/?s={search_term_string}\"},\"query-input\":{\"@type\":\"PropertyValueSpecification\",\"valueRequired\":true,\"valueName\":\"search_term_string\"}}],\"inLanguage\":\"fr-FR\"},{\"@type\":\"Organization\",\"@id\":\"https:\/\/mivegec.fr\/fr\/#organization\",\"name\":\"Mivegec\",\"url\":\"https:\/\/mivegec.fr\/fr\/\",\"logo\":{\"@type\":\"ImageObject\",\"inLanguage\":\"fr-FR\",\"@id\":\"https:\/\/mivegec.fr\/fr\/#\/schema\/logo\/image\/\",\"url\":\"https:\/\/mivegec.fr\/wp-content\/uploads\/2021\/03\/logo-mivegec@2x.png\",\"contentUrl\":\"https:\/\/mivegec.fr\/wp-content\/uploads\/2021\/03\/logo-mivegec@2x.png\",\"width\":616,\"height\":405,\"caption\":\"Mivegec\"},\"image\":{\"@id\":\"https:\/\/mivegec.fr\/fr\/#\/schema\/logo\/image\/\"}}]}<\/script>\n<!-- \/ Yoast SEO plugin. -->","yoast_head_json":{"title":"Ouvrages, diffusion et m\u00e9diation scientifiques, mentorat et promotion des carri\u00e8res scientifiques - MIVEGEC","robots":{"index":"index","follow":"follow","max-snippet":"max-snippet:-1","max-image-preview":"max-image-preview:large","max-video-preview":"max-video-preview:-1"},"canonical":"https:\/\/mivegec.fr\/fr\/formation-et-cours\/ouvrages-diffusion-et-mediation-scientifiques-mentorat-et-promotion-des-carrieres-scientifiques","og_locale":"fr_FR","og_type":"article","og_title":"Ouvrages, diffusion et m\u00e9diation scientifiques, mentorat et promotion des carri\u00e8res scientifiques - MIVEGEC","og_description":"Vulgarisation\u00a0: C\u2019est grave, Dr Darwin\u00a0? (2016). (S. Alizon). Seuil https:\/\/www.seuil.com\/ouvrage\/c-est-grave-dr-darwin-samuel-alizon\/9782021102925 Ouvrages \u00e9dit\u00e9s par des permanents MIVEGEC &amp; incluant aussi des contributions d\u2019autres permanents et contractuels MIVEGEC\u00a0: Biologie Evolutive 2nde \u00e9dition. (2016). (F. Thomas , T. Lefevre, M. Raymond, eds). Collection MLD, De Boeck https:\/\/sites.google.com\/site\/biologieevolutive\/home Tiques et maladies \u00e0 tiques : Biologie, \u00e9cologie \u00e9volutive, \u00e9pid\u00e9miologie [&hellip;]","og_url":"https:\/\/mivegec.fr\/fr\/formation-et-cours\/ouvrages-diffusion-et-mediation-scientifiques-mentorat-et-promotion-des-carrieres-scientifiques","og_site_name":"MIVEGEC","article_modified_time":"2021-03-04T13:14:56+00:00","twitter_card":"summary_large_image","twitter_misc":{"Dur\u00e9e de lecture estim\u00e9e":"4 minutes"},"schema":{"@context":"https:\/\/schema.org","@graph":[{"@type":"WebPage","@id":"https:\/\/mivegec.fr\/fr\/formation-et-cours\/ouvrages-diffusion-et-mediation-scientifiques-mentorat-et-promotion-des-carrieres-scientifiques","url":"https:\/\/mivegec.fr\/fr\/formation-et-cours\/ouvrages-diffusion-et-mediation-scientifiques-mentorat-et-promotion-des-carrieres-scientifiques","name":"Ouvrages, diffusion et m\u00e9diation scientifiques, mentorat et promotion des carri\u00e8res scientifiques - MIVEGEC","isPartOf":{"@id":"https:\/\/mivegec.fr\/fr\/#website"},"datePublished":"2021-02-08T08:45:33+00:00","dateModified":"2021-03-04T13:14:56+00:00","breadcrumb":{"@id":"https:\/\/mivegec.fr\/fr\/formation-et-cours\/ouvrages-diffusion-et-mediation-scientifiques-mentorat-et-promotion-des-carrieres-scientifiques#breadcrumb"},"inLanguage":"fr-FR","potentialAction":[{"@type":"ReadAction","target":["https:\/\/mivegec.fr\/fr\/formation-et-cours\/ouvrages-diffusion-et-mediation-scientifiques-mentorat-et-promotion-des-carrieres-scientifiques"]}]},{"@type":"BreadcrumbList","@id":"https:\/\/mivegec.fr\/fr\/formation-et-cours\/ouvrages-diffusion-et-mediation-scientifiques-mentorat-et-promotion-des-carrieres-scientifiques#breadcrumb","itemListElement":[{"@type":"ListItem","position":1,"name":"Accueil","item":"https:\/\/mivegec.fr\/fr"},{"@type":"ListItem","position":2,"name":"Formation et cours","item":"https:\/\/mivegec.fr\/fr\/formation-et-cours"},{"@type":"ListItem","position":3,"name":"Ouvrages, diffusion et m\u00e9diation scientifiques, mentorat et promotion des carri\u00e8res scientifiques"}]},{"@type":"WebSite","@id":"https:\/\/mivegec.fr\/fr\/#website","url":"https:\/\/mivegec.fr\/fr\/","name":"MIVEGEC","description":"Maladies infectieuses et Vecteurs : \u00c9cologie, G\u00e9n\u00e9tique, \u00c9volution et Contr\u00f4le","publisher":{"@id":"https:\/\/mivegec.fr\/fr\/#organization"},"potentialAction":[{"@type":"SearchAction","target":{"@type":"EntryPoint","urlTemplate":"https:\/\/mivegec.fr\/fr\/?s={search_term_string}"},"query-input":{"@type":"PropertyValueSpecification","valueRequired":true,"valueName":"search_term_string"}}],"inLanguage":"fr-FR"},{"@type":"Organization","@id":"https:\/\/mivegec.fr\/fr\/#organization","name":"Mivegec","url":"https:\/\/mivegec.fr\/fr\/","logo":{"@type":"ImageObject","inLanguage":"fr-FR","@id":"https:\/\/mivegec.fr\/fr\/#\/schema\/logo\/image\/","url":"https:\/\/mivegec.fr\/wp-content\/uploads\/2021\/03\/logo-mivegec@2x.png","contentUrl":"https:\/\/mivegec.fr\/wp-content\/uploads\/2021\/03\/logo-mivegec@2x.png","width":616,"height":405,"caption":"Mivegec"},"image":{"@id":"https:\/\/mivegec.fr\/fr\/#\/schema\/logo\/image\/"}}]}},"_links":{"self":[{"href":"https:\/\/mivegec.fr\/fr\/wp-json\/wp\/v2\/pages\/2472","targetHints":{"allow":["GET"]}}],"collection":[{"href":"https:\/\/mivegec.fr\/fr\/wp-json\/wp\/v2\/pages"}],"about":[{"href":"https:\/\/mivegec.fr\/fr\/wp-json\/wp\/v2\/types\/page"}],"author":[{"embeddable":true,"href":"https:\/\/mivegec.fr\/fr\/wp-json\/wp\/v2\/users\/3"}],"replies":[{"embeddable":true,"href":"https:\/\/mivegec.fr\/fr\/wp-json\/wp\/v2\/comments?post=2472"}],"version-history":[{"count":7,"href":"https:\/\/mivegec.fr\/fr\/wp-json\/wp\/v2\/pages\/2472\/revisions"}],"predecessor-version":[{"id":6094,"href":"https:\/\/mivegec.fr\/fr\/wp-json\/wp\/v2\/pages\/2472\/revisions\/6094"}],"up":[{"embeddable":true,"href":"https:\/\/mivegec.fr\/fr\/wp-json\/wp\/v2\/pages\/401"}],"wp:attachment":[{"href":"https:\/\/mivegec.fr\/fr\/wp-json\/wp\/v2\/media?parent=2472"}],"curies":[{"name":"wp","href":"https:\/\/api.w.org\/{rel}","templated":true}]}}