{"id":2460,"date":"2021-02-05T17:40:44","date_gmt":"2021-02-05T16:40:44","guid":{"rendered":"https:\/\/mivegec.fr\/?page_id=2460"},"modified":"2021-03-04T14:14:26","modified_gmt":"2021-03-04T13:14:26","slug":"unites-denseignement","status":"publish","type":"page","link":"https:\/\/mivegec.fr\/fr\/formation-et-cours\/unites-denseignement","title":{"rendered":"Unit\u00e9s d\u2019enseignement"},"content":{"rendered":"<p>[et_pb_section fb_built=\u00a0\u00bb1&Prime; fullwidth=\u00a0\u00bbon\u00a0\u00bb _builder_version=\u00a0\u00bb4.6.0&Prime;][et_pb_fullwidth_post_title meta=\u00a0\u00bboff\u00a0\u00bb featured_image=\u00a0\u00bboff\u00a0\u00bb text_color=\u00a0\u00bblight\u00a0\u00bb admin_label=\u00a0\u00bbTitre\u00a0\u00bb _builder_version=\u00a0\u00bb4.6.0&Prime; background_image=\u00a0\u00bbhttps:\/\/mivegec.fr\/wp-content\/uploads\/2020\/09\/MIVEGEC-departements.jpg\u00a0\u00bb vertical_offset_tablet=\u00a0\u00bb0&Prime; horizontal_offset_tablet=\u00a0\u00bb0&Prime; text_orientation=\u00a0\u00bbcenter\u00a0\u00bb custom_padding=\u00a0\u00bb||100px|\u00a0\u00bb z_index_tablet=\u00a0\u00bb0&Prime; title_text_shadow_horizontal_length_tablet=\u00a0\u00bb0px\u00a0\u00bb title_text_shadow_vertical_length_tablet=\u00a0\u00bb0px\u00a0\u00bb title_text_shadow_blur_strength_tablet=\u00a0\u00bb1px\u00a0\u00bb meta_text_shadow_horizontal_length_tablet=\u00a0\u00bb0px\u00a0\u00bb meta_text_shadow_vertical_length_tablet=\u00a0\u00bb0px\u00a0\u00bb meta_text_shadow_blur_strength_tablet=\u00a0\u00bb1px\u00a0\u00bb box_shadow_horizontal_tablet=\u00a0\u00bb0px\u00a0\u00bb box_shadow_vertical_tablet=\u00a0\u00bb0px\u00a0\u00bb box_shadow_blur_tablet=\u00a0\u00bb40px\u00a0\u00bb box_shadow_spread_tablet=\u00a0\u00bb0px\u00a0\u00bb text_shadow_horizontal_length_tablet=\u00a0\u00bb0px\u00a0\u00bb text_shadow_vertical_length_tablet=\u00a0\u00bb0px\u00a0\u00bb text_shadow_blur_strength_tablet=\u00a0\u00bb1px\u00a0\u00bb][\/et_pb_fullwidth_post_title][et_pb_fullwidth_code admin_label=\u00a0\u00bbFil d&rsquo;ariane\u00a0\u00bb module_id=\u00a0\u00bbbreadcrumb\u00a0\u00bb _builder_version=\u00a0\u00bb4.6.0&Prime; vertical_offset_tablet=\u00a0\u00bb0&Prime; horizontal_offset_tablet=\u00a0\u00bb0&Prime; text_orientation=\u00a0\u00bbcenter\u00a0\u00bb box_shadow_horizontal_tablet=\u00a0\u00bb0px\u00a0\u00bb box_shadow_vertical_tablet=\u00a0\u00bb0px\u00a0\u00bb box_shadow_blur_tablet=\u00a0\u00bb40px\u00a0\u00bb box_shadow_spread_tablet=\u00a0\u00bb0px\u00a0\u00bb global_module=\u00a0\u00bb1485&Prime; saved_tabs=\u00a0\u00bball\u00a0\u00bb]<span><span><a href=\"https:\/\/mivegec.fr\/fr\">Accueil<\/a><\/span><\/span>[\/et_pb_fullwidth_code][\/et_pb_section][et_pb_section fb_built=\u00a0\u00bb1&Prime; _builder_version=\u00a0\u00bb4.6.0&Prime;][et_pb_row _builder_version=\u00a0\u00bb4.6.0&Prime; _module_preset=\u00a0\u00bbdefault\u00a0\u00bb][et_pb_column type=\u00a0\u00bb4_4&Prime; _builder_version=\u00a0\u00bb4.6.0&Prime; _module_preset=\u00a0\u00bbdefault\u00a0\u00bb][et_pb_text _builder_version=\u00a0\u00bb4.6.0&Prime; _module_preset=\u00a0\u00bbdefault\u00a0\u00bb]<\/p>\n<p><span style=\"font-size: 8pt;\"><em>(NB\u00a0: les heures d\u2019enseignement dispens\u00e9es en formation initiale par les statutaires &amp; post-doctorants MIVEGEC sont principalement -mais non-exclusivement- rattach\u00e9es aux UE list\u00e9es ici)<\/em><\/span><\/p>\n<ul>\n<li><strong>Formation initiale en <\/strong><strong>\u2264 Bac+3 en Facult\u00e9 des Sciences ou Facult\u00e9 de M\u00e9decine de l\u2019Universit\u00e9 de Montpellier<\/strong>\n<ul style=\"list-style-type: circle;\">\n<li>UE \u2018Cycles de Vie #1\u2018 (&gt; 700 \u00e9tudiants L1) et \u2018Cycles de Vie #2\u2018 (&gt; 150 \u00e9tudiants L2), portail Monod-Facult\u00e9 des Sciences<br \/>(coresp. 2015-2020, M. Debiais-Thibaud, P. Labb\u00e9 &amp; <a href=\"https:\/\/mivegec.fr\/fr\/annuaire\/agent?id=67\"><strong>P. Perrin<\/strong><\/a>)<\/li>\n<li>UE \u2018Biologie 1 Pr\u00e9pa Concours Agro-V\u00e9to\u2018 en L2S1 pour les \u00e9tudiants pr\u00e9parant le concours B <em>nouvelle formule <\/em>Agro-V\u00e9to -Facult\u00e9 des Sciences<br \/>(25-30 \u00e9tudiants, resp. 2015-2020 <a href=\"https:\/\/mivegec.fr\/fr\/annuaire\/agent?id=67\"><strong>P. Perrin<\/strong><\/a>) (<a href=\"https:\/\/prepa-agroveto.edu.umontpellier.fr\/\">https:\/\/prepa-agroveto.edu.umontpellier.fr\/<\/a> )<\/li>\n<li>UE en L3 S3 \u2018Biologie 3 Pr\u00e9pa Concours Agro-V\u00e9to\u2018 et en L3 S4 \u2018Sciences et Soci\u00e9t\u00e9\u00a0Pr\u00e9pa Concours Agro-v\u00e9to\u2018 pour les \u00e9tudiants pr\u00e9parant le concours B <em>nouvelle formule <\/em>Agro-V\u00e9to &#8211; Facult\u00e9 des Sciences (25-30 \u00e9tudiants, resp. 2015-2020 <a href=\"\/fr\/component\/content\/article?id=1191&amp;Itemid=&amp;selected=88%20\"><strong>P. Perrin<\/strong><\/a>) (<a href=\"https:\/\/prepa-agroveto.edu.umontpellier.fr\/\">https:\/\/prepa-agroveto.edu.umontpellier.fr\/<\/a> )<\/li>\n<li>UE interdisciplinaire en L1 S1 \u2018G\u00e9n\u00e9tique et Evolution de l\u2019Homme\u00b4- Facult\u00e9 des Sciences (15-20 \u00e9tudiants, resp. 2015-2020 <a href=\"https:\/\/mivegec.fr\/fr\/annuaire\/agent?id=67\"><strong>P. Perrin<\/strong><\/a>)<\/li>\n<li>UE \u2018Bases g\u00e9n\u00e9tiques de l\u2019Evolution\u2018 (150-160 \u00e9tudiants) en L3 S4 des mentions de Licence EBO (Ecologie et Biologie des Populations) et BEST (Biologie, Environnement et Sciences de la Terre) \u2013 Facult\u00e9 des Sciences (150\u00e9tudiants, coresp. 2015-2020, B. Nabholz &amp; <a href=\"https:\/\/mivegec.fr\/fr\/annuaire\/agent?id=67\"><strong>P. Perrin<\/strong><\/a>)<\/li>\n<li>\u2018Service sanitaire\u2018 en DGFSM (1er Cycle d\u2019Etudes M\u00e9dicales) &#8211; Facult\u00e9 de M\u00e9decine<br \/>(60h; 270 \u00e9tudiants en th\u00e9orique et 55 \u00e9tudiants sur le \u00ab\u00a0terrain\u00a0\u00bb, coresp. <a href=\"https:\/\/mivegec.fr\/fr\/annuaire\/agent?id=42\"><strong>L. Lachaud<\/strong><\/a> &amp; L. Visier)<\/li>\n<\/ul>\n<\/li>\n<\/ul>\n<p>&nbsp;<\/p>\n<ul>\n<li><strong>Formation initiale scientifique, niveau M des Universit\u00e9s de Montpellier, Bouak\u00e9 (C\u00f4te d\u2019Ivoire), Gab\u00e8s (Tunisie) ou Hano\u00ef (Vietnam)\u00a0:<\/strong>\n<ul style=\"list-style-type: circle;\">\n<li>UE \u2018Ecologie &amp; Evolution des Interactions Parasitaires\u2018 pour le master \u2018Biologie des organismes, des Populations &amp; Environnement\u2019 de <strong>l\u2019Universit\u00e9 de Gab\u00e8s, Tunisie<\/strong> (5 \u00e9tudiants\u00a0; 14h en 2019\u00a0; <a href=\"https:\/\/mivegec.fr\/fr\/annuaire\/agent?id=194\"><strong>K. McCoy<\/strong><\/a>)<\/li>\n<li>UE \u2018Molecular biology of emerging viruses and other pathogens\u2018 pour le master 2 BIOPHARMA sp\u00e9cialit\u00e9 biom\u00e9decine, <strong>Universit\u00e9 des Sciences et Technologies de Hanoi, Vietnam <\/strong>(<a href=\"https:\/\/www.usth.edu.vn\/en\/programusth\/master-in-biotechnology-pharmacology-bp\/\">https:\/\/www.usth.edu.vn\/en\/programusth\/master-in-biotechnology-pharmacology-bp\/<\/a>; 40h\/an\u00a0; coresp. <a href=\"https:\/\/mivegec.fr\/fr\/annuaire\/agent?id=254\"><strong>A.-L. Ba\u00f1uls<\/strong><\/a>)<\/li>\n<li>UE \u2018Bases Mol\u00e9culaires et M\u00e9taboliques des Maladies H\u00e9r\u00e9ditaires\u2018 en Master 1 Biologie-Sant\u00e9 Parcours <em>G\u00e9n\u00e9tique, Epig\u00e9n\u00e9tique, Contr\u00f4le du D\u00e9terminisme G\u00e9n\u00e9tique<\/em>, <strong>Universit\u00e9 Montpellier<\/strong> (50h, GenEpiCDC\u00a0; 20-30 \u00e9tudiants\u00a0; resp. 2015-20 <a href=\"https:\/\/mivegec.fr\/fr\/annuaire\/agent?id=67\"><strong>P. Perrin<\/strong><\/a>)<\/li>\n<li>UE <a href=\"https:\/\/masterbs.edu.umontpellier.fr\/hmbs337-parasitologie-moleculaire\/\">HMBS337 \u2018Parasitologie mol\u00e9culaire\u2018 Master Biologie-Sant\u00e9, <strong>Universit\u00e9 de Montpellier<\/strong> <\/a>(~40h , ~20 \u00e9tudiants\u00a0; resp. 2015-20 <a href=\"https:\/\/mivegec.fr\/fr\/annuaire\/agent?id=84\"><strong>Y. Sterkers<\/strong><\/a> &amp; C. Braun-Breton)<\/li>\n<\/ul>\n<\/li>\n<\/ul>\n<p><strong>Responsabilit\u00e9 d\u2019UE transversales aux parcours de la mention Biologie-Ecologie-Evolution (B2E<\/strong>, <a href=\"https:\/\/biologie-ecologie.com\/master-b2e\/mention-bee\/\">https:\/\/biologie-ecologie.com\/master-b2e\/mention-bee\/<\/a>)<\/p>\n<ul>\n<li style=\"list-style-type: none;\">\n<ul style=\"list-style-type: circle;\">\n<li>UE \u2018Bases de donn\u00e9es &amp; SIG\u2018- (M2 B2E, parcours GIEBioTE\/ BIOGET\/ BAEMT, ~48h, ~40 \u00e9tudiants\u00a0; resp. 2018-20, <a href=\"https:\/\/mivegec.fr\/fr\/annuaire\/agent?id=82\"><strong>M. Sofonea<\/strong><\/a>)<\/li>\n<li>UE \u2018SIG &amp; Outils r\u00e9seaux\u2019 (M2 B2E, parcours ACCES-SVT\/ CEPAGE, ~48h, ~20 \u00e9tudiants\u00a0; resp. 2018-20 <a href=\"https:\/\/mivegec.fr\/fr\/annuaire\/agent?id=82\"><strong>M. Sofonea<\/strong><\/a>)<\/li>\n<li>UE \u2018\u00a0Ecologie des paysages\u2019 (M2 B2E, parcours IEGB\/ GIEBioTE, ~23h, ~20 \u00e9tudiants\u00a0; resp. 2018-20 <a href=\"https:\/\/mivegec.fr\/fr\/annuaire\/agent?id=82\"><strong>M. Sofonea<\/strong><\/a>)<\/li>\n<li>UE \u2018Mod\u00e9lisation en \u00e9cologie et \u00e9volution\u2019 (M2 B2E, parcours DARWIN\/ CEPAGE &amp; ED GAIA, ~23h, ~10 \u00e9tudiants\u00a0; resp. 2018-20 <a href=\"https:\/\/mivegec.fr\/fr\/annuaire\/agent?id=82\"><strong>M. Sofonea<\/strong><\/a>)<\/li>\n<li>UE \u2018Ecologie de la transmission parasitaire\u2019 (M2 B2E, parcours DARWIN\/DIPHE\/EPI, ~25h, 10-15 \u00e9tudiants\u00a0; resp. 2011-20 <a href=\"https:\/\/mivegec.fr\/fr\/annuaire\/agent?id=199\"><strong>C. Chevillon<\/strong><\/a> &amp;<a href=\"https:\/\/mivegec.fr\/fr\/annuaire\/agent?id=194\"><strong> K. McCoy<\/strong><\/a>)<\/li>\n<li>UE \u2018Maladies \u00e9mergentes et changements globaux\u2019 (M2 B2E, parcours DIPHE\/EPI; mention Biologie-Agrosciences, parcours IMHE, ~25h, ~30-40 \u00e9tudiants\u00a0; resp. 2011-20 <a href=\"https:\/\/mivegec.fr\/fr\/annuaire\/agent?id=36\"><strong>J.-F. Gu\u00e9gan<\/strong><\/a>)<\/li>\n<li>UE \u2018Epid\u00e9miologie quantitative\u2019 (M2 B2E, parcours DIPHE\/ EPI, ~25h, 10-15 \u00e9tudiants\u00a0; resp. 2011-20\u00a0: <a href=\"https:\/\/mivegec.fr\/fr\/annuaire\/agent?id=36\"><strong>J.-F Gu\u00e9gan<\/strong><\/a> puis <a href=\"https:\/\/mivegec.fr\/fr\/annuaire\/agent?id=267\"><strong>M. Choisy<\/strong><\/a>, <a href=\"https:\/\/mivegec.fr\/fr\/annuaire\/agent?id=132\"><strong>B. Roche<\/strong><\/a> et <a href=\"https:\/\/mivegec.fr\/fr\/annuaire\/agent?id=56\"><strong>E. Miguel<\/strong><\/a>)<\/li>\n<li>UE \u2018Parasitisme et Traits d\u2019Histoire de Vie\u2019 (M2 B2E, parcours DIPHE, ~25h, 10 \u00e9tudiants\u00a0; 2011-20\u00a0: <a href=\"https:\/\/mivegec.fr\/fr\/annuaire\/agent?id=38\"><strong>S. Hurtrez<\/strong><\/a> &amp; A. Duncan)<\/li>\n<li>UE \u2018Evolution des Syst\u00e8mes Symbiotiques\u2019 (M2 B2E, parcours DARWIN\/ DIPHE, ~25h, 10-20 \u00e9tudiants\u00a0; coresp. 2011-20, <a href=\"https:\/\/mivegec.fr\/fr\/annuaire\/agent?id=254\"><strong>A.-L. Ba\u00f1uls<\/strong><\/a> &amp; <a href=\"https:\/\/mivegec.fr\/fr\/annuaire\/agent?id=38\"><strong>S. Hurtrez<\/strong><\/a>)<\/li>\n<\/ul>\n<\/li>\n<\/ul>\n<p><strong>Responsabilit\u00e9 d\u2019UE relevant du parcours international d\u2019entomologie m\u00e9dicale co-accr\u00e9dit\u00e9s par l\u2019Universit\u00e9s Alassane Ouattara (Bouak\u00e9, C\u00f4te d\u2019Ivoire)\u00a0 &amp; l\u2019Universit\u00e9 de Montpellier (<a href=\"https:\/\/biologie-ecologie.com\/master-b2e\/parcours\/mie\/\">https:\/\/biologie-ecologie.com\/master-b2e\/parcours\/mie\/<\/a> <\/strong>):<\/p>\n<ul>\n<li style=\"list-style-type: none;\">\n<ul style=\"list-style-type: circle;\">\n<li>UE \u2019Notions d\u2019arthropodologie m\u00e9dicale et v\u00e9t\u00e9rinaire et principales maladies \u00e0 vecteurs\u2019 (5-10 \u00e9tudiants\u00a0; ~20h\u00a0; resp. 2011-20 <a href=\"https:\/\/mivegec.fr\/fr\/annuaire\/agent?id=255\"><strong>F. Fournet<\/strong><\/a>)<\/li>\n<li>UE \u2019Caract\u00e9risation et contr\u00f4le des vecteurs\u2019 (5-10 \u00e9tudiants\u00a0; ~20h\u00a0; resp. 2011-20 <a href=\"https:\/\/mivegec.fr\/fr\/annuaire\/agent?id=255\"><strong>F. Fournet<\/strong><\/a>)<\/li>\n<li>UE \u2018Disciplines associ\u00e9es\u2019 (5-10 \u00e9tudiants\u00a0; ~20h\u00a0; resp. 2011-20 <a href=\"https:\/\/mivegec.fr\/fr\/annuaire\/agent?id=255\"><strong>F. Fournet<\/strong><\/a>)<\/li>\n<li>UE \u2018Ecologie et contr\u00f4le : Onchocercose et lrypanosomoses\u2019 (5-10 \u00e9tudiants\u00a0; ~20h\u00a0; resp. 2011-20 <a href=\"https:\/\/mivegec.fr\/fr\/annuaire\/agent?id=255\"><strong>F. Fournet<\/strong><\/a>)<\/li>\n<li>UE \u2018Ecologie et contr\u00f4le : Paludisme et leishmaniose\u2019 (5-10 \u00e9tudiants\u00a0; ~20h\u00a0; resp. 2011-20 <a href=\"https:\/\/mivegec.fr\/fr\/annuaire\/agent?id=255\"><strong>F. Fournet<\/strong><\/a>)<\/li>\n<li>UE \u2018travaux dirig\u00e9s de terrain et de laboratoire\u2019 (5-10 \u00e9tudiants\u00a0; ~20h\u00a0; resp. 2011-20 <a href=\"https:\/\/mivegec.fr\/fr\/annuaire\/agent?id=255\"><strong>F. Fournet<\/strong><\/a>)<\/li>\n<\/ul>\n<\/li>\n<\/ul>\n<p>[\/et_pb_text][\/et_pb_column][\/et_pb_row][et_pb_row _builder_version=\u00a0\u00bb4.9.0&Prime; _module_preset=\u00a0\u00bbdefault\u00a0\u00bb][et_pb_column type=\u00a0\u00bb4_4&Prime; _builder_version=\u00a0\u00bb4.9.0&Prime; _module_preset=\u00a0\u00bbdefault\u00a0\u00bb][et_pb_button button_url=\u00a0\u00bb\/formation-et-cours\/\u00a0\u00bb button_text=\u00a0\u00bbRetour \u00e0 Formation et cours\u00a0\u00bb button_alignment=\u00a0\u00bbleft\u00a0\u00bb _builder_version=\u00a0\u00bb4.9.0&Prime; _module_preset=\u00a0\u00bbdefault\u00a0\u00bb custom_button=\u00a0\u00bbon\u00a0\u00bb button_bg_color=\u00a0\u00bb#00a7ad\u00a0\u00bb button_icon=\u00a0\u00bb%%19%%\u00a0\u00bb button_icon_placement=\u00a0\u00bbleft\u00a0\u00bb background_layout=\u00a0\u00bbdark\u00a0\u00bb][\/et_pb_button][\/et_pb_column][\/et_pb_row][\/et_pb_section]<\/p>\n","protected":false},"excerpt":{"rendered":"<p><span><span><a href=\"https:\/\/mivegec.fr\/fr\">Accueil<\/a><\/span><\/span>(NB\u00a0: les heures d\u2019enseignement dispens\u00e9es en formation initiale par les statutaires &amp; post-doctorants MIVEGEC sont principalement -mais non-exclusivement- rattach\u00e9es aux UE list\u00e9es ici) Formation initiale en \u2264 Bac+3 en Facult\u00e9 des Sciences ou Facult\u00e9 de M\u00e9decine de l\u2019Universit\u00e9 de Montpellier UE \u2018Cycles de Vie #1\u2018 (&gt; 700 \u00e9tudiants L1) et \u2018Cycles de Vie #2\u2018 (&gt; [&hellip;]<\/p>\n","protected":false},"author":3,"featured_media":0,"parent":401,"menu_order":0,"comment_status":"closed","ping_status":"closed","template":"","meta":{"_acf_changed":false,"_et_pb_use_builder":"on","_et_pb_old_content":"","_et_gb_content_width":"","footnotes":""},"class_list":["post-2460","page","type-page","status-publish","hentry"],"acf":[],"yoast_head":"<!-- This site is optimized with the Yoast SEO plugin v26.8 - https:\/\/yoast.com\/product\/yoast-seo-wordpress\/ -->\n<title>Unit\u00e9s d\u2019enseignement - MIVEGEC<\/title>\n<meta name=\"robots\" content=\"index, follow, max-snippet:-1, max-image-preview:large, max-video-preview:-1\" \/>\n<link rel=\"canonical\" href=\"https:\/\/mivegec.fr\/fr\/formation-et-cours\/unites-denseignement\" \/>\n<meta property=\"og:locale\" content=\"fr_FR\" \/>\n<meta property=\"og:type\" content=\"article\" \/>\n<meta property=\"og:title\" content=\"Unit\u00e9s d\u2019enseignement - MIVEGEC\" \/>\n<meta property=\"og:description\" content=\"(NB\u00a0: les heures d\u2019enseignement dispens\u00e9es en formation initiale par les statutaires &amp; post-doctorants MIVEGEC sont principalement -mais non-exclusivement- rattach\u00e9es aux UE list\u00e9es ici) Formation initiale en \u2264 Bac+3 en Facult\u00e9 des Sciences ou Facult\u00e9 de M\u00e9decine de l\u2019Universit\u00e9 de Montpellier UE \u2018Cycles de Vie #1\u2018 (&gt; 700 \u00e9tudiants L1) et \u2018Cycles de Vie #2\u2018 (&gt; [&hellip;]\" \/>\n<meta property=\"og:url\" content=\"https:\/\/mivegec.fr\/fr\/formation-et-cours\/unites-denseignement\" \/>\n<meta property=\"og:site_name\" content=\"MIVEGEC\" \/>\n<meta property=\"article:modified_time\" content=\"2021-03-04T13:14:26+00:00\" \/>\n<meta name=\"twitter:card\" content=\"summary_large_image\" \/>\n<meta name=\"twitter:label1\" content=\"Dur\u00e9e de lecture estim\u00e9e\" \/>\n\t<meta name=\"twitter:data1\" content=\"5 minutes\" \/>\n<script type=\"application\/ld+json\" class=\"yoast-schema-graph\">{\"@context\":\"https:\/\/schema.org\",\"@graph\":[{\"@type\":\"WebPage\",\"@id\":\"https:\/\/mivegec.fr\/fr\/formation-et-cours\/unites-denseignement\",\"url\":\"https:\/\/mivegec.fr\/fr\/formation-et-cours\/unites-denseignement\",\"name\":\"Unit\u00e9s d\u2019enseignement - MIVEGEC\",\"isPartOf\":{\"@id\":\"https:\/\/mivegec.fr\/fr\/#website\"},\"datePublished\":\"2021-02-05T16:40:44+00:00\",\"dateModified\":\"2021-03-04T13:14:26+00:00\",\"breadcrumb\":{\"@id\":\"https:\/\/mivegec.fr\/fr\/formation-et-cours\/unites-denseignement#breadcrumb\"},\"inLanguage\":\"fr-FR\",\"potentialAction\":[{\"@type\":\"ReadAction\",\"target\":[\"https:\/\/mivegec.fr\/fr\/formation-et-cours\/unites-denseignement\"]}]},{\"@type\":\"BreadcrumbList\",\"@id\":\"https:\/\/mivegec.fr\/fr\/formation-et-cours\/unites-denseignement#breadcrumb\",\"itemListElement\":[{\"@type\":\"ListItem\",\"position\":1,\"name\":\"Accueil\",\"item\":\"https:\/\/mivegec.fr\/fr\"},{\"@type\":\"ListItem\",\"position\":2,\"name\":\"Formation et cours\",\"item\":\"https:\/\/mivegec.fr\/fr\/formation-et-cours\"},{\"@type\":\"ListItem\",\"position\":3,\"name\":\"Unit\u00e9s d\u2019enseignement\"}]},{\"@type\":\"WebSite\",\"@id\":\"https:\/\/mivegec.fr\/fr\/#website\",\"url\":\"https:\/\/mivegec.fr\/fr\/\",\"name\":\"MIVEGEC\",\"description\":\"Maladies infectieuses et Vecteurs : \u00c9cologie, G\u00e9n\u00e9tique, \u00c9volution et Contr\u00f4le\",\"publisher\":{\"@id\":\"https:\/\/mivegec.fr\/fr\/#organization\"},\"potentialAction\":[{\"@type\":\"SearchAction\",\"target\":{\"@type\":\"EntryPoint\",\"urlTemplate\":\"https:\/\/mivegec.fr\/fr\/?s={search_term_string}\"},\"query-input\":{\"@type\":\"PropertyValueSpecification\",\"valueRequired\":true,\"valueName\":\"search_term_string\"}}],\"inLanguage\":\"fr-FR\"},{\"@type\":\"Organization\",\"@id\":\"https:\/\/mivegec.fr\/fr\/#organization\",\"name\":\"Mivegec\",\"url\":\"https:\/\/mivegec.fr\/fr\/\",\"logo\":{\"@type\":\"ImageObject\",\"inLanguage\":\"fr-FR\",\"@id\":\"https:\/\/mivegec.fr\/fr\/#\/schema\/logo\/image\/\",\"url\":\"https:\/\/mivegec.fr\/wp-content\/uploads\/2021\/03\/logo-mivegec@2x.png\",\"contentUrl\":\"https:\/\/mivegec.fr\/wp-content\/uploads\/2021\/03\/logo-mivegec@2x.png\",\"width\":616,\"height\":405,\"caption\":\"Mivegec\"},\"image\":{\"@id\":\"https:\/\/mivegec.fr\/fr\/#\/schema\/logo\/image\/\"}}]}<\/script>\n<!-- \/ Yoast SEO plugin. -->","yoast_head_json":{"title":"Unit\u00e9s d\u2019enseignement - MIVEGEC","robots":{"index":"index","follow":"follow","max-snippet":"max-snippet:-1","max-image-preview":"max-image-preview:large","max-video-preview":"max-video-preview:-1"},"canonical":"https:\/\/mivegec.fr\/fr\/formation-et-cours\/unites-denseignement","og_locale":"fr_FR","og_type":"article","og_title":"Unit\u00e9s d\u2019enseignement - MIVEGEC","og_description":"(NB\u00a0: les heures d\u2019enseignement dispens\u00e9es en formation initiale par les statutaires &amp; post-doctorants MIVEGEC sont principalement -mais non-exclusivement- rattach\u00e9es aux UE list\u00e9es ici) Formation initiale en \u2264 Bac+3 en Facult\u00e9 des Sciences ou Facult\u00e9 de M\u00e9decine de l\u2019Universit\u00e9 de Montpellier UE \u2018Cycles de Vie #1\u2018 (&gt; 700 \u00e9tudiants L1) et \u2018Cycles de Vie #2\u2018 (&gt; [&hellip;]","og_url":"https:\/\/mivegec.fr\/fr\/formation-et-cours\/unites-denseignement","og_site_name":"MIVEGEC","article_modified_time":"2021-03-04T13:14:26+00:00","twitter_card":"summary_large_image","twitter_misc":{"Dur\u00e9e de lecture estim\u00e9e":"5 minutes"},"schema":{"@context":"https:\/\/schema.org","@graph":[{"@type":"WebPage","@id":"https:\/\/mivegec.fr\/fr\/formation-et-cours\/unites-denseignement","url":"https:\/\/mivegec.fr\/fr\/formation-et-cours\/unites-denseignement","name":"Unit\u00e9s d\u2019enseignement - MIVEGEC","isPartOf":{"@id":"https:\/\/mivegec.fr\/fr\/#website"},"datePublished":"2021-02-05T16:40:44+00:00","dateModified":"2021-03-04T13:14:26+00:00","breadcrumb":{"@id":"https:\/\/mivegec.fr\/fr\/formation-et-cours\/unites-denseignement#breadcrumb"},"inLanguage":"fr-FR","potentialAction":[{"@type":"ReadAction","target":["https:\/\/mivegec.fr\/fr\/formation-et-cours\/unites-denseignement"]}]},{"@type":"BreadcrumbList","@id":"https:\/\/mivegec.fr\/fr\/formation-et-cours\/unites-denseignement#breadcrumb","itemListElement":[{"@type":"ListItem","position":1,"name":"Accueil","item":"https:\/\/mivegec.fr\/fr"},{"@type":"ListItem","position":2,"name":"Formation et cours","item":"https:\/\/mivegec.fr\/fr\/formation-et-cours"},{"@type":"ListItem","position":3,"name":"Unit\u00e9s d\u2019enseignement"}]},{"@type":"WebSite","@id":"https:\/\/mivegec.fr\/fr\/#website","url":"https:\/\/mivegec.fr\/fr\/","name":"MIVEGEC","description":"Maladies infectieuses et Vecteurs : \u00c9cologie, G\u00e9n\u00e9tique, \u00c9volution et Contr\u00f4le","publisher":{"@id":"https:\/\/mivegec.fr\/fr\/#organization"},"potentialAction":[{"@type":"SearchAction","target":{"@type":"EntryPoint","urlTemplate":"https:\/\/mivegec.fr\/fr\/?s={search_term_string}"},"query-input":{"@type":"PropertyValueSpecification","valueRequired":true,"valueName":"search_term_string"}}],"inLanguage":"fr-FR"},{"@type":"Organization","@id":"https:\/\/mivegec.fr\/fr\/#organization","name":"Mivegec","url":"https:\/\/mivegec.fr\/fr\/","logo":{"@type":"ImageObject","inLanguage":"fr-FR","@id":"https:\/\/mivegec.fr\/fr\/#\/schema\/logo\/image\/","url":"https:\/\/mivegec.fr\/wp-content\/uploads\/2021\/03\/logo-mivegec@2x.png","contentUrl":"https:\/\/mivegec.fr\/wp-content\/uploads\/2021\/03\/logo-mivegec@2x.png","width":616,"height":405,"caption":"Mivegec"},"image":{"@id":"https:\/\/mivegec.fr\/fr\/#\/schema\/logo\/image\/"}}]}},"_links":{"self":[{"href":"https:\/\/mivegec.fr\/fr\/wp-json\/wp\/v2\/pages\/2460","targetHints":{"allow":["GET"]}}],"collection":[{"href":"https:\/\/mivegec.fr\/fr\/wp-json\/wp\/v2\/pages"}],"about":[{"href":"https:\/\/mivegec.fr\/fr\/wp-json\/wp\/v2\/types\/page"}],"author":[{"embeddable":true,"href":"https:\/\/mivegec.fr\/fr\/wp-json\/wp\/v2\/users\/3"}],"replies":[{"embeddable":true,"href":"https:\/\/mivegec.fr\/fr\/wp-json\/wp\/v2\/comments?post=2460"}],"version-history":[{"count":9,"href":"https:\/\/mivegec.fr\/fr\/wp-json\/wp\/v2\/pages\/2460\/revisions"}],"predecessor-version":[{"id":2863,"href":"https:\/\/mivegec.fr\/fr\/wp-json\/wp\/v2\/pages\/2460\/revisions\/2863"}],"up":[{"embeddable":true,"href":"https:\/\/mivegec.fr\/fr\/wp-json\/wp\/v2\/pages\/401"}],"wp:attachment":[{"href":"https:\/\/mivegec.fr\/fr\/wp-json\/wp\/v2\/media?parent=2460"}],"curies":[{"name":"wp","href":"https:\/\/api.w.org\/{rel}","templated":true}]}}