{"id":2370,"date":"2021-02-04T11:52:28","date_gmt":"2021-02-04T10:52:28","guid":{"rendered":"https:\/\/mivegec.fr\/?page_id=2370"},"modified":"2023-10-05T14:28:55","modified_gmt":"2023-10-05T12:28:55","slug":"structures-internationales","status":"publish","type":"page","link":"https:\/\/mivegec.fr\/fr\/structures-internationales","title":{"rendered":"Structures internationales"},"content":{"rendered":"<p>[et_pb_section bb_built=\u00a0\u00bb1&Prime; fullwidth=\u00a0\u00bbon\u00a0\u00bb _builder_version=\u00a0\u00bb4.6.0&Prime; next_background_color=\u00a0\u00bb#000000&Prime;][et_pb_fullwidth_post_title admin_label=\u00a0\u00bbTitre\u00a0\u00bb meta=\u00a0\u00bboff\u00a0\u00bb featured_image=\u00a0\u00bboff\u00a0\u00bb text_color=\u00a0\u00bblight\u00a0\u00bb _builder_version=\u00a0\u00bb4.6.0&Prime; background_image=\u00a0\u00bbhttps:\/\/mivegec.fr\/wp-content\/uploads\/2020\/09\/MIVEGEC-departements.jpg\u00a0\u00bb vertical_offset_tablet=\u00a0\u00bb0&Prime; horizontal_offset_tablet=\u00a0\u00bb0&Prime; text_orientation=\u00a0\u00bbcenter\u00a0\u00bb custom_padding=\u00a0\u00bb||100px|\u00a0\u00bb z_index_tablet=\u00a0\u00bb0&Prime; title_text_shadow_horizontal_length_tablet=\u00a0\u00bb0px\u00a0\u00bb title_text_shadow_vertical_length_tablet=\u00a0\u00bb0px\u00a0\u00bb title_text_shadow_blur_strength_tablet=\u00a0\u00bb1px\u00a0\u00bb meta_text_shadow_horizontal_length_tablet=\u00a0\u00bb0px\u00a0\u00bb meta_text_shadow_vertical_length_tablet=\u00a0\u00bb0px\u00a0\u00bb meta_text_shadow_blur_strength_tablet=\u00a0\u00bb1px\u00a0\u00bb box_shadow_horizontal_tablet=\u00a0\u00bb0px\u00a0\u00bb box_shadow_vertical_tablet=\u00a0\u00bb0px\u00a0\u00bb box_shadow_blur_tablet=\u00a0\u00bb40px\u00a0\u00bb box_shadow_spread_tablet=\u00a0\u00bb0px\u00a0\u00bb text_shadow_horizontal_length_tablet=\u00a0\u00bb0px\u00a0\u00bb text_shadow_vertical_length_tablet=\u00a0\u00bb0px\u00a0\u00bb text_shadow_blur_strength_tablet=\u00a0\u00bb1px\u00a0\u00bb]<\/p>\n<p><\/p>\n<p>[\/et_pb_fullwidth_post_title][et_pb_fullwidth_code admin_label=\u00a0\u00bbFil d&rsquo;ariane\u00a0\u00bb module_id=\u00a0\u00bbbreadcrumb\u00a0\u00bb _builder_version=\u00a0\u00bb4.6.0&Prime; vertical_offset_tablet=\u00a0\u00bb0&Prime; horizontal_offset_tablet=\u00a0\u00bb0&Prime; text_orientation=\u00a0\u00bbcenter\u00a0\u00bb box_shadow_horizontal_tablet=\u00a0\u00bb0px\u00a0\u00bb box_shadow_vertical_tablet=\u00a0\u00bb0px\u00a0\u00bb box_shadow_blur_tablet=\u00a0\u00bb40px\u00a0\u00bb box_shadow_spread_tablet=\u00a0\u00bb0px\u00a0\u00bb global_module=\u00a0\u00bb1485&Prime; saved_tabs=\u00a0\u00bball\u00a0\u00bb]<span><span><a href=\"https:\/\/mivegec.fr\/fr\">Accueil<\/a><\/span><\/span>[\/et_pb_fullwidth_code][\/et_pb_section][et_pb_section bb_built=\u00a0\u00bb1&Prime; _builder_version=\u00a0\u00bb4.6.0&Prime; prev_background_color=\u00a0\u00bb#000000&Prime;][et_pb_row column_structure=\u00a0\u00bb1_2,1_2&Prime; _builder_version=\u00a0\u00bb4.6.0&Prime; _module_preset=\u00a0\u00bbdefault\u00a0\u00bb][et_pb_column type=\u00a0\u00bb1_2&Prime; _builder_version=\u00a0\u00bb4.6.0&Prime; _module_preset=\u00a0\u00bbdefault\u00a0\u00bb][et_pb_text admin_label=\u00a0\u00bbCANECEV\u00a0\u00bb module_class=\u00a0\u00bbencartShadow\u00a0\u00bb _builder_version=\u00a0\u00bb4.6.0&Prime; _module_preset=\u00a0\u00bbdefault\u00a0\u00bb]<\/p>\n<h2>CANECEV<\/h2>\n<p><em>DS1<\/em><\/p>\n<p>Etudes des processus \u00e9cologiques et \u00e9volutifs sur le cancer \u00ab\u00a0;<\/p>\n<p><strong>Porteur :<\/strong> Fr\u00e9d\u00e9ric Thomas<\/p>\n<p><strong>Financement :<\/strong> CNRS<\/p>\n<p><strong>Th\u00e9matique :<\/strong> Evolution et cancer<\/p>\n<p><a target=\"_blank\" href=\"https:\/\/canecev.org\/\" rel=\"noopener\">En savoir plus<\/a><\/p>\n<p>[\/et_pb_text][et_pb_text admin_label=\u00a0\u00bbDRISA\u00a0\u00bb module_class=\u00a0\u00bbencartShadow\u00a0\u00bb _builder_version=\u00a0\u00bb4.6.0&Prime; _module_preset=\u00a0\u00bbdefault\u00a0\u00bb]<\/p>\n<h2>DRISA<\/h2>\n<p><em>DS2<\/em><\/p>\n<p>DRISA vise \u00e0 \u00e9tudier les m\u00e9canismes et les facteurs qui influencent l&rsquo;\u00e9mergence de la r\u00e9sistance aux antibiotiques en Asie du Sud-Est et son impact en termes de sant\u00e9 publique.\u00a0\u00bb;<\/p>\n<p><strong>Porteur :<\/strong> Anne-Laure Ba\u00f1uls (EPATH)  Participation Mallorie Hid\u00e9 (EPATH)  Participation Baptiste Vergnes (EPATH)  Participation Sylvain Godreuil (EPATH)  Participation Doroth\u00e9e Miss\u00e9 (EDIFICE)  Participation Marc Choisy (PEV)  Participation Rams\u00e8s Didjou-Demasse (PEV)  Participation Samuel Alizon (PEV)<\/p>\n<p><strong>Th\u00e9matique :<\/strong> Ecologie et \u00e9volution de la R\u00e9sistance aux antibiotiques<\/p>\n<p>[\/et_pb_text][et_pb_text admin_label=\u00a0\u00bbIMPALA\u00a0\u00bb module_class=\u00a0\u00bbencartShadow\u00a0\u00bb _builder_version=\u00a0\u00bb4.6.0&Prime; _module_preset=\u00a0\u00bbdefault\u00a0\u00bb]<\/p>\n<h2>IMPALA<\/h2>\n<p><em>DS3<\/em><\/p>\n<p>Mesure des indicateurs de lutte contre le paludisme au Cameroun, suivi de la r\u00e9sistance et \u00e9valuation de l&rsquo;efficacit\u00e9 de nouveaux outils de lutte<\/p>\n<p><strong>Porteur :<\/strong> Sandrine Nsango<\/p>\n<p><strong>Financement :<\/strong> JEAI<\/p>\n<p>[\/et_pb_text][et_pb_text admin_label=\u00a0\u00bbSENTINELA\u00a0\u00bb module_class=\u00a0\u00bbencartShadow\u00a0\u00bb _builder_version=\u00a0\u00bb4.6.0&Prime; _module_preset=\u00a0\u00bbdefault\u00a0\u00bb hover_enabled=\u00a0\u00bb0&Prime; sticky_enabled=\u00a0\u00bb0&Prime;]<\/p>\n<h2>SENTINELA<\/h2>\n<p><em>DS3<\/em><\/p>\n<p>LMI: Observatoires transfrontaliers de l&rsquo;Environnement, du Climat et des Maladies Vectorielles<\/p>\n<p><strong>Porteur :<\/strong> C. BARCELLOS, H. GURGEL, E. ROUX<\/p>\n<p><strong>Financement :<\/strong> IRD<\/p>\n<p>[\/et_pb_text][\/et_pb_column][et_pb_column type=\u00a0\u00bb1_2&Prime; _builder_version=\u00a0\u00bb4.6.0&Prime; _module_preset=\u00a0\u00bbdefault\u00a0\u00bb][et_pb_text admin_label=\u00a0\u00bbELDORADO\u00a0\u00bb module_class=\u00a0\u00bbencartShadow\u00a0\u00bb _builder_version=\u00a0\u00bb4.6.0&Prime; _module_preset=\u00a0\u00bbdefault\u00a0\u00bb]<\/p>\n<h2>ELDORADO<\/h2>\n<p><em>DS1<\/em><\/p>\n<p>Etude dans le Yucatan, \u00e0 Haiti et au Guatemala comment la protection de la biodiversit\u00e9 diminue le risque d&rsquo;\u00e9mergence zoonotique<\/p>\n<p><strong>Porteur :<\/strong> Benjamin Roche<\/p>\n<p><strong>Financement :<\/strong> IRD<\/p>\n<p><strong>Th\u00e9matique :<\/strong> Biodiversit\u00e9 et sant\u00e9<\/p>\n<p>[\/et_pb_text][et_pb_text admin_label=\u00a0\u00bbGRAVIR\u00a0\u00bb module_class=\u00a0\u00bbencartShadow\u00a0\u00bb _builder_version=\u00a0\u00bb4.6.0&Prime; _module_preset=\u00a0\u00bbdefault\u00a0\u00bb]<\/p>\n<h2>GRAVIR<\/h2>\n<p><em>DS3<\/em><\/p>\n<p>Le GDRI GRAVIR, coordonn\u00e9 par l&rsquo;UMR MIVEGEC, a pour objectif de faciliter la coop\u00e9ration scientifique sous-r\u00e9gionale dans le domaine de l&rsquo;entomologie m\u00e9dicale. <\/p>\n<p><strong>Porteur :<\/strong> Christophe Paupy<\/p>\n<p><strong>Financement :<\/strong> IRD<\/p>\n<p><strong>Th\u00e9matique :<\/strong> R\u00e9seau<\/p>\n<p>[\/et_pb_text][et_pb_text admin_label=\u00a0\u00bbLAMIVECT\u00a0\u00bb module_class=\u00a0\u00bbencartShadow\u00a0\u00bb _builder_version=\u00a0\u00bb4.6.0&Prime; _module_preset=\u00a0\u00bbdefault\u00a0\u00bb]<\/p>\n<h2>LAMIVECT<\/h2>\n<p><em>DS3<\/em><\/p>\n<p>Le Laboratoire Mixte International sur les Maladies \u00e0 Vecteurs (LAMIVECT). Il s&rsquo;int\u00e9resse aux maladies \u00e0 vecteurs qui touchent l&rsquo;Homme et ses animaux domestiques au Burkina Faso et en C\u00f4te d&rsquo;Ivoire<\/p>\n<p><strong>Porteur :<\/strong> COURTIN F, DABIRE RK<\/p>\n<p><strong>Financement :<\/strong> IRD\/CIRA<\/p>\n<p><a target=\"_blank\" href=\"https:\/\/lamivect.org\/\" rel=\"noopener\">En savoir plus<\/a><\/p>\n<p>[\/et_pb_text][et_pb_text admin_label=\u00a0\u00bbLAMIVECT\u00a0\u00bb module_class=\u00a0\u00bbencartShadow\u00a0\u00bb _builder_version=\u00a0\u00bb4.22.2&Prime; _module_preset=\u00a0\u00bbdefault\u00a0\u00bb background_pattern_color=\u00a0\u00bbrgba(0,0,0,0.2)\u00a0\u00bb background_mask_color=\u00a0\u00bb#ffffff\u00a0\u00bb text_text_shadow_horizontal_length=\u00a0\u00bbtext_text_shadow_style,%91object Object%93&Prime; text_text_shadow_horizontal_length_tablet=\u00a0\u00bb0px\u00a0\u00bb text_text_shadow_vertical_length=\u00a0\u00bbtext_text_shadow_style,%91object Object%93&Prime; text_text_shadow_vertical_length_tablet=\u00a0\u00bb0px\u00a0\u00bb text_text_shadow_blur_strength=\u00a0\u00bbtext_text_shadow_style,%91object Object%93&Prime; text_text_shadow_blur_strength_tablet=\u00a0\u00bb1px\u00a0\u00bb link_text_shadow_horizontal_length=\u00a0\u00bblink_text_shadow_style,%91object Object%93&Prime; link_text_shadow_horizontal_length_tablet=\u00a0\u00bb0px\u00a0\u00bb link_text_shadow_vertical_length=\u00a0\u00bblink_text_shadow_style,%91object Object%93&Prime; link_text_shadow_vertical_length_tablet=\u00a0\u00bb0px\u00a0\u00bb link_text_shadow_blur_strength=\u00a0\u00bblink_text_shadow_style,%91object Object%93&Prime; link_text_shadow_blur_strength_tablet=\u00a0\u00bb1px\u00a0\u00bb ul_text_shadow_horizontal_length=\u00a0\u00bbul_text_shadow_style,%91object Object%93&Prime; ul_text_shadow_horizontal_length_tablet=\u00a0\u00bb0px\u00a0\u00bb ul_text_shadow_vertical_length=\u00a0\u00bbul_text_shadow_style,%91object Object%93&Prime; ul_text_shadow_vertical_length_tablet=\u00a0\u00bb0px\u00a0\u00bb ul_text_shadow_blur_strength=\u00a0\u00bbul_text_shadow_style,%91object Object%93&Prime; ul_text_shadow_blur_strength_tablet=\u00a0\u00bb1px\u00a0\u00bb ol_text_shadow_horizontal_length=\u00a0\u00bbol_text_shadow_style,%91object Object%93&Prime; ol_text_shadow_horizontal_length_tablet=\u00a0\u00bb0px\u00a0\u00bb ol_text_shadow_vertical_length=\u00a0\u00bbol_text_shadow_style,%91object Object%93&Prime; ol_text_shadow_vertical_length_tablet=\u00a0\u00bb0px\u00a0\u00bb ol_text_shadow_blur_strength=\u00a0\u00bbol_text_shadow_style,%91object Object%93&Prime; ol_text_shadow_blur_strength_tablet=\u00a0\u00bb1px\u00a0\u00bb quote_text_shadow_horizontal_length=\u00a0\u00bbquote_text_shadow_style,%91object Object%93&Prime; quote_text_shadow_horizontal_length_tablet=\u00a0\u00bb0px\u00a0\u00bb quote_text_shadow_vertical_length=\u00a0\u00bbquote_text_shadow_style,%91object Object%93&Prime; quote_text_shadow_vertical_length_tablet=\u00a0\u00bb0px\u00a0\u00bb quote_text_shadow_blur_strength=\u00a0\u00bbquote_text_shadow_style,%91object Object%93&Prime; quote_text_shadow_blur_strength_tablet=\u00a0\u00bb1px\u00a0\u00bb header_text_shadow_horizontal_length=\u00a0\u00bbheader_text_shadow_style,%91object Object%93&Prime; header_text_shadow_horizontal_length_tablet=\u00a0\u00bb0px\u00a0\u00bb header_text_shadow_vertical_length=\u00a0\u00bbheader_text_shadow_style,%91object Object%93&Prime; header_text_shadow_vertical_length_tablet=\u00a0\u00bb0px\u00a0\u00bb header_text_shadow_blur_strength=\u00a0\u00bbheader_text_shadow_style,%91object Object%93&Prime; header_text_shadow_blur_strength_tablet=\u00a0\u00bb1px\u00a0\u00bb header_2_text_shadow_horizontal_length=\u00a0\u00bbheader_2_text_shadow_style,%91object Object%93&Prime; header_2_text_shadow_horizontal_length_tablet=\u00a0\u00bb0px\u00a0\u00bb header_2_text_shadow_vertical_length=\u00a0\u00bbheader_2_text_shadow_style,%91object Object%93&Prime; header_2_text_shadow_vertical_length_tablet=\u00a0\u00bb0px\u00a0\u00bb header_2_text_shadow_blur_strength=\u00a0\u00bbheader_2_text_shadow_style,%91object Object%93&Prime; header_2_text_shadow_blur_strength_tablet=\u00a0\u00bb1px\u00a0\u00bb header_3_text_shadow_horizontal_length=\u00a0\u00bbheader_3_text_shadow_style,%91object Object%93&Prime; header_3_text_shadow_horizontal_length_tablet=\u00a0\u00bb0px\u00a0\u00bb header_3_text_shadow_vertical_length=\u00a0\u00bbheader_3_text_shadow_style,%91object Object%93&Prime; header_3_text_shadow_vertical_length_tablet=\u00a0\u00bb0px\u00a0\u00bb header_3_text_shadow_blur_strength=\u00a0\u00bbheader_3_text_shadow_style,%91object Object%93&Prime; header_3_text_shadow_blur_strength_tablet=\u00a0\u00bb1px\u00a0\u00bb header_4_text_shadow_horizontal_length=\u00a0\u00bbheader_4_text_shadow_style,%91object Object%93&Prime; header_4_text_shadow_horizontal_length_tablet=\u00a0\u00bb0px\u00a0\u00bb header_4_text_shadow_vertical_length=\u00a0\u00bbheader_4_text_shadow_style,%91object Object%93&Prime; header_4_text_shadow_vertical_length_tablet=\u00a0\u00bb0px\u00a0\u00bb header_4_text_shadow_blur_strength=\u00a0\u00bbheader_4_text_shadow_style,%91object Object%93&Prime; header_4_text_shadow_blur_strength_tablet=\u00a0\u00bb1px\u00a0\u00bb header_5_text_shadow_horizontal_length=\u00a0\u00bbheader_5_text_shadow_style,%91object Object%93&Prime; header_5_text_shadow_horizontal_length_tablet=\u00a0\u00bb0px\u00a0\u00bb header_5_text_shadow_vertical_length=\u00a0\u00bbheader_5_text_shadow_style,%91object Object%93&Prime; header_5_text_shadow_vertical_length_tablet=\u00a0\u00bb0px\u00a0\u00bb header_5_text_shadow_blur_strength=\u00a0\u00bbheader_5_text_shadow_style,%91object Object%93&Prime; header_5_text_shadow_blur_strength_tablet=\u00a0\u00bb1px\u00a0\u00bb header_6_text_shadow_horizontal_length=\u00a0\u00bbheader_6_text_shadow_style,%91object Object%93&Prime; header_6_text_shadow_horizontal_length_tablet=\u00a0\u00bb0px\u00a0\u00bb header_6_text_shadow_vertical_length=\u00a0\u00bbheader_6_text_shadow_style,%91object Object%93&Prime; header_6_text_shadow_vertical_length_tablet=\u00a0\u00bb0px\u00a0\u00bb header_6_text_shadow_blur_strength=\u00a0\u00bbheader_6_text_shadow_style,%91object Object%93&Prime; header_6_text_shadow_blur_strength_tablet=\u00a0\u00bb1px\u00a0\u00bb box_shadow_horizontal_tablet=\u00a0\u00bb0px\u00a0\u00bb box_shadow_vertical_tablet=\u00a0\u00bb0px\u00a0\u00bb box_shadow_blur_tablet=\u00a0\u00bb40px\u00a0\u00bb box_shadow_spread_tablet=\u00a0\u00bb0px\u00a0\u00bb vertical_offset_tablet=\u00a0\u00bb0&Prime; horizontal_offset_tablet=\u00a0\u00bb0&Prime; z_index_tablet=\u00a0\u00bb0&Prime;]<\/p>\n<h2>PRESTO<\/h2>\n<p><em>DS5<\/em><\/p>\n<p>The LMI PRESTO (PRotect-dEtect-STOp) is a joint research and training program at the regional level, supported by the IRD, universities and research institutes in the Southeast Asian region.<\/p>\n<p><strong>Porteur :<\/strong> LOCATELLI S, NGO GIANG HUONG N<\/p>\n<p><strong>Financement :<\/strong> IRD<\/p>\n<p><a href=\"https:\/\/en.ird.fr\/laos\/recherche\" target=\"_blank\" rel=\"noopener\">En savoir plus<\/a><\/p>\n<p>[\/et_pb_text][et_pb_text admin_label=\u00a0\u00bbSTIMULI\u00a0\u00bb module_class=\u00a0\u00bbencartShadow\u00a0\u00bb _builder_version=\u00a0\u00bb4.6.0&Prime; _module_preset=\u00a0\u00bbdefault\u00a0\u00bb hover_enabled=\u00a0\u00bb0&Prime; sticky_enabled=\u00a0\u00bb0&Prime;]<\/p>\n<h2>STIMULI<\/h2>\n<p><em>DS3<\/em><\/p>\n<p>The role of the mosquito bite on the dynamics and infectiousness-to-mosquito of asymptomatic Plasmodium falciparum carriers in Ghana\u00a0\u00bb;\u00a0\u00bbUniversit\u00e9 du Ghana<\/p>\n<p><strong>Porteur :<\/strong> Linda E. Amoah<\/p>\n<p><strong>Financement :<\/strong> IRD<\/p>\n<p>[\/et_pb_text][\/et_pb_column][\/et_pb_row][\/et_pb_section]<\/p>\n","protected":false},"excerpt":{"rendered":"<p><span><span><a href=\"https:\/\/mivegec.fr\/fr\">Accueil<\/a><\/span><\/span> CANECEV DS1 Etudes des processus \u00e9cologiques et \u00e9volutifs sur le cancer \u00ab\u00a0; Porteur : Fr\u00e9d\u00e9ric Thomas Financement : CNRS Th\u00e9matique : Evolution et cancer En savoir plus DRISA DS2 DRISA vise \u00e0 \u00e9tudier les m\u00e9canismes et les facteurs qui influencent l&rsquo;\u00e9mergence de la r\u00e9sistance aux antibiotiques en Asie du Sud-Est et son impact en [&hellip;]<\/p>\n","protected":false},"author":3,"featured_media":0,"parent":0,"menu_order":0,"comment_status":"closed","ping_status":"closed","template":"","meta":{"_acf_changed":false,"_et_pb_use_builder":"on","_et_pb_old_content":"","_et_gb_content_width":"","footnotes":""},"class_list":["post-2370","page","type-page","status-publish","hentry"],"acf":[],"yoast_head":"<!-- This site is optimized with the Yoast SEO plugin v26.8 - https:\/\/yoast.com\/product\/yoast-seo-wordpress\/ -->\n<title>Structures internationales - MIVEGEC<\/title>\n<meta name=\"robots\" content=\"index, follow, max-snippet:-1, max-image-preview:large, max-video-preview:-1\" \/>\n<link rel=\"canonical\" href=\"https:\/\/mivegec.fr\/fr\/structures-internationales\" \/>\n<meta property=\"og:locale\" content=\"fr_FR\" \/>\n<meta property=\"og:type\" content=\"article\" \/>\n<meta property=\"og:title\" content=\"Structures internationales - MIVEGEC\" \/>\n<meta property=\"og:description\" content=\"CANECEV DS1 Etudes des processus \u00e9cologiques et \u00e9volutifs sur le cancer &quot;; Porteur : Fr\u00e9d\u00e9ric Thomas Financement : CNRS Th\u00e9matique : Evolution et cancer En savoir plus DRISA DS2 DRISA vise \u00e0 \u00e9tudier les m\u00e9canismes et les facteurs qui influencent l&#039;\u00e9mergence de la r\u00e9sistance aux antibiotiques en Asie du Sud-Est et son impact en [&hellip;]\" \/>\n<meta property=\"og:url\" content=\"https:\/\/mivegec.fr\/fr\/structures-internationales\" \/>\n<meta property=\"og:site_name\" content=\"MIVEGEC\" \/>\n<meta property=\"article:modified_time\" content=\"2023-10-05T12:28:55+00:00\" \/>\n<meta name=\"twitter:card\" content=\"summary_large_image\" \/>\n<meta name=\"twitter:label1\" content=\"Dur\u00e9e de lecture estim\u00e9e\" \/>\n\t<meta name=\"twitter:data1\" content=\"3 minutes\" \/>\n<script type=\"application\/ld+json\" class=\"yoast-schema-graph\">{\"@context\":\"https:\/\/schema.org\",\"@graph\":[{\"@type\":\"WebPage\",\"@id\":\"https:\/\/mivegec.fr\/fr\/structures-internationales\",\"url\":\"https:\/\/mivegec.fr\/fr\/structures-internationales\",\"name\":\"Structures internationales - MIVEGEC\",\"isPartOf\":{\"@id\":\"https:\/\/mivegec.fr\/fr\/#website\"},\"datePublished\":\"2021-02-04T10:52:28+00:00\",\"dateModified\":\"2023-10-05T12:28:55+00:00\",\"breadcrumb\":{\"@id\":\"https:\/\/mivegec.fr\/fr\/structures-internationales#breadcrumb\"},\"inLanguage\":\"fr-FR\",\"potentialAction\":[{\"@type\":\"ReadAction\",\"target\":[\"https:\/\/mivegec.fr\/fr\/structures-internationales\"]}]},{\"@type\":\"BreadcrumbList\",\"@id\":\"https:\/\/mivegec.fr\/fr\/structures-internationales#breadcrumb\",\"itemListElement\":[{\"@type\":\"ListItem\",\"position\":1,\"name\":\"Accueil\",\"item\":\"https:\/\/mivegec.fr\/fr\"},{\"@type\":\"ListItem\",\"position\":2,\"name\":\"Structures internationales\"}]},{\"@type\":\"WebSite\",\"@id\":\"https:\/\/mivegec.fr\/fr\/#website\",\"url\":\"https:\/\/mivegec.fr\/fr\/\",\"name\":\"MIVEGEC\",\"description\":\"Maladies infectieuses et Vecteurs : \u00c9cologie, G\u00e9n\u00e9tique, \u00c9volution et Contr\u00f4le\",\"publisher\":{\"@id\":\"https:\/\/mivegec.fr\/fr\/#organization\"},\"potentialAction\":[{\"@type\":\"SearchAction\",\"target\":{\"@type\":\"EntryPoint\",\"urlTemplate\":\"https:\/\/mivegec.fr\/fr\/?s={search_term_string}\"},\"query-input\":{\"@type\":\"PropertyValueSpecification\",\"valueRequired\":true,\"valueName\":\"search_term_string\"}}],\"inLanguage\":\"fr-FR\"},{\"@type\":\"Organization\",\"@id\":\"https:\/\/mivegec.fr\/fr\/#organization\",\"name\":\"Mivegec\",\"url\":\"https:\/\/mivegec.fr\/fr\/\",\"logo\":{\"@type\":\"ImageObject\",\"inLanguage\":\"fr-FR\",\"@id\":\"https:\/\/mivegec.fr\/fr\/#\/schema\/logo\/image\/\",\"url\":\"https:\/\/mivegec.fr\/wp-content\/uploads\/2021\/03\/logo-mivegec@2x.png\",\"contentUrl\":\"https:\/\/mivegec.fr\/wp-content\/uploads\/2021\/03\/logo-mivegec@2x.png\",\"width\":616,\"height\":405,\"caption\":\"Mivegec\"},\"image\":{\"@id\":\"https:\/\/mivegec.fr\/fr\/#\/schema\/logo\/image\/\"}}]}<\/script>\n<!-- \/ Yoast SEO plugin. -->","yoast_head_json":{"title":"Structures internationales - MIVEGEC","robots":{"index":"index","follow":"follow","max-snippet":"max-snippet:-1","max-image-preview":"max-image-preview:large","max-video-preview":"max-video-preview:-1"},"canonical":"https:\/\/mivegec.fr\/fr\/structures-internationales","og_locale":"fr_FR","og_type":"article","og_title":"Structures internationales - MIVEGEC","og_description":"CANECEV DS1 Etudes des processus \u00e9cologiques et \u00e9volutifs sur le cancer \"; Porteur : Fr\u00e9d\u00e9ric Thomas Financement : CNRS Th\u00e9matique : Evolution et cancer En savoir plus DRISA DS2 DRISA vise \u00e0 \u00e9tudier les m\u00e9canismes et les facteurs qui influencent l'\u00e9mergence de la r\u00e9sistance aux antibiotiques en Asie du Sud-Est et son impact en [&hellip;]","og_url":"https:\/\/mivegec.fr\/fr\/structures-internationales","og_site_name":"MIVEGEC","article_modified_time":"2023-10-05T12:28:55+00:00","twitter_card":"summary_large_image","twitter_misc":{"Dur\u00e9e de lecture estim\u00e9e":"3 minutes"},"schema":{"@context":"https:\/\/schema.org","@graph":[{"@type":"WebPage","@id":"https:\/\/mivegec.fr\/fr\/structures-internationales","url":"https:\/\/mivegec.fr\/fr\/structures-internationales","name":"Structures internationales - MIVEGEC","isPartOf":{"@id":"https:\/\/mivegec.fr\/fr\/#website"},"datePublished":"2021-02-04T10:52:28+00:00","dateModified":"2023-10-05T12:28:55+00:00","breadcrumb":{"@id":"https:\/\/mivegec.fr\/fr\/structures-internationales#breadcrumb"},"inLanguage":"fr-FR","potentialAction":[{"@type":"ReadAction","target":["https:\/\/mivegec.fr\/fr\/structures-internationales"]}]},{"@type":"BreadcrumbList","@id":"https:\/\/mivegec.fr\/fr\/structures-internationales#breadcrumb","itemListElement":[{"@type":"ListItem","position":1,"name":"Accueil","item":"https:\/\/mivegec.fr\/fr"},{"@type":"ListItem","position":2,"name":"Structures internationales"}]},{"@type":"WebSite","@id":"https:\/\/mivegec.fr\/fr\/#website","url":"https:\/\/mivegec.fr\/fr\/","name":"MIVEGEC","description":"Maladies infectieuses et Vecteurs : \u00c9cologie, G\u00e9n\u00e9tique, \u00c9volution et Contr\u00f4le","publisher":{"@id":"https:\/\/mivegec.fr\/fr\/#organization"},"potentialAction":[{"@type":"SearchAction","target":{"@type":"EntryPoint","urlTemplate":"https:\/\/mivegec.fr\/fr\/?s={search_term_string}"},"query-input":{"@type":"PropertyValueSpecification","valueRequired":true,"valueName":"search_term_string"}}],"inLanguage":"fr-FR"},{"@type":"Organization","@id":"https:\/\/mivegec.fr\/fr\/#organization","name":"Mivegec","url":"https:\/\/mivegec.fr\/fr\/","logo":{"@type":"ImageObject","inLanguage":"fr-FR","@id":"https:\/\/mivegec.fr\/fr\/#\/schema\/logo\/image\/","url":"https:\/\/mivegec.fr\/wp-content\/uploads\/2021\/03\/logo-mivegec@2x.png","contentUrl":"https:\/\/mivegec.fr\/wp-content\/uploads\/2021\/03\/logo-mivegec@2x.png","width":616,"height":405,"caption":"Mivegec"},"image":{"@id":"https:\/\/mivegec.fr\/fr\/#\/schema\/logo\/image\/"}}]}},"_links":{"self":[{"href":"https:\/\/mivegec.fr\/fr\/wp-json\/wp\/v2\/pages\/2370","targetHints":{"allow":["GET"]}}],"collection":[{"href":"https:\/\/mivegec.fr\/fr\/wp-json\/wp\/v2\/pages"}],"about":[{"href":"https:\/\/mivegec.fr\/fr\/wp-json\/wp\/v2\/types\/page"}],"author":[{"embeddable":true,"href":"https:\/\/mivegec.fr\/fr\/wp-json\/wp\/v2\/users\/3"}],"replies":[{"embeddable":true,"href":"https:\/\/mivegec.fr\/fr\/wp-json\/wp\/v2\/comments?post=2370"}],"version-history":[{"count":12,"href":"https:\/\/mivegec.fr\/fr\/wp-json\/wp\/v2\/pages\/2370\/revisions"}],"predecessor-version":[{"id":9253,"href":"https:\/\/mivegec.fr\/fr\/wp-json\/wp\/v2\/pages\/2370\/revisions\/9253"}],"wp:attachment":[{"href":"https:\/\/mivegec.fr\/fr\/wp-json\/wp\/v2\/media?parent=2370"}],"curies":[{"name":"wp","href":"https:\/\/api.w.org\/{rel}","templated":true}]}}