{"id":2325,"date":"2021-02-02T10:36:39","date_gmt":"2021-02-02T09:36:39","guid":{"rendered":"https:\/\/mivegec.fr\/?page_id=2325"},"modified":"2025-02-25T12:12:07","modified_gmt":"2025-02-25T11:12:07","slug":"plateau-bioinformatique","status":"publish","type":"page","link":"https:\/\/mivegec.fr\/fr\/plateau-bioinformatique","title":{"rendered":"Plateau bioinformatique"},"content":{"rendered":"<p>[et_pb_section fb_built=\u00a0\u00bb1&Prime; fullwidth=\u00a0\u00bbon\u00a0\u00bb _builder_version=\u00a0\u00bb4.16&Prime; global_colors_info=\u00a0\u00bb{}\u00a0\u00bb][et_pb_fullwidth_post_title meta=\u00a0\u00bboff\u00a0\u00bb featured_image=\u00a0\u00bboff\u00a0\u00bb text_color=\u00a0\u00bblight\u00a0\u00bb admin_label=\u00a0\u00bbTitre\u00a0\u00bb _builder_version=\u00a0\u00bb4.16&Prime; background_image=\u00a0\u00bbhttps:\/\/mivegec.fr\/wp-content\/uploads\/2021\/01\/Mivegec-departements.jpg\u00a0\u00bb vertical_offset_tablet=\u00a0\u00bb0&Prime; horizontal_offset_tablet=\u00a0\u00bb0&Prime; text_orientation=\u00a0\u00bbcenter\u00a0\u00bb custom_padding=\u00a0\u00bb||100px|\u00a0\u00bb z_index_tablet=\u00a0\u00bb0&Prime; title_text_shadow_horizontal_length_tablet=\u00a0\u00bb0px\u00a0\u00bb title_text_shadow_vertical_length_tablet=\u00a0\u00bb0px\u00a0\u00bb title_text_shadow_blur_strength_tablet=\u00a0\u00bb1px\u00a0\u00bb meta_text_shadow_horizontal_length_tablet=\u00a0\u00bb0px\u00a0\u00bb meta_text_shadow_vertical_length_tablet=\u00a0\u00bb0px\u00a0\u00bb meta_text_shadow_blur_strength_tablet=\u00a0\u00bb1px\u00a0\u00bb box_shadow_horizontal_tablet=\u00a0\u00bb0px\u00a0\u00bb box_shadow_vertical_tablet=\u00a0\u00bb0px\u00a0\u00bb box_shadow_blur_tablet=\u00a0\u00bb40px\u00a0\u00bb box_shadow_spread_tablet=\u00a0\u00bb0px\u00a0\u00bb text_shadow_horizontal_length_tablet=\u00a0\u00bb0px\u00a0\u00bb text_shadow_vertical_length_tablet=\u00a0\u00bb0px\u00a0\u00bb text_shadow_blur_strength_tablet=\u00a0\u00bb1px\u00a0\u00bb global_colors_info=\u00a0\u00bb{}\u00a0\u00bb][\/et_pb_fullwidth_post_title][et_pb_fullwidth_code admin_label=\u00a0\u00bbFil d&rsquo;ariane\u00a0\u00bb module_id=\u00a0\u00bbbreadcrumb\u00a0\u00bb _builder_version=\u00a0\u00bb4.24.0&Prime; vertical_offset_tablet=\u00a0\u00bb0&Prime; horizontal_offset_tablet=\u00a0\u00bb0&Prime; text_orientation=\u00a0\u00bbcenter\u00a0\u00bb box_shadow_horizontal_tablet=\u00a0\u00bb0px\u00a0\u00bb box_shadow_vertical_tablet=\u00a0\u00bb0px\u00a0\u00bb box_shadow_blur_tablet=\u00a0\u00bb40px\u00a0\u00bb box_shadow_spread_tablet=\u00a0\u00bb0px\u00a0\u00bb global_module=\u00a0\u00bb1485&Prime; saved_tabs=\u00a0\u00bball\u00a0\u00bb global_colors_info=\u00a0\u00bb{}\u00a0\u00bb]<span><span><a href=\"https:\/\/mivegec.fr\/fr\">Accueil<\/a><\/span><\/span>[\/et_pb_fullwidth_code][\/et_pb_section][et_pb_section fb_built=\u00a0\u00bb1&Prime; _builder_version=\u00a0\u00bb4.16&Prime; global_colors_info=\u00a0\u00bb{}\u00a0\u00bb][et_pb_row _builder_version=\u00a0\u00bb4.16&Prime; _module_preset=\u00a0\u00bbdefault\u00a0\u00bb global_colors_info=\u00a0\u00bb{}\u00a0\u00bb][et_pb_column type=\u00a0\u00bb4_4&Prime; _builder_version=\u00a0\u00bb4.16&Prime; _module_preset=\u00a0\u00bbdefault\u00a0\u00bb global_colors_info=\u00a0\u00bb{}\u00a0\u00bb][et_pb_text _builder_version=\u00a0\u00bb4.16&Prime; _module_preset=\u00a0\u00bbdefault\u00a0\u00bb global_colors_info=\u00a0\u00bb{}\u00a0\u00bb]<\/p>\n<p>Le plateau bioinformatique <a href=\"https:\/\/bioinfo.ird.fr\" target=\"_blank\" rel=\"noopener\">i-Trop &#8211; Plantes \/ Sant\u00e9 &#8211;<\/a> met \u00e0 disposition des ressources pour les 4 unit\u00e9s de recherche suivantes et leurs partenaires au Sud :<\/p>\n<table style=\"width: 630px; height: 229px;\">\n<tbody>\n<tr>\n<td>\n<ul>\n<li><a href=\"https:\/\/www.mivegec.fr\/fr\/\" target=\"_blank\" rel=\"noopener\">MIVEGEC<\/a><\/li>\n<li><a href=\"https:\/\/transvihmi.ird.fr\/\" target=\"_blank\" rel=\"noopener\">TransVIHMI<\/a><\/li>\n<li><a href=\"https:\/\/umr-phim.cirad.fr\/\">PHIM<\/a><\/li>\n<li><a href=\"https:\/\/www.diade.ird.fr\/\" target=\"_blank\" rel=\"noopener\">DIADE<\/a><\/li>\n<\/ul>\n<\/td>\n<td><img loading=\"lazy\" decoding=\"async\" style=\"float: right;\" src=\"\/images\/stories\/logos\/i-trop16.png.jpeg\" alt=\"i trop16.png\" width=\"300\" height=\"212\" \/><\/td>\n<\/tr>\n<\/tbody>\n<\/table>\n<p>Ce plateau r\u00e9pond \u00e0 3 besoins en informatique pour la science :<\/p>\n<p>&#8211; Calcul Haute Performance pour le traitement de donn\u00e9es (bioinformatique, mod\u00e9lisation) avec un cluster de 26 noeuds de calcul;<br \/>&#8211; Applications informatiques pour la science (bases de donn\u00e9es sur les essais et \u00e9tudes cliniques sur le VIH et Ebola, bases de donn\u00e9es sur le caf\u00e9, le riz, les collections d&rsquo;insectes, pour la gestion des \u00e9chantillons biologiques de laboratoires, sites web, etc.);<br \/>&#8211; Formation en bioinformatique et \u00e9coles th\u00e9matiques au Sud.<\/p>\n<p>Actuellement, cette plateforme est g\u00e9r\u00e9e et anim\u00e9e par un administrateur syst\u00e8me (Ndomassi TANDO), 6 bioinformaticiennes ( Aurore COMTE, Jacques DAINAT, Alexis DEREEPER, Nicolas FERNANDEZ, Julie ORJUELA et Christine TRANCHANT-DUBREUIL) et un ing\u00e9nieur sp\u00e9cialis\u00e9 dans les syst\u00e8mes d&rsquo;information pour la science (Bruno GRANOUILLAC).<\/p>\n<p>Elle h\u00e9berge de nombreux outils bioinformatiques et applications scientifiques.<\/p>\n<p>Elle compte plus de 200 utilisateurs.<\/p>\n<p>Plus de renseignements sur le site web : <a href=\"https:\/\/bioinfo.ird.fr\">https:\/\/bioinfo.ird.fr<\/a><br \/>Contact : <a href=\"mailto:bioinfo@ird.fr\">bioinfo@ird.fr<\/a><\/p>\n<h3>Membres de l&rsquo;\u00e9quipe :<\/h3>\n<ul>\n<li><a href=\"https:\/\/mivegec.fr\/fr\/annuaire\/agent?id=9\"> GRANOUILLAC <\/a> Bruno <small><br \/>IEHC IRD<\/small><\/li>\n<li><a href=\"https:\/\/mivegec.fr\/fr\/annuaire\/agent?id=471\"> DAINAT Jacques<\/a><small><br \/>IR IRD<\/small><\/li>\n<\/ul>\n<p>[\/et_pb_text][\/et_pb_column][\/et_pb_row][\/et_pb_section]<\/p>\n","protected":false},"excerpt":{"rendered":"<p><span><span><a href=\"https:\/\/mivegec.fr\/fr\">Accueil<\/a><\/span><\/span>Le plateau bioinformatique i-Trop &#8211; Plantes \/ Sant\u00e9 &#8211; met \u00e0 disposition des ressources pour les 4 unit\u00e9s de recherche suivantes et leurs partenaires au Sud : MIVEGEC TransVIHMI PHIM DIADE Ce plateau r\u00e9pond \u00e0 3 besoins en informatique pour la science : &#8211; Calcul Haute Performance pour le traitement de donn\u00e9es (bioinformatique, mod\u00e9lisation) avec [&hellip;]<\/p>\n","protected":false},"author":3,"featured_media":0,"parent":0,"menu_order":0,"comment_status":"closed","ping_status":"closed","template":"","meta":{"_acf_changed":false,"_et_pb_use_builder":"on","_et_pb_old_content":"","_et_gb_content_width":"","footnotes":""},"class_list":["post-2325","page","type-page","status-publish","hentry"],"acf":[],"yoast_head":"<!-- This site is optimized with the Yoast SEO plugin v26.8 - https:\/\/yoast.com\/product\/yoast-seo-wordpress\/ -->\n<title>Plateau bioinformatique - MIVEGEC<\/title>\n<meta name=\"robots\" content=\"index, follow, max-snippet:-1, max-image-preview:large, max-video-preview:-1\" \/>\n<link rel=\"canonical\" href=\"https:\/\/mivegec.fr\/fr\/plateau-bioinformatique\" \/>\n<meta property=\"og:locale\" content=\"fr_FR\" \/>\n<meta property=\"og:type\" content=\"article\" \/>\n<meta property=\"og:title\" content=\"Plateau bioinformatique - MIVEGEC\" \/>\n<meta property=\"og:description\" content=\"Le plateau bioinformatique i-Trop - Plantes \/ Sant\u00e9 - met \u00e0 disposition des ressources pour les 4 unit\u00e9s de recherche suivantes et leurs partenaires au Sud : MIVEGEC TransVIHMI PHIM DIADE Ce plateau r\u00e9pond \u00e0 3 besoins en informatique pour la science : - Calcul Haute Performance pour le traitement de donn\u00e9es (bioinformatique, mod\u00e9lisation) avec [&hellip;]\" \/>\n<meta property=\"og:url\" content=\"https:\/\/mivegec.fr\/fr\/plateau-bioinformatique\" \/>\n<meta property=\"og:site_name\" content=\"MIVEGEC\" \/>\n<meta property=\"article:modified_time\" content=\"2025-02-25T11:12:07+00:00\" \/>\n<meta name=\"twitter:card\" content=\"summary_large_image\" \/>\n<meta name=\"twitter:label1\" content=\"Dur\u00e9e de lecture estim\u00e9e\" \/>\n\t<meta name=\"twitter:data1\" content=\"2 minutes\" \/>\n<script type=\"application\/ld+json\" class=\"yoast-schema-graph\">{\"@context\":\"https:\/\/schema.org\",\"@graph\":[{\"@type\":\"WebPage\",\"@id\":\"https:\/\/mivegec.fr\/fr\/plateau-bioinformatique\",\"url\":\"https:\/\/mivegec.fr\/fr\/plateau-bioinformatique\",\"name\":\"Plateau bioinformatique - MIVEGEC\",\"isPartOf\":{\"@id\":\"https:\/\/mivegec.fr\/fr\/#website\"},\"datePublished\":\"2021-02-02T09:36:39+00:00\",\"dateModified\":\"2025-02-25T11:12:07+00:00\",\"breadcrumb\":{\"@id\":\"https:\/\/mivegec.fr\/fr\/plateau-bioinformatique#breadcrumb\"},\"inLanguage\":\"fr-FR\",\"potentialAction\":[{\"@type\":\"ReadAction\",\"target\":[\"https:\/\/mivegec.fr\/fr\/plateau-bioinformatique\"]}]},{\"@type\":\"BreadcrumbList\",\"@id\":\"https:\/\/mivegec.fr\/fr\/plateau-bioinformatique#breadcrumb\",\"itemListElement\":[{\"@type\":\"ListItem\",\"position\":1,\"name\":\"Accueil\",\"item\":\"https:\/\/mivegec.fr\/fr\"},{\"@type\":\"ListItem\",\"position\":2,\"name\":\"Plateau bioinformatique\"}]},{\"@type\":\"WebSite\",\"@id\":\"https:\/\/mivegec.fr\/fr\/#website\",\"url\":\"https:\/\/mivegec.fr\/fr\/\",\"name\":\"MIVEGEC\",\"description\":\"Maladies infectieuses et Vecteurs : \u00c9cologie, G\u00e9n\u00e9tique, \u00c9volution et Contr\u00f4le\",\"publisher\":{\"@id\":\"https:\/\/mivegec.fr\/fr\/#organization\"},\"potentialAction\":[{\"@type\":\"SearchAction\",\"target\":{\"@type\":\"EntryPoint\",\"urlTemplate\":\"https:\/\/mivegec.fr\/fr\/?s={search_term_string}\"},\"query-input\":{\"@type\":\"PropertyValueSpecification\",\"valueRequired\":true,\"valueName\":\"search_term_string\"}}],\"inLanguage\":\"fr-FR\"},{\"@type\":\"Organization\",\"@id\":\"https:\/\/mivegec.fr\/fr\/#organization\",\"name\":\"Mivegec\",\"url\":\"https:\/\/mivegec.fr\/fr\/\",\"logo\":{\"@type\":\"ImageObject\",\"inLanguage\":\"fr-FR\",\"@id\":\"https:\/\/mivegec.fr\/fr\/#\/schema\/logo\/image\/\",\"url\":\"https:\/\/mivegec.fr\/wp-content\/uploads\/2021\/03\/logo-mivegec@2x.png\",\"contentUrl\":\"https:\/\/mivegec.fr\/wp-content\/uploads\/2021\/03\/logo-mivegec@2x.png\",\"width\":616,\"height\":405,\"caption\":\"Mivegec\"},\"image\":{\"@id\":\"https:\/\/mivegec.fr\/fr\/#\/schema\/logo\/image\/\"}}]}<\/script>\n<!-- \/ Yoast SEO plugin. -->","yoast_head_json":{"title":"Plateau bioinformatique - MIVEGEC","robots":{"index":"index","follow":"follow","max-snippet":"max-snippet:-1","max-image-preview":"max-image-preview:large","max-video-preview":"max-video-preview:-1"},"canonical":"https:\/\/mivegec.fr\/fr\/plateau-bioinformatique","og_locale":"fr_FR","og_type":"article","og_title":"Plateau bioinformatique - MIVEGEC","og_description":"Le plateau bioinformatique i-Trop - Plantes \/ Sant\u00e9 - met \u00e0 disposition des ressources pour les 4 unit\u00e9s de recherche suivantes et leurs partenaires au Sud : MIVEGEC TransVIHMI PHIM DIADE Ce plateau r\u00e9pond \u00e0 3 besoins en informatique pour la science : - Calcul Haute Performance pour le traitement de donn\u00e9es (bioinformatique, mod\u00e9lisation) avec [&hellip;]","og_url":"https:\/\/mivegec.fr\/fr\/plateau-bioinformatique","og_site_name":"MIVEGEC","article_modified_time":"2025-02-25T11:12:07+00:00","twitter_card":"summary_large_image","twitter_misc":{"Dur\u00e9e de lecture estim\u00e9e":"2 minutes"},"schema":{"@context":"https:\/\/schema.org","@graph":[{"@type":"WebPage","@id":"https:\/\/mivegec.fr\/fr\/plateau-bioinformatique","url":"https:\/\/mivegec.fr\/fr\/plateau-bioinformatique","name":"Plateau bioinformatique - MIVEGEC","isPartOf":{"@id":"https:\/\/mivegec.fr\/fr\/#website"},"datePublished":"2021-02-02T09:36:39+00:00","dateModified":"2025-02-25T11:12:07+00:00","breadcrumb":{"@id":"https:\/\/mivegec.fr\/fr\/plateau-bioinformatique#breadcrumb"},"inLanguage":"fr-FR","potentialAction":[{"@type":"ReadAction","target":["https:\/\/mivegec.fr\/fr\/plateau-bioinformatique"]}]},{"@type":"BreadcrumbList","@id":"https:\/\/mivegec.fr\/fr\/plateau-bioinformatique#breadcrumb","itemListElement":[{"@type":"ListItem","position":1,"name":"Accueil","item":"https:\/\/mivegec.fr\/fr"},{"@type":"ListItem","position":2,"name":"Plateau bioinformatique"}]},{"@type":"WebSite","@id":"https:\/\/mivegec.fr\/fr\/#website","url":"https:\/\/mivegec.fr\/fr\/","name":"MIVEGEC","description":"Maladies infectieuses et Vecteurs : \u00c9cologie, G\u00e9n\u00e9tique, \u00c9volution et Contr\u00f4le","publisher":{"@id":"https:\/\/mivegec.fr\/fr\/#organization"},"potentialAction":[{"@type":"SearchAction","target":{"@type":"EntryPoint","urlTemplate":"https:\/\/mivegec.fr\/fr\/?s={search_term_string}"},"query-input":{"@type":"PropertyValueSpecification","valueRequired":true,"valueName":"search_term_string"}}],"inLanguage":"fr-FR"},{"@type":"Organization","@id":"https:\/\/mivegec.fr\/fr\/#organization","name":"Mivegec","url":"https:\/\/mivegec.fr\/fr\/","logo":{"@type":"ImageObject","inLanguage":"fr-FR","@id":"https:\/\/mivegec.fr\/fr\/#\/schema\/logo\/image\/","url":"https:\/\/mivegec.fr\/wp-content\/uploads\/2021\/03\/logo-mivegec@2x.png","contentUrl":"https:\/\/mivegec.fr\/wp-content\/uploads\/2021\/03\/logo-mivegec@2x.png","width":616,"height":405,"caption":"Mivegec"},"image":{"@id":"https:\/\/mivegec.fr\/fr\/#\/schema\/logo\/image\/"}}]}},"_links":{"self":[{"href":"https:\/\/mivegec.fr\/fr\/wp-json\/wp\/v2\/pages\/2325","targetHints":{"allow":["GET"]}}],"collection":[{"href":"https:\/\/mivegec.fr\/fr\/wp-json\/wp\/v2\/pages"}],"about":[{"href":"https:\/\/mivegec.fr\/fr\/wp-json\/wp\/v2\/types\/page"}],"author":[{"embeddable":true,"href":"https:\/\/mivegec.fr\/fr\/wp-json\/wp\/v2\/users\/3"}],"replies":[{"embeddable":true,"href":"https:\/\/mivegec.fr\/fr\/wp-json\/wp\/v2\/comments?post=2325"}],"version-history":[{"count":16,"href":"https:\/\/mivegec.fr\/fr\/wp-json\/wp\/v2\/pages\/2325\/revisions"}],"predecessor-version":[{"id":11095,"href":"https:\/\/mivegec.fr\/fr\/wp-json\/wp\/v2\/pages\/2325\/revisions\/11095"}],"wp:attachment":[{"href":"https:\/\/mivegec.fr\/fr\/wp-json\/wp\/v2\/media?parent=2325"}],"curies":[{"name":"wp","href":"https:\/\/api.w.org\/{rel}","templated":true}]}}