{"id":2052,"date":"2021-01-13T09:35:51","date_gmt":"2021-01-13T08:35:51","guid":{"rendered":"https:\/\/mivegec.fr\/?page_id=2052"},"modified":"2023-01-10T10:24:12","modified_gmt":"2023-01-10T09:24:12","slug":"organigramme-structurel-administration","status":"publish","type":"page","link":"https:\/\/mivegec.fr\/fr\/organigramme\/organigramme-structurel-administration","title":{"rendered":"organigramme structurel Administration"},"content":{"rendered":"<p>[et_pb_section bb_built=\u00a0\u00bb1&Prime; fullwidth=\u00a0\u00bbon\u00a0\u00bb _builder_version=\u00a0\u00bb4.6.0&Prime; next_background_color=\u00a0\u00bb#000000&Prime;][et_pb_fullwidth_post_title admin_label=\u00a0\u00bbTitre\u00a0\u00bb meta=\u00a0\u00bboff\u00a0\u00bb featured_image=\u00a0\u00bboff\u00a0\u00bb text_color=\u00a0\u00bblight\u00a0\u00bb _builder_version=\u00a0\u00bb4.6.0&Prime; title_font_size=\u00a0\u00bb35px\u00a0\u00bb background_color=\u00a0\u00bb#10465c\u00a0\u00bb vertical_offset_tablet=\u00a0\u00bb0&Prime; horizontal_offset_tablet=\u00a0\u00bb0&Prime; text_orientation=\u00a0\u00bbcenter\u00a0\u00bb custom_padding=\u00a0\u00bb||100px|\u00a0\u00bb z_index_tablet=\u00a0\u00bb0&Prime; title_text_shadow_horizontal_length_tablet=\u00a0\u00bb0px\u00a0\u00bb title_text_shadow_vertical_length_tablet=\u00a0\u00bb0px\u00a0\u00bb title_text_shadow_blur_strength_tablet=\u00a0\u00bb1px\u00a0\u00bb meta_text_shadow_horizontal_length_tablet=\u00a0\u00bb0px\u00a0\u00bb meta_text_shadow_vertical_length_tablet=\u00a0\u00bb0px\u00a0\u00bb meta_text_shadow_blur_strength_tablet=\u00a0\u00bb1px\u00a0\u00bb box_shadow_horizontal_tablet=\u00a0\u00bb0px\u00a0\u00bb box_shadow_vertical_tablet=\u00a0\u00bb0px\u00a0\u00bb box_shadow_blur_tablet=\u00a0\u00bb40px\u00a0\u00bb box_shadow_spread_tablet=\u00a0\u00bb0px\u00a0\u00bb text_shadow_style=\u00a0\u00bbpreset3&Prime; text_shadow_blur_strength_tablet=\u00a0\u00bb1px\u00a0\u00bb \/][et_pb_fullwidth_code admin_label=\u00a0\u00bbFil d&rsquo;ariane\u00a0\u00bb module_id=\u00a0\u00bbbreadcrumb\u00a0\u00bb _builder_version=\u00a0\u00bb4.6.0&Prime; vertical_offset_tablet=\u00a0\u00bb0&Prime; horizontal_offset_tablet=\u00a0\u00bb0&Prime; text_orientation=\u00a0\u00bbcenter\u00a0\u00bb box_shadow_horizontal_tablet=\u00a0\u00bb0px\u00a0\u00bb box_shadow_vertical_tablet=\u00a0\u00bb0px\u00a0\u00bb box_shadow_blur_tablet=\u00a0\u00bb40px\u00a0\u00bb box_shadow_spread_tablet=\u00a0\u00bb0px\u00a0\u00bb global_module=\u00a0\u00bb1485&Prime; saved_tabs=\u00a0\u00bball\u00a0\u00bb]<span><span><a href=\"https:\/\/mivegec.fr\/fr\">Accueil<\/a><\/span><\/span>[\/et_pb_fullwidth_code][et_pb_fullwidth_code admin_label=\u00a0\u00bbLien t\u00e9l\u00e9chargement\u00a0\u00bb module_id=\u00a0\u00bblienTelechargement\u00a0\u00bb _builder_version=\u00a0\u00bb4.6.0&Prime; background_color=\u00a0\u00bb#00a7ad\u00a0\u00bb vertical_offset_tablet=\u00a0\u00bb0&Prime; horizontal_offset_tablet=\u00a0\u00bb0&Prime; text_orientation=\u00a0\u00bbcenter\u00a0\u00bb box_shadow_horizontal_tablet=\u00a0\u00bb0px\u00a0\u00bb box_shadow_vertical_tablet=\u00a0\u00bb0px\u00a0\u00bb box_shadow_blur_tablet=\u00a0\u00bb40px\u00a0\u00bb box_shadow_spread_tablet=\u00a0\u00bb0px\u00a0\u00bb saved_tabs=\u00a0\u00bball\u00a0\u00bb]<a class=\"button\" id=\"wpexperts_pdf_generate_file\">T\u00e9l\u00e9chager au format PDF<\/a>[\/et_pb_fullwidth_code][\/et_pb_section][et_pb_section bb_built=\u00a0\u00bb1&Prime; module_id=\u00a0\u00bborgaStructurel\u00a0\u00bb _builder_version=\u00a0\u00bb4.6.0&Prime; vertical_offset_tablet=\u00a0\u00bb0&Prime; horizontal_offset_tablet=\u00a0\u00bb0&Prime; box_shadow_horizontal_tablet=\u00a0\u00bb0px\u00a0\u00bb box_shadow_vertical_tablet=\u00a0\u00bb0px\u00a0\u00bb box_shadow_blur_tablet=\u00a0\u00bb40px\u00a0\u00bb box_shadow_spread_tablet=\u00a0\u00bb0px\u00a0\u00bb prev_background_color=\u00a0\u00bb#000000&Prime;][et_pb_row _builder_version=\u00a0\u00bb3.25&Prime; background_size=\u00a0\u00bbinitial\u00a0\u00bb background_position=\u00a0\u00bbtop_left\u00a0\u00bb background_repeat=\u00a0\u00bbrepeat\u00a0\u00bb][et_pb_column type=\u00a0\u00bb4_4&Prime; _builder_version=\u00a0\u00bb3.0.47&Prime; custom_padding=\u00a0\u00bb|||\u00a0\u00bb custom_padding__hover=\u00a0\u00bb|||\u00a0\u00bb][et_pb_code _builder_version=\u00a0\u00bb4.19.4&Prime; vertical_offset_tablet=\u00a0\u00bb0&Prime; horizontal_offset_tablet=\u00a0\u00bb0&Prime; text_orientation=\u00a0\u00bbright\u00a0\u00bb z_index_tablet=\u00a0\u00bb0&Prime; box_shadow_horizontal_tablet=\u00a0\u00bb0px\u00a0\u00bb box_shadow_vertical_tablet=\u00a0\u00bb0px\u00a0\u00bb box_shadow_blur_tablet=\u00a0\u00bb40px\u00a0\u00bb box_shadow_spread_tablet=\u00a0\u00bb0px\u00a0\u00bb]<em style=\"font-size:12px;\">Le : [current_date format=&rsquo;d  F Y&rsquo;]<em>[\/et_pb_code][et_pb_text admin_label=\u00a0\u00bbAdministration\u00a0\u00bb _builder_version=\u00a0\u00bb4.19.4&Prime; vertical_offset_tablet=\u00a0\u00bb0&Prime; horizontal_offset_tablet=\u00a0\u00bb0&Prime; custom_margin=\u00a0\u00bb||20px|\u00a0\u00bb z_index_tablet=\u00a0\u00bb0&Prime; text_text_shadow_horizontal_length_tablet=\u00a0\u00bb0px\u00a0\u00bb text_text_shadow_vertical_length_tablet=\u00a0\u00bb0px\u00a0\u00bb text_text_shadow_blur_strength_tablet=\u00a0\u00bb1px\u00a0\u00bb link_text_shadow_horizontal_length_tablet=\u00a0\u00bb0px\u00a0\u00bb link_text_shadow_vertical_length_tablet=\u00a0\u00bb0px\u00a0\u00bb link_text_shadow_blur_strength_tablet=\u00a0\u00bb1px\u00a0\u00bb ul_text_shadow_horizontal_length_tablet=\u00a0\u00bb0px\u00a0\u00bb ul_text_shadow_vertical_length_tablet=\u00a0\u00bb0px\u00a0\u00bb ul_text_shadow_blur_strength_tablet=\u00a0\u00bb1px\u00a0\u00bb ol_text_shadow_horizontal_length_tablet=\u00a0\u00bb0px\u00a0\u00bb ol_text_shadow_vertical_length_tablet=\u00a0\u00bb0px\u00a0\u00bb ol_text_shadow_blur_strength_tablet=\u00a0\u00bb1px\u00a0\u00bb quote_text_shadow_horizontal_length_tablet=\u00a0\u00bb0px\u00a0\u00bb quote_text_shadow_vertical_length_tablet=\u00a0\u00bb0px\u00a0\u00bb quote_text_shadow_blur_strength_tablet=\u00a0\u00bb1px\u00a0\u00bb header_text_shadow_horizontal_length_tablet=\u00a0\u00bb0px\u00a0\u00bb header_text_shadow_vertical_length_tablet=\u00a0\u00bb0px\u00a0\u00bb header_text_shadow_blur_strength_tablet=\u00a0\u00bb1px\u00a0\u00bb header_2_text_shadow_horizontal_length_tablet=\u00a0\u00bb0px\u00a0\u00bb header_2_text_shadow_vertical_length_tablet=\u00a0\u00bb0px\u00a0\u00bb header_2_text_shadow_blur_strength_tablet=\u00a0\u00bb1px\u00a0\u00bb header_3_text_shadow_horizontal_length_tablet=\u00a0\u00bb0px\u00a0\u00bb header_3_text_shadow_vertical_length_tablet=\u00a0\u00bb0px\u00a0\u00bb header_3_text_shadow_blur_strength_tablet=\u00a0\u00bb1px\u00a0\u00bb header_4_text_shadow_horizontal_length_tablet=\u00a0\u00bb0px\u00a0\u00bb header_4_text_shadow_vertical_length_tablet=\u00a0\u00bb0px\u00a0\u00bb header_4_text_shadow_blur_strength_tablet=\u00a0\u00bb1px\u00a0\u00bb header_5_text_shadow_horizontal_length_tablet=\u00a0\u00bb0px\u00a0\u00bb header_5_text_shadow_vertical_length_tablet=\u00a0\u00bb0px\u00a0\u00bb header_5_text_shadow_blur_strength_tablet=\u00a0\u00bb1px\u00a0\u00bb header_6_text_shadow_horizontal_length_tablet=\u00a0\u00bb0px\u00a0\u00bb header_6_text_shadow_vertical_length_tablet=\u00a0\u00bb0px\u00a0\u00bb header_6_text_shadow_blur_strength_tablet=\u00a0\u00bb1px\u00a0\u00bb box_shadow_horizontal_tablet=\u00a0\u00bb0px\u00a0\u00bb box_shadow_vertical_tablet=\u00a0\u00bb0px\u00a0\u00bb box_shadow_blur_tablet=\u00a0\u00bb40px\u00a0\u00bb box_shadow_spread_tablet=\u00a0\u00bb0px\u00a0\u00bb text_text_shadow_horizontal_length=\u00a0\u00bbtext_text_shadow_style,%91object Object%93&Prime; text_text_shadow_vertical_length=\u00a0\u00bbtext_text_shadow_style,%91object Object%93&Prime; text_text_shadow_blur_strength=\u00a0\u00bbtext_text_shadow_style,%91object Object%93&Prime; link_text_shadow_horizontal_length=\u00a0\u00bblink_text_shadow_style,%91object Object%93&Prime; link_text_shadow_vertical_length=\u00a0\u00bblink_text_shadow_style,%91object Object%93&Prime; link_text_shadow_blur_strength=\u00a0\u00bblink_text_shadow_style,%91object Object%93&Prime; ul_text_shadow_horizontal_length=\u00a0\u00bbul_text_shadow_style,%91object Object%93&Prime; ul_text_shadow_vertical_length=\u00a0\u00bbul_text_shadow_style,%91object Object%93&Prime; ul_text_shadow_blur_strength=\u00a0\u00bbul_text_shadow_style,%91object Object%93&Prime; ol_text_shadow_horizontal_length=\u00a0\u00bbol_text_shadow_style,%91object Object%93&Prime; ol_text_shadow_vertical_length=\u00a0\u00bbol_text_shadow_style,%91object Object%93&Prime; ol_text_shadow_blur_strength=\u00a0\u00bbol_text_shadow_style,%91object Object%93&Prime; quote_text_shadow_horizontal_length=\u00a0\u00bbquote_text_shadow_style,%91object Object%93&Prime; quote_text_shadow_vertical_length=\u00a0\u00bbquote_text_shadow_style,%91object Object%93&Prime; quote_text_shadow_blur_strength=\u00a0\u00bbquote_text_shadow_style,%91object Object%93&Prime; header_text_shadow_horizontal_length=\u00a0\u00bbheader_text_shadow_style,%91object Object%93&Prime; header_text_shadow_vertical_length=\u00a0\u00bbheader_text_shadow_style,%91object Object%93&Prime; header_text_shadow_blur_strength=\u00a0\u00bbheader_text_shadow_style,%91object Object%93&Prime; header_2_text_shadow_horizontal_length=\u00a0\u00bbheader_2_text_shadow_style,%91object Object%93&Prime; header_2_text_shadow_vertical_length=\u00a0\u00bbheader_2_text_shadow_style,%91object Object%93&Prime; header_2_text_shadow_blur_strength=\u00a0\u00bbheader_2_text_shadow_style,%91object Object%93&Prime; header_3_text_shadow_horizontal_length=\u00a0\u00bbheader_3_text_shadow_style,%91object Object%93&Prime; header_3_text_shadow_vertical_length=\u00a0\u00bbheader_3_text_shadow_style,%91object Object%93&Prime; header_3_text_shadow_blur_strength=\u00a0\u00bbheader_3_text_shadow_style,%91object Object%93&Prime; header_4_text_shadow_horizontal_length=\u00a0\u00bbheader_4_text_shadow_style,%91object Object%93&Prime; header_4_text_shadow_vertical_length=\u00a0\u00bbheader_4_text_shadow_style,%91object Object%93&Prime; header_4_text_shadow_blur_strength=\u00a0\u00bbheader_4_text_shadow_style,%91object Object%93&Prime; header_5_text_shadow_horizontal_length=\u00a0\u00bbheader_5_text_shadow_style,%91object Object%93&Prime; header_5_text_shadow_vertical_length=\u00a0\u00bbheader_5_text_shadow_style,%91object Object%93&Prime; header_5_text_shadow_blur_strength=\u00a0\u00bbheader_5_text_shadow_style,%91object Object%93&Prime; header_6_text_shadow_horizontal_length=\u00a0\u00bbheader_6_text_shadow_style,%91object Object%93&Prime; header_6_text_shadow_vertical_length=\u00a0\u00bbheader_6_text_shadow_style,%91object Object%93&Prime; header_6_text_shadow_blur_strength=\u00a0\u00bbheader_6_text_shadow_style,%91object Object%93&Prime; background_pattern_color=\u00a0\u00bbrgba(0,0,0,0.2)\u00a0\u00bb background_mask_color=\u00a0\u00bb#ffffff\u00a0\u00bb]<\/p>\n<div class=\"primaryNav\">\n<ul>\n<li id=\"home\">\n<h3>Administration<\/h3>\n<\/li>\n<li><strong>Qualit\u00e9<\/strong>\n<ul>\n<li>\n<ul class=\"listMembre\">\n<li><a href=\"https:\/\/mivegec.fr\/fr\/annuaire\/agent?id=76\"><strong>Marie Rossignol<\/strong><br \/>\n                                <!--( Grade : Ing.etu.2clas )--><\/a><\/li>\n<li><a href=\"https:\/\/mivegec.fr\/fr\/annuaire\/agent?id=16\"><strong>Luc Abate<\/strong><br \/>\n                                <!--( Grade : Ing.etu.2clas )--><\/a><\/li>\n<li><a href=\"https:\/\/mivegec.fr\/fr\/annuaire\/agent?id=22\"><strong>Sylvie Cornelie<\/strong><br \/>\n                                <!--( Grade : Ing.etu.2clas )--><\/a><\/li>\n<li><a href=\"https:\/\/mivegec.fr\/fr\/annuaire\/agent?id=33\"><strong>Carole Ginibre<\/strong><br \/>\n                                <!--( Grade : Technicien Nor )--><\/a><\/li>\n<\/ul>\n<\/li>\n<\/ul>\n<p><strong>Syst\u00e8mes, R\u00e9seaux, Donn\u00e9es<\/strong><\/p>\n<ul>\n<li>\n<ul class=\"listMembre\">\n<li><a href=\"https:\/\/mivegec.fr\/fr\/annuaire\/agent?id=7\"><strong>Thierry Valero<\/strong><br \/>\n                                <!--( Grade : Ing.rec.2eclas )--><\/a><\/li>\n<li><a href=\"https:\/\/mivegec.fr\/fr\/annuaire\/agent?id=206\"><strong>Valerie Noel<\/strong><br \/>\n                                <!--( Grade : Ing.etu.cla.nor )--><\/a><\/li>\n<li><a href=\"https:\/\/mivegec.fr\/fr\/annuaire\/agent?id=9\"><strong>Bruno Granouillac<\/strong><br \/>\n                                <!--( Grade : Ing.etu.2clas )--><\/a><\/li>\n<\/ul>\n<\/li>\n<\/ul>\n<p><strong>Groupe de Travail MIVEGEC1point5<\/strong><\/p>\n<ul>\n<li>\n<ul class=\"listMembre\">\n<li><a href=\"https:\/\/mivegec.fr\/fr\/annuaire\/agent?id=263\"><strong>C\u00e9cile Cassan<\/strong><br \/>\n                                <!--( Grade : Ing.etu.2clas )--><\/a><\/li>\n<li><a href=\"https:\/\/mivegec.fr\/fr\/annuaire\/agent?id=222\"><strong>Massilva Rahmoun<\/strong><br \/>\n                                <!--( Grade : Ing.rec.2eclas )--><\/a><\/li>\n<\/ul>\n<\/li>\n<\/ul>\n<\/li>\n<li><strong>Gestion Administrative et Financi\u00e8re<\/strong>\n<ul>\n<li>\n<ul class=\"listMembre\">\n<li><a href=\"https:\/\/mivegec.fr\/fr\/annuaire\/agent?id=13\"><strong>Carine Bingan<\/strong><\/a><\/li>\n<li><a href=\"https:\/\/mivegec.fr\/fr\/annuaire\/agent?id=280\"><strong>Val\u00e9rie Delplanque<\/strong><br \/>\n                                <!--( Grade : Technicien Exe )--><\/a><\/li>\n<li><a href=\"https:\/\/mivegec.fr\/fr\/annuaire\/agent?id=5\"><strong>Katia Grucker<\/strong><br \/>\n                                <!--( Grade : Ing.etu.cla.nor )--><\/a><\/li>\n<li><a href=\"https:\/\/mivegec.fr\/fr\/annuaire\/agent?id=107\"><strong>Julie Pla<\/strong><\/a><\/li>\n<\/ul>\n<\/li>\n<\/ul>\n<p><strong>Accueil<\/strong><\/p>\n<ul>\n<li>\n<ul class=\"listMembre\">\n<li><a href=\"https:\/\/mivegec.fr\/fr\/annuaire\/agent?id=13\"><strong>Carine Bingan<\/strong><\/a><\/li>\n<li><a href=\"https:\/\/mivegec.fr\/fr\/annuaire\/agent?id=280\"><strong>Val\u00e9rie Delplanque<\/strong><br \/>\n                                <!--( Grade : Technicien Exe )--><\/a><\/li>\n<li><a href=\"https:\/\/mivegec.fr\/fr\/annuaire\/agent?id=107\"><strong>Julie Pla<\/strong><\/a><\/li>\n<\/ul>\n<\/li>\n<\/ul>\n<p><strong>Communication<\/strong><\/p>\n<ul>\n<li>\n<ul class=\"listMembre\">\n<li><a href=\"https:\/\/mivegec.fr\/fr\/annuaire\/agent?id=5\"><strong>Katia Grucker<\/strong><br \/>\n                                <!--( Grade : Ing.etu.cla.nor )--><\/a><\/li>\n<li><a href=\"https:\/\/mivegec.fr\/fr\/annuaire\/agent?id=8\"><strong>Philip Agnew<\/strong><br \/>\n                                <!--( Grade : Ing.rec.1eclas )--><\/a><\/li>\n<li><a href=\"https:\/\/mivegec.fr\/fr\/annuaire\/agent?id=6\"><strong>Nil Rahola<\/strong><br \/>\n                                <!--( Grade : Technicien Nor )--><\/a><\/li>\n<\/ul>\n<\/li>\n<\/ul>\n<\/li>\n<li><strong>Assistants de Pr\u00e9vention<\/strong>\n<ul>\n<li>\n<ul class=\"listMembre\">\n<li><a href=\"https:\/\/mivegec.fr\/fr\/annuaire\/agent?id=262\"><strong>C\u00e9cile Brengues<\/strong><br \/>\n                                <!--( Grade : ing.\u00e9tud.1c )--><\/a><\/li>\n<li><a href=\"https:\/\/mivegec.fr\/fr\/annuaire\/agent?id=30\"><strong>D\u00e9borah Garcia<\/strong><br \/>\n                                <!--( Grade : Technicien Nor )--><\/a><\/li>\n<li><a href=\"https:\/\/mivegec.fr\/fr\/annuaire\/agent?id=76\"><strong>Marie Rossignol<\/strong><br \/>\n                                <!--( Grade : Ing.etu.2clas )--><\/a><\/li>\n<li><a href=\"https:\/\/mivegec.fr\/fr\/annuaire\/agent?id=208\"><strong>Arnaud Berthomieu<\/strong><br \/>\n                                <!--( Grade : Ass. ing\u00e9nieur )--><\/a><\/li>\n<li><a href=\"https:\/\/mivegec.fr\/fr\/annuaire\/agent?id=204\"><strong>Patrick Durand<\/strong><br \/>\n                                <!--( Grade : Ing.rec.1eclas )--><\/a><\/li>\n<li><a href=\"https:\/\/mivegec.fr\/fr\/annuaire\/agent?id=228\"><strong>Davy Jiolle<\/strong><br \/>\n                                <!--( Grade : Technicien Nor )--><\/a><\/li>\n<li><a href=\"https:\/\/mivegec.fr\/fr\/annuaire\/agent?id=215\"><strong>Slavica Stanojcic<\/strong><br \/>\n                                <!--( Grade : Technicien Nor )--><\/a><\/li>\n<li><a href=\"https:\/\/mivegec.fr\/fr\/annuaire\/agent?id=372\"><strong>Nathalie Barougier<\/strong><\/a><\/li>\n<\/ul>\n<\/li>\n<\/ul>\n<p style=\"margin-bottom:0;\">&nbsp;<\/p>\n<p style=\"margin-bottom:0;\">&nbsp;<\/p>\n<p><strong>Plateforme MIVE<\/strong><\/p>\n<ul>\n<li>\n<ul class=\"listMembre\">\n<li><a href=\"https:\/\/mivegec.fr\/fr\/annuaire\/agent?id=22\"><strong>Sylvie Corn\u00e9lie<\/strong><\/a><\/li>\n<li><a href=\"https:\/\/mivegec.fr\/fr\/annuaire\/agent?id=372\"><strong>Nathalie Barougier<\/strong><\/a><\/li>\n<li><a href=\"https:\/\/mivegec.fr\/fr\/annuaire\/agent?id=371\"><strong>Pascal Boutinaud<\/strong><\/a><\/li>\n<\/ul>\n<\/li>\n<\/ul>\n<\/li>\n<li><strong>Administratrice<\/strong>\n<ul>\n<li>\n<ul class=\"listMembre\">\n<li><a href=\"https:\/\/mivegec.fr\/fr\/annuaire\/agent?id=211\"><strong>Audrey Ravat<\/strong><br \/>\n                                <!--( Grade : Ass. ing\u00e9nieur )--><\/a><\/li>\n<\/ul>\n<\/li>\n<\/ul>\n<\/li>\n<li><strong>Directeur d\u2019Unit\u00e9<\/strong>\n<ul>\n<li>\n<ul class=\"listMembre\">\n<li><a href=\"https:\/\/mivegec.fr\/fr\/annuaire\/agent?id=81\"><strong>Fr\u00e9d\u00e9ric Simard<\/strong><br \/>\n                                <!--( Grade : D.R.T.2.C. )--><\/a><\/li>\n<\/ul>\n<\/li>\n<\/ul>\n<p><strong>D.U. adjoints de l&rsquo;unit\u00e9<\/strong><\/p>\n<ul>\n<li>\n<ul class=\"listMembre\">\n<li><a href=\"https:\/\/mivegec.fr\/fr\/annuaire\/agent?id=38\"><strong>Sylvie Hurtrez<\/strong><br \/>\n                                <!--( Grade : Pr UM )--><\/a><\/li>\n<li><a href=\"https:\/\/mivegec.fr\/fr\/annuaire\/agent?id=201\"><strong>Ana Rivero<\/strong><br \/>\n                                <!--( Grade : DR CNRS )--><\/a><\/li>\n<\/ul>\n<\/li>\n<\/ul>\n<\/li>\n<\/ul>\n<\/div>\n<p>[\/et_pb_text][\/et_pb_column][\/et_pb_row][\/et_pb_section]<\/p>\n","protected":false},"excerpt":{"rendered":"<p><span><span><a href=\"https:\/\/mivegec.fr\/fr\">Accueil<\/a><\/span><\/span><a class=\"button\" id=\"wpexperts_pdf_generate_file\">T\u00e9l\u00e9chager au format PDF<\/a>Le : [current_date format=&rsquo;d F Y&rsquo;] Administration Qualit\u00e9 Marie Rossignol Luc Abate Sylvie Cornelie Carole Ginibre Syst\u00e8mes, R\u00e9seaux, Donn\u00e9es Thierry Valero Valerie Noel Bruno Granouillac Groupe de Travail MIVEGEC1point5 C\u00e9cile Cassan Massilva Rahmoun Gestion Administrative et Financi\u00e8re Carine Bingan Val\u00e9rie Delplanque Katia Grucker Julie Pla Accueil Carine Bingan Val\u00e9rie Delplanque Julie Pla Communication Katia Grucker [&hellip;]<\/p>\n","protected":false},"author":3,"featured_media":0,"parent":29,"menu_order":0,"comment_status":"closed","ping_status":"closed","template":"","meta":{"_acf_changed":false,"_et_pb_use_builder":"on","_et_pb_old_content":"","_et_gb_content_width":"","footnotes":""},"class_list":["post-2052","page","type-page","status-publish","hentry"],"acf":[],"yoast_head":"<!-- This site is optimized with the Yoast SEO plugin v26.8 - https:\/\/yoast.com\/product\/yoast-seo-wordpress\/ -->\n<title>organigramme structurel Administration - MIVEGEC<\/title>\n<meta name=\"robots\" content=\"index, follow, max-snippet:-1, max-image-preview:large, max-video-preview:-1\" \/>\n<link rel=\"canonical\" href=\"https:\/\/mivegec.fr\/fr\/organigramme\/organigramme-structurel-administration\" \/>\n<meta property=\"og:locale\" content=\"fr_FR\" \/>\n<meta property=\"og:type\" content=\"article\" \/>\n<meta property=\"og:title\" content=\"organigramme structurel Administration - MIVEGEC\" \/>\n<meta property=\"og:description\" content=\"Le : [current_date format=&#039;d F Y&#039;] Administration Qualit\u00e9 Marie Rossignol Luc Abate Sylvie Cornelie Carole Ginibre Syst\u00e8mes, R\u00e9seaux, Donn\u00e9es Thierry Valero Valerie Noel Bruno Granouillac Groupe de Travail MIVEGEC1point5 C\u00e9cile Cassan Massilva Rahmoun Gestion Administrative et Financi\u00e8re Carine Bingan Val\u00e9rie Delplanque Katia Grucker Julie Pla Accueil Carine Bingan Val\u00e9rie Delplanque Julie Pla Communication Katia Grucker [&hellip;]\" \/>\n<meta property=\"og:url\" content=\"https:\/\/mivegec.fr\/fr\/organigramme\/organigramme-structurel-administration\" \/>\n<meta property=\"og:site_name\" content=\"MIVEGEC\" \/>\n<meta property=\"article:modified_time\" content=\"2023-01-10T09:24:12+00:00\" \/>\n<meta name=\"twitter:card\" content=\"summary_large_image\" \/>\n<meta name=\"twitter:label1\" content=\"Dur\u00e9e de lecture estim\u00e9e\" \/>\n\t<meta name=\"twitter:data1\" content=\"2 minutes\" \/>\n<script type=\"application\/ld+json\" class=\"yoast-schema-graph\">{\"@context\":\"https:\/\/schema.org\",\"@graph\":[{\"@type\":\"WebPage\",\"@id\":\"https:\/\/mivegec.fr\/fr\/organigramme\/organigramme-structurel-administration\",\"url\":\"https:\/\/mivegec.fr\/fr\/organigramme\/organigramme-structurel-administration\",\"name\":\"organigramme structurel Administration - MIVEGEC\",\"isPartOf\":{\"@id\":\"https:\/\/mivegec.fr\/fr\/#website\"},\"datePublished\":\"2021-01-13T08:35:51+00:00\",\"dateModified\":\"2023-01-10T09:24:12+00:00\",\"breadcrumb\":{\"@id\":\"https:\/\/mivegec.fr\/fr\/organigramme\/organigramme-structurel-administration#breadcrumb\"},\"inLanguage\":\"fr-FR\",\"potentialAction\":[{\"@type\":\"ReadAction\",\"target\":[\"https:\/\/mivegec.fr\/fr\/organigramme\/organigramme-structurel-administration\"]}]},{\"@type\":\"BreadcrumbList\",\"@id\":\"https:\/\/mivegec.fr\/fr\/organigramme\/organigramme-structurel-administration#breadcrumb\",\"itemListElement\":[{\"@type\":\"ListItem\",\"position\":1,\"name\":\"Accueil\",\"item\":\"https:\/\/mivegec.fr\/fr\"},{\"@type\":\"ListItem\",\"position\":2,\"name\":\"Organigrammes\",\"item\":\"https:\/\/mivegec.fr\/fr\/organigramme\"},{\"@type\":\"ListItem\",\"position\":3,\"name\":\"organigramme structurel Administration\"}]},{\"@type\":\"WebSite\",\"@id\":\"https:\/\/mivegec.fr\/fr\/#website\",\"url\":\"https:\/\/mivegec.fr\/fr\/\",\"name\":\"MIVEGEC\",\"description\":\"Maladies infectieuses et Vecteurs : \u00c9cologie, G\u00e9n\u00e9tique, \u00c9volution et Contr\u00f4le\",\"publisher\":{\"@id\":\"https:\/\/mivegec.fr\/fr\/#organization\"},\"potentialAction\":[{\"@type\":\"SearchAction\",\"target\":{\"@type\":\"EntryPoint\",\"urlTemplate\":\"https:\/\/mivegec.fr\/fr\/?s={search_term_string}\"},\"query-input\":{\"@type\":\"PropertyValueSpecification\",\"valueRequired\":true,\"valueName\":\"search_term_string\"}}],\"inLanguage\":\"fr-FR\"},{\"@type\":\"Organization\",\"@id\":\"https:\/\/mivegec.fr\/fr\/#organization\",\"name\":\"Mivegec\",\"url\":\"https:\/\/mivegec.fr\/fr\/\",\"logo\":{\"@type\":\"ImageObject\",\"inLanguage\":\"fr-FR\",\"@id\":\"https:\/\/mivegec.fr\/fr\/#\/schema\/logo\/image\/\",\"url\":\"https:\/\/mivegec.fr\/wp-content\/uploads\/2021\/03\/logo-mivegec@2x.png\",\"contentUrl\":\"https:\/\/mivegec.fr\/wp-content\/uploads\/2021\/03\/logo-mivegec@2x.png\",\"width\":616,\"height\":405,\"caption\":\"Mivegec\"},\"image\":{\"@id\":\"https:\/\/mivegec.fr\/fr\/#\/schema\/logo\/image\/\"}}]}<\/script>\n<!-- \/ Yoast SEO plugin. -->","yoast_head_json":{"title":"organigramme structurel Administration - MIVEGEC","robots":{"index":"index","follow":"follow","max-snippet":"max-snippet:-1","max-image-preview":"max-image-preview:large","max-video-preview":"max-video-preview:-1"},"canonical":"https:\/\/mivegec.fr\/fr\/organigramme\/organigramme-structurel-administration","og_locale":"fr_FR","og_type":"article","og_title":"organigramme structurel Administration - MIVEGEC","og_description":"Le : [current_date format='d F Y'] Administration Qualit\u00e9 Marie Rossignol Luc Abate Sylvie Cornelie Carole Ginibre Syst\u00e8mes, R\u00e9seaux, Donn\u00e9es Thierry Valero Valerie Noel Bruno Granouillac Groupe de Travail MIVEGEC1point5 C\u00e9cile Cassan Massilva Rahmoun Gestion Administrative et Financi\u00e8re Carine Bingan Val\u00e9rie Delplanque Katia Grucker Julie Pla Accueil Carine Bingan Val\u00e9rie Delplanque Julie Pla Communication Katia Grucker [&hellip;]","og_url":"https:\/\/mivegec.fr\/fr\/organigramme\/organigramme-structurel-administration","og_site_name":"MIVEGEC","article_modified_time":"2023-01-10T09:24:12+00:00","twitter_card":"summary_large_image","twitter_misc":{"Dur\u00e9e de lecture estim\u00e9e":"2 minutes"},"schema":{"@context":"https:\/\/schema.org","@graph":[{"@type":"WebPage","@id":"https:\/\/mivegec.fr\/fr\/organigramme\/organigramme-structurel-administration","url":"https:\/\/mivegec.fr\/fr\/organigramme\/organigramme-structurel-administration","name":"organigramme structurel Administration - MIVEGEC","isPartOf":{"@id":"https:\/\/mivegec.fr\/fr\/#website"},"datePublished":"2021-01-13T08:35:51+00:00","dateModified":"2023-01-10T09:24:12+00:00","breadcrumb":{"@id":"https:\/\/mivegec.fr\/fr\/organigramme\/organigramme-structurel-administration#breadcrumb"},"inLanguage":"fr-FR","potentialAction":[{"@type":"ReadAction","target":["https:\/\/mivegec.fr\/fr\/organigramme\/organigramme-structurel-administration"]}]},{"@type":"BreadcrumbList","@id":"https:\/\/mivegec.fr\/fr\/organigramme\/organigramme-structurel-administration#breadcrumb","itemListElement":[{"@type":"ListItem","position":1,"name":"Accueil","item":"https:\/\/mivegec.fr\/fr"},{"@type":"ListItem","position":2,"name":"Organigrammes","item":"https:\/\/mivegec.fr\/fr\/organigramme"},{"@type":"ListItem","position":3,"name":"organigramme structurel Administration"}]},{"@type":"WebSite","@id":"https:\/\/mivegec.fr\/fr\/#website","url":"https:\/\/mivegec.fr\/fr\/","name":"MIVEGEC","description":"Maladies infectieuses et Vecteurs : \u00c9cologie, G\u00e9n\u00e9tique, \u00c9volution et Contr\u00f4le","publisher":{"@id":"https:\/\/mivegec.fr\/fr\/#organization"},"potentialAction":[{"@type":"SearchAction","target":{"@type":"EntryPoint","urlTemplate":"https:\/\/mivegec.fr\/fr\/?s={search_term_string}"},"query-input":{"@type":"PropertyValueSpecification","valueRequired":true,"valueName":"search_term_string"}}],"inLanguage":"fr-FR"},{"@type":"Organization","@id":"https:\/\/mivegec.fr\/fr\/#organization","name":"Mivegec","url":"https:\/\/mivegec.fr\/fr\/","logo":{"@type":"ImageObject","inLanguage":"fr-FR","@id":"https:\/\/mivegec.fr\/fr\/#\/schema\/logo\/image\/","url":"https:\/\/mivegec.fr\/wp-content\/uploads\/2021\/03\/logo-mivegec@2x.png","contentUrl":"https:\/\/mivegec.fr\/wp-content\/uploads\/2021\/03\/logo-mivegec@2x.png","width":616,"height":405,"caption":"Mivegec"},"image":{"@id":"https:\/\/mivegec.fr\/fr\/#\/schema\/logo\/image\/"}}]}},"_links":{"self":[{"href":"https:\/\/mivegec.fr\/fr\/wp-json\/wp\/v2\/pages\/2052","targetHints":{"allow":["GET"]}}],"collection":[{"href":"https:\/\/mivegec.fr\/fr\/wp-json\/wp\/v2\/pages"}],"about":[{"href":"https:\/\/mivegec.fr\/fr\/wp-json\/wp\/v2\/types\/page"}],"author":[{"embeddable":true,"href":"https:\/\/mivegec.fr\/fr\/wp-json\/wp\/v2\/users\/3"}],"replies":[{"embeddable":true,"href":"https:\/\/mivegec.fr\/fr\/wp-json\/wp\/v2\/comments?post=2052"}],"version-history":[{"count":21,"href":"https:\/\/mivegec.fr\/fr\/wp-json\/wp\/v2\/pages\/2052\/revisions"}],"predecessor-version":[{"id":8254,"href":"https:\/\/mivegec.fr\/fr\/wp-json\/wp\/v2\/pages\/2052\/revisions\/8254"}],"up":[{"embeddable":true,"href":"https:\/\/mivegec.fr\/fr\/wp-json\/wp\/v2\/pages\/29"}],"wp:attachment":[{"href":"https:\/\/mivegec.fr\/fr\/wp-json\/wp\/v2\/media?parent=2052"}],"curies":[{"name":"wp","href":"https:\/\/api.w.org\/{rel}","templated":true}]}}