{"id":1358,"date":"2020-11-24T16:19:39","date_gmt":"2020-11-24T15:19:39","guid":{"rendered":"https:\/\/mivegec.fr\/?page_id=1358"},"modified":"2023-01-25T16:06:43","modified_gmt":"2023-01-25T15:06:43","slug":"organigramme-structurel-recherche","status":"publish","type":"page","link":"https:\/\/mivegec.fr\/fr\/organigramme\/organigramme-structurel-recherche","title":{"rendered":"organigramme structurel Recherche"},"content":{"rendered":"<p>[et_pb_section bb_built=\u00a0\u00bb1&Prime; fullwidth=\u00a0\u00bbon\u00a0\u00bb specialty=\u00a0\u00bboff\u00a0\u00bb inner_width=\u00a0\u00bbauto\u00a0\u00bb inner_max_width=\u00a0\u00bb1080px\u00a0\u00bb _builder_version=\u00a0\u00bb4.6.0&Prime; next_background_color=\u00a0\u00bb#000000&Prime;][et_pb_fullwidth_post_title admin_label=\u00a0\u00bbTitre\u00a0\u00bb _builder_version=\u00a0\u00bb4.6.0&Prime; text_color=\u00a0\u00bblight\u00a0\u00bb text_orientation=\u00a0\u00bbcenter\u00a0\u00bb text_shadow_blur_strength_tablet=\u00a0\u00bb1px\u00a0\u00bb title_text_shadow_horizontal_length=\u00a0\u00bbtitle_text_shadow_style,%91object Object%93&Prime; title_text_shadow_horizontal_length_tablet=\u00a0\u00bb0px\u00a0\u00bb title_text_shadow_vertical_length=\u00a0\u00bbtitle_text_shadow_style,%91object Object%93&Prime; title_text_shadow_vertical_length_tablet=\u00a0\u00bb0px\u00a0\u00bb title_text_shadow_blur_strength=\u00a0\u00bbtitle_text_shadow_style,%91object Object%93&Prime; title_text_shadow_blur_strength_tablet=\u00a0\u00bb1px\u00a0\u00bb meta_text_shadow_horizontal_length=\u00a0\u00bbmeta_text_shadow_style,%91object Object%93&Prime; meta_text_shadow_horizontal_length_tablet=\u00a0\u00bb0px\u00a0\u00bb meta_text_shadow_vertical_length=\u00a0\u00bbmeta_text_shadow_style,%91object Object%93&Prime; meta_text_shadow_vertical_length_tablet=\u00a0\u00bb0px\u00a0\u00bb meta_text_shadow_blur_strength=\u00a0\u00bbmeta_text_shadow_style,%91object Object%93&Prime; meta_text_shadow_blur_strength_tablet=\u00a0\u00bb1px\u00a0\u00bb box_shadow_horizontal_tablet=\u00a0\u00bb0px\u00a0\u00bb box_shadow_vertical_tablet=\u00a0\u00bb0px\u00a0\u00bb box_shadow_blur_tablet=\u00a0\u00bb40px\u00a0\u00bb box_shadow_spread_tablet=\u00a0\u00bb0px\u00a0\u00bb vertical_offset_tablet=\u00a0\u00bb0&Prime; horizontal_offset_tablet=\u00a0\u00bb0&Prime; z_index_tablet=\u00a0\u00bb0&Prime; meta=\u00a0\u00bboff\u00a0\u00bb featured_image=\u00a0\u00bboff\u00a0\u00bb custom_padding=\u00a0\u00bb||100px|\u00a0\u00bb text_shadow_style=\u00a0\u00bbpreset3&Prime; title_font_size=\u00a0\u00bb35px\u00a0\u00bb background_color=\u00a0\u00bb#10465c\u00a0\u00bb \/][et_pb_fullwidth_code admin_label=\u00a0\u00bbFil d&rsquo;ariane\u00a0\u00bb _builder_version=\u00a0\u00bb4.6.0&Prime; box_shadow_horizontal_tablet=\u00a0\u00bb0px\u00a0\u00bb box_shadow_vertical_tablet=\u00a0\u00bb0px\u00a0\u00bb box_shadow_blur_tablet=\u00a0\u00bb40px\u00a0\u00bb box_shadow_spread_tablet=\u00a0\u00bb0px\u00a0\u00bb vertical_offset_tablet=\u00a0\u00bb0&Prime; horizontal_offset_tablet=\u00a0\u00bb0&Prime; text_orientation=\u00a0\u00bbcenter\u00a0\u00bb module_id=\u00a0\u00bbbreadcrumb\u00a0\u00bb saved_tabs=\u00a0\u00bball\u00a0\u00bb global_module=\u00a0\u00bb1485&Prime;]<span><span><a href=\"https:\/\/mivegec.fr\/fr\">Accueil<\/a><\/span><\/span>[\/et_pb_fullwidth_code][et_pb_fullwidth_code admin_label=\u00a0\u00bbLien t\u00e9l\u00e9chargement\u00a0\u00bb _builder_version=\u00a0\u00bb4.6.0&Prime; box_shadow_horizontal_tablet=\u00a0\u00bb0px\u00a0\u00bb box_shadow_vertical_tablet=\u00a0\u00bb0px\u00a0\u00bb box_shadow_blur_tablet=\u00a0\u00bb40px\u00a0\u00bb box_shadow_spread_tablet=\u00a0\u00bb0px\u00a0\u00bb vertical_offset_tablet=\u00a0\u00bb0&Prime; horizontal_offset_tablet=\u00a0\u00bb0&Prime; background_color=\u00a0\u00bb#00a7ad\u00a0\u00bb module_id=\u00a0\u00bblienTelechargement\u00a0\u00bb saved_tabs=\u00a0\u00bball\u00a0\u00bb text_orientation=\u00a0\u00bbcenter\u00a0\u00bb]<a class=\"button\" id=\"wpexperts_pdf_generate_file\">T\u00e9l\u00e9chager au format PDF<\/a>[\/et_pb_fullwidth_code][\/et_pb_section][et_pb_section bb_built=\u00a0\u00bb1&Prime; specialty=\u00a0\u00bboff\u00a0\u00bb prev_background_color=\u00a0\u00bb#000000&Prime; _builder_version=\u00a0\u00bb4.6.0&Prime; box_shadow_horizontal_tablet=\u00a0\u00bb0px\u00a0\u00bb box_shadow_vertical_tablet=\u00a0\u00bb0px\u00a0\u00bb box_shadow_blur_tablet=\u00a0\u00bb40px\u00a0\u00bb box_shadow_spread_tablet=\u00a0\u00bb0px\u00a0\u00bb module_id=\u00a0\u00bborgaStructurel\u00a0\u00bb vertical_offset_tablet=\u00a0\u00bb0&Prime; horizontal_offset_tablet=\u00a0\u00bb0&Prime;][et_pb_row][et_pb_column type=\u00a0\u00bb4_4&Prime; custom_padding__hover=\u00a0\u00bb|||\u00a0\u00bb custom_padding=\u00a0\u00bb|||\u00a0\u00bb][et_pb_text admin_label=\u00a0\u00bbRecherche\u00a0\u00bb _builder_version=\u00a0\u00bb4.19.4&Prime; text_text_shadow_horizontal_length=\u00a0\u00bbtext_text_shadow_style,%91object Object%93&Prime; text_text_shadow_horizontal_length_tablet=\u00a0\u00bb0px\u00a0\u00bb text_text_shadow_vertical_length=\u00a0\u00bbtext_text_shadow_style,%91object Object%93&Prime; text_text_shadow_vertical_length_tablet=\u00a0\u00bb0px\u00a0\u00bb text_text_shadow_blur_strength=\u00a0\u00bbtext_text_shadow_style,%91object Object%93&Prime; text_text_shadow_blur_strength_tablet=\u00a0\u00bb1px\u00a0\u00bb link_text_shadow_horizontal_length=\u00a0\u00bblink_text_shadow_style,%91object Object%93&Prime; link_text_shadow_horizontal_length_tablet=\u00a0\u00bb0px\u00a0\u00bb link_text_shadow_vertical_length=\u00a0\u00bblink_text_shadow_style,%91object Object%93&Prime; link_text_shadow_vertical_length_tablet=\u00a0\u00bb0px\u00a0\u00bb link_text_shadow_blur_strength=\u00a0\u00bblink_text_shadow_style,%91object Object%93&Prime; link_text_shadow_blur_strength_tablet=\u00a0\u00bb1px\u00a0\u00bb ul_text_shadow_horizontal_length=\u00a0\u00bbul_text_shadow_style,%91object Object%93&Prime; ul_text_shadow_horizontal_length_tablet=\u00a0\u00bb0px\u00a0\u00bb ul_text_shadow_vertical_length=\u00a0\u00bbul_text_shadow_style,%91object Object%93&Prime; ul_text_shadow_vertical_length_tablet=\u00a0\u00bb0px\u00a0\u00bb ul_text_shadow_blur_strength=\u00a0\u00bbul_text_shadow_style,%91object Object%93&Prime; ul_text_shadow_blur_strength_tablet=\u00a0\u00bb1px\u00a0\u00bb ol_text_shadow_horizontal_length=\u00a0\u00bbol_text_shadow_style,%91object Object%93&Prime; ol_text_shadow_horizontal_length_tablet=\u00a0\u00bb0px\u00a0\u00bb ol_text_shadow_vertical_length=\u00a0\u00bbol_text_shadow_style,%91object Object%93&Prime; ol_text_shadow_vertical_length_tablet=\u00a0\u00bb0px\u00a0\u00bb ol_text_shadow_blur_strength=\u00a0\u00bbol_text_shadow_style,%91object Object%93&Prime; ol_text_shadow_blur_strength_tablet=\u00a0\u00bb1px\u00a0\u00bb quote_text_shadow_horizontal_length=\u00a0\u00bbquote_text_shadow_style,%91object Object%93&Prime; quote_text_shadow_horizontal_length_tablet=\u00a0\u00bb0px\u00a0\u00bb quote_text_shadow_vertical_length=\u00a0\u00bbquote_text_shadow_style,%91object Object%93&Prime; quote_text_shadow_vertical_length_tablet=\u00a0\u00bb0px\u00a0\u00bb quote_text_shadow_blur_strength=\u00a0\u00bbquote_text_shadow_style,%91object Object%93&Prime; quote_text_shadow_blur_strength_tablet=\u00a0\u00bb1px\u00a0\u00bb header_text_shadow_horizontal_length=\u00a0\u00bbheader_text_shadow_style,%91object Object%93&Prime; header_text_shadow_horizontal_length_tablet=\u00a0\u00bb0px\u00a0\u00bb header_text_shadow_vertical_length=\u00a0\u00bbheader_text_shadow_style,%91object Object%93&Prime; header_text_shadow_vertical_length_tablet=\u00a0\u00bb0px\u00a0\u00bb header_text_shadow_blur_strength=\u00a0\u00bbheader_text_shadow_style,%91object Object%93&Prime; header_text_shadow_blur_strength_tablet=\u00a0\u00bb1px\u00a0\u00bb header_2_text_shadow_horizontal_length=\u00a0\u00bbheader_2_text_shadow_style,%91object Object%93&Prime; header_2_text_shadow_horizontal_length_tablet=\u00a0\u00bb0px\u00a0\u00bb header_2_text_shadow_vertical_length=\u00a0\u00bbheader_2_text_shadow_style,%91object Object%93&Prime; header_2_text_shadow_vertical_length_tablet=\u00a0\u00bb0px\u00a0\u00bb header_2_text_shadow_blur_strength=\u00a0\u00bbheader_2_text_shadow_style,%91object Object%93&Prime; header_2_text_shadow_blur_strength_tablet=\u00a0\u00bb1px\u00a0\u00bb header_3_text_shadow_horizontal_length=\u00a0\u00bbheader_3_text_shadow_style,%91object Object%93&Prime; header_3_text_shadow_horizontal_length_tablet=\u00a0\u00bb0px\u00a0\u00bb header_3_text_shadow_vertical_length=\u00a0\u00bbheader_3_text_shadow_style,%91object Object%93&Prime; header_3_text_shadow_vertical_length_tablet=\u00a0\u00bb0px\u00a0\u00bb header_3_text_shadow_blur_strength=\u00a0\u00bbheader_3_text_shadow_style,%91object Object%93&Prime; header_3_text_shadow_blur_strength_tablet=\u00a0\u00bb1px\u00a0\u00bb header_4_text_shadow_horizontal_length=\u00a0\u00bbheader_4_text_shadow_style,%91object Object%93&Prime; header_4_text_shadow_horizontal_length_tablet=\u00a0\u00bb0px\u00a0\u00bb header_4_text_shadow_vertical_length=\u00a0\u00bbheader_4_text_shadow_style,%91object Object%93&Prime; header_4_text_shadow_vertical_length_tablet=\u00a0\u00bb0px\u00a0\u00bb header_4_text_shadow_blur_strength=\u00a0\u00bbheader_4_text_shadow_style,%91object Object%93&Prime; header_4_text_shadow_blur_strength_tablet=\u00a0\u00bb1px\u00a0\u00bb header_5_text_shadow_horizontal_length=\u00a0\u00bbheader_5_text_shadow_style,%91object Object%93&Prime; header_5_text_shadow_horizontal_length_tablet=\u00a0\u00bb0px\u00a0\u00bb header_5_text_shadow_vertical_length=\u00a0\u00bbheader_5_text_shadow_style,%91object Object%93&Prime; header_5_text_shadow_vertical_length_tablet=\u00a0\u00bb0px\u00a0\u00bb header_5_text_shadow_blur_strength=\u00a0\u00bbheader_5_text_shadow_style,%91object Object%93&Prime; header_5_text_shadow_blur_strength_tablet=\u00a0\u00bb1px\u00a0\u00bb header_6_text_shadow_horizontal_length=\u00a0\u00bbheader_6_text_shadow_style,%91object Object%93&Prime; header_6_text_shadow_horizontal_length_tablet=\u00a0\u00bb0px\u00a0\u00bb header_6_text_shadow_vertical_length=\u00a0\u00bbheader_6_text_shadow_style,%91object Object%93&Prime; header_6_text_shadow_vertical_length_tablet=\u00a0\u00bb0px\u00a0\u00bb header_6_text_shadow_blur_strength=\u00a0\u00bbheader_6_text_shadow_style,%91object Object%93&Prime; header_6_text_shadow_blur_strength_tablet=\u00a0\u00bb1px\u00a0\u00bb box_shadow_horizontal_tablet=\u00a0\u00bb0px\u00a0\u00bb box_shadow_vertical_tablet=\u00a0\u00bb0px\u00a0\u00bb box_shadow_blur_tablet=\u00a0\u00bb40px\u00a0\u00bb box_shadow_spread_tablet=\u00a0\u00bb0px\u00a0\u00bb vertical_offset_tablet=\u00a0\u00bb0&Prime; horizontal_offset_tablet=\u00a0\u00bb0&Prime; z_index_tablet=\u00a0\u00bb0&Prime; custom_margin=\u00a0\u00bb10px|||\u00a0\u00bb custom_padding=\u00a0\u00bb10px|||\u00a0\u00bb background_pattern_color=\u00a0\u00bbrgba(0,0,0,0.2)\u00a0\u00bb background_mask_color=\u00a0\u00bb#ffffff\u00a0\u00bb]<\/p>\n<div class=\"primaryNav\">\n<ul>\n<li id=\"home\">\n<h3>Recherche<\/h3>\n<\/li>\n<li><a href=\"https:\/\/mivegec.fr\/fr\/departements-scientifiques\/processus-ecologiques-et-evolutifs-au-sein-des-communautes-peec\"><strong>DS1 &#8211; Processus Ecologiques et Evolutifs au sein des Communaut\u00e9s (PEEC)<\/strong><\/a>\n<ul>\n<li><a href=\"https:\/\/mivegec.fr\/fr\/departements-scientifiques\/processus-ecologiques-et-evolutifs-au-sein-des-communautes-peec\/equipes-peec#HEAT\">E1 &#8211; Health, Emergence, Adaptation and Transmission (HEAT)<\/a><br \/>            <div class=\"teamError\">\n                <h1>Aucun utilisateur n'est pour l'instant affect\u00e9 \u00e0 cette \u00e9quipe<\/h1>\n            <\/div>\n<\/li>\n<li><a href=\"https:\/\/mivegec.fr\/fr\/departements-scientifiques\/processus-ecologiques-et-evolutifs-au-sein-des-communautes-peec\/equipes-peec#CREEC\">E2 &#8211; Centre de Recherches Ecologiques Evolutives sur le Cancer (CREEC)<\/a><br \/>            <div class=\"teamError\">\n                <h1>Aucun utilisateur n'est pour l'instant affect\u00e9 \u00e0 cette \u00e9quipe<\/h1>\n            <\/div>\n<\/li>\n<li><a href=\"https:\/\/mivegec.fr\/fr\/departements-scientifiques\/processus-ecologiques-et-evolutifs-au-sein-des-communautes-peec\/equipes-peec#EVCO\">E3 &#8211; Evolution of host-microbe communities (EVCO)<\/a><br \/>            <div class=\"teamError\">\n                <h1>Aucun utilisateur n'est pour l'instant affect\u00e9 \u00e0 cette \u00e9quipe<\/h1>\n            <\/div>\n<\/li>\n<\/ul>\n<\/li>\n<li><a href=\"https:\/\/mivegec.fr\/fr\/departements-scientifiques\/pathogenes-environnement-sante-humaine-epath\"><strong>DS2 &#8211; Pathog\u00e8nes, Environnement, Sant\u00e9 Humaine (EPATH)<\/strong><\/a>\n<ul>\n<li><a href=\"https:\/\/mivegec.fr\/fr\/departements-scientifiques\/pathogenes-environnement-sante-humaine-epath\/equipes-epath#BioGEPPE\">E4 &#8211; Biologie, G\u00e9n\u00e9tique et Pathologie des Pathog\u00e8nes Eucaryotes (BioGEPPE)<\/a><br \/>            <div class=\"teamError\">\n                <h1>Aucun utilisateur n'est pour l'instant affect\u00e9 \u00e0 cette \u00e9quipe<\/h1>\n            <\/div>\n<\/li>\n<li><a href=\"https:\/\/mivegec.fr\/fr\/departements-scientifiques\/pathogenes-environnement-sante-humaine-epath\/equipes-epath#GeneSys\">E5 &#8211; Du g\u00e8ne \u00e0 l&rsquo;\u00e9cosyst\u00e8me (GeneSys)<\/a><br \/>            <div class=\"teamError\">\n                <h1>Aucun utilisateur n'est pour l'instant affect\u00e9 \u00e0 cette \u00e9quipe<\/h1>\n            <\/div>\n<\/li>\n<\/ul>\n<\/li>\n<li><a href=\"https:\/\/mivegec.fr\/fr\/departements-scientifiques\/evolution-des-systemes-vectoriels-esv\"><strong>DS3 &#8211; Evolution des Syst\u00e8mes Vectoriels (ESV)<\/strong><\/a>\n<ul>\n<li><a href=\"https:\/\/mivegec.fr\/fr\/departements-scientifiques\/evolution-des-systemes-vectoriels-esv\/equipes-esv#DEEVA\">E6 &#8211; Diversity, Ecology, Evolution &amp; Adaptation of arthropod vectors (DEEVA)<\/a><br \/>            <div class=\"teamError\">\n                <h1>Aucun utilisateur n'est pour l'instant affect\u00e9 \u00e0 cette \u00e9quipe<\/h1>\n            <\/div>\n<\/li>\n<li><a href=\"https:\/\/mivegec.fr\/fr\/departements-scientifiques\/evolution-des-systemes-vectoriels-esv\/equipes-esv#TRIAD\">E7 &#8211; Transmission-Interactions-Adaptations h\u00f4tes\/vecteurs\/pathog\u00e8nes (TRIAD)<\/a><br \/>            <div class=\"teamError\">\n                <h1>Aucun utilisateur n'est pour l'instant affect\u00e9 \u00e0 cette \u00e9quipe<\/h1>\n            <\/div>\n<\/li>\n<li><a href=\"https:\/\/mivegec.fr\/fr\/departements-scientifiques\/evolution-des-systemes-vectoriels-esv\/equipes-esv#lutteVecteurs\">E8 &#8211; Vector Control Group (VCG)<\/a><br \/>            <div class=\"teamError\">\n                <h1>Aucun utilisateur n'est pour l'instant affect\u00e9 \u00e0 cette \u00e9quipe<\/h1>\n            <\/div>\n<\/li>\n<\/ul>\n<\/li>\n<li><a href=\"https:\/\/mivegec.fr\/fr\/departements-scientifiques\/perturbations-evolution-virulence-pev\"><strong>DS4 &#8211; Perturbations, Evolution, Virulence<\/strong><\/a>\n<ul>\n<li><a href=\"https:\/\/mivegec.fr\/fr\/departements-scientifiques\/perturbations-evolution-virulence-pev\/equipes-pev#EDSVP\">E9 &#8211; Virostyle<\/a><br \/>            <div class=\"teamError\">\n                <h1>Aucun utilisateur n'est pour l'instant affect\u00e9 \u00e0 cette \u00e9quipe<\/h1>\n            <\/div>\n<\/li>\n<li><a href=\"https:\/\/mivegec.fr\/fr\/departements-scientifiques\/perturbations-evolution-virulence-pev\/equipes-pev#PEVPC\">E10 &#8211; Perturbations &amp; Virulence in Populations &amp; Communities<\/a><br \/>            <div class=\"teamError\">\n                <h1>Aucun utilisateur n'est pour l'instant affect\u00e9 \u00e0 cette \u00e9quipe<\/h1>\n            <\/div>\n<\/li>\n<p><!--\n\n<li><a href=\"https:\/\/mivegec.fr\/fr\/departements-scientifiques\/perturbations-evolution-virulence-pev\/equipes-pev#ETE\">E11 - Theorethical &amp; Experimental Evolution<\/a><br \/>[miv_team slug=theorethical-experimental-evolution]<\/li>\n\n-->\n<\/ul>\n<\/li>\n<li><a href=\"https:\/\/mivegec.fr\/fr\/departements-scientifiques\/biologie-des-infections-virales-emergence-diffusion-impact-controle-elimination-edifice\"><strong>DS5 &#8211; Biologie des infections virales: Emergence,DIFfusion, Impact, Contr\u00f4le, Elimination (EDIFICE)<\/strong><\/a>\n<ul>\n<li><a href=\"https:\/\/mivegec.fr\/fr\/departements-scientifiques\/biologie-des-infections-virales-emergence-diffusion-impact-controle-elimination-edifice\/equipes-edifice#ZVMT\">E11 &#8211; Zoonoses virales et MTN<\/a><br \/>            <div class=\"teamError\">\n                <h1>Aucun utilisateur n'est pour l'instant affect\u00e9 \u00e0 cette \u00e9quipe<\/h1>\n            <\/div>\n<\/li>\n<li><a href=\"https:\/\/mivegec.fr\/fr\/departements-scientifiques\/biologie-des-infections-virales-emergence-diffusion-impact-controle-elimination-edifice\/equipes-edifice#TIA\">E12 &#8211; Interhuman Arbovirus Transmission<\/a><br \/>            <div class=\"teamError\">\n                <h1>Aucun utilisateur n'est pour l'instant affect\u00e9 \u00e0 cette \u00e9quipe<\/h1>\n            <\/div>\n<\/li>\n<li><a href=\"https:\/\/mivegec.fr\/fr\/departements-scientifiques\/biologie-des-infections-virales-emergence-diffusion-impact-controle-elimination-edifice\/equipes-edifice#IVC\">E13 &#8211; Contr\u00f4le, Echappement et Infections Chroniques<\/a><br \/>            <div class=\"teamError\">\n                <h1>Aucun utilisateur n'est pour l'instant affect\u00e9 \u00e0 cette \u00e9quipe<\/h1>\n            <\/div>\n<\/li>\n<\/ul>\n<\/li>\n<\/ul>\n<\/div>\n<p>[\/et_pb_text][\/et_pb_column][\/et_pb_row][\/et_pb_section]<\/p>\n","protected":false},"excerpt":{"rendered":"<p><span><span><a href=\"https:\/\/mivegec.fr\/fr\">Accueil<\/a><\/span><\/span><a class=\"button\" id=\"wpexperts_pdf_generate_file\">T\u00e9l\u00e9chager au format PDF<\/a><div class=\"et_pb_row et_pb_row_0 et_pb_row_empty\">\n\t\t\t\t\n\t\t\t\t\n\t\t\t\t\n\t\t\t\t\n\t\t\t\t\n\t\t\t<\/div> Recherche DS1 &#8211; Processus Ecologiques et Evolutifs au sein des Communaut\u00e9s (PEEC) E1 &#8211; Health, Emergence, Adaptation and Transmission (HEAT)            <div class=\"teamError\">\n                <h1>Aucun utilisateur n'est pour l'instant affect\u00e9 \u00e0 cette \u00e9quipe<\/h1>\n            <\/div>\n E2 &#8211; Centre de Recherches Ecologiques Evolutives sur le Cancer (CREEC)            <div class=\"teamError\">\n                <h1>Aucun utilisateur n'est pour l'instant affect\u00e9 \u00e0 cette \u00e9quipe<\/h1>\n            <\/div>\n E3 &#8211; Evolution of host-microbe communities (EVCO)            <div class=\"teamError\">\n                <h1>Aucun utilisateur n'est pour l'instant affect\u00e9 \u00e0 cette \u00e9quipe<\/h1>\n            <\/div>\n DS2 &#8211; Pathog\u00e8nes, Environnement, Sant\u00e9 Humaine (EPATH) E4 &#8211; Biologie, G\u00e9n\u00e9tique et Pathologie [&hellip;]<\/p>\n","protected":false},"author":3,"featured_media":0,"parent":29,"menu_order":0,"comment_status":"closed","ping_status":"closed","template":"","meta":{"_acf_changed":false,"_et_pb_use_builder":"on","_et_pb_old_content":"","_et_gb_content_width":"","footnotes":""},"class_list":["post-1358","page","type-page","status-publish","hentry"],"acf":[],"yoast_head":"<!-- This site is optimized with the Yoast SEO plugin v26.8 - https:\/\/yoast.com\/product\/yoast-seo-wordpress\/ -->\n<title>organigramme structurel Recherche - MIVEGEC<\/title>\n<meta name=\"robots\" content=\"index, follow, max-snippet:-1, max-image-preview:large, max-video-preview:-1\" \/>\n<link rel=\"canonical\" href=\"https:\/\/mivegec.fr\/fr\/organigramme\/organigramme-structurel-recherche\" \/>\n<meta property=\"og:locale\" content=\"fr_FR\" \/>\n<meta property=\"og:type\" content=\"article\" \/>\n<meta property=\"og:title\" content=\"organigramme structurel Recherche - MIVEGEC\" \/>\n<meta property=\"og:description\" content=\"Recherche DS1 - Processus Ecologiques et Evolutifs au sein des Communaut\u00e9s (PEEC) E1 - Health, Emergence, Adaptation and Transmission (HEAT) E2 - Centre de Recherches Ecologiques Evolutives sur le Cancer (CREEC) E3 - Evolution of host-microbe communities (EVCO) DS2 - Pathog\u00e8nes, Environnement, Sant\u00e9 Humaine (EPATH) E4 - Biologie, G\u00e9n\u00e9tique et Pathologie [&hellip;]\" \/>\n<meta property=\"og:url\" content=\"https:\/\/mivegec.fr\/fr\/organigramme\/organigramme-structurel-recherche\" \/>\n<meta property=\"og:site_name\" content=\"MIVEGEC\" \/>\n<meta property=\"article:modified_time\" content=\"2023-01-25T15:06:43+00:00\" \/>\n<meta name=\"twitter:card\" content=\"summary_large_image\" \/>\n<meta name=\"twitter:label1\" content=\"Dur\u00e9e de lecture estim\u00e9e\" \/>\n\t<meta name=\"twitter:data1\" content=\"2 minutes\" \/>\n<script type=\"application\/ld+json\" class=\"yoast-schema-graph\">{\"@context\":\"https:\/\/schema.org\",\"@graph\":[{\"@type\":\"WebPage\",\"@id\":\"https:\/\/mivegec.fr\/fr\/organigramme\/organigramme-structurel-recherche\",\"url\":\"https:\/\/mivegec.fr\/fr\/organigramme\/organigramme-structurel-recherche\",\"name\":\"organigramme structurel Recherche - MIVEGEC\",\"isPartOf\":{\"@id\":\"https:\/\/mivegec.fr\/fr\/#website\"},\"datePublished\":\"2020-11-24T15:19:39+00:00\",\"dateModified\":\"2023-01-25T15:06:43+00:00\",\"breadcrumb\":{\"@id\":\"https:\/\/mivegec.fr\/fr\/organigramme\/organigramme-structurel-recherche#breadcrumb\"},\"inLanguage\":\"fr-FR\",\"potentialAction\":[{\"@type\":\"ReadAction\",\"target\":[\"https:\/\/mivegec.fr\/fr\/organigramme\/organigramme-structurel-recherche\"]}]},{\"@type\":\"BreadcrumbList\",\"@id\":\"https:\/\/mivegec.fr\/fr\/organigramme\/organigramme-structurel-recherche#breadcrumb\",\"itemListElement\":[{\"@type\":\"ListItem\",\"position\":1,\"name\":\"Accueil\",\"item\":\"https:\/\/mivegec.fr\/fr\"},{\"@type\":\"ListItem\",\"position\":2,\"name\":\"Organigrammes\",\"item\":\"https:\/\/mivegec.fr\/fr\/organigramme\"},{\"@type\":\"ListItem\",\"position\":3,\"name\":\"organigramme structurel Recherche\"}]},{\"@type\":\"WebSite\",\"@id\":\"https:\/\/mivegec.fr\/fr\/#website\",\"url\":\"https:\/\/mivegec.fr\/fr\/\",\"name\":\"MIVEGEC\",\"description\":\"Maladies infectieuses et Vecteurs : \u00c9cologie, G\u00e9n\u00e9tique, \u00c9volution et Contr\u00f4le\",\"publisher\":{\"@id\":\"https:\/\/mivegec.fr\/fr\/#organization\"},\"potentialAction\":[{\"@type\":\"SearchAction\",\"target\":{\"@type\":\"EntryPoint\",\"urlTemplate\":\"https:\/\/mivegec.fr\/fr\/?s={search_term_string}\"},\"query-input\":{\"@type\":\"PropertyValueSpecification\",\"valueRequired\":true,\"valueName\":\"search_term_string\"}}],\"inLanguage\":\"fr-FR\"},{\"@type\":\"Organization\",\"@id\":\"https:\/\/mivegec.fr\/fr\/#organization\",\"name\":\"Mivegec\",\"url\":\"https:\/\/mivegec.fr\/fr\/\",\"logo\":{\"@type\":\"ImageObject\",\"inLanguage\":\"fr-FR\",\"@id\":\"https:\/\/mivegec.fr\/fr\/#\/schema\/logo\/image\/\",\"url\":\"https:\/\/mivegec.fr\/wp-content\/uploads\/2021\/03\/logo-mivegec@2x.png\",\"contentUrl\":\"https:\/\/mivegec.fr\/wp-content\/uploads\/2021\/03\/logo-mivegec@2x.png\",\"width\":616,\"height\":405,\"caption\":\"Mivegec\"},\"image\":{\"@id\":\"https:\/\/mivegec.fr\/fr\/#\/schema\/logo\/image\/\"}}]}<\/script>\n<!-- \/ Yoast SEO plugin. -->","yoast_head_json":{"title":"organigramme structurel Recherche - MIVEGEC","robots":{"index":"index","follow":"follow","max-snippet":"max-snippet:-1","max-image-preview":"max-image-preview:large","max-video-preview":"max-video-preview:-1"},"canonical":"https:\/\/mivegec.fr\/fr\/organigramme\/organigramme-structurel-recherche","og_locale":"fr_FR","og_type":"article","og_title":"organigramme structurel Recherche - MIVEGEC","og_description":"Recherche DS1 - Processus Ecologiques et Evolutifs au sein des Communaut\u00e9s (PEEC) E1 - Health, Emergence, Adaptation and Transmission (HEAT) E2 - Centre de Recherches Ecologiques Evolutives sur le Cancer (CREEC) E3 - Evolution of host-microbe communities (EVCO) DS2 - Pathog\u00e8nes, Environnement, Sant\u00e9 Humaine (EPATH) E4 - Biologie, G\u00e9n\u00e9tique et Pathologie [&hellip;]","og_url":"https:\/\/mivegec.fr\/fr\/organigramme\/organigramme-structurel-recherche","og_site_name":"MIVEGEC","article_modified_time":"2023-01-25T15:06:43+00:00","twitter_card":"summary_large_image","twitter_misc":{"Dur\u00e9e de lecture estim\u00e9e":"2 minutes"},"schema":{"@context":"https:\/\/schema.org","@graph":[{"@type":"WebPage","@id":"https:\/\/mivegec.fr\/fr\/organigramme\/organigramme-structurel-recherche","url":"https:\/\/mivegec.fr\/fr\/organigramme\/organigramme-structurel-recherche","name":"organigramme structurel Recherche - MIVEGEC","isPartOf":{"@id":"https:\/\/mivegec.fr\/fr\/#website"},"datePublished":"2020-11-24T15:19:39+00:00","dateModified":"2023-01-25T15:06:43+00:00","breadcrumb":{"@id":"https:\/\/mivegec.fr\/fr\/organigramme\/organigramme-structurel-recherche#breadcrumb"},"inLanguage":"fr-FR","potentialAction":[{"@type":"ReadAction","target":["https:\/\/mivegec.fr\/fr\/organigramme\/organigramme-structurel-recherche"]}]},{"@type":"BreadcrumbList","@id":"https:\/\/mivegec.fr\/fr\/organigramme\/organigramme-structurel-recherche#breadcrumb","itemListElement":[{"@type":"ListItem","position":1,"name":"Accueil","item":"https:\/\/mivegec.fr\/fr"},{"@type":"ListItem","position":2,"name":"Organigrammes","item":"https:\/\/mivegec.fr\/fr\/organigramme"},{"@type":"ListItem","position":3,"name":"organigramme structurel Recherche"}]},{"@type":"WebSite","@id":"https:\/\/mivegec.fr\/fr\/#website","url":"https:\/\/mivegec.fr\/fr\/","name":"MIVEGEC","description":"Maladies infectieuses et Vecteurs : \u00c9cologie, G\u00e9n\u00e9tique, \u00c9volution et Contr\u00f4le","publisher":{"@id":"https:\/\/mivegec.fr\/fr\/#organization"},"potentialAction":[{"@type":"SearchAction","target":{"@type":"EntryPoint","urlTemplate":"https:\/\/mivegec.fr\/fr\/?s={search_term_string}"},"query-input":{"@type":"PropertyValueSpecification","valueRequired":true,"valueName":"search_term_string"}}],"inLanguage":"fr-FR"},{"@type":"Organization","@id":"https:\/\/mivegec.fr\/fr\/#organization","name":"Mivegec","url":"https:\/\/mivegec.fr\/fr\/","logo":{"@type":"ImageObject","inLanguage":"fr-FR","@id":"https:\/\/mivegec.fr\/fr\/#\/schema\/logo\/image\/","url":"https:\/\/mivegec.fr\/wp-content\/uploads\/2021\/03\/logo-mivegec@2x.png","contentUrl":"https:\/\/mivegec.fr\/wp-content\/uploads\/2021\/03\/logo-mivegec@2x.png","width":616,"height":405,"caption":"Mivegec"},"image":{"@id":"https:\/\/mivegec.fr\/fr\/#\/schema\/logo\/image\/"}}]}},"_links":{"self":[{"href":"https:\/\/mivegec.fr\/fr\/wp-json\/wp\/v2\/pages\/1358","targetHints":{"allow":["GET"]}}],"collection":[{"href":"https:\/\/mivegec.fr\/fr\/wp-json\/wp\/v2\/pages"}],"about":[{"href":"https:\/\/mivegec.fr\/fr\/wp-json\/wp\/v2\/types\/page"}],"author":[{"embeddable":true,"href":"https:\/\/mivegec.fr\/fr\/wp-json\/wp\/v2\/users\/3"}],"replies":[{"embeddable":true,"href":"https:\/\/mivegec.fr\/fr\/wp-json\/wp\/v2\/comments?post=1358"}],"version-history":[{"count":52,"href":"https:\/\/mivegec.fr\/fr\/wp-json\/wp\/v2\/pages\/1358\/revisions"}],"predecessor-version":[{"id":8367,"href":"https:\/\/mivegec.fr\/fr\/wp-json\/wp\/v2\/pages\/1358\/revisions\/8367"}],"up":[{"embeddable":true,"href":"https:\/\/mivegec.fr\/fr\/wp-json\/wp\/v2\/pages\/29"}],"wp:attachment":[{"href":"https:\/\/mivegec.fr\/fr\/wp-json\/wp\/v2\/media?parent=1358"}],"curies":[{"name":"wp","href":"https:\/\/api.w.org\/{rel}","templated":true}]}}