{"id":6107,"date":"2022-03-07T16:00:47","date_gmt":"2022-03-07T15:00:47","guid":{"rendered":"https:\/\/mivegec.fr\/?page_id=6107"},"modified":"2022-03-07T16:00:50","modified_gmt":"2022-03-07T15:00:50","slug":"pedagogical-structures","status":"publish","type":"page","link":"https:\/\/mivegec.fr\/en\/training-and-courses\/pedagogical-structures","title":{"rendered":"Pedagogical structures"},"content":{"rendered":"<p>[et_pb_section bb_built=&#8221;1&#8243; fullwidth=&#8221;on&#8221; _builder_version=&#8221;4.6.0&#8243; next_background_color=&#8221;#000000&#8243;][et_pb_fullwidth_post_title admin_label=&#8221;Titre&#8221; meta=&#8221;off&#8221; featured_image=&#8221;off&#8221; text_color=&#8221;light&#8221; _builder_version=&#8221;4.6.0&#8243; background_image=&#8221;https:\/\/mivegec.fr\/wp-content\/uploads\/2020\/09\/MIVEGEC-departements.jpg&#8221; vertical_offset_tablet=&#8221;0&#8243; horizontal_offset_tablet=&#8221;0&#8243; text_orientation=&#8221;center&#8221; custom_padding=&#8221;||100px|&#8221; z_index_tablet=&#8221;0&#8243; title_text_shadow_horizontal_length_tablet=&#8221;0px&#8221; title_text_shadow_vertical_length_tablet=&#8221;0px&#8221; title_text_shadow_blur_strength_tablet=&#8221;1px&#8221; meta_text_shadow_horizontal_length_tablet=&#8221;0px&#8221; meta_text_shadow_vertical_length_tablet=&#8221;0px&#8221; meta_text_shadow_blur_strength_tablet=&#8221;1px&#8221; box_shadow_horizontal_tablet=&#8221;0px&#8221; box_shadow_vertical_tablet=&#8221;0px&#8221; box_shadow_blur_tablet=&#8221;40px&#8221; box_shadow_spread_tablet=&#8221;0px&#8221; text_shadow_horizontal_length_tablet=&#8221;0px&#8221; text_shadow_vertical_length_tablet=&#8221;0px&#8221; text_shadow_blur_strength_tablet=&#8221;1px&#8221; \/][et_pb_fullwidth_code admin_label=&#8221;Fil d&#8217;ariane&#8221; module_id=&#8221;breadcrumb&#8221; _builder_version=&#8221;4.6.0&#8243; vertical_offset_tablet=&#8221;0&#8243; horizontal_offset_tablet=&#8221;0&#8243; text_orientation=&#8221;center&#8221; box_shadow_horizontal_tablet=&#8221;0px&#8221; box_shadow_vertical_tablet=&#8221;0px&#8221; box_shadow_blur_tablet=&#8221;40px&#8221; box_shadow_spread_tablet=&#8221;0px&#8221; global_module=&#8221;1485&#8243; saved_tabs=&#8221;all&#8221;]<span><span><a href=\"https:\/\/mivegec.fr\/en\">Accueil<\/a><\/span><\/span>[\/et_pb_fullwidth_code][\/et_pb_section][et_pb_section bb_built=&#8221;1&#8243; _builder_version=&#8221;4.6.0&#8243; prev_background_color=&#8221;#000000&#8243;][et_pb_row _builder_version=&#8221;4.6.0&#8243; _module_preset=&#8221;default&#8221;][et_pb_column type=&#8221;4_4&#8243; _builder_version=&#8221;4.6.0&#8243; _module_preset=&#8221;default&#8221;][et_pb_text _builder_version=&#8221;4.6.0&#8243; _module_preset=&#8221;default&#8221;]<\/p>\n<div>\n<ul>\n<li><strong>Niveau doctoral<\/strong>\n<ul style=\"list-style-type: circle;\">\n<li>Responsabilit\u00e9 du Programme Doctoral International du LabEX Parafrap d\u00e9di\u00e9 aux doctorants du Sud (<a href=\"https:\/\/mivegec.fr\/fr\/annuaire\/agent?id=255\"><strong>P. Bastien<\/strong><\/a>; resp. 2012-20) \u00a0<a href=\"https:\/\/labex-parafrap.fr\/fr\/formation\/programme-doctoral-internationa\">https:\/\/labex-parafrap.fr\/fr\/formation\/programme-doctoral-internationa<\/a><br \/>\nCe programme comporte un volet annuel d\u2019ateliers th\u00e9matiques dont\u00a0:<br \/>\n&#8220;Parasitology Introductory Course&#8221; (60h, 11-14 \u00e9tudiants, Montpellier, 7-18 Novembre 2016 et 13-23 mars 2018, resp <a href=\"https:\/\/mivegec.fr\/fr\/annuaire\/agent?id=255\"><strong>P. Bastien<\/strong><\/a>)<br \/>\n&#8220;Bioinformatics Training Course in Parasitology&#8221; avec l&#8217;\u00e9quipe du Prof. David Roos (EuPathDB, University of Pennsylvania) \u00e0\u00a0 Montpellier, 5-9 Janvier 2015 et 3-8 Juillet 2017 (44h, 20-30 \u00e9tudiants, resp. <a href=\"https:\/\/mivegec.fr\/fr\/annuaire\/agent?id=255\"><strong>P. Bastien<\/strong><\/a>)<\/li>\n<li>Cr\u00e9ation et direction de la fili\u00e8re doctorale <strong><em>Biologie des interactions<\/em><\/strong> au sein des Ecoles Doctorales (ED) SIBAGHE puis GAIA (<a href=\"https:\/\/mivegec.fr\/fr\/annuaire\/agent?id=199\"><strong>C. Chevillon<\/strong><\/a>, 2013-2018)<br \/>\nDirection-adjointe de l\u2019ED 584 GAIA (<a href=\"https:\/\/mivegec.fr\/fr\/annuaire\/agent?id=199\"><strong>C. Chevillon<\/strong><\/a>, 2015-2018)\u00a0;<\/li>\n<li>HDR \u00e9lue au conseil et bureau de l\u2019ED 584 GAIA (<a href=\"https:\/\/mivegec.fr\/fr\/annuaire\/agent?id=67\"><strong>P. Perrin<\/strong><\/a>, 2015-2020)\u00a0; <a href=\"https:\/\/gaia.umontpellier.fr\">https:\/\/gaia.umontpellier.fr<\/a><\/li>\n<li>HDR nomm\u00e9 au conseil de l\u2019ED 393 \u2018Sant\u00e9 Publique : \u00e9pid\u00e9miologie et sciences de l\u2019information m\u00e9dicale\u2019, Sorbonne Universit\u00e9s (<a href=\"https:\/\/mivegec.fr\/fr\/annuaire\/agent?id=36\"><strong>J-F Gu\u00e9gan<\/strong><\/a>; 2015-2024)<br \/>\n<a href=\"https:\/\/www.ed393.upmc.fr\/\">https:\/\/www.ed393.upmc.fr\/<\/a><\/li>\n<\/ul>\n<\/li>\n<li><strong>Niveaux licence &amp; master- Facult\u00e9 des Sciences de l\u2019Universit\u00e9 de Montpellier <\/strong>\n<ul style=\"list-style-type: circle;\">\n<li>Membre du conseil de la Facult\u00e9 des sciences (<a href=\"https:\/\/mivegec.fr\/fr\/annuaire\/agent?id=38\"><strong>S. Hurtrez<\/strong><\/a>, \u00e9lue\u00a0; 2018-2021)\u00a0; <a href=\"https:\/\/sciences.edu.umontpellier.fr\/\">https:\/\/sciences.edu.umontpellier.fr\/<\/a><br \/>\nCe conseil d\u00e9termine la politique de la Facult\u00e9 des Sciences et d\u00e9finit les grandes orientations p\u00e9dagogiques et scientifiques de la composante. Il d\u00e9lib\u00e8re sur les questions qui concernent les missions de la Facult\u00e9 et donne un avis sur les emplois et carri\u00e8res des personnels.<\/li>\n<li>Direction du d\u00e9partement Biologie-Ecologie (<a href=\"https:\/\/mivegec.fr\/fr\/annuaire\/agent?id=38\"><strong>S. Hurtrez<\/strong><\/a>, directrice-adjointe 2016-2018\u00a0; co-directrice\u00a0; 2018-2019)<br \/>\n<a href=\"https:\/\/biologie-ecologie.com\/departement\/\">https:\/\/biologie-ecologie.com\/departement\/<\/a><\/li>\n<li>Correspondante \u2018Relations internationales\u2019 pour le d\u00e9partement Biologie-Evolution (<a href=\"https:\/\/mivegec.fr\/fr\/annuaire\/agent?id=38\"><strong>S. Hurtrez<\/strong><\/a>; nomm\u00e9e, 2015-2017)<\/li>\n<li>Charg\u00e9 de mission \u2018handicap\u2019 pour la Facult\u00e9 des Sciences (<strong><a href=\"https:\/\/mivegec.fr\/fr\/annuaire\/agent?id=82\">M. Sofonea<\/a><\/strong>, depuis 2018)<\/li>\n<\/ul>\n<\/li>\n<li><strong>Dipl\u00f4me de Formation G\u00e9n\u00e9rale en Sciences M\u00e9dicales (DGSM), Facult\u00e9 de M\u00e9decine de l\u2019Universit\u00e9 de Montpellier <\/strong>\n<ul style=\"list-style-type: circle;\">\n<li>Responsabilit\u00e9 des deuxi\u00e8me et troisi\u00e8me ann\u00e9es (DGSM2 &amp; DGSM3\u00a0;<a href=\"https:\/\/mivegec.fr\/fr\/annuaire\/agent?id=42\"><strong>L. Lachaud<\/strong><\/a>, resp. 2017-pr\u00e9sent)<br \/>\n<a href=\"https:\/\/formations.umontpellier.fr\/fr\/formations\/sciences-technologies-sante-STS\/de-docteur-en-medecine-IB\/diplome-d-etat-de-docteur-en-medecine-program-fr_rne_0341087x_pr_1237451188488\/paces-et-dfgsm-subprogram-fr_rne_0341087x_pr_1237451828738.html\">https:\/\/formations.umontpellier.fr\/fr\/formations\/sciences-technologies-sante-STS\/de-docteur-en-medecine-IB\/diplome-d-etat-de-docteur-en-medecine-program-fr_rne_0341087x_pr_1237451188488\/paces-et-dfgsm-subprogram-fr_rne_0341087x_pr_1237451828738.html<\/a> )<\/li>\n<\/ul>\n<\/li>\n<\/ul>\n<\/div>\n<p>[\/et_pb_text][\/et_pb_column][\/et_pb_row][et_pb_row _builder_version=&#8221;4.9.0&#8243; _module_preset=&#8221;default&#8221;][et_pb_column type=&#8221;4_4&#8243; _builder_version=&#8221;4.9.0&#8243; _module_preset=&#8221;default&#8221;][et_pb_button button_url=&#8221;\/formation-et-cours\/&#8221; button_text=&#8221;Back to Training and courses&#8221; button_alignment=&#8221;left&#8221; _builder_version=&#8221;4.14.8&#8243; _module_preset=&#8221;default&#8221; custom_button=&#8221;on&#8221; button_bg_color=&#8221;#00a7ad&#8221; button_icon=&#8221;%%19%%&#8221; button_icon_placement=&#8221;left&#8221; background_layout=&#8221;dark&#8221; button_text_shadow_horizontal_length=&#8221;button_text_shadow_style,%91object Object%93&#8243; button_text_shadow_horizontal_length_tablet=&#8221;0px&#8221; button_text_shadow_vertical_length=&#8221;button_text_shadow_style,%91object Object%93&#8243; button_text_shadow_vertical_length_tablet=&#8221;0px&#8221; button_text_shadow_blur_strength=&#8221;button_text_shadow_style,%91object Object%93&#8243; button_text_shadow_blur_strength_tablet=&#8221;1px&#8221; box_shadow_horizontal_tablet=&#8221;0px&#8221; box_shadow_vertical_tablet=&#8221;0px&#8221; box_shadow_blur_tablet=&#8221;40px&#8221; box_shadow_spread_tablet=&#8221;0px&#8221; vertical_offset_tablet=&#8221;0&#8243; horizontal_offset_tablet=&#8221;0&#8243; z_index_tablet=&#8221;0&#8243; \/][\/et_pb_column][\/et_pb_row][\/et_pb_section]<\/p>\n","protected":false},"excerpt":{"rendered":"<p><span><span><a href=\"https:\/\/mivegec.fr\/en\">Accueil<\/a><\/span><\/span> Niveau doctoral Responsabilit\u00e9 du Programme Doctoral International du LabEX Parafrap d\u00e9di\u00e9 aux doctorants du Sud (P. Bastien; resp. 2012-20) \u00a0https:\/\/labex-parafrap.fr\/fr\/formation\/programme-doctoral-internationa Ce programme comporte un volet annuel d\u2019ateliers th\u00e9matiques dont\u00a0: &#8220;Parasitology Introductory Course&#8221; (60h, 11-14 \u00e9tudiants, Montpellier, 7-18 Novembre 2016 et 13-23 mars 2018, resp P. Bastien) &#8220;Bioinformatics Training Course in Parasitology&#8221; avec l&#8217;\u00e9quipe du [&hellip;]<\/p>\n","protected":false},"author":3,"featured_media":0,"parent":5303,"menu_order":0,"comment_status":"closed","ping_status":"closed","template":"","meta":{"_acf_changed":false,"_et_pb_use_builder":"on","_et_pb_old_content":"<p>[et_pb_section fb_built=\"1\" fullwidth=\"on\" _builder_version=\"4.6.0\"][et_pb_fullwidth_post_title meta=\"off\" featured_image=\"off\" text_color=\"light\" admin_label=\"Titre\" _builder_version=\"4.6.0\" background_image=\"https:\/\/mivegec.fr\/wp-content\/uploads\/2020\/09\/MIVEGEC-departements.jpg\" vertical_offset_tablet=\"0\" horizontal_offset_tablet=\"0\" text_orientation=\"center\" custom_padding=\"||100px|\" z_index_tablet=\"0\" title_text_shadow_horizontal_length_tablet=\"0px\" title_text_shadow_vertical_length_tablet=\"0px\" title_text_shadow_blur_strength_tablet=\"1px\" meta_text_shadow_horizontal_length_tablet=\"0px\" meta_text_shadow_vertical_length_tablet=\"0px\" meta_text_shadow_blur_strength_tablet=\"1px\" box_shadow_horizontal_tablet=\"0px\" box_shadow_vertical_tablet=\"0px\" box_shadow_blur_tablet=\"40px\" box_shadow_spread_tablet=\"0px\" text_shadow_horizontal_length_tablet=\"0px\" text_shadow_vertical_length_tablet=\"0px\" text_shadow_blur_strength_tablet=\"1px\"][\/et_pb_fullwidth_post_title][et_pb_fullwidth_code admin_label=\"Fil d'ariane\" module_id=\"breadcrumb\" _builder_version=\"4.6.0\" vertical_offset_tablet=\"0\" horizontal_offset_tablet=\"0\" text_orientation=\"center\" box_shadow_horizontal_tablet=\"0px\" box_shadow_vertical_tablet=\"0px\" box_shadow_blur_tablet=\"40px\" box_shadow_spread_tablet=\"0px\" global_module=\"1485\" saved_tabs=\"all\"][wpseo_breadcrumb][\/et_pb_fullwidth_code][\/et_pb_section][et_pb_section fb_built=\"1\" _builder_version=\"4.6.0\"][et_pb_row _builder_version=\"4.6.0\" _module_preset=\"default\"][et_pb_column type=\"4_4\" _builder_version=\"4.6.0\" _module_preset=\"default\"][et_pb_text _builder_version=\"4.6.0\" _module_preset=\"default\"]<\/p><div><ul><li><strong>Niveau doctoral<\/strong><ul style=\"list-style-type: circle;\"><li>Responsabilit\u00e9 du Programme Doctoral International du LabEX Parafrap d\u00e9di\u00e9 aux doctorants du Sud (<a href=\"\/?page_id=1269&amp;id=255\"><strong>P. Bastien<\/strong><\/a>; resp. 2012-20) \u00a0<a href=\"https:\/\/labex-parafrap.fr\/fr\/formation\/programme-doctoral-internationa\">https:\/\/labex-parafrap.fr\/fr\/formation\/programme-doctoral-internationa<\/a><br \/>Ce programme comporte un volet annuel d\u2019ateliers th\u00e9matiques dont\u00a0:<br \/>\"Parasitology Introductory Course\" (60h, 11-14 \u00e9tudiants, Montpellier, 7-18 Novembre 2016 et 13-23 mars 2018, resp <a href=\"\/?page_id=1269&amp;id=255\"><strong>P. Bastien<\/strong><\/a>)<br \/>\"Bioinformatics Training Course in Parasitology\" avec l'\u00e9quipe du Prof. David Roos (EuPathDB, University of Pennsylvania) \u00e0\u00a0 Montpellier, 5-9 Janvier 2015 et 3-8 Juillet 2017 (44h, 20-30 \u00e9tudiants, resp. <a href=\"\/?page_id=1269&amp;id=255\"><strong>P. Bastien<\/strong><\/a>)<\/li><li>Cr\u00e9ation et direction de la fili\u00e8re doctorale <strong><em>Biologie des interactions<\/em><\/strong> au sein des Ecoles Doctorales (ED) SIBAGHE puis GAIA (<a href=\"\/?page_id=1269&amp;id=199\"><strong>C. Chevillon<\/strong><\/a>, 2013-2018)<br \/>Direction-adjointe de l\u2019ED 584 GAIA (<a href=\"\/?page_id=1269&amp;id=199\"><strong>C. Chevillon<\/strong><\/a>, 2015-2018)\u00a0;<\/li><li>HDR \u00e9lue au conseil et bureau de l\u2019ED 584 GAIA (<a href=\"\/?page_id=1269&amp;id=67\"><strong>P. Perrin<\/strong><\/a>, 2015-2020)\u00a0; <a href=\"https:\/\/gaia.umontpellier.fr\">https:\/\/gaia.umontpellier.fr<\/a><\/li><li>HDR nomm\u00e9 au conseil de l\u2019ED 393 \u2018Sant\u00e9 Publique : \u00e9pid\u00e9miologie et sciences de l\u2019information m\u00e9dicale\u2019, Sorbonne Universit\u00e9s (<a href=\"\/?page_id=1269&amp;id=36\"><strong>J-F Gu\u00e9gan<\/strong><\/a>; 2015-2024)<br \/><a href=\"https:\/\/www.ed393.upmc.fr\/\">https:\/\/www.ed393.upmc.fr\/<\/a><\/li><\/ul><\/li><li><strong>Niveaux licence &amp; master- Facult\u00e9 des Sciences de l\u2019Universit\u00e9 de Montpellier <\/strong><ul style=\"list-style-type: circle;\"><li>Membre du conseil de la Facult\u00e9 des sciences (<a href=\"\/?page_id=1269&amp;id=38\"><strong>S. Hurtrez<\/strong><\/a>, \u00e9lue\u00a0; 2018-2021)\u00a0; <a href=\"https:\/\/sciences.edu.umontpellier.fr\/\">https:\/\/sciences.edu.umontpellier.fr\/<\/a><br \/>Ce conseil d\u00e9termine la politique de la Facult\u00e9 des Sciences et d\u00e9finit les grandes orientations p\u00e9dagogiques et scientifiques de la composante. Il d\u00e9lib\u00e8re sur les questions qui concernent les missions de la Facult\u00e9 et donne un avis sur les emplois et carri\u00e8res des personnels.<\/li><li>Direction du d\u00e9partement Biologie-Ecologie (<a href=\"\/?page_id=1269&amp;id=38\"><strong>S. Hurtrez<\/strong><\/a>, directrice-adjointe 2016-2018\u00a0; co-directrice\u00a0; 2018-2019)<br \/><a href=\"https:\/\/biologie-ecologie.com\/departement\/\">https:\/\/biologie-ecologie.com\/departement\/<\/a><\/li><li>Correspondante \u2018Relations internationales\u2019 pour le d\u00e9partement Biologie-Evolution (<a href=\"\/?page_id=1269&amp;id=38\"><strong>S. Hurtrez<\/strong><\/a>; nomm\u00e9e, 2015-2017)<\/li><li>Charg\u00e9 de mission \u2018handicap\u2019 pour la Facult\u00e9 des Sciences (<strong><a href=\"\/?page_id=1269&amp;id=82\">M. Sofonea<\/a><\/strong>, depuis 2018)<\/li><\/ul><\/li><li><strong>Dipl\u00f4me de Formation G\u00e9n\u00e9rale en Sciences M\u00e9dicales (DGSM), Facult\u00e9 de M\u00e9decine de l\u2019Universit\u00e9 de Montpellier <\/strong><ul style=\"list-style-type: circle;\"><li>Responsabilit\u00e9 des deuxi\u00e8me et troisi\u00e8me ann\u00e9es (DGSM2 &amp; DGSM3\u00a0;<a href=\"\/?page_id=1269&amp;id=42\"><strong>L. Lachaud<\/strong><\/a>, resp. 2017-pr\u00e9sent)<br \/><a href=\"https:\/\/formations.umontpellier.fr\/fr\/formations\/sciences-technologies-sante-STS\/de-docteur-en-medecine-IB\/diplome-d-etat-de-docteur-en-medecine-program-fr_rne_0341087x_pr_1237451188488\/paces-et-dfgsm-subprogram-fr_rne_0341087x_pr_1237451828738.html\">https:\/\/formations.umontpellier.fr\/fr\/formations\/sciences-technologies-sante-STS\/de-docteur-en-medecine-IB\/diplome-d-etat-de-docteur-en-medecine-program-fr_rne_0341087x_pr_1237451188488\/paces-et-dfgsm-subprogram-fr_rne_0341087x_pr_1237451828738.html<\/a> )<\/li><\/ul><\/li><\/ul><\/div><p>[\/et_pb_text][\/et_pb_column][\/et_pb_row][et_pb_row _builder_version=\"4.9.0\" _module_preset=\"default\"][et_pb_column type=\"4_4\" _builder_version=\"4.9.0\" _module_preset=\"default\"][et_pb_button button_url=\"\/formation-et-cours\/\" button_text=\"Retour \u00e0 Formation et cours\" button_alignment=\"left\" _builder_version=\"4.9.0\" _module_preset=\"default\" custom_button=\"on\" button_bg_color=\"#00a7ad\" button_icon=\"%%19%%\" button_icon_placement=\"left\" background_layout=\"dark\"][\/et_pb_button][\/et_pb_column][\/et_pb_row][\/et_pb_section]<\/p>","_et_gb_content_width":"","footnotes":""},"class_list":["post-6107","page","type-page","status-publish","hentry"],"acf":[],"yoast_head":"<!-- This site is optimized with the Yoast SEO plugin v26.8 - https:\/\/yoast.com\/product\/yoast-seo-wordpress\/ -->\n<title>Pedagogical structures - MIVEGEC<\/title>\n<meta name=\"robots\" content=\"index, follow, max-snippet:-1, max-image-preview:large, max-video-preview:-1\" \/>\n<link rel=\"canonical\" href=\"https:\/\/mivegec.fr\/en\/training-and-courses\/pedagogical-structures\" \/>\n<meta property=\"og:locale\" content=\"en_US\" \/>\n<meta property=\"og:type\" content=\"article\" \/>\n<meta property=\"og:title\" content=\"Pedagogical structures - MIVEGEC\" \/>\n<meta property=\"og:description\" content=\"Niveau doctoral Responsabilit\u00e9 du Programme Doctoral International du LabEX Parafrap d\u00e9di\u00e9 aux doctorants du Sud (P. Bastien; resp. 2012-20) \u00a0https:\/\/labex-parafrap.fr\/fr\/formation\/programme-doctoral-internationa Ce programme comporte un volet annuel d\u2019ateliers th\u00e9matiques dont\u00a0: &quot;Parasitology Introductory Course&quot; (60h, 11-14 \u00e9tudiants, Montpellier, 7-18 Novembre 2016 et 13-23 mars 2018, resp P. Bastien) &quot;Bioinformatics Training Course in Parasitology&quot; avec l&#039;\u00e9quipe du [&hellip;]\" \/>\n<meta property=\"og:url\" content=\"https:\/\/mivegec.fr\/en\/training-and-courses\/pedagogical-structures\" \/>\n<meta property=\"og:site_name\" content=\"MIVEGEC\" \/>\n<meta property=\"article:modified_time\" content=\"2022-03-07T15:00:50+00:00\" \/>\n<meta name=\"twitter:card\" content=\"summary_large_image\" \/>\n<meta name=\"twitter:label1\" content=\"Est. reading time\" \/>\n\t<meta name=\"twitter:data1\" content=\"4 minutes\" \/>\n<script type=\"application\/ld+json\" class=\"yoast-schema-graph\">{\"@context\":\"https:\/\/schema.org\",\"@graph\":[{\"@type\":\"WebPage\",\"@id\":\"https:\/\/mivegec.fr\/en\/training-and-courses\/pedagogical-structures\",\"url\":\"https:\/\/mivegec.fr\/en\/training-and-courses\/pedagogical-structures\",\"name\":\"Pedagogical structures - MIVEGEC\",\"isPartOf\":{\"@id\":\"https:\/\/mivegec.fr\/en#website\"},\"datePublished\":\"2022-03-07T15:00:47+00:00\",\"dateModified\":\"2022-03-07T15:00:50+00:00\",\"breadcrumb\":{\"@id\":\"https:\/\/mivegec.fr\/en\/training-and-courses\/pedagogical-structures#breadcrumb\"},\"inLanguage\":\"en-US\",\"potentialAction\":[{\"@type\":\"ReadAction\",\"target\":[\"https:\/\/mivegec.fr\/en\/training-and-courses\/pedagogical-structures\"]}]},{\"@type\":\"BreadcrumbList\",\"@id\":\"https:\/\/mivegec.fr\/en\/training-and-courses\/pedagogical-structures#breadcrumb\",\"itemListElement\":[{\"@type\":\"ListItem\",\"position\":1,\"name\":\"Accueil\",\"item\":\"https:\/\/mivegec.fr\/en\"},{\"@type\":\"ListItem\",\"position\":2,\"name\":\"Training and courses\",\"item\":\"https:\/\/mivegec.fr\/en\/training-and-courses\"},{\"@type\":\"ListItem\",\"position\":3,\"name\":\"Pedagogical structures\"}]},{\"@type\":\"WebSite\",\"@id\":\"https:\/\/mivegec.fr\/en#website\",\"url\":\"https:\/\/mivegec.fr\/en\",\"name\":\"MIVEGEC\",\"description\":\"Maladies infectieuses et Vecteurs : \u00c9cologie, G\u00e9n\u00e9tique, \u00c9volution et Contr\u00f4le\",\"publisher\":{\"@id\":\"https:\/\/mivegec.fr\/en#organization\"},\"potentialAction\":[{\"@type\":\"SearchAction\",\"target\":{\"@type\":\"EntryPoint\",\"urlTemplate\":\"https:\/\/mivegec.fr\/en?s={search_term_string}\"},\"query-input\":{\"@type\":\"PropertyValueSpecification\",\"valueRequired\":true,\"valueName\":\"search_term_string\"}}],\"inLanguage\":\"en-US\"},{\"@type\":\"Organization\",\"@id\":\"https:\/\/mivegec.fr\/en#organization\",\"name\":\"Mivegec\",\"url\":\"https:\/\/mivegec.fr\/en\",\"logo\":{\"@type\":\"ImageObject\",\"inLanguage\":\"en-US\",\"@id\":\"https:\/\/mivegec.fr\/en#\/schema\/logo\/image\/\",\"url\":\"https:\/\/mivegec.fr\/wp-content\/uploads\/2021\/03\/logo-mivegec@2x.png\",\"contentUrl\":\"https:\/\/mivegec.fr\/wp-content\/uploads\/2021\/03\/logo-mivegec@2x.png\",\"width\":616,\"height\":405,\"caption\":\"Mivegec\"},\"image\":{\"@id\":\"https:\/\/mivegec.fr\/en#\/schema\/logo\/image\/\"}}]}<\/script>\n<!-- \/ Yoast SEO plugin. -->","yoast_head_json":{"title":"Pedagogical structures - MIVEGEC","robots":{"index":"index","follow":"follow","max-snippet":"max-snippet:-1","max-image-preview":"max-image-preview:large","max-video-preview":"max-video-preview:-1"},"canonical":"https:\/\/mivegec.fr\/en\/training-and-courses\/pedagogical-structures","og_locale":"en_US","og_type":"article","og_title":"Pedagogical structures - MIVEGEC","og_description":"Niveau doctoral Responsabilit\u00e9 du Programme Doctoral International du LabEX Parafrap d\u00e9di\u00e9 aux doctorants du Sud (P. Bastien; resp. 2012-20) \u00a0https:\/\/labex-parafrap.fr\/fr\/formation\/programme-doctoral-internationa Ce programme comporte un volet annuel d\u2019ateliers th\u00e9matiques dont\u00a0: \"Parasitology Introductory Course\" (60h, 11-14 \u00e9tudiants, Montpellier, 7-18 Novembre 2016 et 13-23 mars 2018, resp P. Bastien) \"Bioinformatics Training Course in Parasitology\" avec l'\u00e9quipe du [&hellip;]","og_url":"https:\/\/mivegec.fr\/en\/training-and-courses\/pedagogical-structures","og_site_name":"MIVEGEC","article_modified_time":"2022-03-07T15:00:50+00:00","twitter_card":"summary_large_image","twitter_misc":{"Est. reading time":"4 minutes"},"schema":{"@context":"https:\/\/schema.org","@graph":[{"@type":"WebPage","@id":"https:\/\/mivegec.fr\/en\/training-and-courses\/pedagogical-structures","url":"https:\/\/mivegec.fr\/en\/training-and-courses\/pedagogical-structures","name":"Pedagogical structures - MIVEGEC","isPartOf":{"@id":"https:\/\/mivegec.fr\/en#website"},"datePublished":"2022-03-07T15:00:47+00:00","dateModified":"2022-03-07T15:00:50+00:00","breadcrumb":{"@id":"https:\/\/mivegec.fr\/en\/training-and-courses\/pedagogical-structures#breadcrumb"},"inLanguage":"en-US","potentialAction":[{"@type":"ReadAction","target":["https:\/\/mivegec.fr\/en\/training-and-courses\/pedagogical-structures"]}]},{"@type":"BreadcrumbList","@id":"https:\/\/mivegec.fr\/en\/training-and-courses\/pedagogical-structures#breadcrumb","itemListElement":[{"@type":"ListItem","position":1,"name":"Accueil","item":"https:\/\/mivegec.fr\/en"},{"@type":"ListItem","position":2,"name":"Training and courses","item":"https:\/\/mivegec.fr\/en\/training-and-courses"},{"@type":"ListItem","position":3,"name":"Pedagogical structures"}]},{"@type":"WebSite","@id":"https:\/\/mivegec.fr\/en#website","url":"https:\/\/mivegec.fr\/en","name":"MIVEGEC","description":"Maladies infectieuses et Vecteurs : \u00c9cologie, G\u00e9n\u00e9tique, \u00c9volution et Contr\u00f4le","publisher":{"@id":"https:\/\/mivegec.fr\/en#organization"},"potentialAction":[{"@type":"SearchAction","target":{"@type":"EntryPoint","urlTemplate":"https:\/\/mivegec.fr\/en?s={search_term_string}"},"query-input":{"@type":"PropertyValueSpecification","valueRequired":true,"valueName":"search_term_string"}}],"inLanguage":"en-US"},{"@type":"Organization","@id":"https:\/\/mivegec.fr\/en#organization","name":"Mivegec","url":"https:\/\/mivegec.fr\/en","logo":{"@type":"ImageObject","inLanguage":"en-US","@id":"https:\/\/mivegec.fr\/en#\/schema\/logo\/image\/","url":"https:\/\/mivegec.fr\/wp-content\/uploads\/2021\/03\/logo-mivegec@2x.png","contentUrl":"https:\/\/mivegec.fr\/wp-content\/uploads\/2021\/03\/logo-mivegec@2x.png","width":616,"height":405,"caption":"Mivegec"},"image":{"@id":"https:\/\/mivegec.fr\/en#\/schema\/logo\/image\/"}}]}},"_links":{"self":[{"href":"https:\/\/mivegec.fr\/en\/wp-json\/wp\/v2\/pages\/6107","targetHints":{"allow":["GET"]}}],"collection":[{"href":"https:\/\/mivegec.fr\/en\/wp-json\/wp\/v2\/pages"}],"about":[{"href":"https:\/\/mivegec.fr\/en\/wp-json\/wp\/v2\/types\/page"}],"author":[{"embeddable":true,"href":"https:\/\/mivegec.fr\/en\/wp-json\/wp\/v2\/users\/3"}],"replies":[{"embeddable":true,"href":"https:\/\/mivegec.fr\/en\/wp-json\/wp\/v2\/comments?post=6107"}],"version-history":[{"count":1,"href":"https:\/\/mivegec.fr\/en\/wp-json\/wp\/v2\/pages\/6107\/revisions"}],"predecessor-version":[{"id":6108,"href":"https:\/\/mivegec.fr\/en\/wp-json\/wp\/v2\/pages\/6107\/revisions\/6108"}],"up":[{"embeddable":true,"href":"https:\/\/mivegec.fr\/en\/wp-json\/wp\/v2\/pages\/5303"}],"wp:attachment":[{"href":"https:\/\/mivegec.fr\/en\/wp-json\/wp\/v2\/media?parent=6107"}],"curies":[{"name":"wp","href":"https:\/\/api.w.org\/{rel}","templated":true}]}}