{"id":6070,"date":"2022-03-07T10:49:43","date_gmt":"2022-03-07T09:49:43","guid":{"rendered":"https:\/\/mivegec.fr\/?page_id=6070"},"modified":"2025-02-25T12:02:01","modified_gmt":"2025-02-25T11:02:01","slug":"bioinformatic-plateau","status":"publish","type":"page","link":"https:\/\/mivegec.fr\/en\/bioinformatic-plateau","title":{"rendered":"Bioinformatic plateau"},"content":{"rendered":"<p>[et_pb_section fb_built=&#8221;1&#8243; fullwidth=&#8221;on&#8221; _builder_version=&#8221;4.16&#8243; global_colors_info=&#8221;{}&#8221;][et_pb_fullwidth_post_title meta=&#8221;off&#8221; featured_image=&#8221;off&#8221; text_color=&#8221;light&#8221; admin_label=&#8221;Titre&#8221; _builder_version=&#8221;4.16&#8243; background_image=&#8221;https:\/\/mivegec.fr\/wp-content\/uploads\/2021\/01\/Mivegec-departements.jpg&#8221; vertical_offset_tablet=&#8221;0&#8243; horizontal_offset_tablet=&#8221;0&#8243; text_orientation=&#8221;center&#8221; custom_padding=&#8221;||100px|&#8221; z_index_tablet=&#8221;0&#8243; title_text_shadow_horizontal_length_tablet=&#8221;0px&#8221; title_text_shadow_vertical_length_tablet=&#8221;0px&#8221; title_text_shadow_blur_strength_tablet=&#8221;1px&#8221; meta_text_shadow_horizontal_length_tablet=&#8221;0px&#8221; meta_text_shadow_vertical_length_tablet=&#8221;0px&#8221; meta_text_shadow_blur_strength_tablet=&#8221;1px&#8221; box_shadow_horizontal_tablet=&#8221;0px&#8221; box_shadow_vertical_tablet=&#8221;0px&#8221; box_shadow_blur_tablet=&#8221;40px&#8221; box_shadow_spread_tablet=&#8221;0px&#8221; text_shadow_horizontal_length_tablet=&#8221;0px&#8221; text_shadow_vertical_length_tablet=&#8221;0px&#8221; text_shadow_blur_strength_tablet=&#8221;1px&#8221; global_colors_info=&#8221;{}&#8221;][\/et_pb_fullwidth_post_title][et_pb_fullwidth_code admin_label=&#8221;Fil d&#8217;ariane&#8221; module_id=&#8221;breadcrumb&#8221; _builder_version=&#8221;4.16&#8243; vertical_offset_tablet=&#8221;0&#8243; horizontal_offset_tablet=&#8221;0&#8243; text_orientation=&#8221;center&#8221; box_shadow_horizontal_tablet=&#8221;0px&#8221; box_shadow_vertical_tablet=&#8221;0px&#8221; box_shadow_blur_tablet=&#8221;40px&#8221; box_shadow_spread_tablet=&#8221;0px&#8221; saved_tabs=&#8221;all&#8221; global_colors_info=&#8221;{}&#8221;]<span><span><a href=\"https:\/\/mivegec.fr\/en\">Accueil<\/a><\/span><\/span>[\/et_pb_fullwidth_code][\/et_pb_section][et_pb_section fb_built=&#8221;1&#8243; _builder_version=&#8221;4.16&#8243; global_colors_info=&#8221;{}&#8221;][et_pb_row _builder_version=&#8221;4.16&#8243; _module_preset=&#8221;default&#8221; global_colors_info=&#8221;{}&#8221;][et_pb_column type=&#8221;4_4&#8243; _builder_version=&#8221;4.16&#8243; _module_preset=&#8221;default&#8221; global_colors_info=&#8221;{}&#8221;][et_pb_text _builder_version=&#8221;4.16&#8243; _module_preset=&#8221;default&#8221; vertical_offset_tablet=&#8221;0&#8243; horizontal_offset_tablet=&#8221;0&#8243; z_index_tablet=&#8221;0&#8243; text_text_shadow_horizontal_length_tablet=&#8221;0px&#8221; text_text_shadow_vertical_length_tablet=&#8221;0px&#8221; text_text_shadow_blur_strength_tablet=&#8221;1px&#8221; link_text_shadow_horizontal_length_tablet=&#8221;0px&#8221; link_text_shadow_vertical_length_tablet=&#8221;0px&#8221; link_text_shadow_blur_strength_tablet=&#8221;1px&#8221; ul_text_shadow_horizontal_length_tablet=&#8221;0px&#8221; ul_text_shadow_vertical_length_tablet=&#8221;0px&#8221; ul_text_shadow_blur_strength_tablet=&#8221;1px&#8221; ol_text_shadow_horizontal_length_tablet=&#8221;0px&#8221; ol_text_shadow_vertical_length_tablet=&#8221;0px&#8221; ol_text_shadow_blur_strength_tablet=&#8221;1px&#8221; quote_text_shadow_horizontal_length_tablet=&#8221;0px&#8221; quote_text_shadow_vertical_length_tablet=&#8221;0px&#8221; quote_text_shadow_blur_strength_tablet=&#8221;1px&#8221; header_text_shadow_horizontal_length_tablet=&#8221;0px&#8221; header_text_shadow_vertical_length_tablet=&#8221;0px&#8221; header_text_shadow_blur_strength_tablet=&#8221;1px&#8221; header_2_text_shadow_horizontal_length_tablet=&#8221;0px&#8221; header_2_text_shadow_vertical_length_tablet=&#8221;0px&#8221; header_2_text_shadow_blur_strength_tablet=&#8221;1px&#8221; header_3_text_shadow_horizontal_length_tablet=&#8221;0px&#8221; header_3_text_shadow_vertical_length_tablet=&#8221;0px&#8221; header_3_text_shadow_blur_strength_tablet=&#8221;1px&#8221; header_4_text_shadow_horizontal_length_tablet=&#8221;0px&#8221; header_4_text_shadow_vertical_length_tablet=&#8221;0px&#8221; header_4_text_shadow_blur_strength_tablet=&#8221;1px&#8221; header_5_text_shadow_horizontal_length_tablet=&#8221;0px&#8221; header_5_text_shadow_vertical_length_tablet=&#8221;0px&#8221; header_5_text_shadow_blur_strength_tablet=&#8221;1px&#8221; header_6_text_shadow_horizontal_length_tablet=&#8221;0px&#8221; header_6_text_shadow_vertical_length_tablet=&#8221;0px&#8221; header_6_text_shadow_blur_strength_tablet=&#8221;1px&#8221; box_shadow_horizontal_tablet=&#8221;0px&#8221; box_shadow_vertical_tablet=&#8221;0px&#8221; box_shadow_blur_tablet=&#8221;40px&#8221; box_shadow_spread_tablet=&#8221;0px&#8221; global_colors_info=&#8221;{}&#8221;]<\/p>\n<p>The bioinformatic platform <a href=\"https:\/\/bioinfo.ird.fr\" target=\"_blank\" rel=\"noopener\">i-Trop &#8211; Plantes \/ Sant\u00e9 &#8211;<\/a> provides resources for the following 4 research units and their partners in the South:<\/p>\n<table style=\"width: 630px; height: 229px;\">\n<tbody>\n<tr>\n<td>\n<ul>\n<li><a href=\"https:\/\/www.mivegec.fr\/fr\/\" target=\"_blank\" rel=\"noopener\">MIVEGEC<\/a><\/li>\n<li><a href=\"https:\/\/transvihmi.ird.fr\/\" target=\"_blank\" rel=\"noopener\">TransVIHMI<\/a><\/li>\n<li><a href=\"https:\/\/umr-phim.cirad.fr\/\">PHIM<\/a><a href=\"https:\/\/umr-ipme.ird.fr\/\" target=\"_blank\" rel=\"noopener\"><\/a><\/li>\n<li><a href=\"https:\/\/www.diade.ird.fr\/\" target=\"_blank\" rel=\"noopener\">DIADE<\/a><\/li>\n<\/ul>\n<\/td>\n<td><img loading=\"lazy\" decoding=\"async\" style=\"float: right;\" src=\"\/images\/stories\/logos\/i-trop16.png.jpeg\" alt=\"i trop16.png\" width=\"300\" height=\"212\" \/><\/td>\n<\/tr>\n<\/tbody>\n<\/table>\n<p>This platform meets 3 computing needs for science: &#8211; High Performance Computing for data processing (bioinformatics, modeling) with a cluster of 26 computing nodes; &#8211; Computer applications for science (databases on clinical trials and studies on HIV and Ebola, databases on coffee, rice, insect collections, for the management of biological samples from laboratories, websites, etc.); &#8211; Training in bioinformatics and thematic schools in the South. Currently, this platform is managed and animated by a system administrator (Ndomassi TANDO), 6 bioinformaticians (Aurore COMTE, Jacques DAINAT, Alexis DEREEPER, Nicolas FERNANDEZ, Julie ORJUELA et Christine TRANCHANT-DUBREUIL) and an engineer specialized in information systems for science (Bruno GRANOUILLAC). It hosts many bioinformatics tools and scientific applications. It is used by more than 200 users. More information on the website: <a href=\"https:\/\/bioinfo.ird.fr\">https:\/\/bioinfo.ird.fr<\/a> Contact : <a href=\"mailto:bioinfo@ird.fr\">bioinfo@ird.fr<\/a><\/p>\n<h3>Members of the team:\u00a0<\/h3>\n<ul>\n<li><a href=\"https:\/\/mivegec.fr\/fr\/annuaire\/agent?id=9\">GRANOUILLAC <\/a> Bruno <small><br \/>IEHC IRD<\/small><\/li>\n<li><a href=\"https:\/\/mivegec.fr\/fr\/annuaire\/agent?id=471\"> DAINAT Jacques<\/a><small><br \/>IR IRD<\/small><\/li>\n<\/ul>\n<p>[\/et_pb_text][\/et_pb_column][\/et_pb_row][\/et_pb_section]<\/p>\n","protected":false},"excerpt":{"rendered":"<p><span><span><a href=\"https:\/\/mivegec.fr\/en\">Accueil<\/a><\/span><\/span>The bioinformatic platform i-Trop &#8211; Plantes \/ Sant\u00e9 &#8211; provides resources for the following 4 research units and their partners in the South: MIVEGEC TransVIHMI PHIM DIADE This platform meets 3 computing needs for science: &#8211; High Performance Computing for data processing (bioinformatics, modeling) with a cluster of 26 computing nodes; &#8211; Computer applications for [&hellip;]<\/p>\n","protected":false},"author":3,"featured_media":0,"parent":0,"menu_order":0,"comment_status":"closed","ping_status":"closed","template":"","meta":{"_acf_changed":false,"_et_pb_use_builder":"on","_et_pb_old_content":"<p>[et_pb_section fb_built=\"1\" fullwidth=\"on\" _builder_version=\"4.6.0\"][et_pb_fullwidth_post_title meta=\"off\" featured_image=\"off\" text_color=\"light\" admin_label=\"Titre\" _builder_version=\"4.6.0\" background_image=\"https:\/\/mivegec.fr\/wp-content\/uploads\/2021\/01\/Mivegec-departements.jpg\" vertical_offset_tablet=\"0\" horizontal_offset_tablet=\"0\" text_orientation=\"center\" custom_padding=\"||100px|\" z_index_tablet=\"0\" title_text_shadow_horizontal_length_tablet=\"0px\" title_text_shadow_vertical_length_tablet=\"0px\" title_text_shadow_blur_strength_tablet=\"1px\" meta_text_shadow_horizontal_length_tablet=\"0px\" meta_text_shadow_vertical_length_tablet=\"0px\" meta_text_shadow_blur_strength_tablet=\"1px\" box_shadow_horizontal_tablet=\"0px\" box_shadow_vertical_tablet=\"0px\" box_shadow_blur_tablet=\"40px\" box_shadow_spread_tablet=\"0px\" text_shadow_horizontal_length_tablet=\"0px\" text_shadow_vertical_length_tablet=\"0px\" text_shadow_blur_strength_tablet=\"1px\"][\/et_pb_fullwidth_post_title][et_pb_fullwidth_code admin_label=\"Fil d'ariane\" module_id=\"breadcrumb\" _builder_version=\"4.6.0\" vertical_offset_tablet=\"0\" horizontal_offset_tablet=\"0\" text_orientation=\"center\" box_shadow_horizontal_tablet=\"0px\" box_shadow_vertical_tablet=\"0px\" box_shadow_blur_tablet=\"40px\" box_shadow_spread_tablet=\"0px\" global_module=\"1485\" saved_tabs=\"all\"][wpseo_breadcrumb][\/et_pb_fullwidth_code][\/et_pb_section][et_pb_section fb_built=\"1\" _builder_version=\"4.6.0\"][et_pb_row _builder_version=\"4.6.0\" _module_preset=\"default\"][et_pb_column type=\"4_4\" _builder_version=\"4.6.0\" _module_preset=\"default\"][et_pb_text _builder_version=\"4.6.0\" _module_preset=\"default\" hover_enabled=\"0\" sticky_enabled=\"0\"]<\/p><p>Le plateau bioinformatique <a href=\"https:\/\/bioinfo.ird.fr\" target=\"_blank\" rel=\"noopener\">i-Trop - Plantes \/ Sant\u00e9 -<\/a> met \u00e0 disposition des ressources pour les 4 unit\u00e9s de recherche suivantes et leurs partenaires au Sud :<\/p><table style=\"width: 630px; height: 229px;\"><tbody><tr><td><ul><li><a href=\"https:\/\/www.mivegec.fr\/fr\/\" target=\"_blank\" rel=\"noopener\">MIVEGEC<\/a><\/li><li><a href=\"https:\/\/transvihmi.ird.fr\/\" target=\"_blank\" rel=\"noopener\">TransVIHMI<\/a><\/li><li><a href=\"https:\/\/umr-ipme.ird.fr\/\" target=\"_blank\" rel=\"noopener\">IPME<\/a><\/li><li><a href=\"https:\/\/www.diade.ird.fr\/\" target=\"_blank\" rel=\"noopener\">DIADE<\/a><\/li><\/ul><\/td><td><img style=\"float: right;\" src=\"\/images\/stories\/logos\/i-trop16.png.jpeg\" alt=\"i trop16.png\" width=\"300\" height=\"212\" \/><\/td><\/tr><\/tbody><\/table><p>Ce plateau r\u00e9pond \u00e0 3 besoins en informatique pour la science :<\/p><p>- Calcul Haute Performance pour le traitement de donn\u00e9es (bioinformatique, mod\u00e9lisation) avec un cluster de 26 noeuds de calcul;<br \/>- Applications informatiques pour la science (bases de donn\u00e9es sur les essais et \u00e9tudes cliniques sur le VIH et Ebola, bases de donn\u00e9es sur le caf\u00e9, le riz, les collections d'insectes, pour la gestion des \u00e9chantillons biologiques de laboratoires, sites web, etc.);<br \/>- Formation en bioinformatique et \u00e9coles th\u00e9matiques au Sud.<\/p><p>Actuellement, cette plateforme est g\u00e9r\u00e9e et anim\u00e9e par un administrateur syst\u00e8me (Ndomassi TANDO), 5 bioinformaticiennes (Emmanuelle BEYNES, Aurore COMTE, Val\u00e9rie NOEL, Julie ORJUELA et Christine TRANCHANT-DUBREUIL) et un ing\u00e9nieur sp\u00e9cialis\u00e9 dans les syst\u00e8mes d'information pour la science (Bruno GRANOUILLAC).<\/p><p>Elle h\u00e9berge plus de 150 outils bioinformatiques et applications scientifiques pour la science.<\/p><p>Elle est utilis\u00e9e par plus de 150 scientifiques.<\/p><p>Plus de renseignements sur le site web : <a href=\"https:\/\/bioinfo.mpl.ird.fr\">https:\/\/bioinfo.mpl.ird.fr<\/a><br \/>Contact : <a href=\"mailto:bioinfo@ird.fr\">bioinfo@ird.fr<\/a><\/p><h3>Membres de l'\u00e9quipe :<br \/><small>(titulaires et CDD-longs) <\/small><\/h3><ul><li><a href=\"\/?page_id=1269&amp;id=9\"> GRANOUILLAC <\/a> Bruno <small><br \/>IEHC <\/small><\/li><li><a href=\"\/?page_id=1269&amp;id=206\"> NOEL <\/a> Val\u00e9rie <small><br \/>TCS CNRS <\/small><\/li><\/ul><p>[\/et_pb_text][\/et_pb_column][\/et_pb_row][\/et_pb_section]<\/p>","_et_gb_content_width":"","footnotes":""},"class_list":["post-6070","page","type-page","status-publish","hentry"],"acf":[],"yoast_head":"<!-- This site is optimized with the Yoast SEO plugin v26.8 - https:\/\/yoast.com\/product\/yoast-seo-wordpress\/ -->\n<title>Bioinformatic plateau - MIVEGEC<\/title>\n<meta name=\"robots\" content=\"index, follow, max-snippet:-1, max-image-preview:large, max-video-preview:-1\" \/>\n<link rel=\"canonical\" href=\"https:\/\/mivegec.fr\/en\/bioinformatic-plateau\" \/>\n<meta property=\"og:locale\" content=\"en_US\" \/>\n<meta property=\"og:type\" content=\"article\" \/>\n<meta property=\"og:title\" content=\"Bioinformatic plateau - MIVEGEC\" \/>\n<meta property=\"og:description\" content=\"The bioinformatic platform i-Trop - Plantes \/ Sant\u00e9 - provides resources for the following 4 research units and their partners in the South: MIVEGEC TransVIHMI PHIM DIADE This platform meets 3 computing needs for science: - High Performance Computing for data processing (bioinformatics, modeling) with a cluster of 26 computing nodes; - Computer applications for [&hellip;]\" \/>\n<meta property=\"og:url\" content=\"https:\/\/mivegec.fr\/en\/bioinformatic-plateau\" \/>\n<meta property=\"og:site_name\" content=\"MIVEGEC\" \/>\n<meta property=\"article:modified_time\" content=\"2025-02-25T11:02:01+00:00\" \/>\n<meta name=\"twitter:card\" content=\"summary_large_image\" \/>\n<meta name=\"twitter:label1\" content=\"Est. reading time\" \/>\n\t<meta name=\"twitter:data1\" content=\"3 minutes\" \/>\n<script type=\"application\/ld+json\" class=\"yoast-schema-graph\">{\"@context\":\"https:\/\/schema.org\",\"@graph\":[{\"@type\":\"WebPage\",\"@id\":\"https:\/\/mivegec.fr\/en\/bioinformatic-plateau\",\"url\":\"https:\/\/mivegec.fr\/en\/bioinformatic-plateau\",\"name\":\"Bioinformatic plateau - MIVEGEC\",\"isPartOf\":{\"@id\":\"https:\/\/mivegec.fr\/en#website\"},\"datePublished\":\"2022-03-07T09:49:43+00:00\",\"dateModified\":\"2025-02-25T11:02:01+00:00\",\"breadcrumb\":{\"@id\":\"https:\/\/mivegec.fr\/en\/bioinformatic-plateau#breadcrumb\"},\"inLanguage\":\"en-US\",\"potentialAction\":[{\"@type\":\"ReadAction\",\"target\":[\"https:\/\/mivegec.fr\/en\/bioinformatic-plateau\"]}]},{\"@type\":\"BreadcrumbList\",\"@id\":\"https:\/\/mivegec.fr\/en\/bioinformatic-plateau#breadcrumb\",\"itemListElement\":[{\"@type\":\"ListItem\",\"position\":1,\"name\":\"Accueil\",\"item\":\"https:\/\/mivegec.fr\/en\"},{\"@type\":\"ListItem\",\"position\":2,\"name\":\"Bioinformatic plateau\"}]},{\"@type\":\"WebSite\",\"@id\":\"https:\/\/mivegec.fr\/en#website\",\"url\":\"https:\/\/mivegec.fr\/en\",\"name\":\"MIVEGEC\",\"description\":\"Maladies infectieuses et Vecteurs : \u00c9cologie, G\u00e9n\u00e9tique, \u00c9volution et Contr\u00f4le\",\"publisher\":{\"@id\":\"https:\/\/mivegec.fr\/en#organization\"},\"potentialAction\":[{\"@type\":\"SearchAction\",\"target\":{\"@type\":\"EntryPoint\",\"urlTemplate\":\"https:\/\/mivegec.fr\/en?s={search_term_string}\"},\"query-input\":{\"@type\":\"PropertyValueSpecification\",\"valueRequired\":true,\"valueName\":\"search_term_string\"}}],\"inLanguage\":\"en-US\"},{\"@type\":\"Organization\",\"@id\":\"https:\/\/mivegec.fr\/en#organization\",\"name\":\"Mivegec\",\"url\":\"https:\/\/mivegec.fr\/en\",\"logo\":{\"@type\":\"ImageObject\",\"inLanguage\":\"en-US\",\"@id\":\"https:\/\/mivegec.fr\/en#\/schema\/logo\/image\/\",\"url\":\"https:\/\/mivegec.fr\/wp-content\/uploads\/2021\/03\/logo-mivegec@2x.png\",\"contentUrl\":\"https:\/\/mivegec.fr\/wp-content\/uploads\/2021\/03\/logo-mivegec@2x.png\",\"width\":616,\"height\":405,\"caption\":\"Mivegec\"},\"image\":{\"@id\":\"https:\/\/mivegec.fr\/en#\/schema\/logo\/image\/\"}}]}<\/script>\n<!-- \/ Yoast SEO plugin. -->","yoast_head_json":{"title":"Bioinformatic plateau - MIVEGEC","robots":{"index":"index","follow":"follow","max-snippet":"max-snippet:-1","max-image-preview":"max-image-preview:large","max-video-preview":"max-video-preview:-1"},"canonical":"https:\/\/mivegec.fr\/en\/bioinformatic-plateau","og_locale":"en_US","og_type":"article","og_title":"Bioinformatic plateau - MIVEGEC","og_description":"The bioinformatic platform i-Trop - Plantes \/ Sant\u00e9 - provides resources for the following 4 research units and their partners in the South: MIVEGEC TransVIHMI PHIM DIADE This platform meets 3 computing needs for science: - High Performance Computing for data processing (bioinformatics, modeling) with a cluster of 26 computing nodes; - Computer applications for [&hellip;]","og_url":"https:\/\/mivegec.fr\/en\/bioinformatic-plateau","og_site_name":"MIVEGEC","article_modified_time":"2025-02-25T11:02:01+00:00","twitter_card":"summary_large_image","twitter_misc":{"Est. reading time":"3 minutes"},"schema":{"@context":"https:\/\/schema.org","@graph":[{"@type":"WebPage","@id":"https:\/\/mivegec.fr\/en\/bioinformatic-plateau","url":"https:\/\/mivegec.fr\/en\/bioinformatic-plateau","name":"Bioinformatic plateau - MIVEGEC","isPartOf":{"@id":"https:\/\/mivegec.fr\/en#website"},"datePublished":"2022-03-07T09:49:43+00:00","dateModified":"2025-02-25T11:02:01+00:00","breadcrumb":{"@id":"https:\/\/mivegec.fr\/en\/bioinformatic-plateau#breadcrumb"},"inLanguage":"en-US","potentialAction":[{"@type":"ReadAction","target":["https:\/\/mivegec.fr\/en\/bioinformatic-plateau"]}]},{"@type":"BreadcrumbList","@id":"https:\/\/mivegec.fr\/en\/bioinformatic-plateau#breadcrumb","itemListElement":[{"@type":"ListItem","position":1,"name":"Accueil","item":"https:\/\/mivegec.fr\/en"},{"@type":"ListItem","position":2,"name":"Bioinformatic plateau"}]},{"@type":"WebSite","@id":"https:\/\/mivegec.fr\/en#website","url":"https:\/\/mivegec.fr\/en","name":"MIVEGEC","description":"Maladies infectieuses et Vecteurs : \u00c9cologie, G\u00e9n\u00e9tique, \u00c9volution et Contr\u00f4le","publisher":{"@id":"https:\/\/mivegec.fr\/en#organization"},"potentialAction":[{"@type":"SearchAction","target":{"@type":"EntryPoint","urlTemplate":"https:\/\/mivegec.fr\/en?s={search_term_string}"},"query-input":{"@type":"PropertyValueSpecification","valueRequired":true,"valueName":"search_term_string"}}],"inLanguage":"en-US"},{"@type":"Organization","@id":"https:\/\/mivegec.fr\/en#organization","name":"Mivegec","url":"https:\/\/mivegec.fr\/en","logo":{"@type":"ImageObject","inLanguage":"en-US","@id":"https:\/\/mivegec.fr\/en#\/schema\/logo\/image\/","url":"https:\/\/mivegec.fr\/wp-content\/uploads\/2021\/03\/logo-mivegec@2x.png","contentUrl":"https:\/\/mivegec.fr\/wp-content\/uploads\/2021\/03\/logo-mivegec@2x.png","width":616,"height":405,"caption":"Mivegec"},"image":{"@id":"https:\/\/mivegec.fr\/en#\/schema\/logo\/image\/"}}]}},"_links":{"self":[{"href":"https:\/\/mivegec.fr\/en\/wp-json\/wp\/v2\/pages\/6070","targetHints":{"allow":["GET"]}}],"collection":[{"href":"https:\/\/mivegec.fr\/en\/wp-json\/wp\/v2\/pages"}],"about":[{"href":"https:\/\/mivegec.fr\/en\/wp-json\/wp\/v2\/types\/page"}],"author":[{"embeddable":true,"href":"https:\/\/mivegec.fr\/en\/wp-json\/wp\/v2\/users\/3"}],"replies":[{"embeddable":true,"href":"https:\/\/mivegec.fr\/en\/wp-json\/wp\/v2\/comments?post=6070"}],"version-history":[{"count":8,"href":"https:\/\/mivegec.fr\/en\/wp-json\/wp\/v2\/pages\/6070\/revisions"}],"predecessor-version":[{"id":11083,"href":"https:\/\/mivegec.fr\/en\/wp-json\/wp\/v2\/pages\/6070\/revisions\/11083"}],"wp:attachment":[{"href":"https:\/\/mivegec.fr\/en\/wp-json\/wp\/v2\/media?parent=6070"}],"curies":[{"name":"wp","href":"https:\/\/api.w.org\/{rel}","templated":true}]}}