{"id":5792,"date":"2021-03-08T10:42:38","date_gmt":"2021-03-08T09:42:38","guid":{"rendered":"https:\/\/mivegec.fr\/mentions-legales"},"modified":"2025-03-04T14:57:55","modified_gmt":"2025-03-04T13:57:55","slug":"legal-notices","status":"publish","type":"page","link":"https:\/\/mivegec.fr\/en\/legal-notices","title":{"rendered":"Legal notices"},"content":{"rendered":"<p>[et_pb_section fb_built=&#8221;1&#8243; fullwidth=&#8221;on&#8221; _builder_version=&#8221;4.16&#8243; global_colors_info=&#8221;{}&#8221;][et_pb_fullwidth_post_title meta=&#8221;off&#8221; featured_image=&#8221;off&#8221; text_color=&#8221;light&#8221; admin_label=&#8221;Titre&#8221; _builder_version=&#8221;4.16&#8243; background_image=&#8221;https:\/\/mivegec.fr\/wp-content\/uploads\/2020\/09\/MIVEGEC-departements.jpg&#8221; vertical_offset_tablet=&#8221;0&#8243; horizontal_offset_tablet=&#8221;0&#8243; text_orientation=&#8221;center&#8221; custom_padding=&#8221;||100px|&#8221; z_index_tablet=&#8221;0&#8243; title_text_shadow_horizontal_length_tablet=&#8221;0px&#8221; title_text_shadow_vertical_length_tablet=&#8221;0px&#8221; title_text_shadow_blur_strength_tablet=&#8221;1px&#8221; meta_text_shadow_horizontal_length_tablet=&#8221;0px&#8221; meta_text_shadow_vertical_length_tablet=&#8221;0px&#8221; meta_text_shadow_blur_strength_tablet=&#8221;1px&#8221; box_shadow_horizontal_tablet=&#8221;0px&#8221; box_shadow_vertical_tablet=&#8221;0px&#8221; box_shadow_blur_tablet=&#8221;40px&#8221; box_shadow_spread_tablet=&#8221;0px&#8221; text_shadow_horizontal_length_tablet=&#8221;0px&#8221; text_shadow_vertical_length_tablet=&#8221;0px&#8221; text_shadow_blur_strength_tablet=&#8221;1px&#8221; global_colors_info=&#8221;{}&#8221;]<br \/>\n[\/et_pb_fullwidth_post_title][et_pb_fullwidth_code admin_label=&#8221;Fil d&#8217;ariane&#8221; module_id=&#8221;breadcrumb&#8221; _builder_version=&#8221;4.16&#8243; vertical_offset_tablet=&#8221;0&#8243; horizontal_offset_tablet=&#8221;0&#8243; text_orientation=&#8221;center&#8221; box_shadow_horizontal_tablet=&#8221;0px&#8221; box_shadow_vertical_tablet=&#8221;0px&#8221; box_shadow_blur_tablet=&#8221;40px&#8221; box_shadow_spread_tablet=&#8221;0px&#8221; saved_tabs=&#8221;all&#8221; global_colors_info=&#8221;{}&#8221;]<span><span><a href=\"https:\/\/mivegec.fr\/en\">Accueil<\/a><\/span><\/span>[\/et_pb_fullwidth_code][\/et_pb_section][et_pb_section fb_built=&#8221;1&#8243; _builder_version=&#8221;4.16&#8243; global_colors_info=&#8221;{}&#8221;][et_pb_row _builder_version=&#8221;4.16&#8243; background_size=&#8221;initial&#8221; background_position=&#8221;top_left&#8221; background_repeat=&#8221;repeat&#8221; global_colors_info=&#8221;{}&#8221;][et_pb_column type=&#8221;4_4&#8243; _builder_version=&#8221;4.16&#8243; custom_padding=&#8221;|||&#8221; global_colors_info=&#8221;{}&#8221; custom_padding__hover=&#8221;|||&#8221;][et_pb_text _builder_version=&#8221;4.16&#8243; _module_preset=&#8221;default&#8221; vertical_offset_tablet=&#8221;0&#8243; horizontal_offset_tablet=&#8221;0&#8243; z_index_tablet=&#8221;0&#8243; text_text_shadow_horizontal_length_tablet=&#8221;0px&#8221; text_text_shadow_vertical_length_tablet=&#8221;0px&#8221; text_text_shadow_blur_strength_tablet=&#8221;1px&#8221; link_text_shadow_horizontal_length_tablet=&#8221;0px&#8221; link_text_shadow_vertical_length_tablet=&#8221;0px&#8221; link_text_shadow_blur_strength_tablet=&#8221;1px&#8221; ul_text_shadow_horizontal_length_tablet=&#8221;0px&#8221; ul_text_shadow_vertical_length_tablet=&#8221;0px&#8221; ul_text_shadow_blur_strength_tablet=&#8221;1px&#8221; ol_text_shadow_horizontal_length_tablet=&#8221;0px&#8221; ol_text_shadow_vertical_length_tablet=&#8221;0px&#8221; ol_text_shadow_blur_strength_tablet=&#8221;1px&#8221; quote_text_shadow_horizontal_length_tablet=&#8221;0px&#8221; quote_text_shadow_vertical_length_tablet=&#8221;0px&#8221; quote_text_shadow_blur_strength_tablet=&#8221;1px&#8221; header_text_shadow_horizontal_length_tablet=&#8221;0px&#8221; header_text_shadow_vertical_length_tablet=&#8221;0px&#8221; header_text_shadow_blur_strength_tablet=&#8221;1px&#8221; header_2_text_shadow_horizontal_length_tablet=&#8221;0px&#8221; header_2_text_shadow_vertical_length_tablet=&#8221;0px&#8221; header_2_text_shadow_blur_strength_tablet=&#8221;1px&#8221; header_3_text_shadow_horizontal_length_tablet=&#8221;0px&#8221; header_3_text_shadow_vertical_length_tablet=&#8221;0px&#8221; header_3_text_shadow_blur_strength_tablet=&#8221;1px&#8221; header_4_text_shadow_horizontal_length_tablet=&#8221;0px&#8221; header_4_text_shadow_vertical_length_tablet=&#8221;0px&#8221; header_4_text_shadow_blur_strength_tablet=&#8221;1px&#8221; header_5_text_shadow_horizontal_length_tablet=&#8221;0px&#8221; header_5_text_shadow_vertical_length_tablet=&#8221;0px&#8221; header_5_text_shadow_blur_strength_tablet=&#8221;1px&#8221; header_6_text_shadow_horizontal_length_tablet=&#8221;0px&#8221; header_6_text_shadow_vertical_length_tablet=&#8221;0px&#8221; header_6_text_shadow_blur_strength_tablet=&#8221;1px&#8221; box_shadow_horizontal_tablet=&#8221;0px&#8221; box_shadow_vertical_tablet=&#8221;0px&#8221; box_shadow_blur_tablet=&#8221;40px&#8221; box_shadow_spread_tablet=&#8221;0px&#8221; global_colors_info=&#8221;{}&#8221;]<\/p>\n<h2>R\u00e9glement g\u00e9n\u00e9ral sur la protection des donn\u00e9es (RGPD), D\u00e9claration CNIL<\/h2>\n<p>Nous vous informons que vos donn\u00e9es font l\u2019objet d\u2019un traitement. Lorsque certaines informations sont obligatoires pour acc\u00e9der \u00e0 des fonctionnalit\u00e9s sp\u00e9cifiques du site, ce caract\u00e8re obligatoire est indiqu\u00e9 au moment de la collecte de la saisie des donn\u00e9es. En cas de refus de votre part de fournir des informations obligatoires, vous pourriez ne pas avoir acc\u00e8s \u00e0 certains services.<\/p>\n<p>Des donn\u00e9es \u00e0 caract\u00e8re personnel :<\/p>\n<ul>\n<li>Nom<\/li>\n<li>Pr\u00e9nom<\/li>\n<li>Adresse e-mail<\/li>\n<li>Organisme de rattachement<\/li>\n<li>Fonction (directeur.ice, journaliste, charg\u00e9.e\u00a0de communication&#8230;)<\/li>\n<\/ul>\n<p>Sont susceptibles d&#8217;\u00eatre collect\u00e9es par :<\/p>\n<ul>\n<li>Charg\u00e9.es de communication de l&#8217;unit\u00e9<\/li>\n<li>Administrateurs du site Web<\/li>\n<li>DPD<\/li>\n<\/ul>\n<p>Dans le cadre :<\/p>\n<ul>\n<li>d&#8217;inscription aux newsletters<\/li>\n<li>de participation \u00e0 des \u00e9v\u00e9nements<\/li>\n<\/ul>\n<p>Ce site Web , qui comporte des informations nominatives concernant notamment les personnels de l&#8217;IRD, du CNRS, de l&#8217;UM, de l&#8217;Inrae et de ses partenaires, a fait l&#8217;objet d&#8217;une d\u00e9claration aupr\u00e8s de la CNIL (avis n\u00b0 533 924).<\/p>\n<p><strong><u>L\u2019Institut de recherche pour le d\u00e9veloppement (IRD)<\/u><\/strong> traite des donn\u00e9es personnelles vous concernant dans le cadre de l\u2019int\u00e9r\u00eat l\u00e9gitime pour\u00a0permettre \u00e0 tout nouvel arrivant l\u2019acc\u00e8s \u00e0 l\u2019intranet s\u00e9curis\u00e9 du site Web MIVEGEC, l\u2019inscription sur l\u2019annuaire, l\u2019organigramme, le d\u00e9partement scientifique, l\u2019\u00e9quipe de recherche<em>.<\/em> Pour toute personne s\u2019inscrivant \u00e0 la Newsletter MIVEGEC pour figurer sur la mailing liste.<\/p>\n<p>Ces donn\u00e9es sont susceptibles d\u2019\u00eatre communiqu\u00e9es aux destinataires suivants\u00a0:<\/p>\n<p><em>x\u00a0\u00a0\u00a0\u00a0\u00a0\u00a0\u00a0\u00a0\u00a0 aux personnes qui, au sein de l\u2019Unit\u00e9 de recherche, sont charg\u00e9es du projet de recherche ;<\/em><\/p>\n<p><em>x\u00a0\u00a0\u00a0\u00a0\u00a0\u00a0\u00a0\u00a0\u00a0 aux partenaires institutionnels du projet de recherche ;<\/em><\/p>\n<p><em>x\u00a0\u00a0\u00a0\u00a0\u00a0\u00a0\u00a0\u00a0\u00a0 \u00e0 la direction du d\u00e9veloppement des usages num\u00e9riques innovants de l\u2019IRD (DDUNI) ;<\/em><\/p>\n<p><em>x\u00a0\u00a0\u00a0\u00a0\u00a0\u00a0\u00a0\u00a0\u00a0 aux sous-traitants en charge des prestations techniques N\u00e9a , Mailchimp, Weggs, OVH \u2026(d\u00e9veloppements, h\u00e9bergement site internet, , envoi de newsletter\u2026)<\/em><\/p>\n<p>Les donn\u00e9es vous concernant sont conserv\u00e9es pendant la dur\u00e9e de votre contrat au sein de l\u2019unit\u00e9 puis sont archiv\u00e9es.<\/p>\n<p>&nbsp;<\/p>\n<p>Vous pouvez acc\u00e9der aux donn\u00e9es vous concernant. Le cas \u00e9ch\u00e9ant, vous pouvez demander la rectification de celles-ci, vous opposer pour une raison tenant \u00e0 votre situation particuli\u00e8re, obtenir la limitation du traitement de ces donn\u00e9es.<\/p>\n<p>Ces droits peuvent \u00eatre exerc\u00e9s directement aupr\u00e8s de<a href=\"mailto:communicationumr224@ird.fr\"><em> communicationumr224@ird.fr <\/em><\/a>ou du D\u00e9l\u00e9gu\u00e9 \u00e0 la protection des donn\u00e9es \u00e0 l\u2019adresse suivante\u00a0: <a href=\"mailto:dpd@ird.fr\">dpd@ird.fr<\/a><\/p>\n<p>Si vous pensez, apr\u00e8s nous avoir contact\u00e9s, que vos droits ne sont pas respect\u00e9s, vous pouvez introduire une r\u00e9clamation aupr\u00e8s d\u2019une autorit\u00e9 de protection des donn\u00e9es : la Commission Nationale de l\u2019Informatique et des Libert\u00e9s pour la France.<\/p>\n<p>&nbsp;<\/p>\n<h2>Droit d&#8217;acc\u00e8s, de rectification, de suppression des donn\u00e9es nominatives<\/h2>\n<p>Vous pouvez acc\u00e9der aux donn\u00e9es vous concernant. Le cas \u00e9ch\u00e9ant, vous pouvez demander la rectification de celles-ci, vous opposer pour une raison tenant \u00e0 votre situation particuli\u00e8re, obtenir la limitation du traitement de ces donn\u00e9es.<\/p>\n<p>Ces droits peuvent \u00eatre exerc\u00e9s directement aupr\u00e8s de<a href=\"mailto:communicationumr224@ird.fr\"><em> communicationumr224@ird.fr <\/em><\/a>ou du D\u00e9l\u00e9gu\u00e9 \u00e0 la protection des donn\u00e9es \u00e0 l\u2019adresse suivante\u00a0: <a href=\"mailto:dpd@ird.fr\">dpd@ird.fr<\/a><\/p>\n<p>Si vous pensez, apr\u00e8s nous avoir contact\u00e9s, que vos droits ne sont pas respect\u00e9s, vous pouvez introduire une r\u00e9clamation aupr\u00e8s d\u2019une autorit\u00e9 de protection des donn\u00e9es : la Commission Nationale de l\u2019Informatique et des Libert\u00e9s pour la France.<\/p>\n<p>Les utilisateurs doivent faire un usage des donn\u00e9es nominatives pr\u00e9sentes sur les portails et les sites conforme aux r\u00e9glementations en vigueur et, notamment, aux prescriptions et recommandations de la Commission nationale de l&#8217;informatique et des libert\u00e9s (CNIL). La capture des informations nominatives \u00e0 des fins de cr\u00e9ation d&#8217;un autre traitement nominatif (par exemple, \u00e0 usage commercial ou publicitaire) est strictement interdite pour tous pays.<\/p>\n<h2>Droit d&#8217;introduire une r\u00e9clamation<\/h2>\n<p>Si vous estimez, apr\u00e8s nous avoir contact\u00e9s \u00e0 <a href=\"DR13.Com@cnrs.fr\">mivegecweb@ird.fr<\/a> , que vos droits Informatique et Libert\u00e9s ne sont pas respect\u00e9s, vous avez la possibilit\u00e9 d\u2019introduire une r\u00e9clamation en ligne aupr\u00e8s de la <a class=\"ext\" href=\"https:\/\/www.cnil.fr\/\" target=\"_blank\" rel=\"noopener\" data-extlink=\"\">CNIL<\/a>\u00a0ou par courrier postal.<\/p>\n<h2>Editeur<\/h2>\n<ul>\n<li><strong>Directeur \u00e9ditorial : <\/strong>Fr\u00e9d\u00e9ric Simard, directeur de l&#8217;Unit\u00e9 mixte de recherche 224 MIVEGEC<\/li>\n<li><strong>Contenu \u00e9ditorial et r\u00e9alisation : <\/strong>Philip Agnew, Bruno Granouillac, Katia Grucker, Nil Rahola, Thierry Val\u00e9ro<\/li>\n<\/ul>\n<h3>H\u00e9bergement<\/h3>\n<p>Le site www.mivegec.fr est h\u00e9berg\u00e9 par par Weggs sur OVH.<\/p>\n<h3>Droits de reproduction, copyright et liens<\/h3>\n<p><strong>La reproduction sur support papier<\/strong> des pages de ce site est autoris\u00e9e, sous r\u00e9serve du respect des conditions suivantes :<\/p>\n<ul>\n<li>gratuit\u00e9 de la diffusion<\/li>\n<li>respect de l&#8217;int\u00e9grit\u00e9 des documents reproduits (ni modification ni alt\u00e9ration d&#8217;aucune sorte)<\/li>\n<li>citation explicite du site www.mivgec.fr comme source et mention que les droits de reproductions sont r\u00e9serv\u00e9s et limit\u00e9s et qu&#8217;ils garantissent la possibilit\u00e9 pour l&#8217;utilisateur d&#8217;identifier l&#8217;origine et l&#8217;auteur du document.<\/li>\n<\/ul>\n<p><strong>La reproduction sur support \u00e9lectronique <\/strong>de tout ou partie du site est autoris\u00e9e sous r\u00e9serve de l&#8217;ajout clair et lisible de la source (www.mivegec.fr) et de la mention &#8220;droits r\u00e9serv\u00e9s&#8221;.<\/p>\n<p>Toute utilisation \u00e0 des fins publicitaires ou commerciale est exclue.<\/p>\n<p><strong>La cr\u00e9ation de liens vers ce site<\/strong> est autoris\u00e9e sous r\u00e9serve de :<\/p>\n<ul>\n<li>ne pas imbriquer les pages ou tout autre contenu (image, photographie,document ou vid\u00e9o) du site www.mivegec.fr \u00e0 l&#8217;int\u00e9rieur des pages d&#8217;un autre site<\/li>\n<li>mentionner la source gr\u00e2ce \u00e0 un lien hypertexte directement sur le contenu vis\u00e9.<\/li>\n<\/ul>\n<p>Cette autorisation ne s&#8217;applique pas aux sites internet diffusant des informations \u00e0 caract\u00e8re pol\u00e9mique, diffamatoire, pornographique, x\u00e9nophobe ou susceptible de porter atteinte \u00e0 la sensibilit\u00e9 du plus grand nombre.<\/p>\n<h3>Limitation de responsabilit\u00e9<\/h3>\n<p>Le CNRS, l&#8217;IRD contr\u00f4lent l&#8217;exactitude des informations diffus\u00e9es et met r\u00e9guli\u00e8rement \u00e0 jour le site. L&#8217;Institut ne peut toutefois pas garantir que toutes les informations publi\u00e9es soient exactes, exhaustives et r\u00e9actualis\u00e9es. Les informations diffus\u00e9es n&#8217;ont pas un caract\u00e8re contractuel et sont sujettes \u00e0 modification sans pr\u00e9avis. La mise \u00e0 jour des informations fournies par les utilisateurs et contributeurs s&#8217;effectue g\u00e9n\u00e9ralement dans les meilleurs d\u00e9lais, mais peut \u00eatre retard\u00e9e par des raisons ou contraintes diverses. Les erreurs, les omissions, les informations p\u00e9rim\u00e9es et les liens bris\u00e9s peuvent \u00eatre signal\u00e9s \u00e0 <a href=\"DR13.Com@cnrs.fr\"><\/a><a href=\"mailto:%20communicationumr224@ird.fr\">communicationumr224@ird.fr<\/a><a href=\"DR13.Com@cnrs.fr\">, mivegecweb@ird.fr<\/a><\/p>\n<p>Au cours de la consultation du site, l&#8217;utilisateur doit par ailleurs s&#8217;assurer que son navigateur ne contient pas de pages p\u00e9rim\u00e9es &#8211; et doit, si n\u00e9cessaire, vider ou d\u00e9sactiver le \u00ab cache \u00bb.<\/p>\n<h2>Liens hypertextes<\/h2>\n<p>Les portails et sites que proposent des liens vers d&#8217;autres sites en rapport avec leurs contenus. La pr\u00e9sence de liens hypertextes vers d&#8217;autres sites web n&#8217;implique pas l&#8217;approbation de l&#8217;information par le CNRS. Les risques li\u00e9s \u00e0 l&#8217;utilisation de ces sites incombent par ailleurs \u00e0 l&#8217;utilisateur.<\/p>\n<h2>Cr\u00e9dits photos<\/h2>\n<p><strong>DS1\u00a0:<\/strong><\/p>\n<ul>\n<li>Pr\u00e9l\u00e8vement sur oiseau \u00a9IRD Patrick Landmann<\/li>\n<li>T\u00e9l\u00e9m\u00e9trie colliers GPS \u00a9 MIVEGEC Eve MIGUEL<\/li>\n<li>Formation \u00e9tudiant terrain \u00a9IRD Patrick Landmann<\/li>\n<li>Tiques patrimoine scientifique \u00a9IRD Patrick Landmann<\/li>\n<li>Larves moustiques scientifique \u00a9IRD Patrick Landmann<\/li>\n<li>Equipe EVCO\u00a0: Tique molle africaine \u00a9IRD Patrick Landmann<\/li>\n<li>Equipe CREEC\u00a0: Sexage drosophiles \u00a9IRD Patrick Landmann<\/li>\n<li>Equipe HEAT\u00a0: Gorille des plaines \u00a9 MIVEGEC Franck Prugnolle<\/li>\n<\/ul>\n<p><strong>DS2\u00a0:<\/strong><\/p>\n<ul>\n<li>Pr\u00e9l\u00e8vement de sang \u00a9 MIVEGEC Anne-Laure Ba\u00f1uls<\/li>\n<li>Leishmania\u00a9 IRD Baptiste Vergnes<\/li>\n<li>Collecte d&#8217;\u00e9chantillons biologiques pour l&#8217;\u00e9tude de la r\u00e9sistance aux antibiotiques chez les Go\u00e9lands en Camargue \u00a9 MIVEGEC Anne-Laure Ba\u00f1uls<\/li>\n<li>Accouplement phl\u00e9botomes \u00a9IRD Patrick Landmann<\/li>\n<li>Dynamique de r\u00e9plication. Peignage mol\u00e9culaire de chromosomes de <em>Leishmania<\/em> Slavica \u00a9Stanojcic<\/li>\n<li>Enqu\u00eate terrain \u00a9IRD Jacques Lemasson<\/li>\n<li>Equipe Biogeppe\u00a0:\u00a0Modification post-traductionnelle de la Tubuline de\u00a0<em>Trypanosoma brucei. <\/em>\u00a9 Maude F L\u00e9v\u00eaque<\/li>\n<li>Equipe Genesys\u00a0: Projet NIHE \u00a9IRD Fran\u00e7ois Carlet-Soulages<\/li>\n<\/ul>\n<p><strong>DS3\u00a0:<\/strong><\/p>\n<ul>\n<li>Anoph\u00e8le \u00a9IRD Nil Rahola<\/li>\n<li>Partenariat sud \u00a9IRD Isabelle Morlais<\/li>\n<li>Partenariat sud 2 \u00a9IRD Isabelle Morlais<\/li>\n<li>Pr\u00e9l\u00e8vement dans souche \u00a9MIVEGEC Fran\u00e7oise Mathieu Daud\u00e9<\/li>\n<li>Equipe DEEVA\u00a0: Pi\u00e9geage phl\u00e9botome \u00a9IRD Nil Rahola<\/li>\n<li>Equipe TRIAD\u00a0: Anoph\u00e8le \u00a9IRD Nil Rahola<\/li>\n<li>Equipe VCG\u00a0:\u00a0 Pr\u00e9vention aupr\u00e8s de la population \u00a9MIVEGEC Ila Ou\u00e9draogo et David Chatelier<\/li>\n<\/ul>\n<p><strong>DS4\u00a0:<\/strong><\/p>\n<ul>\n<li>Photo de taureaux dans le pr\u00e9 \u00a9Vito Natale on Unsplash<\/li>\n<li>PERTEVOLVIR_Panoramique4_Emeline_2H\u00a9Jean E. Roche\u0301 _ Tour du Valat<\/li>\n<li>PERTEVOLVIR_field work.JPG\u00a0\u00a9 Pilar ALDA<\/li>\n<li>Sicard-2019-eLIFE\u00a9Anne Sicard, Marie-St\u00e9phanie Vernerey, Elodie Pirolles<\/li>\n<li>Mix-PLantes-Pucerons-FBNSV \u00a9Anne Sicard, Marie-St\u00e9phanie Vernerey, Elodie Pirolles, J\u00e9r\u00e9my Di-Mattia<\/li>\n<li>Mod\u00e8les math\u00e9matiques \u00a9Mirc\u00e9a T Sofon\u00e9a<\/li>\n<li>Equipe PEV\u00a0: PERTEVOLVIR_field work.JPG\u00a0\u00a9 Pilar ALDA<\/li>\n<li>Pr\u00e9l\u00e8vement de limn\u00e9s dans les roubines \u00a9Jean E. Roche\u0301 _ Tour du Valat<\/li>\n<li>Equipe Virostyle\u00a0: bact\u00e9riophage de Lactobacillus spp\u00a9 R\u00e9my Froissart<\/li>\n<li>Equipe ETE\u00a0: mod\u00e9lisation \u00a9Mirc\u00e9a T Sofon\u00e9a<\/li>\n<\/ul>\n<p><strong>DS5\u00a0:<\/strong><\/p>\n<ul>\n<li>Virus Zika \u00a9MIVEGEC Pauline Ferraris<\/li>\n<li>Extraction COVID-19 samples\u00a0\u00a9 Woottichai Khamduang<\/li>\n<li>Pr\u00e9l\u00e8vement Ebola \u00a9 MIVEGEC Eric Leroy<\/li>\n<li>Etude virus au Vectop\u00f4le \u00a9IRD Patrick Landmann<\/li>\n<li>Equipe zoonose\u00a0: Chauve souris \u00a9MIVEGEC Pierre Becquart<\/li>\n<li>Equipe IHAT\u00a0: gorgement moustiques \u00a9IRD Patrick Landmann<\/li>\n<li>Equipe IVC\u00a0: SARS-CoV-2 detection by real-time RT-PCR\u00a0\u00a0\u00a9 Woottichai Khamduang<\/li>\n<\/ul>\n<p>[\/et_pb_text][\/et_pb_column][\/et_pb_row][\/et_pb_section]<\/p>\n","protected":false},"excerpt":{"rendered":"<p><span><span><a href=\"https:\/\/mivegec.fr\/en\">Accueil<\/a><\/span><\/span>R\u00e9glement g\u00e9n\u00e9ral sur la protection des donn\u00e9es (RGPD), D\u00e9claration CNIL Nous vous informons que vos donn\u00e9es font l\u2019objet d\u2019un traitement. Lorsque certaines informations sont obligatoires pour acc\u00e9der \u00e0 des fonctionnalit\u00e9s sp\u00e9cifiques du site, ce caract\u00e8re obligatoire est indiqu\u00e9 au moment de la collecte de la saisie des donn\u00e9es. En cas de refus de votre part [&hellip;]<\/p>\n","protected":false},"author":3,"featured_media":0,"parent":0,"menu_order":0,"comment_status":"closed","ping_status":"closed","template":"","meta":{"_acf_changed":false,"_et_pb_use_builder":"on","_et_pb_old_content":"","_et_gb_content_width":"","footnotes":""},"class_list":["post-5792","page","type-page","status-publish","hentry"],"acf":[],"yoast_head":"<!-- This site is optimized with the Yoast SEO plugin v26.8 - https:\/\/yoast.com\/product\/yoast-seo-wordpress\/ -->\n<title>Legal notices - MIVEGEC<\/title>\n<meta name=\"robots\" content=\"index, follow, max-snippet:-1, max-image-preview:large, max-video-preview:-1\" \/>\n<link rel=\"canonical\" href=\"https:\/\/mivegec.fr\/en\/legal-notices\" \/>\n<meta property=\"og:locale\" content=\"en_US\" \/>\n<meta property=\"og:type\" content=\"article\" \/>\n<meta property=\"og:title\" content=\"Legal notices - MIVEGEC\" \/>\n<meta property=\"og:description\" content=\"R\u00e9glement g\u00e9n\u00e9ral sur la protection des donn\u00e9es (RGPD), D\u00e9claration CNIL Nous vous informons que vos donn\u00e9es font l\u2019objet d\u2019un traitement. Lorsque certaines informations sont obligatoires pour acc\u00e9der \u00e0 des fonctionnalit\u00e9s sp\u00e9cifiques du site, ce caract\u00e8re obligatoire est indiqu\u00e9 au moment de la collecte de la saisie des donn\u00e9es. En cas de refus de votre part [&hellip;]\" \/>\n<meta property=\"og:url\" content=\"https:\/\/mivegec.fr\/en\/legal-notices\" \/>\n<meta property=\"og:site_name\" content=\"MIVEGEC\" \/>\n<meta property=\"article:modified_time\" content=\"2025-03-04T13:57:55+00:00\" \/>\n<meta name=\"twitter:card\" content=\"summary_large_image\" \/>\n<meta name=\"twitter:label1\" content=\"Est. reading time\" \/>\n\t<meta name=\"twitter:data1\" content=\"10 minutes\" \/>\n<script type=\"application\/ld+json\" class=\"yoast-schema-graph\">{\"@context\":\"https:\/\/schema.org\",\"@graph\":[{\"@type\":\"WebPage\",\"@id\":\"https:\/\/mivegec.fr\/en\/legal-notices\",\"url\":\"https:\/\/mivegec.fr\/en\/legal-notices\",\"name\":\"Legal notices - MIVEGEC\",\"isPartOf\":{\"@id\":\"https:\/\/mivegec.fr\/en#website\"},\"datePublished\":\"2021-03-08T09:42:38+00:00\",\"dateModified\":\"2025-03-04T13:57:55+00:00\",\"breadcrumb\":{\"@id\":\"https:\/\/mivegec.fr\/en\/legal-notices#breadcrumb\"},\"inLanguage\":\"en-US\",\"potentialAction\":[{\"@type\":\"ReadAction\",\"target\":[\"https:\/\/mivegec.fr\/en\/legal-notices\"]}]},{\"@type\":\"BreadcrumbList\",\"@id\":\"https:\/\/mivegec.fr\/en\/legal-notices#breadcrumb\",\"itemListElement\":[{\"@type\":\"ListItem\",\"position\":1,\"name\":\"Accueil\",\"item\":\"https:\/\/mivegec.fr\/en\"},{\"@type\":\"ListItem\",\"position\":2,\"name\":\"Legal notices\"}]},{\"@type\":\"WebSite\",\"@id\":\"https:\/\/mivegec.fr\/en#website\",\"url\":\"https:\/\/mivegec.fr\/en\",\"name\":\"MIVEGEC\",\"description\":\"Maladies infectieuses et Vecteurs : \u00c9cologie, G\u00e9n\u00e9tique, \u00c9volution et Contr\u00f4le\",\"publisher\":{\"@id\":\"https:\/\/mivegec.fr\/en#organization\"},\"potentialAction\":[{\"@type\":\"SearchAction\",\"target\":{\"@type\":\"EntryPoint\",\"urlTemplate\":\"https:\/\/mivegec.fr\/en?s={search_term_string}\"},\"query-input\":{\"@type\":\"PropertyValueSpecification\",\"valueRequired\":true,\"valueName\":\"search_term_string\"}}],\"inLanguage\":\"en-US\"},{\"@type\":\"Organization\",\"@id\":\"https:\/\/mivegec.fr\/en#organization\",\"name\":\"Mivegec\",\"url\":\"https:\/\/mivegec.fr\/en\",\"logo\":{\"@type\":\"ImageObject\",\"inLanguage\":\"en-US\",\"@id\":\"https:\/\/mivegec.fr\/en#\/schema\/logo\/image\/\",\"url\":\"https:\/\/mivegec.fr\/wp-content\/uploads\/2021\/03\/logo-mivegec@2x.png\",\"contentUrl\":\"https:\/\/mivegec.fr\/wp-content\/uploads\/2021\/03\/logo-mivegec@2x.png\",\"width\":616,\"height\":405,\"caption\":\"Mivegec\"},\"image\":{\"@id\":\"https:\/\/mivegec.fr\/en#\/schema\/logo\/image\/\"}}]}<\/script>\n<!-- \/ Yoast SEO plugin. -->","yoast_head_json":{"title":"Legal notices - MIVEGEC","robots":{"index":"index","follow":"follow","max-snippet":"max-snippet:-1","max-image-preview":"max-image-preview:large","max-video-preview":"max-video-preview:-1"},"canonical":"https:\/\/mivegec.fr\/en\/legal-notices","og_locale":"en_US","og_type":"article","og_title":"Legal notices - MIVEGEC","og_description":"R\u00e9glement g\u00e9n\u00e9ral sur la protection des donn\u00e9es (RGPD), D\u00e9claration CNIL Nous vous informons que vos donn\u00e9es font l\u2019objet d\u2019un traitement. Lorsque certaines informations sont obligatoires pour acc\u00e9der \u00e0 des fonctionnalit\u00e9s sp\u00e9cifiques du site, ce caract\u00e8re obligatoire est indiqu\u00e9 au moment de la collecte de la saisie des donn\u00e9es. En cas de refus de votre part [&hellip;]","og_url":"https:\/\/mivegec.fr\/en\/legal-notices","og_site_name":"MIVEGEC","article_modified_time":"2025-03-04T13:57:55+00:00","twitter_card":"summary_large_image","twitter_misc":{"Est. reading time":"10 minutes"},"schema":{"@context":"https:\/\/schema.org","@graph":[{"@type":"WebPage","@id":"https:\/\/mivegec.fr\/en\/legal-notices","url":"https:\/\/mivegec.fr\/en\/legal-notices","name":"Legal notices - MIVEGEC","isPartOf":{"@id":"https:\/\/mivegec.fr\/en#website"},"datePublished":"2021-03-08T09:42:38+00:00","dateModified":"2025-03-04T13:57:55+00:00","breadcrumb":{"@id":"https:\/\/mivegec.fr\/en\/legal-notices#breadcrumb"},"inLanguage":"en-US","potentialAction":[{"@type":"ReadAction","target":["https:\/\/mivegec.fr\/en\/legal-notices"]}]},{"@type":"BreadcrumbList","@id":"https:\/\/mivegec.fr\/en\/legal-notices#breadcrumb","itemListElement":[{"@type":"ListItem","position":1,"name":"Accueil","item":"https:\/\/mivegec.fr\/en"},{"@type":"ListItem","position":2,"name":"Legal notices"}]},{"@type":"WebSite","@id":"https:\/\/mivegec.fr\/en#website","url":"https:\/\/mivegec.fr\/en","name":"MIVEGEC","description":"Maladies infectieuses et Vecteurs : \u00c9cologie, G\u00e9n\u00e9tique, \u00c9volution et Contr\u00f4le","publisher":{"@id":"https:\/\/mivegec.fr\/en#organization"},"potentialAction":[{"@type":"SearchAction","target":{"@type":"EntryPoint","urlTemplate":"https:\/\/mivegec.fr\/en?s={search_term_string}"},"query-input":{"@type":"PropertyValueSpecification","valueRequired":true,"valueName":"search_term_string"}}],"inLanguage":"en-US"},{"@type":"Organization","@id":"https:\/\/mivegec.fr\/en#organization","name":"Mivegec","url":"https:\/\/mivegec.fr\/en","logo":{"@type":"ImageObject","inLanguage":"en-US","@id":"https:\/\/mivegec.fr\/en#\/schema\/logo\/image\/","url":"https:\/\/mivegec.fr\/wp-content\/uploads\/2021\/03\/logo-mivegec@2x.png","contentUrl":"https:\/\/mivegec.fr\/wp-content\/uploads\/2021\/03\/logo-mivegec@2x.png","width":616,"height":405,"caption":"Mivegec"},"image":{"@id":"https:\/\/mivegec.fr\/en#\/schema\/logo\/image\/"}}]}},"_links":{"self":[{"href":"https:\/\/mivegec.fr\/en\/wp-json\/wp\/v2\/pages\/5792","targetHints":{"allow":["GET"]}}],"collection":[{"href":"https:\/\/mivegec.fr\/en\/wp-json\/wp\/v2\/pages"}],"about":[{"href":"https:\/\/mivegec.fr\/en\/wp-json\/wp\/v2\/types\/page"}],"author":[{"embeddable":true,"href":"https:\/\/mivegec.fr\/en\/wp-json\/wp\/v2\/users\/3"}],"replies":[{"embeddable":true,"href":"https:\/\/mivegec.fr\/en\/wp-json\/wp\/v2\/comments?post=5792"}],"version-history":[{"count":9,"href":"https:\/\/mivegec.fr\/en\/wp-json\/wp\/v2\/pages\/5792\/revisions"}],"predecessor-version":[{"id":11147,"href":"https:\/\/mivegec.fr\/en\/wp-json\/wp\/v2\/pages\/5792\/revisions\/11147"}],"wp:attachment":[{"href":"https:\/\/mivegec.fr\/en\/wp-json\/wp\/v2\/media?parent=5792"}],"curies":[{"name":"wp","href":"https:\/\/api.w.org\/{rel}","templated":true}]}}