{"id":5444,"date":"2020-12-15T10:49:39","date_gmt":"2020-12-15T09:49:39","guid":{"rendered":"https:\/\/mivegec.fr\/intranet\/groupes-transversaux"},"modified":"2025-04-16T08:52:44","modified_gmt":"2025-04-16T06:52:44","slug":"cross-disciplinary-groups","status":"publish","type":"page","link":"https:\/\/mivegec.fr\/en\/intranet\/cross-disciplinary-groups","title":{"rendered":"Cross-disciplinary groups"},"content":{"rendered":"<div class=\"members-access-error\">\n<div style=\"padding: 200px 0\">\n<h2 style=\"text-align: center\">Acc\u00e8s non autoris\u00e9.<\/h2>\n<p style=\"text-align: center\">Vous n&#8217;\u00eates pas connect\u00e9 pour acc\u00e9der \u00e0 ce contenu.<\/p>\n<p style=\"text-align: center\">Pour acc\u00e9der \u00e0 cette page, <a href=\"https:\/\/sso.ird.fr\/cas\/login?service=https:\/\/mivegec.fr\/intranet\/\" target=\"_blank\" rel=\"noopener\">merci de vous connecter avec votre compte IRD<\/a>.<\/p>\n<\/div>\n<\/div>\n","protected":false},"excerpt":{"rendered":"<div class=\"members-access-error\">\n<div style=\"padding: 200px 0\">\n<h2 style=\"text-align: center\">Acc\u00e8s non autoris\u00e9.<\/h2>\n<p style=\"text-align: center\">Vous n&#8217;\u00eates pas connect\u00e9 pour acc\u00e9der \u00e0 ce contenu.<\/p>\n<p style=\"text-align: center\">Pour acc\u00e9der \u00e0 cette page, <a href=\"https:\/\/sso.ird.fr\/cas\/login?service=https:\/\/mivegec.fr\/intranet\/\" target=\"_blank\" rel=\"noopener\">merci de vous connecter avec votre compte IRD<\/a>.<\/p>\n<\/div>\n<\/div>\n","protected":false},"author":3,"featured_media":0,"parent":5318,"menu_order":0,"comment_status":"closed","ping_status":"closed","template":"","meta":{"_acf_changed":false,"_et_pb_use_builder":"on","_et_pb_old_content":"","_et_gb_content_width":"","footnotes":""},"class_list":["post-5444","page","type-page","status-publish","hentry"],"acf":[],"yoast_head":"<!-- This site is optimized with the Yoast SEO plugin v26.8 - https:\/\/yoast.com\/product\/yoast-seo-wordpress\/ -->\n<title>Cross-disciplinary groups - MIVEGEC<\/title>\n<meta name=\"robots\" content=\"index, follow, max-snippet:-1, max-image-preview:large, max-video-preview:-1\" \/>\n<link rel=\"canonical\" href=\"https:\/\/mivegec.fr\/en\/intranet\/cross-disciplinary-groups\" \/>\n<meta property=\"og:locale\" content=\"en_US\" \/>\n<meta property=\"og:type\" content=\"article\" \/>\n<meta property=\"og:title\" content=\"Cross-disciplinary groups - MIVEGEC\" \/>\n<meta property=\"og:description\" content=\"Acc\u00e8s non autoris\u00e9. Vous n&#8217;\u00eates pas connect\u00e9 pour acc\u00e9der \u00e0 ce contenu. Pour acc\u00e9der \u00e0 cette page, merci de vous connecter avec votre compte IRD.\" \/>\n<meta property=\"og:url\" content=\"https:\/\/mivegec.fr\/en\/intranet\/cross-disciplinary-groups\" \/>\n<meta property=\"og:site_name\" content=\"MIVEGEC\" \/>\n<meta property=\"article:modified_time\" content=\"2025-04-16T06:52:44+00:00\" \/>\n<meta name=\"twitter:card\" content=\"summary_large_image\" \/>\n<meta name=\"twitter:label1\" content=\"Est. reading time\" \/>\n\t<meta name=\"twitter:data1\" content=\"3 minutes\" \/>\n<script type=\"application\/ld+json\" class=\"yoast-schema-graph\">{\"@context\":\"https:\/\/schema.org\",\"@graph\":[{\"@type\":\"WebPage\",\"@id\":\"https:\/\/mivegec.fr\/en\/intranet\/cross-disciplinary-groups\",\"url\":\"https:\/\/mivegec.fr\/en\/intranet\/cross-disciplinary-groups\",\"name\":\"Cross-disciplinary groups - MIVEGEC\",\"isPartOf\":{\"@id\":\"https:\/\/mivegec.fr\/en#website\"},\"datePublished\":\"2020-12-15T09:49:39+00:00\",\"dateModified\":\"2025-04-16T06:52:44+00:00\",\"breadcrumb\":{\"@id\":\"https:\/\/mivegec.fr\/en\/intranet\/cross-disciplinary-groups#breadcrumb\"},\"inLanguage\":\"en-US\",\"potentialAction\":[{\"@type\":\"ReadAction\",\"target\":[\"https:\/\/mivegec.fr\/en\/intranet\/cross-disciplinary-groups\"]}]},{\"@type\":\"BreadcrumbList\",\"@id\":\"https:\/\/mivegec.fr\/en\/intranet\/cross-disciplinary-groups#breadcrumb\",\"itemListElement\":[{\"@type\":\"ListItem\",\"position\":1,\"name\":\"Accueil\",\"item\":\"https:\/\/mivegec.fr\/en\"},{\"@type\":\"ListItem\",\"position\":2,\"name\":\"Intranet\",\"item\":\"https:\/\/mivegec.fr\/en\/intranet\"},{\"@type\":\"ListItem\",\"position\":3,\"name\":\"Cross-disciplinary groups\"}]},{\"@type\":\"WebSite\",\"@id\":\"https:\/\/mivegec.fr\/en#website\",\"url\":\"https:\/\/mivegec.fr\/en\",\"name\":\"MIVEGEC\",\"description\":\"Maladies infectieuses et Vecteurs : \u00c9cologie, G\u00e9n\u00e9tique, \u00c9volution et Contr\u00f4le\",\"publisher\":{\"@id\":\"https:\/\/mivegec.fr\/en#organization\"},\"potentialAction\":[{\"@type\":\"SearchAction\",\"target\":{\"@type\":\"EntryPoint\",\"urlTemplate\":\"https:\/\/mivegec.fr\/en?s={search_term_string}\"},\"query-input\":{\"@type\":\"PropertyValueSpecification\",\"valueRequired\":true,\"valueName\":\"search_term_string\"}}],\"inLanguage\":\"en-US\"},{\"@type\":\"Organization\",\"@id\":\"https:\/\/mivegec.fr\/en#organization\",\"name\":\"Mivegec\",\"url\":\"https:\/\/mivegec.fr\/en\",\"logo\":{\"@type\":\"ImageObject\",\"inLanguage\":\"en-US\",\"@id\":\"https:\/\/mivegec.fr\/en#\/schema\/logo\/image\/\",\"url\":\"https:\/\/mivegec.fr\/wp-content\/uploads\/2021\/03\/logo-mivegec@2x.png\",\"contentUrl\":\"https:\/\/mivegec.fr\/wp-content\/uploads\/2021\/03\/logo-mivegec@2x.png\",\"width\":616,\"height\":405,\"caption\":\"Mivegec\"},\"image\":{\"@id\":\"https:\/\/mivegec.fr\/en#\/schema\/logo\/image\/\"}}]}<\/script>\n<!-- \/ Yoast SEO plugin. -->","yoast_head_json":{"title":"Cross-disciplinary groups - MIVEGEC","robots":{"index":"index","follow":"follow","max-snippet":"max-snippet:-1","max-image-preview":"max-image-preview:large","max-video-preview":"max-video-preview:-1"},"canonical":"https:\/\/mivegec.fr\/en\/intranet\/cross-disciplinary-groups","og_locale":"en_US","og_type":"article","og_title":"Cross-disciplinary groups - MIVEGEC","og_description":"Acc\u00e8s non autoris\u00e9. Vous n&#8217;\u00eates pas connect\u00e9 pour acc\u00e9der \u00e0 ce contenu. Pour acc\u00e9der \u00e0 cette page, merci de vous connecter avec votre compte IRD.","og_url":"https:\/\/mivegec.fr\/en\/intranet\/cross-disciplinary-groups","og_site_name":"MIVEGEC","article_modified_time":"2025-04-16T06:52:44+00:00","twitter_card":"summary_large_image","twitter_misc":{"Est. reading time":"3 minutes"},"schema":{"@context":"https:\/\/schema.org","@graph":[{"@type":"WebPage","@id":"https:\/\/mivegec.fr\/en\/intranet\/cross-disciplinary-groups","url":"https:\/\/mivegec.fr\/en\/intranet\/cross-disciplinary-groups","name":"Cross-disciplinary groups - MIVEGEC","isPartOf":{"@id":"https:\/\/mivegec.fr\/en#website"},"datePublished":"2020-12-15T09:49:39+00:00","dateModified":"2025-04-16T06:52:44+00:00","breadcrumb":{"@id":"https:\/\/mivegec.fr\/en\/intranet\/cross-disciplinary-groups#breadcrumb"},"inLanguage":"en-US","potentialAction":[{"@type":"ReadAction","target":["https:\/\/mivegec.fr\/en\/intranet\/cross-disciplinary-groups"]}]},{"@type":"BreadcrumbList","@id":"https:\/\/mivegec.fr\/en\/intranet\/cross-disciplinary-groups#breadcrumb","itemListElement":[{"@type":"ListItem","position":1,"name":"Accueil","item":"https:\/\/mivegec.fr\/en"},{"@type":"ListItem","position":2,"name":"Intranet","item":"https:\/\/mivegec.fr\/en\/intranet"},{"@type":"ListItem","position":3,"name":"Cross-disciplinary groups"}]},{"@type":"WebSite","@id":"https:\/\/mivegec.fr\/en#website","url":"https:\/\/mivegec.fr\/en","name":"MIVEGEC","description":"Maladies infectieuses et Vecteurs : \u00c9cologie, G\u00e9n\u00e9tique, \u00c9volution et Contr\u00f4le","publisher":{"@id":"https:\/\/mivegec.fr\/en#organization"},"potentialAction":[{"@type":"SearchAction","target":{"@type":"EntryPoint","urlTemplate":"https:\/\/mivegec.fr\/en?s={search_term_string}"},"query-input":{"@type":"PropertyValueSpecification","valueRequired":true,"valueName":"search_term_string"}}],"inLanguage":"en-US"},{"@type":"Organization","@id":"https:\/\/mivegec.fr\/en#organization","name":"Mivegec","url":"https:\/\/mivegec.fr\/en","logo":{"@type":"ImageObject","inLanguage":"en-US","@id":"https:\/\/mivegec.fr\/en#\/schema\/logo\/image\/","url":"https:\/\/mivegec.fr\/wp-content\/uploads\/2021\/03\/logo-mivegec@2x.png","contentUrl":"https:\/\/mivegec.fr\/wp-content\/uploads\/2021\/03\/logo-mivegec@2x.png","width":616,"height":405,"caption":"Mivegec"},"image":{"@id":"https:\/\/mivegec.fr\/en#\/schema\/logo\/image\/"}}]}},"_links":{"self":[{"href":"https:\/\/mivegec.fr\/en\/wp-json\/wp\/v2\/pages\/5444","targetHints":{"allow":["GET"]}}],"collection":[{"href":"https:\/\/mivegec.fr\/en\/wp-json\/wp\/v2\/pages"}],"about":[{"href":"https:\/\/mivegec.fr\/en\/wp-json\/wp\/v2\/types\/page"}],"author":[{"embeddable":true,"href":"https:\/\/mivegec.fr\/en\/wp-json\/wp\/v2\/users\/3"}],"replies":[{"embeddable":true,"href":"https:\/\/mivegec.fr\/en\/wp-json\/wp\/v2\/comments?post=5444"}],"version-history":[{"count":13,"href":"https:\/\/mivegec.fr\/en\/wp-json\/wp\/v2\/pages\/5444\/revisions"}],"predecessor-version":[{"id":11560,"href":"https:\/\/mivegec.fr\/en\/wp-json\/wp\/v2\/pages\/5444\/revisions\/11560"}],"up":[{"embeddable":true,"href":"https:\/\/mivegec.fr\/en\/wp-json\/wp\/v2\/pages\/5318"}],"wp:attachment":[{"href":"https:\/\/mivegec.fr\/en\/wp-json\/wp\/v2\/media?parent=5444"}],"curies":[{"name":"wp","href":"https:\/\/api.w.org\/{rel}","templated":true}]}}