{"id":5288,"date":"2020-09-23T09:52:14","date_gmt":"2020-09-23T07:52:14","guid":{"rendered":"https:\/\/mivegec.fr\/expertise-brevets"},"modified":"2022-02-01T14:24:16","modified_gmt":"2022-02-01T13:24:16","slug":"expertise-patents","status":"publish","type":"page","link":"https:\/\/mivegec.fr\/en\/expertise-patents","title":{"rendered":"Expertise"},"content":{"rendered":"<p>[et_pb_section bb_built=&#8221;1&#8243; fullwidth=&#8221;on&#8221; _builder_version=&#8221;4.6.0&#8243; next_background_color=&#8221;#000000&#8243;][et_pb_fullwidth_post_title admin_label=&#8221;Titre&#8221; meta=&#8221;off&#8221; featured_image=&#8221;off&#8221; text_color=&#8221;light&#8221; _builder_version=&#8221;4.6.0&#8243; background_image=&#8221;https:\/\/mivegec.fr\/wp-content\/uploads\/2020\/09\/MIVEGEC-departements.jpg&#8221; vertical_offset_tablet=&#8221;0&#8243; horizontal_offset_tablet=&#8221;0&#8243; text_orientation=&#8221;center&#8221; custom_padding=&#8221;||100px|&#8221; z_index_tablet=&#8221;0&#8243; title_text_shadow_horizontal_length_tablet=&#8221;0px&#8221; title_text_shadow_vertical_length_tablet=&#8221;0px&#8221; title_text_shadow_blur_strength_tablet=&#8221;1px&#8221; meta_text_shadow_horizontal_length_tablet=&#8221;0px&#8221; meta_text_shadow_vertical_length_tablet=&#8221;0px&#8221; meta_text_shadow_blur_strength_tablet=&#8221;1px&#8221; box_shadow_horizontal_tablet=&#8221;0px&#8221; box_shadow_vertical_tablet=&#8221;0px&#8221; box_shadow_blur_tablet=&#8221;40px&#8221; box_shadow_spread_tablet=&#8221;0px&#8221; text_shadow_horizontal_length_tablet=&#8221;0px&#8221; text_shadow_vertical_length_tablet=&#8221;0px&#8221; text_shadow_blur_strength_tablet=&#8221;1px&#8221; \/][et_pb_fullwidth_code admin_label=&#8221;Fil d&#8217;ariane&#8221; module_id=&#8221;breadcrumb&#8221; _builder_version=&#8221;4.6.0&#8243; vertical_offset_tablet=&#8221;0&#8243; horizontal_offset_tablet=&#8221;0&#8243; text_orientation=&#8221;center&#8221; box_shadow_horizontal_tablet=&#8221;0px&#8221; box_shadow_vertical_tablet=&#8221;0px&#8221; box_shadow_blur_tablet=&#8221;40px&#8221; box_shadow_spread_tablet=&#8221;0px&#8221; global_module=&#8221;1485&#8243; saved_tabs=&#8221;all&#8221;]<span><span><a href=\"https:\/\/mivegec.fr\/en\">Accueil<\/a><\/span><\/span>[\/et_pb_fullwidth_code][\/et_pb_section][et_pb_section bb_built=&#8221;1&#8243; _builder_version=&#8221;4.6.0&#8243; prev_background_color=&#8221;#000000&#8243;][et_pb_row _builder_version=&#8221;4.6.0&#8243; _module_preset=&#8221;default&#8221;][et_pb_column type=&#8221;4_4&#8243; _builder_version=&#8221;4.6.0&#8243; _module_preset=&#8221;default&#8221;][et_pb_text _builder_version=&#8221;4.14.4&#8243; _module_preset=&#8221;default&#8221; text_text_shadow_horizontal_length=&#8221;text_text_shadow_style,%91object Object%93&#8243; text_text_shadow_horizontal_length_tablet=&#8221;0px&#8221; text_text_shadow_vertical_length=&#8221;text_text_shadow_style,%91object Object%93&#8243; text_text_shadow_vertical_length_tablet=&#8221;0px&#8221; text_text_shadow_blur_strength=&#8221;text_text_shadow_style,%91object Object%93&#8243; text_text_shadow_blur_strength_tablet=&#8221;1px&#8221; link_text_shadow_horizontal_length=&#8221;link_text_shadow_style,%91object Object%93&#8243; link_text_shadow_horizontal_length_tablet=&#8221;0px&#8221; link_text_shadow_vertical_length=&#8221;link_text_shadow_style,%91object Object%93&#8243; link_text_shadow_vertical_length_tablet=&#8221;0px&#8221; link_text_shadow_blur_strength=&#8221;link_text_shadow_style,%91object Object%93&#8243; link_text_shadow_blur_strength_tablet=&#8221;1px&#8221; ul_text_shadow_horizontal_length=&#8221;ul_text_shadow_style,%91object Object%93&#8243; ul_text_shadow_horizontal_length_tablet=&#8221;0px&#8221; ul_text_shadow_vertical_length=&#8221;ul_text_shadow_style,%91object Object%93&#8243; ul_text_shadow_vertical_length_tablet=&#8221;0px&#8221; ul_text_shadow_blur_strength=&#8221;ul_text_shadow_style,%91object Object%93&#8243; ul_text_shadow_blur_strength_tablet=&#8221;1px&#8221; ol_text_shadow_horizontal_length=&#8221;ol_text_shadow_style,%91object Object%93&#8243; ol_text_shadow_horizontal_length_tablet=&#8221;0px&#8221; ol_text_shadow_vertical_length=&#8221;ol_text_shadow_style,%91object Object%93&#8243; ol_text_shadow_vertical_length_tablet=&#8221;0px&#8221; ol_text_shadow_blur_strength=&#8221;ol_text_shadow_style,%91object Object%93&#8243; ol_text_shadow_blur_strength_tablet=&#8221;1px&#8221; quote_text_shadow_horizontal_length=&#8221;quote_text_shadow_style,%91object Object%93&#8243; quote_text_shadow_horizontal_length_tablet=&#8221;0px&#8221; quote_text_shadow_vertical_length=&#8221;quote_text_shadow_style,%91object Object%93&#8243; quote_text_shadow_vertical_length_tablet=&#8221;0px&#8221; quote_text_shadow_blur_strength=&#8221;quote_text_shadow_style,%91object Object%93&#8243; quote_text_shadow_blur_strength_tablet=&#8221;1px&#8221; header_text_shadow_horizontal_length=&#8221;header_text_shadow_style,%91object Object%93&#8243; header_text_shadow_horizontal_length_tablet=&#8221;0px&#8221; header_text_shadow_vertical_length=&#8221;header_text_shadow_style,%91object Object%93&#8243; header_text_shadow_vertical_length_tablet=&#8221;0px&#8221; header_text_shadow_blur_strength=&#8221;header_text_shadow_style,%91object Object%93&#8243; header_text_shadow_blur_strength_tablet=&#8221;1px&#8221; header_2_text_shadow_horizontal_length=&#8221;header_2_text_shadow_style,%91object Object%93&#8243; header_2_text_shadow_horizontal_length_tablet=&#8221;0px&#8221; header_2_text_shadow_vertical_length=&#8221;header_2_text_shadow_style,%91object Object%93&#8243; header_2_text_shadow_vertical_length_tablet=&#8221;0px&#8221; header_2_text_shadow_blur_strength=&#8221;header_2_text_shadow_style,%91object Object%93&#8243; header_2_text_shadow_blur_strength_tablet=&#8221;1px&#8221; header_3_text_shadow_horizontal_length=&#8221;header_3_text_shadow_style,%91object Object%93&#8243; header_3_text_shadow_horizontal_length_tablet=&#8221;0px&#8221; header_3_text_shadow_vertical_length=&#8221;header_3_text_shadow_style,%91object Object%93&#8243; header_3_text_shadow_vertical_length_tablet=&#8221;0px&#8221; header_3_text_shadow_blur_strength=&#8221;header_3_text_shadow_style,%91object Object%93&#8243; header_3_text_shadow_blur_strength_tablet=&#8221;1px&#8221; header_4_text_shadow_horizontal_length=&#8221;header_4_text_shadow_style,%91object Object%93&#8243; header_4_text_shadow_horizontal_length_tablet=&#8221;0px&#8221; header_4_text_shadow_vertical_length=&#8221;header_4_text_shadow_style,%91object Object%93&#8243; header_4_text_shadow_vertical_length_tablet=&#8221;0px&#8221; header_4_text_shadow_blur_strength=&#8221;header_4_text_shadow_style,%91object Object%93&#8243; header_4_text_shadow_blur_strength_tablet=&#8221;1px&#8221; header_5_text_shadow_horizontal_length=&#8221;header_5_text_shadow_style,%91object Object%93&#8243; header_5_text_shadow_horizontal_length_tablet=&#8221;0px&#8221; header_5_text_shadow_vertical_length=&#8221;header_5_text_shadow_style,%91object Object%93&#8243; header_5_text_shadow_vertical_length_tablet=&#8221;0px&#8221; header_5_text_shadow_blur_strength=&#8221;header_5_text_shadow_style,%91object Object%93&#8243; header_5_text_shadow_blur_strength_tablet=&#8221;1px&#8221; header_6_text_shadow_horizontal_length=&#8221;header_6_text_shadow_style,%91object Object%93&#8243; header_6_text_shadow_horizontal_length_tablet=&#8221;0px&#8221; header_6_text_shadow_vertical_length=&#8221;header_6_text_shadow_style,%91object Object%93&#8243; header_6_text_shadow_vertical_length_tablet=&#8221;0px&#8221; header_6_text_shadow_blur_strength=&#8221;header_6_text_shadow_style,%91object Object%93&#8243; header_6_text_shadow_blur_strength_tablet=&#8221;1px&#8221; box_shadow_horizontal_tablet=&#8221;0px&#8221; box_shadow_vertical_tablet=&#8221;0px&#8221; box_shadow_blur_tablet=&#8221;40px&#8221; box_shadow_spread_tablet=&#8221;0px&#8221; vertical_offset_tablet=&#8221;0&#8243; horizontal_offset_tablet=&#8221;0&#8243; z_index_tablet=&#8221;0&#8243;]<\/p>\n<div>\n<p>Along with research and training, expertise is among MIVEGEC&#8217;s three main missions. Whether performed individually or collectively, an expert assessment can apply to the evaluation of a product such as an insecticide, a structure such as CIRDES (International Centre for Research &amp; Development of Animal Husbandry in Sub-Humid Zones), or a programme. It can also make it possible to estimate the utility of a strategy, such as the use of a drug; to evaluate a risk, such as that of malaria in a given region, or of Rift Valley fever; or to determine the current state of the art with an aim to establish recommendations (infectious diseases and climate change, vector control).<\/p>\n<p>Due to their research skills, the research professors, researchers, and engineers of the MIVEGEC unit are thus often called upon to carry out expert assessments; their reports can take on the form of review papers, books, press releases, or web pages.<\/p>\n<p>They are also called upon to review articles for numerous journals.<\/p>\n<p>\u00a0<\/p>\n<h2>Expert assessments and evaluations<\/h2>\n<p><strong style=\"font-size: 0.9rem;\">Report on the CNEV (National Centre of Expertise on Vectors) working groups for the ministries responsible for health and agriculture<\/strong><\/p>\n<h3>Reference collections<\/h3>\n<p>Underway: Report expected July 2013, Participation of Gilbert Le Goff<\/p>\n<p>Participation of <a href=\"https:\/\/mivegec.fr\/fr\/annuaire\/agent?id=44\" target=\"_blank\" rel=\"noopener\">Gilbert Le Goff<\/a><\/p>\n<h3>Insecticide resistance<\/h3>\n<p>Underway: Report expected July 2013<\/p>\n<p>Participation of <a href=\"https:\/\/mivegec.fr\/fr\/annuaire\/agent?id=264\">Fabrice Chandre<\/a>, <a href=\"https:\/\/mivegec.fr\/fr\/annuaire\/agent?id=278\">Fr\u00e9d\u00e9ric Darriet<\/a><\/p>\n<h3>Surveillance and control of Aedes albopictus in metropolitan and overseas France<\/h3>\n<p><em>June 2012<\/em><\/p>\n<p>Participation of Didier Fontenille<\/p>\n<h2>CNEV responses to referrals from the ministries responsible for health and agriculture<\/h2>\n<h3>DGS referral for an opinion on the Ae. albopictus surveillance network in metropolitan France<\/h3>\n<p><em>May 2013<\/em><\/p>\n<p>Participation of Didier Fontenille<\/p>\n<h3>DGS referral for an opinion on the &#8220;Distribution of Ixodes ricinus in France and the main determinants in the modification of its distribution&#8221;<\/h3>\n<p><em>May 2013<\/em><\/p>\n<p>Participation of Elsa L\u00e9ger, Didier Fontenille<\/p>\n<h3>DGS referral for an opinion on the Ae. albopictus surveillance network in metropolitan France<\/h3>\n<p><em>May 2012<\/em><\/p>\n<p>Participation of Didier Fontenille<\/p>\n<h3>Referral relating to the possibility of indigenous transmission of malaria following the identification of four cases of malaria on a ship<\/h3>\n<p><em>November 2011<\/em><\/p>\n<p>Participation of Didier Fontenille<\/p>\n<h3>Referral relating to Hylesia metabus, agent responsible for Caripito itch in French Guiana<\/h3>\n<p><em>August 2011<\/em><\/p>\n<p>Participation of <a href=\"https:\/\/mivegec.fr\/fr\/annuaire\/agent?id=15\">Vincent Robert<\/a><\/p>\n<h3>Emerging infectious diseases: situation report and outlook<\/h3>\n<p><strong>2011 :<\/strong> Expert examination coordinated by C. Leport and <a href=\"https:\/\/mivegec.fr\/fr\/annuaire\/agent?id=36\">JF Gu\u00e9gan<\/a> on behalf of the French High Council for Public Health, Ministry of Health \u2013 La Documentation fran\u00e7aise. <a href=\"\/images\/stories\/PDF_files\/Rapports\/presentation.pdf\">Presentation<\/a> and <a href=\"\/images\/stories\/PDF_files\/Rapports\/hcspr20110622_maladiesinfectemerg.pdf\">report<\/a>.<\/p>\n<p><span style=\"color: #333333; font-size: 22px;\">French National Adaptation Plan for Climate Change &#8211; Health section &#8211; Inter-Ministerial and Parliamentary Group report.<\/span><\/p>\n<p><strong>2010 : Expert examination chaired by<\/strong> <a href=\"https:\/\/mivegec.fr\/fr\/annuaire\/agent?id=36\">JF Gu\u00e9gan<\/a><\/p>\n<h3>Clinical practice guidelines (CPG) for anti-vectorial personal protection<\/h3>\n<p><strong>2008-2010 <span class=\"em2\"> : <\/span><\/strong><a href=\"https:\/\/mivegec.fr\/fr\/annuaire\/agent?id=15\"> V. Robert<\/a> is a member of the organising committee and the working group (chaired by G. Duvallet), <a href=\"https:\/\/mivegec.fr\/fr\/annuaire\/agent?id=264\">F. Chandre<\/a> is a member of a sub-working group, and <a href=\"https:\/\/mivegec.fr\/fr\/annuaire\/agent?id=278\">F. Darriet<\/a> is an external expert. The sponsors are <em>the Society of Travel Medicine and the French Society of Parasitology<\/em> ; financial support is provided by the DGS (Directorate-General of the French Ministry of Health) and a favorable opinion has been given by AFSSAPS (French Agency for the Safety of Health Products). IRD is one of the partners.<\/p>\n<h3>CIRDES external evaluation mission<\/h3>\n<p>(International Centre for Research &amp; Development of Animal Husbandry in Sub-Humid Zones, Bobo-Dioulasso, Burkina Faso), April 2009:<\/p>\n<ul>\n<li>Institutional expert assessment by B. Hubert (INRA, president of the commission), <a href=\"https:\/\/mivegec.fr\/fr\/annuaire\/agent?id=15\">V. Robert<\/a> (IRD), A. Bricout (AIRD), M.C. Deboin (CIRAD), P.C. Lef\u00e8vre, C. Ly, J.R. Kamga (CORAF). <a href=\"\/images\/stories\/PDF_files\/Rapports\/rapport_evaluation_cirdes_avril2009_v13juillet_annexes.pdf\" target=\"_blank\" rel=\"noopener\">PDF<\/a><\/li>\n<li>Evaluation mission report by A. Bricout, M.C. Deboin, B. Hubert, P.C. Lef\u00e8vre, C. Ly, J.R. Kamga, <a href=\"https:\/\/mivegec.fr\/fr\/annuaire\/agent?id=15\">V. Robert<\/a> &#8211; 69 pp.<\/li>\n<\/ul>\n<h3>Vector control in France<\/h3>\n<p><strong>2009 <span class=\"em2\"> :\u00a0<\/span><\/strong>Expert examination by D. Fontenille \u2013 IRD \u00c9ditions, coll. \u2013 536 p. + CD-ROM<\/p>\n<h3>Evaluation mission for anopheles control<\/h3>\n<p>(Mayotte, France), October<strong> 2008<\/strong> :<\/p>\n<ul>\n<li>Institutional expert assessment by <a href=\"https:\/\/mivegec.fr\/fr\/annuaire\/agent?id=15\">V. Robert<\/a> and C. Lagneau (EID M\u00e9diterran\u00e9e) at the request of the <a href=\"https:\/\/www.mayotte.pref.gouv.fr\/\">DASS Mayotte.<\/a><\/li>\n<li>Advisory and support mission for the implementation of integrated vector control in Mayotte by <a href=\"\/fr\/component\/content\/article?id=1191&amp;Itemid=&amp;selected=118\">V Robert<\/a> &amp; C Lagneau (6-10 October 2008).<\/li>\n<li>IRD and EID M\u00e9diterran\u00e9e report of 09\/03\/2009 &#8211; 53 pp. <a href=\"\/images\/stories\/PDF_files\/Rapports\/lutte%20antivectorielle-mayotte-ird-eid.pdf\" target=\"_blank\" rel=\"noopener\">PDF<\/a><\/li>\n<\/ul>\n<h3>Thoughts on the risk of yellow fever in Mayotte<\/h3>\n<p>By D. Fontenille, in response to referral D\/08\/MD\/BT\/SF of the French High Council for Public Health\u2019s committee on travel-related and imported diseases of 19 September 2008 &#8211; 8 p.<\/p>\n<h3>The qualitative effects of climate change on health in France \u2013 Inter-Ministerial Group report<\/h3>\n<p><strong>2008 :<\/strong> Expert examination coordinated by M. Delavi\u00e8re and <a href=\"https:\/\/mivegec.fr\/fr\/annuaire\/agent?id=36\">JF Gu\u00e9gan<\/a> &#8211; La Documentation fran\u00e7aise &#8211; accessible here: <a href=\"https:\/\/www.ladocumentationfrancaise.fr\/rapports-publics\/094000460\/index.shtml\">https:\/\/www.ladocumentationfrancaise.fr\/rapports-publics\/094000460\/index.shtml<\/a><\/p>\n<h3>Evaluation mission on mosquito nets and other materials impregnated with insecticide<\/h3>\n<p>By a group of AFSSET (French Agency for Environmental and Occupational Health Safety) experts, coordinated by Briand and Rousselle: P. Carnevale, <a href=\"https:\/\/mivegec.fr\/fr\/annuaire\/agent?id=278\">F. Darriet<\/a>, F. Hubert, P. Delaunay, X. Deparis, J.P. Jaeg, F. Legros, F. Pag\u00e8s, <a href=\"https:\/\/mivegec.fr\/fr\/annuaire\/agent?id=15\">V. Robert<\/a> :<\/p>\n<ul>\n<li>Assessment of the risks associated with the use of insecticide products for impregnating mosquito nets and clothing in the context of the Chikungunya epidemic on R\u00e9union Island. Referral no. 2006\/007.<\/li>\n<li>Report of the AFSSET working group (https:\/\/www.afsset.fr\/index_2010.php) on \u201cImpregnation products for mosquito nets and fabrics\u201d \u2013 April 2007 \u2013 91pp<\/li>\n<\/ul>\n<h3>Working towards a better knowledge of vectors and how to control them<\/h3>\n<p>2006: Report by D. Fontenille on Science and Technology for the French Academy of Sciences, RST24: Control of infectious diseases: 299-314.<\/p>\n<h3>Emergence of Chagas disease in French Guiana \u2013 Assessment in 2005 and outlook<\/h3>\n<p>Report produced by D. Jeannel, F. Noireau and P. Chaud from InVS (French Institute for Public Health Surveillance).<\/p>\n<h3>Evaluation mission for anopheles control in French Guiana<\/h3>\n<ul>\n<li>Institutional expert assessment by V. Robert (IRD) at the request of the Guyana DSDS (Department of Health &amp; Social Development).<\/li>\n<li>Final report (link to PDF) of an organisational study of anopheles control in French Guiana \u2013 August 2004 \u2013 75 pp. <a href=\"\/images\/stories\/PDF_files\/Rapports\/rappetorganoph-guyane.pdf\" target=\"_blank\" rel=\"noopener\">PDF<\/a><\/li>\n<\/ul>\n<h3>At-risk airports:<\/h3>\n<ul>\n<li>Report by D. Fontenille (2003) on the control of Dengue virus vectors in airports and aircraft departing from overseas departments and territories; updating the list of at-risk airports for the committee on travel-related and imported diseases. Directorate-General of the French Ministry of Health. DOC\/LIN\/IRD\/38\/03. <a href=\"\/images\/stories\/PDF_files\/Rapports\/fontenille_2003b.pdf\" target=\"_blank\" rel=\"noopener\">PDF<\/a><\/li>\n<li>Report by D. Fontenille (2003) on at-risk airports requiring the disinsection of aircraft for the committee on travel-related and imported diseases. Directorate-General of the French Ministry of Health. DOC\/LIN\/IRD\/20\/03- 22p.\u00a0<a href=\"\/images\/stories\/PDF_files\/Rapports\/fontenille_2003a.pdf\" target=\"_blank\" rel=\"noopener\">PDF<\/a><\/li>\n<\/ul>\n<h3>Study mission on the resistance of malaria and vectors on the Island of Grande Comore<\/h3>\n<p>February-March 2001, then January-June 2003: Expert assessment by <a href=\"https:\/\/mivegec.fr\/fr\/annuaire\/agent?id=15\">V. Robert<\/a>\u00a0(IRD and Institut Pasteur of Madagascar) and F. Ariey (Institut Pasteur of Madagascar) at the request of the Ministry of Health of the Comoros.<\/p>\n<h3>Study mission on the malaria situation in Mayotte<\/h3>\n<p>January 2002: Expert assessment by V. Robert (IRD and Institut Pasteur of Madagascar) and F. Ariey (Institut Pasteur of Madagascar) at the request of the Directorate-General of Health.<\/p>\n<p>\u00a0<\/p>\n<\/div>\n<p>[\/et_pb_text][\/et_pb_column][\/et_pb_row][\/et_pb_section]<\/p>\n","protected":false},"excerpt":{"rendered":"<p><span><span><a href=\"https:\/\/mivegec.fr\/en\">Accueil<\/a><\/span><\/span> Along with research and training, expertise is among MIVEGEC&#8217;s three main missions. Whether performed individually or collectively, an expert assessment can apply to the evaluation of a product such as an insecticide, a structure such as CIRDES (International Centre for Research &amp; Development of Animal Husbandry in Sub-Humid Zones), or a programme. It can [&hellip;]<\/p>\n","protected":false},"author":3,"featured_media":0,"parent":0,"menu_order":0,"comment_status":"closed","ping_status":"closed","template":"","meta":{"_acf_changed":false,"_et_pb_use_builder":"on","_et_pb_old_content":"","_et_gb_content_width":"","footnotes":""},"class_list":["post-5288","page","type-page","status-publish","hentry"],"acf":[],"yoast_head":"<!-- This site is optimized with the Yoast SEO plugin v26.8 - https:\/\/yoast.com\/product\/yoast-seo-wordpress\/ -->\n<title>Expertise - MIVEGEC<\/title>\n<meta name=\"robots\" content=\"index, follow, max-snippet:-1, max-image-preview:large, max-video-preview:-1\" \/>\n<link rel=\"canonical\" href=\"https:\/\/mivegec.fr\/en\/expertise-patents\" \/>\n<meta property=\"og:locale\" content=\"en_US\" \/>\n<meta property=\"og:type\" content=\"article\" \/>\n<meta property=\"og:title\" content=\"Expertise - MIVEGEC\" \/>\n<meta property=\"og:description\" content=\"Along with research and training, expertise is among MIVEGEC&#039;s three main missions. Whether performed individually or collectively, an expert assessment can apply to the evaluation of a product such as an insecticide, a structure such as CIRDES (International Centre for Research &amp; Development of Animal Husbandry in Sub-Humid Zones), or a programme. It can [&hellip;]\" \/>\n<meta property=\"og:url\" content=\"https:\/\/mivegec.fr\/en\/expertise-patents\" \/>\n<meta property=\"og:site_name\" content=\"MIVEGEC\" \/>\n<meta property=\"article:modified_time\" content=\"2022-02-01T13:24:16+00:00\" \/>\n<meta name=\"twitter:card\" content=\"summary_large_image\" \/>\n<meta name=\"twitter:label1\" content=\"Est. reading time\" \/>\n\t<meta name=\"twitter:data1\" content=\"10 minutes\" \/>\n<script type=\"application\/ld+json\" class=\"yoast-schema-graph\">{\"@context\":\"https:\/\/schema.org\",\"@graph\":[{\"@type\":\"WebPage\",\"@id\":\"https:\/\/mivegec.fr\/en\/expertise-patents\",\"url\":\"https:\/\/mivegec.fr\/en\/expertise-patents\",\"name\":\"Expertise - MIVEGEC\",\"isPartOf\":{\"@id\":\"https:\/\/mivegec.fr\/en#website\"},\"datePublished\":\"2020-09-23T07:52:14+00:00\",\"dateModified\":\"2022-02-01T13:24:16+00:00\",\"breadcrumb\":{\"@id\":\"https:\/\/mivegec.fr\/en\/expertise-patents#breadcrumb\"},\"inLanguage\":\"en-US\",\"potentialAction\":[{\"@type\":\"ReadAction\",\"target\":[\"https:\/\/mivegec.fr\/en\/expertise-patents\"]}]},{\"@type\":\"BreadcrumbList\",\"@id\":\"https:\/\/mivegec.fr\/en\/expertise-patents#breadcrumb\",\"itemListElement\":[{\"@type\":\"ListItem\",\"position\":1,\"name\":\"Accueil\",\"item\":\"https:\/\/mivegec.fr\/en\"},{\"@type\":\"ListItem\",\"position\":2,\"name\":\"Expertise\"}]},{\"@type\":\"WebSite\",\"@id\":\"https:\/\/mivegec.fr\/en#website\",\"url\":\"https:\/\/mivegec.fr\/en\",\"name\":\"MIVEGEC\",\"description\":\"Maladies infectieuses et Vecteurs : \u00c9cologie, G\u00e9n\u00e9tique, \u00c9volution et Contr\u00f4le\",\"publisher\":{\"@id\":\"https:\/\/mivegec.fr\/en#organization\"},\"potentialAction\":[{\"@type\":\"SearchAction\",\"target\":{\"@type\":\"EntryPoint\",\"urlTemplate\":\"https:\/\/mivegec.fr\/en?s={search_term_string}\"},\"query-input\":{\"@type\":\"PropertyValueSpecification\",\"valueRequired\":true,\"valueName\":\"search_term_string\"}}],\"inLanguage\":\"en-US\"},{\"@type\":\"Organization\",\"@id\":\"https:\/\/mivegec.fr\/en#organization\",\"name\":\"Mivegec\",\"url\":\"https:\/\/mivegec.fr\/en\",\"logo\":{\"@type\":\"ImageObject\",\"inLanguage\":\"en-US\",\"@id\":\"https:\/\/mivegec.fr\/en#\/schema\/logo\/image\/\",\"url\":\"https:\/\/mivegec.fr\/wp-content\/uploads\/2021\/03\/logo-mivegec@2x.png\",\"contentUrl\":\"https:\/\/mivegec.fr\/wp-content\/uploads\/2021\/03\/logo-mivegec@2x.png\",\"width\":616,\"height\":405,\"caption\":\"Mivegec\"},\"image\":{\"@id\":\"https:\/\/mivegec.fr\/en#\/schema\/logo\/image\/\"}}]}<\/script>\n<!-- \/ Yoast SEO plugin. -->","yoast_head_json":{"title":"Expertise - MIVEGEC","robots":{"index":"index","follow":"follow","max-snippet":"max-snippet:-1","max-image-preview":"max-image-preview:large","max-video-preview":"max-video-preview:-1"},"canonical":"https:\/\/mivegec.fr\/en\/expertise-patents","og_locale":"en_US","og_type":"article","og_title":"Expertise - MIVEGEC","og_description":"Along with research and training, expertise is among MIVEGEC's three main missions. Whether performed individually or collectively, an expert assessment can apply to the evaluation of a product such as an insecticide, a structure such as CIRDES (International Centre for Research &amp; Development of Animal Husbandry in Sub-Humid Zones), or a programme. It can [&hellip;]","og_url":"https:\/\/mivegec.fr\/en\/expertise-patents","og_site_name":"MIVEGEC","article_modified_time":"2022-02-01T13:24:16+00:00","twitter_card":"summary_large_image","twitter_misc":{"Est. reading time":"10 minutes"},"schema":{"@context":"https:\/\/schema.org","@graph":[{"@type":"WebPage","@id":"https:\/\/mivegec.fr\/en\/expertise-patents","url":"https:\/\/mivegec.fr\/en\/expertise-patents","name":"Expertise - MIVEGEC","isPartOf":{"@id":"https:\/\/mivegec.fr\/en#website"},"datePublished":"2020-09-23T07:52:14+00:00","dateModified":"2022-02-01T13:24:16+00:00","breadcrumb":{"@id":"https:\/\/mivegec.fr\/en\/expertise-patents#breadcrumb"},"inLanguage":"en-US","potentialAction":[{"@type":"ReadAction","target":["https:\/\/mivegec.fr\/en\/expertise-patents"]}]},{"@type":"BreadcrumbList","@id":"https:\/\/mivegec.fr\/en\/expertise-patents#breadcrumb","itemListElement":[{"@type":"ListItem","position":1,"name":"Accueil","item":"https:\/\/mivegec.fr\/en"},{"@type":"ListItem","position":2,"name":"Expertise"}]},{"@type":"WebSite","@id":"https:\/\/mivegec.fr\/en#website","url":"https:\/\/mivegec.fr\/en","name":"MIVEGEC","description":"Maladies infectieuses et Vecteurs : \u00c9cologie, G\u00e9n\u00e9tique, \u00c9volution et Contr\u00f4le","publisher":{"@id":"https:\/\/mivegec.fr\/en#organization"},"potentialAction":[{"@type":"SearchAction","target":{"@type":"EntryPoint","urlTemplate":"https:\/\/mivegec.fr\/en?s={search_term_string}"},"query-input":{"@type":"PropertyValueSpecification","valueRequired":true,"valueName":"search_term_string"}}],"inLanguage":"en-US"},{"@type":"Organization","@id":"https:\/\/mivegec.fr\/en#organization","name":"Mivegec","url":"https:\/\/mivegec.fr\/en","logo":{"@type":"ImageObject","inLanguage":"en-US","@id":"https:\/\/mivegec.fr\/en#\/schema\/logo\/image\/","url":"https:\/\/mivegec.fr\/wp-content\/uploads\/2021\/03\/logo-mivegec@2x.png","contentUrl":"https:\/\/mivegec.fr\/wp-content\/uploads\/2021\/03\/logo-mivegec@2x.png","width":616,"height":405,"caption":"Mivegec"},"image":{"@id":"https:\/\/mivegec.fr\/en#\/schema\/logo\/image\/"}}]}},"_links":{"self":[{"href":"https:\/\/mivegec.fr\/en\/wp-json\/wp\/v2\/pages\/5288","targetHints":{"allow":["GET"]}}],"collection":[{"href":"https:\/\/mivegec.fr\/en\/wp-json\/wp\/v2\/pages"}],"about":[{"href":"https:\/\/mivegec.fr\/en\/wp-json\/wp\/v2\/types\/page"}],"author":[{"embeddable":true,"href":"https:\/\/mivegec.fr\/en\/wp-json\/wp\/v2\/users\/3"}],"replies":[{"embeddable":true,"href":"https:\/\/mivegec.fr\/en\/wp-json\/wp\/v2\/comments?post=5288"}],"version-history":[{"count":4,"href":"https:\/\/mivegec.fr\/en\/wp-json\/wp\/v2\/pages\/5288\/revisions"}],"predecessor-version":[{"id":5292,"href":"https:\/\/mivegec.fr\/en\/wp-json\/wp\/v2\/pages\/5288\/revisions\/5292"}],"wp:attachment":[{"href":"https:\/\/mivegec.fr\/en\/wp-json\/wp\/v2\/media?parent=5288"}],"curies":[{"name":"wp","href":"https:\/\/api.w.org\/{rel}","templated":true}]}}