{"id":5283,"date":"2020-09-24T09:06:23","date_gmt":"2020-09-24T07:06:23","guid":{"rendered":"https:\/\/mivegec.fr\/brevets"},"modified":"2022-02-01T14:24:58","modified_gmt":"2022-02-01T13:24:58","slug":"patents","status":"publish","type":"page","link":"https:\/\/mivegec.fr\/en\/patents","title":{"rendered":"Patents"},"content":{"rendered":"<p>[et_pb_section bb_built=&#8221;1&#8243; fullwidth=&#8221;on&#8221; _builder_version=&#8221;4.6.0&#8243; next_background_color=&#8221;#000000&#8243;][et_pb_fullwidth_post_title admin_label=&#8221;Titre&#8221; meta=&#8221;off&#8221; featured_image=&#8221;off&#8221; text_color=&#8221;light&#8221; _builder_version=&#8221;4.6.0&#8243; background_image=&#8221;https:\/\/mivegec.fr\/wp-content\/uploads\/2020\/09\/MIVEGEC-departements.jpg&#8221; vertical_offset_tablet=&#8221;0&#8243; horizontal_offset_tablet=&#8221;0&#8243; text_orientation=&#8221;center&#8221; custom_padding=&#8221;||100px|&#8221; z_index_tablet=&#8221;0&#8243; title_text_shadow_horizontal_length_tablet=&#8221;0px&#8221; title_text_shadow_vertical_length_tablet=&#8221;0px&#8221; title_text_shadow_blur_strength_tablet=&#8221;1px&#8221; meta_text_shadow_horizontal_length_tablet=&#8221;0px&#8221; meta_text_shadow_vertical_length_tablet=&#8221;0px&#8221; meta_text_shadow_blur_strength_tablet=&#8221;1px&#8221; box_shadow_horizontal_tablet=&#8221;0px&#8221; box_shadow_vertical_tablet=&#8221;0px&#8221; box_shadow_blur_tablet=&#8221;40px&#8221; box_shadow_spread_tablet=&#8221;0px&#8221; text_shadow_horizontal_length_tablet=&#8221;0px&#8221; text_shadow_vertical_length_tablet=&#8221;0px&#8221; text_shadow_blur_strength_tablet=&#8221;1px&#8221; \/][et_pb_fullwidth_code admin_label=&#8221;Fil d&#8217;ariane&#8221; module_id=&#8221;breadcrumb&#8221; _builder_version=&#8221;4.6.0&#8243; vertical_offset_tablet=&#8221;0&#8243; horizontal_offset_tablet=&#8221;0&#8243; text_orientation=&#8221;center&#8221; box_shadow_horizontal_tablet=&#8221;0px&#8221; box_shadow_vertical_tablet=&#8221;0px&#8221; box_shadow_blur_tablet=&#8221;40px&#8221; box_shadow_spread_tablet=&#8221;0px&#8221; global_module=&#8221;1485&#8243; saved_tabs=&#8221;all&#8221;]<span><span><a href=\"https:\/\/mivegec.fr\/en\">Accueil<\/a><\/span><\/span>[\/et_pb_fullwidth_code][\/et_pb_section][et_pb_section bb_built=&#8221;1&#8243; _builder_version=&#8221;4.6.0&#8243; prev_background_color=&#8221;#000000&#8243;][et_pb_row _builder_version=&#8221;4.6.0&#8243; _module_preset=&#8221;default&#8221;][et_pb_column type=&#8221;4_4&#8243; _builder_version=&#8221;4.6.0&#8243; _module_preset=&#8221;default&#8221;][et_pb_text _builder_version=&#8221;4.14.4&#8243; _module_preset=&#8221;default&#8221; text_text_shadow_horizontal_length=&#8221;text_text_shadow_style,%91object Object%93&#8243; text_text_shadow_horizontal_length_tablet=&#8221;0px&#8221; text_text_shadow_vertical_length=&#8221;text_text_shadow_style,%91object Object%93&#8243; text_text_shadow_vertical_length_tablet=&#8221;0px&#8221; text_text_shadow_blur_strength=&#8221;text_text_shadow_style,%91object Object%93&#8243; text_text_shadow_blur_strength_tablet=&#8221;1px&#8221; link_text_shadow_horizontal_length=&#8221;link_text_shadow_style,%91object Object%93&#8243; link_text_shadow_horizontal_length_tablet=&#8221;0px&#8221; link_text_shadow_vertical_length=&#8221;link_text_shadow_style,%91object Object%93&#8243; link_text_shadow_vertical_length_tablet=&#8221;0px&#8221; link_text_shadow_blur_strength=&#8221;link_text_shadow_style,%91object Object%93&#8243; link_text_shadow_blur_strength_tablet=&#8221;1px&#8221; ul_text_shadow_horizontal_length=&#8221;ul_text_shadow_style,%91object Object%93&#8243; ul_text_shadow_horizontal_length_tablet=&#8221;0px&#8221; ul_text_shadow_vertical_length=&#8221;ul_text_shadow_style,%91object Object%93&#8243; ul_text_shadow_vertical_length_tablet=&#8221;0px&#8221; ul_text_shadow_blur_strength=&#8221;ul_text_shadow_style,%91object Object%93&#8243; ul_text_shadow_blur_strength_tablet=&#8221;1px&#8221; ol_text_shadow_horizontal_length=&#8221;ol_text_shadow_style,%91object Object%93&#8243; ol_text_shadow_horizontal_length_tablet=&#8221;0px&#8221; ol_text_shadow_vertical_length=&#8221;ol_text_shadow_style,%91object Object%93&#8243; ol_text_shadow_vertical_length_tablet=&#8221;0px&#8221; ol_text_shadow_blur_strength=&#8221;ol_text_shadow_style,%91object Object%93&#8243; ol_text_shadow_blur_strength_tablet=&#8221;1px&#8221; quote_text_shadow_horizontal_length=&#8221;quote_text_shadow_style,%91object Object%93&#8243; quote_text_shadow_horizontal_length_tablet=&#8221;0px&#8221; quote_text_shadow_vertical_length=&#8221;quote_text_shadow_style,%91object Object%93&#8243; quote_text_shadow_vertical_length_tablet=&#8221;0px&#8221; quote_text_shadow_blur_strength=&#8221;quote_text_shadow_style,%91object Object%93&#8243; quote_text_shadow_blur_strength_tablet=&#8221;1px&#8221; header_text_shadow_horizontal_length=&#8221;header_text_shadow_style,%91object Object%93&#8243; header_text_shadow_horizontal_length_tablet=&#8221;0px&#8221; header_text_shadow_vertical_length=&#8221;header_text_shadow_style,%91object Object%93&#8243; header_text_shadow_vertical_length_tablet=&#8221;0px&#8221; header_text_shadow_blur_strength=&#8221;header_text_shadow_style,%91object Object%93&#8243; header_text_shadow_blur_strength_tablet=&#8221;1px&#8221; header_2_text_shadow_horizontal_length=&#8221;header_2_text_shadow_style,%91object Object%93&#8243; header_2_text_shadow_horizontal_length_tablet=&#8221;0px&#8221; header_2_text_shadow_vertical_length=&#8221;header_2_text_shadow_style,%91object Object%93&#8243; header_2_text_shadow_vertical_length_tablet=&#8221;0px&#8221; header_2_text_shadow_blur_strength=&#8221;header_2_text_shadow_style,%91object Object%93&#8243; header_2_text_shadow_blur_strength_tablet=&#8221;1px&#8221; header_3_text_shadow_horizontal_length=&#8221;header_3_text_shadow_style,%91object Object%93&#8243; header_3_text_shadow_horizontal_length_tablet=&#8221;0px&#8221; header_3_text_shadow_vertical_length=&#8221;header_3_text_shadow_style,%91object Object%93&#8243; header_3_text_shadow_vertical_length_tablet=&#8221;0px&#8221; header_3_text_shadow_blur_strength=&#8221;header_3_text_shadow_style,%91object Object%93&#8243; header_3_text_shadow_blur_strength_tablet=&#8221;1px&#8221; header_4_text_shadow_horizontal_length=&#8221;header_4_text_shadow_style,%91object Object%93&#8243; header_4_text_shadow_horizontal_length_tablet=&#8221;0px&#8221; header_4_text_shadow_vertical_length=&#8221;header_4_text_shadow_style,%91object Object%93&#8243; header_4_text_shadow_vertical_length_tablet=&#8221;0px&#8221; header_4_text_shadow_blur_strength=&#8221;header_4_text_shadow_style,%91object Object%93&#8243; header_4_text_shadow_blur_strength_tablet=&#8221;1px&#8221; header_5_text_shadow_horizontal_length=&#8221;header_5_text_shadow_style,%91object Object%93&#8243; header_5_text_shadow_horizontal_length_tablet=&#8221;0px&#8221; header_5_text_shadow_vertical_length=&#8221;header_5_text_shadow_style,%91object Object%93&#8243; header_5_text_shadow_vertical_length_tablet=&#8221;0px&#8221; header_5_text_shadow_blur_strength=&#8221;header_5_text_shadow_style,%91object Object%93&#8243; header_5_text_shadow_blur_strength_tablet=&#8221;1px&#8221; header_6_text_shadow_horizontal_length=&#8221;header_6_text_shadow_style,%91object Object%93&#8243; header_6_text_shadow_horizontal_length_tablet=&#8221;0px&#8221; header_6_text_shadow_vertical_length=&#8221;header_6_text_shadow_style,%91object Object%93&#8243; header_6_text_shadow_vertical_length_tablet=&#8221;0px&#8221; header_6_text_shadow_blur_strength=&#8221;header_6_text_shadow_style,%91object Object%93&#8243; header_6_text_shadow_blur_strength_tablet=&#8221;1px&#8221; box_shadow_horizontal_tablet=&#8221;0px&#8221; box_shadow_vertical_tablet=&#8221;0px&#8221; box_shadow_blur_tablet=&#8221;40px&#8221; box_shadow_spread_tablet=&#8221;0px&#8221; vertical_offset_tablet=&#8221;0&#8243; horizontal_offset_tablet=&#8221;0&#8243; z_index_tablet=&#8221;0&#8243;]<\/p>\n<div itemprop=\"articleBody\">\n<table border=\"0\">\n<tbody>\n<tr>\n<td>2014<\/td>\n<td>\n<p>Pierre Becquart &amp; Eric Leroy<\/p>\n<p>Titre: \u201cImmunogenic peptides of EBOLA and applications\u201d<\/p>\n<p>N\u00b0 d\u2019enregistrement: EP n\u00b014&nbsp;167 898.7<\/p>\n<p>Date de d\u00e9p\u00f4t&nbsp;: le 12 mai 2014<\/p>\n<\/td>\n<\/tr>\n<tr>\n<td>2012<\/td>\n<td>\n<p>Darriet F, Corbel V, Chandre F &amp; Zumbo B<\/p>\n<p><strong>Composition \u00e0 usage anti-moustique<\/strong><\/p>\n<p>N\u00b0 de la demande de brevet fran\u00e7ais: 11\/53024<\/p>\n<p>N\u00b0 de la demande internationale : PCT\/FR2012\/050752<\/p>\n<p>N\u00b0 de la publication internationale : WO 2012\/143644 A1<\/p>\n<\/td>\n<\/tr>\n<tr>\n<td>2011<\/td>\n<td>\n<p>Miss\u00e9 D.<\/p>\n<p>&nbsp;<\/p>\n<p>Titre: <strong>Proteins\/peptides having immunogenic properties and their biological applications<\/strong>. PCT\/IB2011\/050783. Date de publication : 01\/09\/2011. Inventeur :<\/p>\n<\/td>\n<\/tr>\n<tr>\n<td>2011<\/td>\n<td>\n<p>Miss\u00e9 D, Luplertlop N, Hans Y, Thomas F, Renaud F.<\/p>\n<p>&nbsp;<\/p>\n<p>Titre: <strong>Antimicrobial peptides of the cecropin family and therapeutic uses thereof<\/strong>. PCT\/IB2011\/050465. Date de publication : 11\/08\/2011.<\/p>\n<\/td>\n<\/tr>\n<tr>\n<td>2010<\/td>\n<td>\n<p>Luplertlop N, Renaud F, Thomas F et Miss\u00e9 D<\/p>\n<p>&nbsp;<\/p>\n<p>Brevet\/ Ref: FR10\/00434<br \/>Titre: <strong>&#8220;Peptides antimicrobiens et leurs utilisations en th\u00e9rapeutique&#8221;<\/strong><br \/>Date de d\u00e9p\u00f4t: 3 F\u00e9vrier 2010<\/p>\n<\/td>\n<\/tr>\n<tr>\n<td>2010<\/td>\n<td>Remoue F, Poinsignon A, Cornelie S, Drame PM, Doucoure A, Mouchet F, Rossignol M &amp; Corbel V. <br \/> <strong>M\u00e9thodes pour \u00e9valuer l&#8217;efficacit\u00e9 de strat\u00e9gie de lutte anti-vectorielle dans le contr\u00f4le du paludisme et des arboviroses<\/strong> <br \/> Brevet n\u00b0 FR10\/00172<\/td>\n<\/tr>\n<tr>\n<td>2010<\/td>\n<td>Sereno D, Gazanion E, Vergnes B, Labesse G, Guichou JF, Garcia D &amp; Sylvestre R. <br \/> <strong>Methode pour traiter la leishmaniose<\/strong> <br \/> Brevet d\u00e9pos\u00e9 aux Etats-Unis sous le n\u00b061\/372 945. (lien vers Brevet Sereno Nicotinamide.pdf)<\/td>\n<\/tr>\n<tr>\n<td>2009<\/td>\n<td>Ladram A, Sereno D, Abassi F, Oury B, Amiche M &amp; Nicolas P. <br \/> <strong>Analogs of temporin SHa and uses thereof<\/strong> <br \/> Brevet n\u00b009 51768 d\u00e9pos\u00e9 par l&#8217;Universit\u00e9 Pierre et Marie Curie, l&#8217;IRD et le CNRS, enregistr\u00e9 \u00e0 l&#8217;international, le 18 mars 2010, sous le n\u00b0PCT-FR10-050487.<\/td>\n<\/tr>\n<tr>\n<td>2008<\/td>\n<td>Corrales RM, Mathieu Daude F &amp; Sereno D. <br \/> <strong>A method for the screening of conserved secreted proteins<\/strong> <br \/> Brevet N\u00b0 08 290 657.9<\/td>\n<\/tr>\n<tr>\n<td>2008<\/td>\n<td>Martin T &amp; Assogba Komlan F. <strong><br \/> Proc\u00e9d\u00e9 de protection des cultures contre les acariens<\/strong> <br \/> Brevet N\u00b0 08 51 179<\/td>\n<\/tr>\n<tr>\n<td>2006<\/td>\n<td>\n<p>Veas F, Miss\u00e9 D, Bray D, Clerici C.<\/p>\n<p>&nbsp;<\/p>\n<p>Titre: <strong>Methods and compositions for the treatment of viral diseases. PCT\/GB2006\/001881. Date de publication<\/strong>: 23.11.2006.<\/p>\n<\/td>\n<\/tr>\n<tr>\n<td>2005<\/td>\n<td>\n<p>Veas F, Miss\u00e9 D, Clerici C, Trabatoni D.<\/p>\n<p>&nbsp;<\/p>\n<p>Titre: Biomarkers of resistance to infections in humans and biological applications thereof. PCT\/EP2004\/013393. Date de publication : 19.05.2005.<\/p>\n<\/td>\n<\/tr>\n<tr>\n<td>2004<\/td>\n<td>Sereno D, Vergnes B &amp; Ouaissi A. <br \/> <strong>In vitro antileishmanial activity of nicotinamide<\/strong>. <br \/> Provisionnal US N\u00b0 60.558.802<\/td>\n<\/tr>\n<tr>\n<td>2004<\/td>\n<td>Hougard JM &amp; Pennetier C. <strong><br \/> Nouvelle composition insecticide et son utilisation, notamment pour l\u2019impr\u00e9gnation de moustiquaires<\/strong> <br \/> Brevet N\u00b0 04 03 082<\/td>\n<\/tr>\n<tr>\n<td>2003<\/td>\n<td>Lemesre JL, Cavaleyra M, Sereno D &amp; Holzmuller P. <strong><br \/> Nouveaux moyens pour la pr\u00e9vention des Leishmanioses<\/strong><br \/> Brevet N\u00b0 03 13 555<\/td>\n<\/tr>\n<tr>\n<td>2003<\/td>\n<td>Ouaissi A, Sereno D, Vergnes B &amp; Cordeiro Da Silva A. <strong><br \/> Souches de protozoaire de virulence att\u00e9nu\u00e9e et leur utilisation<\/strong> <br \/> Brevet N\u00b0 03 12 689<\/td>\n<\/tr>\n<tr>\n<td>1999<\/td>\n<td>\n<p>Miss\u00e9 D, Veas F, Jansen F.<\/p>\n<p>&nbsp;<\/p>\n<p>Titre: <strong>Retrovirus envelope glycoprotein mutants and biological applications<\/strong>. PCT\/FR1999\/000767. Date de publication : 07.10.1999.<\/p>\n<\/td>\n<\/tr>\n<\/tbody>\n<\/table>\n<p><a href=\"https:\/\/www.ird.fr\/les-partenariats\/valorisation-et-transfert-de-technologie\" target=\"_blank\" rel=\"noopener\"><span class=\"em2\">Click here for more information on these patents<\/span><\/a><\/p>\n<\/p><\/div>\n<p>[\/et_pb_text][\/et_pb_column][\/et_pb_row][\/et_pb_section]<\/p>\n","protected":false},"excerpt":{"rendered":"<p><span><span><a href=\"https:\/\/mivegec.fr\/en\">Accueil<\/a><\/span><\/span> 2014 Pierre Becquart &amp; Eric Leroy Titre: \u201cImmunogenic peptides of EBOLA and applications\u201d N\u00b0 d\u2019enregistrement: EP n\u00b014&nbsp;167 898.7 Date de d\u00e9p\u00f4t&nbsp;: le 12 mai 2014 2012 Darriet F, Corbel V, Chandre F &amp; Zumbo B Composition \u00e0 usage anti-moustique N\u00b0 de la demande de brevet fran\u00e7ais: 11\/53024 N\u00b0 de la demande internationale : PCT\/FR2012\/050752 [&hellip;]<\/p>\n","protected":false},"author":3,"featured_media":0,"parent":0,"menu_order":0,"comment_status":"closed","ping_status":"closed","template":"","meta":{"_acf_changed":false,"_et_pb_use_builder":"on","_et_pb_old_content":"","_et_gb_content_width":"","footnotes":""},"class_list":["post-5283","page","type-page","status-publish","hentry"],"acf":[],"yoast_head":"<!-- This site is optimized with the Yoast SEO plugin v26.8 - https:\/\/yoast.com\/product\/yoast-seo-wordpress\/ -->\n<title>Patents - MIVEGEC<\/title>\n<meta name=\"robots\" content=\"index, follow, max-snippet:-1, max-image-preview:large, max-video-preview:-1\" \/>\n<link rel=\"canonical\" href=\"https:\/\/mivegec.fr\/en\/patents\" \/>\n<meta property=\"og:locale\" content=\"en_US\" \/>\n<meta property=\"og:type\" content=\"article\" \/>\n<meta property=\"og:title\" content=\"Patents - MIVEGEC\" \/>\n<meta property=\"og:description\" content=\"2014 Pierre Becquart &amp; Eric Leroy Titre: \u201cImmunogenic peptides of EBOLA and applications\u201d N\u00b0 d\u2019enregistrement: EP n\u00b014&nbsp;167 898.7 Date de d\u00e9p\u00f4t&nbsp;: le 12 mai 2014 2012 Darriet F, Corbel V, Chandre F &amp; Zumbo B Composition \u00e0 usage anti-moustique N\u00b0 de la demande de brevet fran\u00e7ais: 11\/53024 N\u00b0 de la demande internationale : PCT\/FR2012\/050752 [&hellip;]\" \/>\n<meta property=\"og:url\" content=\"https:\/\/mivegec.fr\/en\/patents\" \/>\n<meta property=\"og:site_name\" content=\"MIVEGEC\" \/>\n<meta property=\"article:modified_time\" content=\"2022-02-01T13:24:58+00:00\" \/>\n<meta name=\"twitter:card\" content=\"summary_large_image\" \/>\n<meta name=\"twitter:label1\" content=\"Est. reading time\" \/>\n\t<meta name=\"twitter:data1\" content=\"7 minutes\" \/>\n<script type=\"application\/ld+json\" class=\"yoast-schema-graph\">{\"@context\":\"https:\/\/schema.org\",\"@graph\":[{\"@type\":\"WebPage\",\"@id\":\"https:\/\/mivegec.fr\/en\/patents\",\"url\":\"https:\/\/mivegec.fr\/en\/patents\",\"name\":\"Patents - MIVEGEC\",\"isPartOf\":{\"@id\":\"https:\/\/mivegec.fr\/en#website\"},\"datePublished\":\"2020-09-24T07:06:23+00:00\",\"dateModified\":\"2022-02-01T13:24:58+00:00\",\"breadcrumb\":{\"@id\":\"https:\/\/mivegec.fr\/en\/patents#breadcrumb\"},\"inLanguage\":\"en-US\",\"potentialAction\":[{\"@type\":\"ReadAction\",\"target\":[\"https:\/\/mivegec.fr\/en\/patents\"]}]},{\"@type\":\"BreadcrumbList\",\"@id\":\"https:\/\/mivegec.fr\/en\/patents#breadcrumb\",\"itemListElement\":[{\"@type\":\"ListItem\",\"position\":1,\"name\":\"Accueil\",\"item\":\"https:\/\/mivegec.fr\/en\"},{\"@type\":\"ListItem\",\"position\":2,\"name\":\"Patents\"}]},{\"@type\":\"WebSite\",\"@id\":\"https:\/\/mivegec.fr\/en#website\",\"url\":\"https:\/\/mivegec.fr\/en\",\"name\":\"MIVEGEC\",\"description\":\"Maladies infectieuses et Vecteurs : \u00c9cologie, G\u00e9n\u00e9tique, \u00c9volution et Contr\u00f4le\",\"publisher\":{\"@id\":\"https:\/\/mivegec.fr\/en#organization\"},\"potentialAction\":[{\"@type\":\"SearchAction\",\"target\":{\"@type\":\"EntryPoint\",\"urlTemplate\":\"https:\/\/mivegec.fr\/en?s={search_term_string}\"},\"query-input\":{\"@type\":\"PropertyValueSpecification\",\"valueRequired\":true,\"valueName\":\"search_term_string\"}}],\"inLanguage\":\"en-US\"},{\"@type\":\"Organization\",\"@id\":\"https:\/\/mivegec.fr\/en#organization\",\"name\":\"Mivegec\",\"url\":\"https:\/\/mivegec.fr\/en\",\"logo\":{\"@type\":\"ImageObject\",\"inLanguage\":\"en-US\",\"@id\":\"https:\/\/mivegec.fr\/en#\/schema\/logo\/image\/\",\"url\":\"https:\/\/mivegec.fr\/wp-content\/uploads\/2021\/03\/logo-mivegec@2x.png\",\"contentUrl\":\"https:\/\/mivegec.fr\/wp-content\/uploads\/2021\/03\/logo-mivegec@2x.png\",\"width\":616,\"height\":405,\"caption\":\"Mivegec\"},\"image\":{\"@id\":\"https:\/\/mivegec.fr\/en#\/schema\/logo\/image\/\"}}]}<\/script>\n<!-- \/ Yoast SEO plugin. -->","yoast_head_json":{"title":"Patents - MIVEGEC","robots":{"index":"index","follow":"follow","max-snippet":"max-snippet:-1","max-image-preview":"max-image-preview:large","max-video-preview":"max-video-preview:-1"},"canonical":"https:\/\/mivegec.fr\/en\/patents","og_locale":"en_US","og_type":"article","og_title":"Patents - MIVEGEC","og_description":"2014 Pierre Becquart &amp; Eric Leroy Titre: \u201cImmunogenic peptides of EBOLA and applications\u201d N\u00b0 d\u2019enregistrement: EP n\u00b014&nbsp;167 898.7 Date de d\u00e9p\u00f4t&nbsp;: le 12 mai 2014 2012 Darriet F, Corbel V, Chandre F &amp; Zumbo B Composition \u00e0 usage anti-moustique N\u00b0 de la demande de brevet fran\u00e7ais: 11\/53024 N\u00b0 de la demande internationale : PCT\/FR2012\/050752 [&hellip;]","og_url":"https:\/\/mivegec.fr\/en\/patents","og_site_name":"MIVEGEC","article_modified_time":"2022-02-01T13:24:58+00:00","twitter_card":"summary_large_image","twitter_misc":{"Est. reading time":"7 minutes"},"schema":{"@context":"https:\/\/schema.org","@graph":[{"@type":"WebPage","@id":"https:\/\/mivegec.fr\/en\/patents","url":"https:\/\/mivegec.fr\/en\/patents","name":"Patents - MIVEGEC","isPartOf":{"@id":"https:\/\/mivegec.fr\/en#website"},"datePublished":"2020-09-24T07:06:23+00:00","dateModified":"2022-02-01T13:24:58+00:00","breadcrumb":{"@id":"https:\/\/mivegec.fr\/en\/patents#breadcrumb"},"inLanguage":"en-US","potentialAction":[{"@type":"ReadAction","target":["https:\/\/mivegec.fr\/en\/patents"]}]},{"@type":"BreadcrumbList","@id":"https:\/\/mivegec.fr\/en\/patents#breadcrumb","itemListElement":[{"@type":"ListItem","position":1,"name":"Accueil","item":"https:\/\/mivegec.fr\/en"},{"@type":"ListItem","position":2,"name":"Patents"}]},{"@type":"WebSite","@id":"https:\/\/mivegec.fr\/en#website","url":"https:\/\/mivegec.fr\/en","name":"MIVEGEC","description":"Maladies infectieuses et Vecteurs : \u00c9cologie, G\u00e9n\u00e9tique, \u00c9volution et Contr\u00f4le","publisher":{"@id":"https:\/\/mivegec.fr\/en#organization"},"potentialAction":[{"@type":"SearchAction","target":{"@type":"EntryPoint","urlTemplate":"https:\/\/mivegec.fr\/en?s={search_term_string}"},"query-input":{"@type":"PropertyValueSpecification","valueRequired":true,"valueName":"search_term_string"}}],"inLanguage":"en-US"},{"@type":"Organization","@id":"https:\/\/mivegec.fr\/en#organization","name":"Mivegec","url":"https:\/\/mivegec.fr\/en","logo":{"@type":"ImageObject","inLanguage":"en-US","@id":"https:\/\/mivegec.fr\/en#\/schema\/logo\/image\/","url":"https:\/\/mivegec.fr\/wp-content\/uploads\/2021\/03\/logo-mivegec@2x.png","contentUrl":"https:\/\/mivegec.fr\/wp-content\/uploads\/2021\/03\/logo-mivegec@2x.png","width":616,"height":405,"caption":"Mivegec"},"image":{"@id":"https:\/\/mivegec.fr\/en#\/schema\/logo\/image\/"}}]}},"_links":{"self":[{"href":"https:\/\/mivegec.fr\/en\/wp-json\/wp\/v2\/pages\/5283","targetHints":{"allow":["GET"]}}],"collection":[{"href":"https:\/\/mivegec.fr\/en\/wp-json\/wp\/v2\/pages"}],"about":[{"href":"https:\/\/mivegec.fr\/en\/wp-json\/wp\/v2\/types\/page"}],"author":[{"embeddable":true,"href":"https:\/\/mivegec.fr\/en\/wp-json\/wp\/v2\/users\/3"}],"replies":[{"embeddable":true,"href":"https:\/\/mivegec.fr\/en\/wp-json\/wp\/v2\/comments?post=5283"}],"version-history":[{"count":3,"href":"https:\/\/mivegec.fr\/en\/wp-json\/wp\/v2\/pages\/5283\/revisions"}],"predecessor-version":[{"id":5286,"href":"https:\/\/mivegec.fr\/en\/wp-json\/wp\/v2\/pages\/5283\/revisions\/5286"}],"wp:attachment":[{"href":"https:\/\/mivegec.fr\/en\/wp-json\/wp\/v2\/media?parent=5283"}],"curies":[{"name":"wp","href":"https:\/\/api.w.org\/{rel}","templated":true}]}}