{"id":5278,"date":"2020-09-23T09:25:01","date_gmt":"2020-09-23T07:25:01","guid":{"rendered":"https:\/\/mivegec.fr\/ouvrages"},"modified":"2022-02-01T14:24:15","modified_gmt":"2022-02-01T13:24:15","slug":"books","status":"publish","type":"page","link":"https:\/\/mivegec.fr\/en\/books","title":{"rendered":"Books"},"content":{"rendered":"<p>[et_pb_section bb_built=&#8221;1&#8243; fullwidth=&#8221;on&#8221; specialty=&#8221;off&#8221; next_background_color=&#8221;#000000&#8243; inner_width=&#8221;auto&#8221; inner_max_width=&#8221;1080px&#8221; _builder_version=&#8221;4.6.0&#8243;][et_pb_fullwidth_post_title admin_label=&#8221;Titre&#8221; _builder_version=&#8221;4.6.0&#8243; text_color=&#8221;light&#8221; text_orientation=&#8221;center&#8221; text_shadow_horizontal_length=&#8221;text_shadow_style,%91object Object%93&#8243; text_shadow_horizontal_length_tablet=&#8221;0px&#8221; text_shadow_vertical_length=&#8221;text_shadow_style,%91object Object%93&#8243; text_shadow_vertical_length_tablet=&#8221;0px&#8221; text_shadow_blur_strength=&#8221;text_shadow_style,%91object Object%93&#8243; text_shadow_blur_strength_tablet=&#8221;1px&#8221; title_text_shadow_horizontal_length=&#8221;title_text_shadow_style,%91object Object%93&#8243; title_text_shadow_horizontal_length_tablet=&#8221;0px&#8221; title_text_shadow_vertical_length=&#8221;title_text_shadow_style,%91object Object%93&#8243; title_text_shadow_vertical_length_tablet=&#8221;0px&#8221; title_text_shadow_blur_strength=&#8221;title_text_shadow_style,%91object Object%93&#8243; title_text_shadow_blur_strength_tablet=&#8221;1px&#8221; meta_text_shadow_horizontal_length=&#8221;meta_text_shadow_style,%91object Object%93&#8243; meta_text_shadow_horizontal_length_tablet=&#8221;0px&#8221; meta_text_shadow_vertical_length=&#8221;meta_text_shadow_style,%91object Object%93&#8243; meta_text_shadow_vertical_length_tablet=&#8221;0px&#8221; meta_text_shadow_blur_strength=&#8221;meta_text_shadow_style,%91object Object%93&#8243; meta_text_shadow_blur_strength_tablet=&#8221;1px&#8221; box_shadow_horizontal_tablet=&#8221;0px&#8221; box_shadow_vertical_tablet=&#8221;0px&#8221; box_shadow_blur_tablet=&#8221;40px&#8221; box_shadow_spread_tablet=&#8221;0px&#8221; vertical_offset_tablet=&#8221;0&#8243; horizontal_offset_tablet=&#8221;0&#8243; z_index_tablet=&#8221;0&#8243; background_image=&#8221;https:\/\/mivegec.fr\/wp-content\/uploads\/2020\/09\/header-page-2.jpg&#8221; meta=&#8221;off&#8221; featured_image=&#8221;off&#8221; custom_padding=&#8221;||100px|&#8221; \/][et_pb_fullwidth_code admin_label=&#8221;Fil d&#8217;ariane&#8221; _builder_version=&#8221;4.6.0&#8243; box_shadow_horizontal_tablet=&#8221;0px&#8221; box_shadow_vertical_tablet=&#8221;0px&#8221; box_shadow_blur_tablet=&#8221;40px&#8221; box_shadow_spread_tablet=&#8221;0px&#8221; vertical_offset_tablet=&#8221;0&#8243; horizontal_offset_tablet=&#8221;0&#8243; text_orientation=&#8221;center&#8221; module_id=&#8221;breadcrumb&#8221; saved_tabs=&#8221;all&#8221; global_module=&#8221;1485&#8243;]<span><span><a href=\"https:\/\/mivegec.fr\/en\">Accueil<\/a><\/span><\/span>[\/et_pb_fullwidth_code][\/et_pb_section][et_pb_section bb_built=&#8221;1&#8243; fullwidth=&#8221;off&#8221; specialty=&#8221;off&#8221; prev_background_color=&#8221;#000000&#8243; inner_width=&#8221;auto&#8221; inner_max_width=&#8221;1080px&#8221; _builder_version=&#8221;4.6.0&#8243;][et_pb_row][et_pb_column type=&#8221;4_4&#8243; custom_padding__hover=&#8221;|||&#8221; custom_padding=&#8221;|||&#8221;][et_pb_text _builder_version=&#8221;4.14.4&#8243; text_text_shadow_horizontal_length=&#8221;text_text_shadow_style,%91object Object%93&#8243; text_text_shadow_horizontal_length_tablet=&#8221;0px&#8221; text_text_shadow_vertical_length=&#8221;text_text_shadow_style,%91object Object%93&#8243; text_text_shadow_vertical_length_tablet=&#8221;0px&#8221; text_text_shadow_blur_strength=&#8221;text_text_shadow_style,%91object Object%93&#8243; text_text_shadow_blur_strength_tablet=&#8221;1px&#8221; link_text_shadow_horizontal_length=&#8221;link_text_shadow_style,%91object Object%93&#8243; link_text_shadow_horizontal_length_tablet=&#8221;0px&#8221; link_text_shadow_vertical_length=&#8221;link_text_shadow_style,%91object Object%93&#8243; link_text_shadow_vertical_length_tablet=&#8221;0px&#8221; link_text_shadow_blur_strength=&#8221;link_text_shadow_style,%91object Object%93&#8243; link_text_shadow_blur_strength_tablet=&#8221;1px&#8221; ul_text_shadow_horizontal_length=&#8221;ul_text_shadow_style,%91object Object%93&#8243; ul_text_shadow_horizontal_length_tablet=&#8221;0px&#8221; ul_text_shadow_vertical_length=&#8221;ul_text_shadow_style,%91object Object%93&#8243; ul_text_shadow_vertical_length_tablet=&#8221;0px&#8221; ul_text_shadow_blur_strength=&#8221;ul_text_shadow_style,%91object Object%93&#8243; ul_text_shadow_blur_strength_tablet=&#8221;1px&#8221; ol_text_shadow_horizontal_length=&#8221;ol_text_shadow_style,%91object Object%93&#8243; ol_text_shadow_horizontal_length_tablet=&#8221;0px&#8221; ol_text_shadow_vertical_length=&#8221;ol_text_shadow_style,%91object Object%93&#8243; ol_text_shadow_vertical_length_tablet=&#8221;0px&#8221; ol_text_shadow_blur_strength=&#8221;ol_text_shadow_style,%91object Object%93&#8243; ol_text_shadow_blur_strength_tablet=&#8221;1px&#8221; quote_text_shadow_horizontal_length=&#8221;quote_text_shadow_style,%91object Object%93&#8243; quote_text_shadow_horizontal_length_tablet=&#8221;0px&#8221; quote_text_shadow_vertical_length=&#8221;quote_text_shadow_style,%91object Object%93&#8243; quote_text_shadow_vertical_length_tablet=&#8221;0px&#8221; quote_text_shadow_blur_strength=&#8221;quote_text_shadow_style,%91object Object%93&#8243; quote_text_shadow_blur_strength_tablet=&#8221;1px&#8221; header_text_shadow_horizontal_length=&#8221;header_text_shadow_style,%91object Object%93&#8243; header_text_shadow_horizontal_length_tablet=&#8221;0px&#8221; header_text_shadow_vertical_length=&#8221;header_text_shadow_style,%91object Object%93&#8243; header_text_shadow_vertical_length_tablet=&#8221;0px&#8221; header_text_shadow_blur_strength=&#8221;header_text_shadow_style,%91object Object%93&#8243; header_text_shadow_blur_strength_tablet=&#8221;1px&#8221; header_2_text_shadow_horizontal_length=&#8221;header_2_text_shadow_style,%91object Object%93&#8243; header_2_text_shadow_horizontal_length_tablet=&#8221;0px&#8221; header_2_text_shadow_vertical_length=&#8221;header_2_text_shadow_style,%91object Object%93&#8243; header_2_text_shadow_vertical_length_tablet=&#8221;0px&#8221; header_2_text_shadow_blur_strength=&#8221;header_2_text_shadow_style,%91object Object%93&#8243; header_2_text_shadow_blur_strength_tablet=&#8221;1px&#8221; header_3_text_shadow_horizontal_length=&#8221;header_3_text_shadow_style,%91object Object%93&#8243; header_3_text_shadow_horizontal_length_tablet=&#8221;0px&#8221; header_3_text_shadow_vertical_length=&#8221;header_3_text_shadow_style,%91object Object%93&#8243; header_3_text_shadow_vertical_length_tablet=&#8221;0px&#8221; header_3_text_shadow_blur_strength=&#8221;header_3_text_shadow_style,%91object Object%93&#8243; header_3_text_shadow_blur_strength_tablet=&#8221;1px&#8221; header_4_text_shadow_horizontal_length=&#8221;header_4_text_shadow_style,%91object Object%93&#8243; header_4_text_shadow_horizontal_length_tablet=&#8221;0px&#8221; header_4_text_shadow_vertical_length=&#8221;header_4_text_shadow_style,%91object Object%93&#8243; header_4_text_shadow_vertical_length_tablet=&#8221;0px&#8221; header_4_text_shadow_blur_strength=&#8221;header_4_text_shadow_style,%91object Object%93&#8243; header_4_text_shadow_blur_strength_tablet=&#8221;1px&#8221; header_5_text_shadow_horizontal_length=&#8221;header_5_text_shadow_style,%91object Object%93&#8243; header_5_text_shadow_horizontal_length_tablet=&#8221;0px&#8221; header_5_text_shadow_vertical_length=&#8221;header_5_text_shadow_style,%91object Object%93&#8243; header_5_text_shadow_vertical_length_tablet=&#8221;0px&#8221; header_5_text_shadow_blur_strength=&#8221;header_5_text_shadow_style,%91object Object%93&#8243; header_5_text_shadow_blur_strength_tablet=&#8221;1px&#8221; header_6_text_shadow_horizontal_length=&#8221;header_6_text_shadow_style,%91object Object%93&#8243; header_6_text_shadow_horizontal_length_tablet=&#8221;0px&#8221; header_6_text_shadow_vertical_length=&#8221;header_6_text_shadow_style,%91object Object%93&#8243; header_6_text_shadow_vertical_length_tablet=&#8221;0px&#8221; header_6_text_shadow_blur_strength=&#8221;header_6_text_shadow_style,%91object Object%93&#8243; header_6_text_shadow_blur_strength_tablet=&#8221;1px&#8221; box_shadow_horizontal_tablet=&#8221;0px&#8221; box_shadow_vertical_tablet=&#8221;0px&#8221; box_shadow_blur_tablet=&#8221;40px&#8221; box_shadow_spread_tablet=&#8221;0px&#8221; vertical_offset_tablet=&#8221;0&#8243; horizontal_offset_tablet=&#8221;0&#8243; z_index_tablet=&#8221;0&#8243; module_alignment=&#8221;center&#8221;]<\/p>\n<h2>Works written or published by MiVEGEC members since 2005<\/h2>\n<p><strong>Teaching Medicine in Montpellier : a 900-year-long story <\/strong><br \/>Dedet JP<br \/>Editions Sauramps-M\u00e9dical pp. pp 184 (2020) <\/p>\n<p><strong> Ecology and Evolution of Infectious Disease: Pathogen Control and Public Health Management in Low-Income Countries <\/strong><br \/>Roche B, Broutin H &amp; Simard F (Eds.)<br \/>Oxford University Press, New York pp. 322 <a href=\"https:\/\/dx.doi.org\/10.1093\/oso\/9780198789833.001.0001\" target=\"_blank\" rel=\"noopener noreferrer\"><small> doi <\/small><\/a> (2018) <\/p>\n<p><img decoding=\"async\" src=\"\/images\/stories\/images_ouvrages\/alerte.jpg\" alt=\"\"><strong>Alerte aux moustiques ? <\/strong><br \/>Simard F, Farraudi\u00e8re L &amp; Y\u00e9bakima A<br \/><a href=\"https:\/\/www.editions.ird.fr\/produit\/436\/9791093143071\/Alerte%20aux%20moustiques%20\" target=\"_blank\" rel=\"noopener noreferrer\"> IRD \u00c9ditions\/Scitep-\u00e9ditions <\/a> pp. 80 (2017) <\/p>\n<p><strong> American Trypanosomiasis Chagas Disease: One Hundred Years of Research (2nd Edition)<\/strong> <br \/>Telleria J &amp; Tibayrenc M (Eds.)<br \/><a href=\"https:\/\/dx.doi.org\/10.1016\/b978-0-12-801029-7.00021-6\" target=\"_blank\" rel=\"noopener noreferrer\"><small> doi <\/small><\/a> pp. 796 (2017) <\/p>\n<p><img decoding=\"async\" src=\"\/images\/stories\/images_ouvrages\/sante.jpeg\" alt=\"\"><strong>\u00c9cologie de la sant\u00e9 : pour une nouvelle lecture de nos maux <\/strong><br \/>Blanc S, Bo\u00ebtsch G, Hossaert-McKey M &amp; Renaud F (Eds.)<br \/>le cherche midi, en partenariat avec le CNRS pp. 192 (2017) <\/p>\n<p><img decoding=\"async\" src=\"\/images\/stories\/images_ouvrages\/duvallet.jpg\" alt=\"\"><strong>Entomologie m\u00e9dicale et v\u00e9t\u00e9rinaire <\/strong><br \/>Duvallet G, Fontenille D &amp; Robert V<br \/><a href=\"https:\/\/www.editions.ird.fr\/produit\/452\/9782709923767\/Entomologie%20medicale%20et%20veterinaire\" target=\"_blank\" rel=\"noopener noreferrer\">IRD \u00c9ditions\/Quae<\/a> (2017) <\/p>\n<p><strong> Genetics and Evolution of Infectious Diseases (2nd Ed.) <\/strong><br \/>Tibayrenc M (Ed.)<br \/>Elsevier Inc. pp. 667 (2017) <\/p>\n<p><img decoding=\"async\" src=\"\/images\/stories\/images_ouvrages\/tibayrenc.jpg\" alt=\"\"><br \/><strong> On Human Nature. Biology, Psychology, Ethics, Politics and Religion (1st Edition) <\/strong><br \/>Tibayrenc M &amp; Ayala FJ (Eds.)<br \/><a href=\"https:\/\/store.elsevier.com\/product.jsp?isbn=9780124201903&amp;pagename=search\" target=\"_blank\" rel=\"noopener noreferrer\">Elsevier Inc.<\/a> pp. pp. 814 (2017) <\/p>\n<p><img decoding=\"async\" src=\"\/images\/stories\/images_ouvrages\/dedet2.png\" alt=\"\"><br \/><strong> Abr\u00e9g\u00e9 illustr\u00e9 d&#8217;Histoire de la M\u00e9decine <\/strong><br \/>Dedet JP<br \/><a href=\"https:\/\/www.editions-docis.com\/wpFichiers\/1\/1\/Ressources\/File\/2016\/PUB_DEDET.pdf\" target=\"_blank\" rel=\"noopener noreferrer\">\u00c9ditions DOC<em>IS<\/em> <\/a> pp. 128 pp (2016) <\/p>\n<p><strong> Biologie Evolutive (2nde Edition) <\/strong><br \/>Thomas F, Lef\u00e8vre T, Raymond M (Eds)<br \/>De Boeck. pp. 970 (2016) <\/p>\n<p><img decoding=\"async\" src=\"\/images\/stories\/images_ouvrages\/alizon.jpeg\" alt=\"\"><br \/><strong> C&#8217;est grave Dr Darwin ? <\/strong><br \/>Alizon S<br \/><a href=\"https:\/\/www.seuil.com\/livre-9782021102925.htm\" target=\"_blank\" rel=\"noopener noreferrer\"> Seuil <\/a> pp. 240 (2016) <\/p>\n<p><img decoding=\"async\" src=\"\/images\/stories\/images_ouvrages\/mccoy.png\" alt=\"\"><br \/><strong> Tiques et maladies \u00e0 tiques : Biologie, \u00e9cologie \u00e9volutive, \u00e9pid\u00e9miologie <\/strong><br \/>McCoy KD &amp; Boulanger N<br \/><a href=\"https:\/\/www.editions.ird.fr\/produit\/349\/9782709921008\/Tiques%20et%20maladies%20a%20tiques\" target=\"_blank\" rel=\"noopener noreferrer\"> IRD \u00c9ditions <\/a> pp. pp. 336 (2016) <\/p>\n<p><img decoding=\"async\" src=\"\/images\/stories\/images_ouvrages\/egrot.jpg\" alt=\"\"><br \/><strong> Anthropologie du m\u00e9dicament au Sud : la pharmaceuticalisation \u00e0 ses marges <\/strong><br \/>Desclaux A &amp; Egrot M<br \/><a href=\"https:\/\/www.editions.ird.fr\/produit\/328\/9782343052533\" target=\"_blank\" rel=\"noopener noreferrer\">IRD Editions<\/a> \/ <a href=\"https:\/\/www.editions-harmattan.fr\/index.asp?navig=catalogue&amp;obj=livre&amp;no=45639\" target=\"_blank\" rel=\"noopener noreferrer\">L&#8217;Harmattan<\/a> pp. 282 (2015) <\/p>\n<p><strong> Les maladies infectieuses <\/strong><br \/>Vittecoq M, Roche B, Prugnolle F, Renaud F &amp; Thomas F<br \/>de Boeck Solal, Paris (2015) <\/p>\n<p><img decoding=\"async\" src=\"\/images\/stories\/images_ouvrages\/darriet.jpg\" alt=\"\"><br \/><strong> Des moustiques et des hommes. Chronique d\u2019une pullulation annonc\u00e9e <\/strong><br \/>Darriet F<br \/>IRD \u00c9ditions, Montpellier (2014) <\/p>\n<p><img decoding=\"async\" src=\"\/images\/stories\/images_ouvrages\/dedet.png\" alt=\"\"><br \/><strong> Edmond et Etienne Sergent et l&#8217;\u00e9pop\u00e9e de l&#8217;Institut Pasteur d&#8217;Alg\u00e9rie, une double biographie <\/strong><br \/>Dedet JP<br \/>Editions Domens pp. 372 (2013) <\/p>\n<p><img decoding=\"async\" src=\"\/images\/stories\/images_ouvrages\/ecologie.jpg\" alt=\"\"><br \/><strong> \u00c9cologie et \u00e9volution des syst\u00e8mes parasit\u00e9s <\/strong><br \/>Thomas F, Gu\u00e9gan JF &amp; Renaud F (Eds.)<br \/>(2e \u00e9dition) De Boeck Universit\u00e9, Bruxelles, Belgium (2012) <\/p>\n<p><img decoding=\"async\" src=\"\/images\/stories\/images_ouvrages\/hostmanip.jpg\" alt=\"\"><br \/><strong> Host manipulation by parasites <\/strong><br \/>Hughes DP, Brodeur J &amp; Thomas F (Eds.)<br \/>Oxford University Press (2012) <\/p>\n<p><img decoding=\"async\" src=\"\/images\/stories\/images_ouvrages\/corbel.jpg\" alt=\"\"><br \/><strong> Interactions entre insecticides chez les moustiques vecteurs <\/strong><br \/>Vincent Corbel<br \/>Editions Universitaires Europ\u00e9ennes pp. 192 (2011) <\/p>\n<p><strong> American Trypanosomiasis. Chagas disease one hundred years of research <\/strong><br \/>Telleria J &amp; Tibayrenc M (Eds.)<br \/><a href=\"https:\/\/store.elsevier.com\/American-Trypanosomiasis\/isbn-9780123848772\/\" target=\"_blank\" rel=\"noopener noreferrer\">Elsevier Inc.<\/a> pp. 848 (2010) <\/p>\n<p><strong> Genetics and evolution of infectious diseases <\/strong><br \/>Tibayrenc M (Ed.)<br \/><a href=\"https:\/\/store.elsevier.com\/product.jsp?isbn=9780123848901&amp;pagename=search\" target=\"_blank\" rel=\"noopener noreferrer\">Elsevier Inc.<\/a> pp. 772 (2010) <\/p>\n<p><strong> Ecology and evolution of parasitism <\/strong><br \/>Thomas F, Gu\u00e9gan JF &amp; Renaud F (Eds.)<br \/>Oxford University Press pp. 240 (2009) <\/p>\n<p><strong> \u00c9cologie et \u00e9volution des syst\u00e8mes parasit\u00e9s <\/strong><br \/>Thomas F, Renaud F &amp; Gu\u00e9gan JF (Eds.)<br \/>De Boeck Universit\u00e9, Bruxelles, Belgium pp. 427 (2007) <\/p>\n<p><strong> Encyclopedia of infectious diseases: Modern methodologies <\/strong><br \/>Tibayrenc M (Ed.)<br \/>John Wiley &amp; Sons, Inc. pp. 800 (2007) <\/p>\n<p><strong> Parasitism and ecosystems <\/strong><br \/>Thomas F, Renaud F &amp; Gu\u00e9gan JF (Eds.)<br \/>Oxford University Press. Oxford, UK pp. 232 (2005) <\/p>\n<p>[\/et_pb_text][\/et_pb_column][\/et_pb_row][\/et_pb_section]<\/p>\n","protected":false},"excerpt":{"rendered":"<p><span><span><a href=\"https:\/\/mivegec.fr\/en\">Accueil<\/a><\/span><\/span><div class=\"et_pb_row et_pb_row_0 et_pb_row_empty\">\n\t\t\t\t\n\t\t\t\t\n\t\t\t\t\n\t\t\t\t\n\t\t\t\t\n\t\t\t<\/div> Works written or published by MiVEGEC members since 2005 Teaching Medicine in Montpellier : a 900-year-long story Dedet JPEditions Sauramps-M\u00e9dical pp. pp 184 (2020) Ecology and Evolution of Infectious Disease: Pathogen Control and Public Health Management in Low-Income Countries Roche B, Broutin H &amp; Simard F (Eds.)Oxford University Press, New York pp. 322 doi [&hellip;]<\/p>\n","protected":false},"author":3,"featured_media":0,"parent":0,"menu_order":0,"comment_status":"closed","ping_status":"closed","template":"","meta":{"_acf_changed":false,"_et_pb_use_builder":"on","_et_pb_old_content":"","_et_gb_content_width":"","footnotes":""},"class_list":["post-5278","page","type-page","status-publish","hentry"],"acf":[],"yoast_head":"<!-- This site is optimized with the Yoast SEO plugin v26.8 - https:\/\/yoast.com\/product\/yoast-seo-wordpress\/ -->\n<title>Books - MIVEGEC<\/title>\n<meta name=\"robots\" content=\"index, follow, max-snippet:-1, max-image-preview:large, max-video-preview:-1\" \/>\n<link rel=\"canonical\" href=\"https:\/\/mivegec.fr\/en\/books\" \/>\n<meta property=\"og:locale\" content=\"en_US\" \/>\n<meta property=\"og:type\" content=\"article\" \/>\n<meta property=\"og:title\" content=\"Books - MIVEGEC\" \/>\n<meta property=\"og:description\" content=\"Works written or published by MiVEGEC members since 2005 Teaching Medicine in Montpellier : a 900-year-long story Dedet JPEditions Sauramps-M\u00e9dical pp. pp 184 (2020) Ecology and Evolution of Infectious Disease: Pathogen Control and Public Health Management in Low-Income Countries Roche B, Broutin H &amp; Simard F (Eds.)Oxford University Press, New York pp. 322 doi [&hellip;]\" \/>\n<meta property=\"og:url\" content=\"https:\/\/mivegec.fr\/en\/books\" \/>\n<meta property=\"og:site_name\" content=\"MIVEGEC\" \/>\n<meta property=\"article:modified_time\" content=\"2022-02-01T13:24:15+00:00\" \/>\n<meta property=\"og:image\" content=\"https:\/\/mivegec.fr\/images\/stories\/images_ouvrages\/alerte.jpg\" \/>\n<meta name=\"twitter:card\" content=\"summary_large_image\" \/>\n<meta name=\"twitter:label1\" content=\"Est. reading time\" \/>\n\t<meta name=\"twitter:data1\" content=\"7 minutes\" \/>\n<script type=\"application\/ld+json\" class=\"yoast-schema-graph\">{\"@context\":\"https:\/\/schema.org\",\"@graph\":[{\"@type\":\"WebPage\",\"@id\":\"https:\/\/mivegec.fr\/en\/books\",\"url\":\"https:\/\/mivegec.fr\/en\/books\",\"name\":\"Books - MIVEGEC\",\"isPartOf\":{\"@id\":\"https:\/\/mivegec.fr\/en#website\"},\"datePublished\":\"2020-09-23T07:25:01+00:00\",\"dateModified\":\"2022-02-01T13:24:15+00:00\",\"breadcrumb\":{\"@id\":\"https:\/\/mivegec.fr\/en\/books#breadcrumb\"},\"inLanguage\":\"en-US\",\"potentialAction\":[{\"@type\":\"ReadAction\",\"target\":[\"https:\/\/mivegec.fr\/en\/books\"]}]},{\"@type\":\"BreadcrumbList\",\"@id\":\"https:\/\/mivegec.fr\/en\/books#breadcrumb\",\"itemListElement\":[{\"@type\":\"ListItem\",\"position\":1,\"name\":\"Accueil\",\"item\":\"https:\/\/mivegec.fr\/en\"},{\"@type\":\"ListItem\",\"position\":2,\"name\":\"Books\"}]},{\"@type\":\"WebSite\",\"@id\":\"https:\/\/mivegec.fr\/en#website\",\"url\":\"https:\/\/mivegec.fr\/en\",\"name\":\"MIVEGEC\",\"description\":\"Maladies infectieuses et Vecteurs : \u00c9cologie, G\u00e9n\u00e9tique, \u00c9volution et Contr\u00f4le\",\"publisher\":{\"@id\":\"https:\/\/mivegec.fr\/en#organization\"},\"potentialAction\":[{\"@type\":\"SearchAction\",\"target\":{\"@type\":\"EntryPoint\",\"urlTemplate\":\"https:\/\/mivegec.fr\/en?s={search_term_string}\"},\"query-input\":{\"@type\":\"PropertyValueSpecification\",\"valueRequired\":true,\"valueName\":\"search_term_string\"}}],\"inLanguage\":\"en-US\"},{\"@type\":\"Organization\",\"@id\":\"https:\/\/mivegec.fr\/en#organization\",\"name\":\"Mivegec\",\"url\":\"https:\/\/mivegec.fr\/en\",\"logo\":{\"@type\":\"ImageObject\",\"inLanguage\":\"en-US\",\"@id\":\"https:\/\/mivegec.fr\/en#\/schema\/logo\/image\/\",\"url\":\"https:\/\/mivegec.fr\/wp-content\/uploads\/2021\/03\/logo-mivegec@2x.png\",\"contentUrl\":\"https:\/\/mivegec.fr\/wp-content\/uploads\/2021\/03\/logo-mivegec@2x.png\",\"width\":616,\"height\":405,\"caption\":\"Mivegec\"},\"image\":{\"@id\":\"https:\/\/mivegec.fr\/en#\/schema\/logo\/image\/\"}}]}<\/script>\n<!-- \/ Yoast SEO plugin. -->","yoast_head_json":{"title":"Books - MIVEGEC","robots":{"index":"index","follow":"follow","max-snippet":"max-snippet:-1","max-image-preview":"max-image-preview:large","max-video-preview":"max-video-preview:-1"},"canonical":"https:\/\/mivegec.fr\/en\/books","og_locale":"en_US","og_type":"article","og_title":"Books - MIVEGEC","og_description":"Works written or published by MiVEGEC members since 2005 Teaching Medicine in Montpellier : a 900-year-long story Dedet JPEditions Sauramps-M\u00e9dical pp. pp 184 (2020) Ecology and Evolution of Infectious Disease: Pathogen Control and Public Health Management in Low-Income Countries Roche B, Broutin H &amp; Simard F (Eds.)Oxford University Press, New York pp. 322 doi [&hellip;]","og_url":"https:\/\/mivegec.fr\/en\/books","og_site_name":"MIVEGEC","article_modified_time":"2022-02-01T13:24:15+00:00","og_image":[{"url":"https:\/\/mivegec.fr\/images\/stories\/images_ouvrages\/alerte.jpg","type":"","width":"","height":""}],"twitter_card":"summary_large_image","twitter_misc":{"Est. reading time":"7 minutes"},"schema":{"@context":"https:\/\/schema.org","@graph":[{"@type":"WebPage","@id":"https:\/\/mivegec.fr\/en\/books","url":"https:\/\/mivegec.fr\/en\/books","name":"Books - MIVEGEC","isPartOf":{"@id":"https:\/\/mivegec.fr\/en#website"},"datePublished":"2020-09-23T07:25:01+00:00","dateModified":"2022-02-01T13:24:15+00:00","breadcrumb":{"@id":"https:\/\/mivegec.fr\/en\/books#breadcrumb"},"inLanguage":"en-US","potentialAction":[{"@type":"ReadAction","target":["https:\/\/mivegec.fr\/en\/books"]}]},{"@type":"BreadcrumbList","@id":"https:\/\/mivegec.fr\/en\/books#breadcrumb","itemListElement":[{"@type":"ListItem","position":1,"name":"Accueil","item":"https:\/\/mivegec.fr\/en"},{"@type":"ListItem","position":2,"name":"Books"}]},{"@type":"WebSite","@id":"https:\/\/mivegec.fr\/en#website","url":"https:\/\/mivegec.fr\/en","name":"MIVEGEC","description":"Maladies infectieuses et Vecteurs : \u00c9cologie, G\u00e9n\u00e9tique, \u00c9volution et Contr\u00f4le","publisher":{"@id":"https:\/\/mivegec.fr\/en#organization"},"potentialAction":[{"@type":"SearchAction","target":{"@type":"EntryPoint","urlTemplate":"https:\/\/mivegec.fr\/en?s={search_term_string}"},"query-input":{"@type":"PropertyValueSpecification","valueRequired":true,"valueName":"search_term_string"}}],"inLanguage":"en-US"},{"@type":"Organization","@id":"https:\/\/mivegec.fr\/en#organization","name":"Mivegec","url":"https:\/\/mivegec.fr\/en","logo":{"@type":"ImageObject","inLanguage":"en-US","@id":"https:\/\/mivegec.fr\/en#\/schema\/logo\/image\/","url":"https:\/\/mivegec.fr\/wp-content\/uploads\/2021\/03\/logo-mivegec@2x.png","contentUrl":"https:\/\/mivegec.fr\/wp-content\/uploads\/2021\/03\/logo-mivegec@2x.png","width":616,"height":405,"caption":"Mivegec"},"image":{"@id":"https:\/\/mivegec.fr\/en#\/schema\/logo\/image\/"}}]}},"_links":{"self":[{"href":"https:\/\/mivegec.fr\/en\/wp-json\/wp\/v2\/pages\/5278","targetHints":{"allow":["GET"]}}],"collection":[{"href":"https:\/\/mivegec.fr\/en\/wp-json\/wp\/v2\/pages"}],"about":[{"href":"https:\/\/mivegec.fr\/en\/wp-json\/wp\/v2\/types\/page"}],"author":[{"embeddable":true,"href":"https:\/\/mivegec.fr\/en\/wp-json\/wp\/v2\/users\/3"}],"replies":[{"embeddable":true,"href":"https:\/\/mivegec.fr\/en\/wp-json\/wp\/v2\/comments?post=5278"}],"version-history":[{"count":3,"href":"https:\/\/mivegec.fr\/en\/wp-json\/wp\/v2\/pages\/5278\/revisions"}],"predecessor-version":[{"id":5281,"href":"https:\/\/mivegec.fr\/en\/wp-json\/wp\/v2\/pages\/5278\/revisions\/5281"}],"wp:attachment":[{"href":"https:\/\/mivegec.fr\/en\/wp-json\/wp\/v2\/media?parent=5278"}],"curies":[{"name":"wp","href":"https:\/\/api.w.org\/{rel}","templated":true}]}}