{"id":5264,"date":"2020-09-24T09:29:05","date_gmt":"2020-09-24T07:29:05","guid":{"rendered":"https:\/\/mivegec.fr\/contact-et-acces"},"modified":"2022-05-23T18:01:52","modified_gmt":"2022-05-23T16:01:52","slug":"contact","status":"publish","type":"page","link":"https:\/\/mivegec.fr\/en\/contact","title":{"rendered":"Contact"},"content":{"rendered":"<p>[et_pb_section fb_built=&#8221;1&#8243; fullwidth=&#8221;on&#8221; _builder_version=&#8221;4.16&#8243; global_colors_info=&#8221;{}&#8221;][et_pb_fullwidth_post_title meta=&#8221;off&#8221; featured_image=&#8221;off&#8221; text_color=&#8221;light&#8221; admin_label=&#8221;Titre&#8221; _builder_version=&#8221;4.16&#8243; background_color=&#8221;#10465c&#8221; vertical_offset_tablet=&#8221;0&#8243; horizontal_offset_tablet=&#8221;0&#8243; text_orientation=&#8221;center&#8221; custom_padding=&#8221;||100px|&#8221; z_index_tablet=&#8221;0&#8243; title_text_shadow_horizontal_length_tablet=&#8221;0px&#8221; title_text_shadow_vertical_length_tablet=&#8221;0px&#8221; title_text_shadow_blur_strength_tablet=&#8221;1px&#8221; meta_text_shadow_horizontal_length_tablet=&#8221;0px&#8221; meta_text_shadow_vertical_length_tablet=&#8221;0px&#8221; meta_text_shadow_blur_strength_tablet=&#8221;1px&#8221; box_shadow_horizontal_tablet=&#8221;0px&#8221; box_shadow_vertical_tablet=&#8221;0px&#8221; box_shadow_blur_tablet=&#8221;40px&#8221; box_shadow_spread_tablet=&#8221;0px&#8221; text_shadow_horizontal_length_tablet=&#8221;0px&#8221; text_shadow_vertical_length_tablet=&#8221;0px&#8221; text_shadow_blur_strength_tablet=&#8221;1px&#8221; global_colors_info=&#8221;{}&#8221;][\/et_pb_fullwidth_post_title][\/et_pb_section][et_pb_section fb_built=&#8221;1&#8243; _builder_version=&#8221;4.16&#8243; global_colors_info=&#8221;{}&#8221;][et_pb_row _builder_version=&#8221;4.16&#8243; background_size=&#8221;initial&#8221; background_position=&#8221;top_left&#8221; background_repeat=&#8221;repeat&#8221; global_colors_info=&#8221;{}&#8221;][et_pb_column type=&#8221;4_4&#8243; _builder_version=&#8221;4.16&#8243; custom_padding=&#8221;|||&#8221; global_colors_info=&#8221;{}&#8221; custom_padding__hover=&#8221;|||&#8221;][et_pb_text _builder_version=&#8221;4.16&#8243; vertical_offset_tablet=&#8221;0&#8243; horizontal_offset_tablet=&#8221;0&#8243; z_index_tablet=&#8221;0&#8243; text_text_shadow_horizontal_length_tablet=&#8221;0px&#8221; text_text_shadow_vertical_length_tablet=&#8221;0px&#8221; text_text_shadow_blur_strength_tablet=&#8221;1px&#8221; link_text_shadow_horizontal_length_tablet=&#8221;0px&#8221; link_text_shadow_vertical_length_tablet=&#8221;0px&#8221; link_text_shadow_blur_strength_tablet=&#8221;1px&#8221; ul_text_shadow_horizontal_length_tablet=&#8221;0px&#8221; ul_text_shadow_vertical_length_tablet=&#8221;0px&#8221; ul_text_shadow_blur_strength_tablet=&#8221;1px&#8221; ol_text_shadow_horizontal_length_tablet=&#8221;0px&#8221; ol_text_shadow_vertical_length_tablet=&#8221;0px&#8221; ol_text_shadow_blur_strength_tablet=&#8221;1px&#8221; quote_text_shadow_horizontal_length_tablet=&#8221;0px&#8221; quote_text_shadow_vertical_length_tablet=&#8221;0px&#8221; quote_text_shadow_blur_strength_tablet=&#8221;1px&#8221; header_text_shadow_horizontal_length_tablet=&#8221;0px&#8221; header_text_shadow_vertical_length_tablet=&#8221;0px&#8221; header_text_shadow_blur_strength_tablet=&#8221;1px&#8221; header_2_text_shadow_horizontal_length_tablet=&#8221;0px&#8221; header_2_text_shadow_vertical_length_tablet=&#8221;0px&#8221; header_2_text_shadow_blur_strength_tablet=&#8221;1px&#8221; header_3_text_shadow_horizontal_length_tablet=&#8221;0px&#8221; header_3_text_shadow_vertical_length_tablet=&#8221;0px&#8221; header_3_text_shadow_blur_strength_tablet=&#8221;1px&#8221; header_4_text_shadow_horizontal_length_tablet=&#8221;0px&#8221; header_4_text_shadow_vertical_length_tablet=&#8221;0px&#8221; header_4_text_shadow_blur_strength_tablet=&#8221;1px&#8221; header_5_text_shadow_horizontal_length_tablet=&#8221;0px&#8221; header_5_text_shadow_vertical_length_tablet=&#8221;0px&#8221; header_5_text_shadow_blur_strength_tablet=&#8221;1px&#8221; header_6_text_shadow_horizontal_length_tablet=&#8221;0px&#8221; header_6_text_shadow_vertical_length_tablet=&#8221;0px&#8221; header_6_text_shadow_blur_strength_tablet=&#8221;1px&#8221; box_shadow_horizontal_tablet=&#8221;0px&#8221; box_shadow_vertical_tablet=&#8221;0px&#8221; box_shadow_blur_tablet=&#8221;40px&#8221; box_shadow_spread_tablet=&#8221;0px&#8221; global_colors_info=&#8221;{}&#8221;]<\/p>\n<h2>IRD LAVALETTE CAMPUS<\/h2>\n<p>911 avenue Agropolis<br \/>BP64501<br \/>34394 Montpellier Cedex 05<br \/>Front desk: 04 67 41 61 00<\/p>\n<h2>Tram &amp; Bus<\/h2>\n<ul>\n<li>Take tram line 1 to \u201cUniversities Sciences and Letters\u201d station, then the \u201cLa Navette\u201d bus to \u201cCampus Agropolis\u201d<\/li>\n<li>Departures: every 6 minutes (every 30 minutes during school holidays).<\/li>\n<li>Timetables: visit the<a href=\"https:\/\/www.tam-voyages.com\/index.asp\" target=\"_blank\" rel=\"noopener noreferrer\">TAM website<\/a>(Transports de l&#8217;Agglom\u00e9ration de Montpellier).<\/li>\n<li>TAM information service: +33 (0)4 67 22 87 87<\/li>\n<\/ul>\n<h2>Train<\/h2>\n<p><strong>From Saint-Roch SNCF station:<\/strong> Take tram line 1 toward Mosson to \u201cUniversities Sciences and Letters\u201d station, then the \u201cLa Navette\u201d bus. Visit<a href=\"https:\/\/www.tam-voyages.com\/index.asp\" target=\"_blank\" rel=\"noopener noreferrer\">the TAM (Transports de l&#8217;Agglom\u00e9ration de Montpellier) website<\/a><\/p>\n<ul>\n<li>Montpellier train station: +33 (0)4 99 74 15<\/li>\n<li>Timetables: visit the<a href=\"https:\/\/www.ter-sncf.com\/Regions\/Languedoc_Roussillon\/fr\/Default.aspx\" target=\"_blank\" rel=\"noopener noreferrer\">TER Languedoc-Roussillon website<\/a> and the <a href=\"https:\/\/www.voyages-sncf.com\/\" target=\"_blank\" rel=\"noopener noreferrer\">SNCF website<\/a><a>.<\/a><\/li>\n<\/ul>\n<h2>Airport<\/h2>\n<p><strong>From Montpellier airport:<\/strong> Take a taxi or <a href=\"https:\/\/www.montpellier.aeroport.fr\/fr\/acces-a-l-aeroport\/en-transports-publics\" target=\"_blank\" rel=\"noopener noreferrer\">shuttle<\/a> to Place d&#8217;Europe, then tram line 1 toward Mosson to \u201cUniversities Sciences and Letters\u201d station, then the \u201cLa Navette\u201d bus.<\/p>\n<ul>\n<li><a href=\"https:\/\/www.montpellier.aeroport.fr\/fr\/passagers\" target=\"_blank\" rel=\"noopener noreferrer\">Montpellier airport<\/a> : +33 (0)4 67 20 85 85<\/li>\n<li><a href=\"https:\/\/www.pagesjaunes.fr\/annuaire\/montpellier-34\/taxis\" target=\"_blank\" rel=\"noopener noreferrer\">Taxi<\/a><\/li>\n<li><a href=\"https:\/\/www.montpellier.aeroport.fr\/fr\/parkings\/tarifs-parkings\" target=\"_blank\" rel=\"noopener noreferrer\">Airport carpark<\/a><\/li>\n<\/ul>\n<h2>From the motorway (A9)<\/h2>\n<ul>\n<li>Take exit 29 (Montpellier Est), follow the signs \u201cCentre Ville\u201d, \u201cMillau\u201d, \u201cH\u00f4pitaux-Facult\u00e9s\u201d, \u201cZoo de Lunaret\u201d, then \u201cParc Agropolis\u201d.<\/li>\n<\/ul>\n<h2>Accommodations<\/h2>\n<p>Useful addresses:<\/p>\n<ul>\n<li><a href=\"\/fr\/informations-pratiques\/158-francais\/divers\/1554-visale-d-action-logement-visale\" hreflang=\"fr\">Visale d&#8217;Action Logement (VISALE Housing and Employment Visa)<\/a><\/li>\n<li><a href=\"https:\/\/www.espace-etudiant.com\/\" target=\"_blank\" rel=\"noopener noreferrer\">Espace-Etudiant.com<\/a><\/li>\n<li><a href=\"https:\/\/www.crous-montpellier.fr\/\" target=\"_blank\" rel=\"noopener noreferrer\">Montpellier CROUS (Regional Centre for University and School Services):<span id=\"OBJ_PREFIX_DWT3820_com_zimbra_url\" class=\"Object\" role=\"link\"><\/span><\/a><a href=\"https:\/\/selectra.info\/assurance\/guides\/comprendre\/attestation\" target=\"_blank\" rel=\"noopener noreferrer\"> a home insurance certificate is required<\/a>for CROUS accommodation.<\/li>\n<li><a href=\"https:\/\/www.umontpellier.fr\/\" target=\"_blank\" rel=\"noopener noreferrer\">University of Montpellier<\/a><\/li>\n<li><a href=\"https:\/\/www.iamm.ciheam.org\/\" target=\"_blank\" rel=\"noopener noreferrer\"> IAMM (Mediterranean Agronomic Institute of Montpellier) accommodation<\/a><\/li>\n<li><a href=\"https:\/\/www.suitetudes.com\/\" target=\"_blank\" rel=\"noopener noreferrer\">Suit\u00e9udes<\/a><\/li>\n<li><a href=\"https:\/\/www.citadines.com\/\" target=\"_blank\" rel=\"noopener noreferrer\">Citadines<\/a><\/li>\n<li><a href=\"https:\/\/www.heliotel.com\/\" target=\"_blank\" rel=\"noopener noreferrer\">H\u00e9liotel<\/a><\/li>\n<li><a href=\"https:\/\/www.cohebergement.com\/location\/l\/87-montpellier\" target=\"_blank\" rel=\"noopener noreferrer\">Homestay accommodation<\/a><\/li>\n<li><a href=\"https:\/\/www.aef-montpellier.fr\/\" target=\"_blank\" rel=\"noopener noreferrer\">Host living arrangement<\/a><\/li>\n<li><a href=\"https:\/\/www.agropolis.org\/english\/guide\/\" target=\"_blank\" rel=\"noopener noreferrer\">Agropolis (in English)<\/a><\/li>\n<\/ul>\n<p>&nbsp;<\/p>\n<h2>Exploring the area<\/h2>\n<ul>\n<li><a href=\"https:\/\/www.montpellier.fr\/\" target=\"_blank\" rel=\"noopener noreferrer\">City of Montpellier<\/a><\/li>\n<li><a href=\"https:\/\/www.ot-montpellier.fr\/\" target=\"_blank\" rel=\"noopener noreferrer\">Montpellier Tourist Office<\/a><\/li>\n<\/ul>\n<p>[\/et_pb_text][\/et_pb_column][\/et_pb_row][\/et_pb_section]<\/p>\n","protected":false},"excerpt":{"rendered":"<p>IRD LAVALETTE CAMPUS 911 avenue AgropolisBP6450134394 Montpellier Cedex 05Front desk: 04 67 41 61 00 Tram &amp; Bus Take tram line 1 to \u201cUniversities Sciences and Letters\u201d station, then the \u201cLa Navette\u201d bus to \u201cCampus Agropolis\u201d Departures: every 6 minutes (every 30 minutes during school holidays). Timetables: visit theTAM website(Transports de l&#8217;Agglom\u00e9ration de Montpellier). TAM [&hellip;]<\/p>\n","protected":false},"author":3,"featured_media":0,"parent":0,"menu_order":0,"comment_status":"closed","ping_status":"closed","template":"","meta":{"_acf_changed":false,"_et_pb_use_builder":"on","_et_pb_old_content":"","_et_gb_content_width":"","footnotes":""},"class_list":["post-5264","page","type-page","status-publish","hentry"],"acf":[],"yoast_head":"<!-- This site is optimized with the Yoast SEO plugin v26.8 - https:\/\/yoast.com\/product\/yoast-seo-wordpress\/ -->\n<title>Contact - MIVEGEC<\/title>\n<meta name=\"robots\" content=\"index, follow, max-snippet:-1, max-image-preview:large, max-video-preview:-1\" \/>\n<link rel=\"canonical\" href=\"https:\/\/mivegec.fr\/en\/contact\" \/>\n<meta property=\"og:locale\" content=\"en_US\" \/>\n<meta property=\"og:type\" content=\"article\" \/>\n<meta property=\"og:title\" content=\"Contact - MIVEGEC\" \/>\n<meta property=\"og:description\" content=\"IRD LAVALETTE CAMPUS 911 avenue AgropolisBP6450134394 Montpellier Cedex 05Front desk: 04 67 41 61 00 Tram &amp; Bus Take tram line 1 to \u201cUniversities Sciences and Letters\u201d station, then the \u201cLa Navette\u201d bus to \u201cCampus Agropolis\u201d Departures: every 6 minutes (every 30 minutes during school holidays). Timetables: visit theTAM website(Transports de l&#039;Agglom\u00e9ration de Montpellier). TAM [&hellip;]\" \/>\n<meta property=\"og:url\" content=\"https:\/\/mivegec.fr\/en\/contact\" \/>\n<meta property=\"og:site_name\" content=\"MIVEGEC\" \/>\n<meta property=\"article:modified_time\" content=\"2022-05-23T16:01:52+00:00\" \/>\n<meta name=\"twitter:card\" content=\"summary_large_image\" \/>\n<meta name=\"twitter:label1\" content=\"Est. reading time\" \/>\n\t<meta name=\"twitter:data1\" content=\"3 minutes\" \/>\n<script type=\"application\/ld+json\" class=\"yoast-schema-graph\">{\"@context\":\"https:\/\/schema.org\",\"@graph\":[{\"@type\":\"WebPage\",\"@id\":\"https:\/\/mivegec.fr\/en\/contact\",\"url\":\"https:\/\/mivegec.fr\/en\/contact\",\"name\":\"Contact - MIVEGEC\",\"isPartOf\":{\"@id\":\"https:\/\/mivegec.fr\/en#website\"},\"datePublished\":\"2020-09-24T07:29:05+00:00\",\"dateModified\":\"2022-05-23T16:01:52+00:00\",\"breadcrumb\":{\"@id\":\"https:\/\/mivegec.fr\/en\/contact#breadcrumb\"},\"inLanguage\":\"en-US\",\"potentialAction\":[{\"@type\":\"ReadAction\",\"target\":[\"https:\/\/mivegec.fr\/en\/contact\"]}]},{\"@type\":\"BreadcrumbList\",\"@id\":\"https:\/\/mivegec.fr\/en\/contact#breadcrumb\",\"itemListElement\":[{\"@type\":\"ListItem\",\"position\":1,\"name\":\"Accueil\",\"item\":\"https:\/\/mivegec.fr\/en\"},{\"@type\":\"ListItem\",\"position\":2,\"name\":\"Contact\"}]},{\"@type\":\"WebSite\",\"@id\":\"https:\/\/mivegec.fr\/en#website\",\"url\":\"https:\/\/mivegec.fr\/en\",\"name\":\"MIVEGEC\",\"description\":\"Maladies infectieuses et Vecteurs : \u00c9cologie, G\u00e9n\u00e9tique, \u00c9volution et Contr\u00f4le\",\"publisher\":{\"@id\":\"https:\/\/mivegec.fr\/en#organization\"},\"potentialAction\":[{\"@type\":\"SearchAction\",\"target\":{\"@type\":\"EntryPoint\",\"urlTemplate\":\"https:\/\/mivegec.fr\/en?s={search_term_string}\"},\"query-input\":{\"@type\":\"PropertyValueSpecification\",\"valueRequired\":true,\"valueName\":\"search_term_string\"}}],\"inLanguage\":\"en-US\"},{\"@type\":\"Organization\",\"@id\":\"https:\/\/mivegec.fr\/en#organization\",\"name\":\"Mivegec\",\"url\":\"https:\/\/mivegec.fr\/en\",\"logo\":{\"@type\":\"ImageObject\",\"inLanguage\":\"en-US\",\"@id\":\"https:\/\/mivegec.fr\/en#\/schema\/logo\/image\/\",\"url\":\"https:\/\/mivegec.fr\/wp-content\/uploads\/2021\/03\/logo-mivegec@2x.png\",\"contentUrl\":\"https:\/\/mivegec.fr\/wp-content\/uploads\/2021\/03\/logo-mivegec@2x.png\",\"width\":616,\"height\":405,\"caption\":\"Mivegec\"},\"image\":{\"@id\":\"https:\/\/mivegec.fr\/en#\/schema\/logo\/image\/\"}}]}<\/script>\n<!-- \/ Yoast SEO plugin. -->","yoast_head_json":{"title":"Contact - MIVEGEC","robots":{"index":"index","follow":"follow","max-snippet":"max-snippet:-1","max-image-preview":"max-image-preview:large","max-video-preview":"max-video-preview:-1"},"canonical":"https:\/\/mivegec.fr\/en\/contact","og_locale":"en_US","og_type":"article","og_title":"Contact - MIVEGEC","og_description":"IRD LAVALETTE CAMPUS 911 avenue AgropolisBP6450134394 Montpellier Cedex 05Front desk: 04 67 41 61 00 Tram &amp; Bus Take tram line 1 to \u201cUniversities Sciences and Letters\u201d station, then the \u201cLa Navette\u201d bus to \u201cCampus Agropolis\u201d Departures: every 6 minutes (every 30 minutes during school holidays). Timetables: visit theTAM website(Transports de l'Agglom\u00e9ration de Montpellier). TAM [&hellip;]","og_url":"https:\/\/mivegec.fr\/en\/contact","og_site_name":"MIVEGEC","article_modified_time":"2022-05-23T16:01:52+00:00","twitter_card":"summary_large_image","twitter_misc":{"Est. reading time":"3 minutes"},"schema":{"@context":"https:\/\/schema.org","@graph":[{"@type":"WebPage","@id":"https:\/\/mivegec.fr\/en\/contact","url":"https:\/\/mivegec.fr\/en\/contact","name":"Contact - MIVEGEC","isPartOf":{"@id":"https:\/\/mivegec.fr\/en#website"},"datePublished":"2020-09-24T07:29:05+00:00","dateModified":"2022-05-23T16:01:52+00:00","breadcrumb":{"@id":"https:\/\/mivegec.fr\/en\/contact#breadcrumb"},"inLanguage":"en-US","potentialAction":[{"@type":"ReadAction","target":["https:\/\/mivegec.fr\/en\/contact"]}]},{"@type":"BreadcrumbList","@id":"https:\/\/mivegec.fr\/en\/contact#breadcrumb","itemListElement":[{"@type":"ListItem","position":1,"name":"Accueil","item":"https:\/\/mivegec.fr\/en"},{"@type":"ListItem","position":2,"name":"Contact"}]},{"@type":"WebSite","@id":"https:\/\/mivegec.fr\/en#website","url":"https:\/\/mivegec.fr\/en","name":"MIVEGEC","description":"Maladies infectieuses et Vecteurs : \u00c9cologie, G\u00e9n\u00e9tique, \u00c9volution et Contr\u00f4le","publisher":{"@id":"https:\/\/mivegec.fr\/en#organization"},"potentialAction":[{"@type":"SearchAction","target":{"@type":"EntryPoint","urlTemplate":"https:\/\/mivegec.fr\/en?s={search_term_string}"},"query-input":{"@type":"PropertyValueSpecification","valueRequired":true,"valueName":"search_term_string"}}],"inLanguage":"en-US"},{"@type":"Organization","@id":"https:\/\/mivegec.fr\/en#organization","name":"Mivegec","url":"https:\/\/mivegec.fr\/en","logo":{"@type":"ImageObject","inLanguage":"en-US","@id":"https:\/\/mivegec.fr\/en#\/schema\/logo\/image\/","url":"https:\/\/mivegec.fr\/wp-content\/uploads\/2021\/03\/logo-mivegec@2x.png","contentUrl":"https:\/\/mivegec.fr\/wp-content\/uploads\/2021\/03\/logo-mivegec@2x.png","width":616,"height":405,"caption":"Mivegec"},"image":{"@id":"https:\/\/mivegec.fr\/en#\/schema\/logo\/image\/"}}]}},"_links":{"self":[{"href":"https:\/\/mivegec.fr\/en\/wp-json\/wp\/v2\/pages\/5264","targetHints":{"allow":["GET"]}}],"collection":[{"href":"https:\/\/mivegec.fr\/en\/wp-json\/wp\/v2\/pages"}],"about":[{"href":"https:\/\/mivegec.fr\/en\/wp-json\/wp\/v2\/types\/page"}],"author":[{"embeddable":true,"href":"https:\/\/mivegec.fr\/en\/wp-json\/wp\/v2\/users\/3"}],"replies":[{"embeddable":true,"href":"https:\/\/mivegec.fr\/en\/wp-json\/wp\/v2\/comments?post=5264"}],"version-history":[{"count":5,"href":"https:\/\/mivegec.fr\/en\/wp-json\/wp\/v2\/pages\/5264\/revisions"}],"predecessor-version":[{"id":6563,"href":"https:\/\/mivegec.fr\/en\/wp-json\/wp\/v2\/pages\/5264\/revisions\/6563"}],"wp:attachment":[{"href":"https:\/\/mivegec.fr\/en\/wp-json\/wp\/v2\/media?parent=5264"}],"curies":[{"name":"wp","href":"https:\/\/api.w.org\/{rel}","templated":true}]}}