{"id":5116,"date":"2020-09-23T10:08:39","date_gmt":"2020-09-23T08:08:39","guid":{"rendered":"https:\/\/mivegec.fr\/accueil-doctorant"},"modified":"2023-03-01T15:41:23","modified_gmt":"2023-03-01T14:41:23","slug":"onboarding-doctoral-student","status":"publish","type":"page","link":"https:\/\/mivegec.fr\/en\/onboarding-doctoral-student","title":{"rendered":"Onboarding doctoral stutent \/ intern"},"content":{"rendered":"<p>[et_pb_section fb_built=&#8221;1&#8243; fullwidth=&#8221;on&#8221; _builder_version=&#8221;4.16&#8243; global_colors_info=&#8221;{}&#8221;][et_pb_fullwidth_post_title meta=&#8221;off&#8221; featured_image=&#8221;off&#8221; text_color=&#8221;light&#8221; admin_label=&#8221;Titre&#8221; _builder_version=&#8221;4.16&#8243; background_image=&#8221;https:\/\/mivegec.fr\/wp-content\/uploads\/2020\/09\/MIVEGEC-departements.jpg&#8221; vertical_offset_tablet=&#8221;0&#8243; horizontal_offset_tablet=&#8221;0&#8243; text_orientation=&#8221;center&#8221; custom_padding=&#8221;||100px|&#8221; z_index_tablet=&#8221;0&#8243; title_text_shadow_horizontal_length_tablet=&#8221;0px&#8221; title_text_shadow_vertical_length_tablet=&#8221;0px&#8221; title_text_shadow_blur_strength_tablet=&#8221;1px&#8221; meta_text_shadow_horizontal_length_tablet=&#8221;0px&#8221; meta_text_shadow_vertical_length_tablet=&#8221;0px&#8221; meta_text_shadow_blur_strength_tablet=&#8221;1px&#8221; box_shadow_horizontal_tablet=&#8221;0px&#8221; box_shadow_vertical_tablet=&#8221;0px&#8221; box_shadow_blur_tablet=&#8221;40px&#8221; box_shadow_spread_tablet=&#8221;0px&#8221; text_shadow_horizontal_length_tablet=&#8221;0px&#8221; text_shadow_vertical_length_tablet=&#8221;0px&#8221; text_shadow_blur_strength_tablet=&#8221;1px&#8221; global_colors_info=&#8221;{}&#8221;][\/et_pb_fullwidth_post_title][et_pb_fullwidth_code admin_label=&#8221;Fil d&#8217;ariane&#8221; module_id=&#8221;breadcrumb&#8221; _builder_version=&#8221;4.16&#8243; vertical_offset_tablet=&#8221;0&#8243; horizontal_offset_tablet=&#8221;0&#8243; text_orientation=&#8221;center&#8221; box_shadow_horizontal_tablet=&#8221;0px&#8221; box_shadow_vertical_tablet=&#8221;0px&#8221; box_shadow_blur_tablet=&#8221;40px&#8221; box_shadow_spread_tablet=&#8221;0px&#8221; saved_tabs=&#8221;all&#8221; global_colors_info=&#8221;{}&#8221;]<span><span><a href=\"https:\/\/mivegec.fr\/en\">Accueil<\/a><\/span><\/span>[\/et_pb_fullwidth_code][\/et_pb_section][et_pb_section fb_built=&#8221;1&#8243; _builder_version=&#8221;4.16&#8243; global_colors_info=&#8221;{}&#8221;][et_pb_row _builder_version=&#8221;4.16&#8243; _module_preset=&#8221;default&#8221; vertical_offset_tablet=&#8221;0&#8243; horizontal_offset_tablet=&#8221;0&#8243; z_index_tablet=&#8221;0&#8243; box_shadow_horizontal_tablet=&#8221;0px&#8221; box_shadow_vertical_tablet=&#8221;0px&#8221; box_shadow_blur_tablet=&#8221;40px&#8221; box_shadow_spread_tablet=&#8221;0px&#8221; global_colors_info=&#8221;{}&#8221;][et_pb_column type=&#8221;4_4&#8243; _builder_version=&#8221;4.16&#8243; _module_preset=&#8221;default&#8221; vertical_offset_tablet=&#8221;0&#8243; vertical_offset_phone=&#8221;0&#8243; horizontal_offset_tablet=&#8221;0&#8243; horizontal_offset_phone=&#8221;0&#8243; background_color_gradient_direction_tablet=&#8221;180deg&#8221; background_color_gradient_direction_phone=&#8221;180deg&#8221; background_color_gradient_stops_tablet=&#8221;#2b87da 0%|#29c4a9 100%&#8221; background_color_gradient_stops_phone=&#8221;#2b87da 0%|#29c4a9 100%&#8221; background_color_gradient_start_position_tablet=&#8221;0%&#8221; background_color_gradient_start_position_phone=&#8221;0%&#8221; background_color_gradient_end_position_tablet=&#8221;100%&#8221; background_color_gradient_end_position_phone=&#8221;100%&#8221; z_index_tablet=&#8221;2&#8243; z_index_phone=&#8221;2&#8243; filter_hue_rotate_tablet=&#8221;0deg&#8221; filter_hue_rotate_phone=&#8221;0deg&#8221; filter_saturate_tablet=&#8221;100%&#8221; filter_saturate_phone=&#8221;100%&#8221; filter_brightness_tablet=&#8221;100%&#8221; filter_brightness_phone=&#8221;100%&#8221; filter_contrast_tablet=&#8221;100%&#8221; filter_contrast_phone=&#8221;100%&#8221; filter_invert_tablet=&#8221;0%&#8221; filter_invert_phone=&#8221;0%&#8221; filter_sepia_tablet=&#8221;0%&#8221; filter_sepia_phone=&#8221;0%&#8221; filter_opacity_tablet=&#8221;100%&#8221; filter_opacity_phone=&#8221;100%&#8221; filter_blur_tablet=&#8221;0px&#8221; filter_blur_phone=&#8221;0px&#8221; animation_duration_tablet=&#8221;1000ms&#8221; animation_duration_phone=&#8221;1000ms&#8221; animation_delay_tablet=&#8221;0ms&#8221; animation_delay_phone=&#8221;0ms&#8221; animation_intensity_slide_tablet=&#8221;50%&#8221; animation_intensity_slide_phone=&#8221;50%&#8221; animation_intensity_zoom_tablet=&#8221;50%&#8221; animation_intensity_zoom_phone=&#8221;50%&#8221; animation_intensity_flip_tablet=&#8221;50%&#8221; animation_intensity_flip_phone=&#8221;50%&#8221; animation_intensity_fold_tablet=&#8221;50%&#8221; animation_intensity_fold_phone=&#8221;50%&#8221; animation_intensity_roll_tablet=&#8221;50%&#8221; animation_intensity_roll_phone=&#8221;50%&#8221; animation_starting_opacity_tablet=&#8221;0%&#8221; animation_starting_opacity_phone=&#8221;0%&#8221; hover_transition_duration_tablet=&#8221;300ms&#8221; hover_transition_duration_phone=&#8221;300ms&#8221; hover_transition_delay_tablet=&#8221;0ms&#8221; hover_transition_delay_phone=&#8221;0ms&#8221; box_shadow_horizontal_tablet=&#8221;0px&#8221; box_shadow_horizontal_phone=&#8221;0px&#8221; box_shadow_vertical_tablet=&#8221;0px&#8221; box_shadow_vertical_phone=&#8221;0px&#8221; box_shadow_blur_tablet=&#8221;40px&#8221; box_shadow_blur_phone=&#8221;40px&#8221; box_shadow_spread_tablet=&#8221;0px&#8221; box_shadow_spread_phone=&#8221;0px&#8221; disabled=&#8221;%91object HTMLInputElement%93&#8243; global_colors_info=&#8221;{}&#8221;][et_pb_text _builder_version=&#8221;4.16&#8243; vertical_offset_tablet=&#8221;0&#8243; horizontal_offset_tablet=&#8221;0&#8243; z_index_tablet=&#8221;0&#8243; text_text_shadow_horizontal_length_tablet=&#8221;0px&#8221; text_text_shadow_vertical_length_tablet=&#8221;0px&#8221; text_text_shadow_blur_strength_tablet=&#8221;1px&#8221; link_text_shadow_horizontal_length_tablet=&#8221;0px&#8221; link_text_shadow_vertical_length_tablet=&#8221;0px&#8221; link_text_shadow_blur_strength_tablet=&#8221;1px&#8221; ul_text_shadow_horizontal_length_tablet=&#8221;0px&#8221; ul_text_shadow_vertical_length_tablet=&#8221;0px&#8221; ul_text_shadow_blur_strength_tablet=&#8221;1px&#8221; ol_text_shadow_horizontal_length_tablet=&#8221;0px&#8221; ol_text_shadow_vertical_length_tablet=&#8221;0px&#8221; ol_text_shadow_blur_strength_tablet=&#8221;1px&#8221; quote_text_shadow_horizontal_length_tablet=&#8221;0px&#8221; quote_text_shadow_vertical_length_tablet=&#8221;0px&#8221; quote_text_shadow_blur_strength_tablet=&#8221;1px&#8221; header_text_shadow_horizontal_length_tablet=&#8221;0px&#8221; header_text_shadow_vertical_length_tablet=&#8221;0px&#8221; header_text_shadow_blur_strength_tablet=&#8221;1px&#8221; header_2_text_shadow_horizontal_length_tablet=&#8221;0px&#8221; header_2_text_shadow_vertical_length_tablet=&#8221;0px&#8221; header_2_text_shadow_blur_strength_tablet=&#8221;1px&#8221; header_3_text_shadow_horizontal_length_tablet=&#8221;0px&#8221; header_3_text_shadow_vertical_length_tablet=&#8221;0px&#8221; header_3_text_shadow_blur_strength_tablet=&#8221;1px&#8221; header_4_text_shadow_horizontal_length_tablet=&#8221;0px&#8221; header_4_text_shadow_vertical_length_tablet=&#8221;0px&#8221; header_4_text_shadow_blur_strength_tablet=&#8221;1px&#8221; header_5_text_shadow_horizontal_length_tablet=&#8221;0px&#8221; header_5_text_shadow_vertical_length_tablet=&#8221;0px&#8221; header_5_text_shadow_blur_strength_tablet=&#8221;1px&#8221; header_6_text_shadow_horizontal_length_tablet=&#8221;0px&#8221; header_6_text_shadow_vertical_length_tablet=&#8221;0px&#8221; header_6_text_shadow_blur_strength_tablet=&#8221;1px&#8221; box_shadow_horizontal_tablet=&#8221;0px&#8221; box_shadow_vertical_tablet=&#8221;0px&#8221; box_shadow_blur_tablet=&#8221;40px&#8221; box_shadow_spread_tablet=&#8221;0px&#8221; global_colors_info=&#8221;{}&#8221;]<\/p>\n<h2>Onboarding<\/h2>\n<p><strong>\u00a0For all internship and\/or hosting requests, please go to the organization chart and\/or scienitfic departments tab to target an internship theme and contact the associatd researchers.<br \/><\/strong><\/p>\n<p>We would Once the subjetc and the date of the course have been valided with the person in charge of the course, and at least one month before the date of arrival on site, please contcat our referent at the generic address <a href=\"mailto:accueil-mivegec@ird.fr\">accueil-mivegec@ird.fr<\/a> to initiate the recption procedure.<\/p>\n<p>[\/et_pb_text][\/et_pb_column][\/et_pb_row][\/et_pb_section]<\/p>\n","protected":false},"excerpt":{"rendered":"<p><span><span><a href=\"https:\/\/mivegec.fr\/en\">Accueil<\/a><\/span><\/span>Onboarding \u00a0For all internship and\/or hosting requests, please go to the organization chart and\/or scienitfic departments tab to target an internship theme and contact the associatd researchers. We would Once the subjetc and the date of the course have been valided with the person in charge of the course, and at least one month before [&hellip;]<\/p>\n","protected":false},"author":3,"featured_media":0,"parent":0,"menu_order":0,"comment_status":"closed","ping_status":"closed","template":"","meta":{"_acf_changed":false,"_et_pb_use_builder":"on","_et_pb_old_content":"","_et_gb_content_width":"","footnotes":""},"class_list":["post-5116","page","type-page","status-publish","hentry"],"acf":[],"yoast_head":"<!-- This site is optimized with the Yoast SEO plugin v26.8 - https:\/\/yoast.com\/product\/yoast-seo-wordpress\/ -->\n<title>Onboarding doctoral stutent \/ intern - MIVEGEC<\/title>\n<meta name=\"robots\" content=\"index, follow, max-snippet:-1, max-image-preview:large, max-video-preview:-1\" \/>\n<link rel=\"canonical\" href=\"https:\/\/mivegec.fr\/en\/onboarding-doctoral-student\" \/>\n<meta property=\"og:locale\" content=\"en_US\" \/>\n<meta property=\"og:type\" content=\"article\" \/>\n<meta property=\"og:title\" content=\"Onboarding doctoral stutent \/ intern - MIVEGEC\" \/>\n<meta property=\"og:description\" content=\"Onboarding \u00a0For all internship and\/or hosting requests, please go to the organization chart and\/or scienitfic departments tab to target an internship theme and contact the associatd researchers. We would Once the subjetc and the date of the course have been valided with the person in charge of the course, and at least one month before [&hellip;]\" \/>\n<meta property=\"og:url\" content=\"https:\/\/mivegec.fr\/en\/onboarding-doctoral-student\" \/>\n<meta property=\"og:site_name\" content=\"MIVEGEC\" \/>\n<meta property=\"article:modified_time\" content=\"2023-03-01T14:41:23+00:00\" \/>\n<meta name=\"twitter:card\" content=\"summary_large_image\" \/>\n<meta name=\"twitter:label1\" content=\"Est. reading time\" \/>\n\t<meta name=\"twitter:data1\" content=\"4 minutes\" \/>\n<script type=\"application\/ld+json\" class=\"yoast-schema-graph\">{\"@context\":\"https:\/\/schema.org\",\"@graph\":[{\"@type\":\"WebPage\",\"@id\":\"https:\/\/mivegec.fr\/en\/onboarding-doctoral-student\",\"url\":\"https:\/\/mivegec.fr\/en\/onboarding-doctoral-student\",\"name\":\"Onboarding doctoral stutent \/ intern - MIVEGEC\",\"isPartOf\":{\"@id\":\"https:\/\/mivegec.fr\/en#website\"},\"datePublished\":\"2020-09-23T08:08:39+00:00\",\"dateModified\":\"2023-03-01T14:41:23+00:00\",\"breadcrumb\":{\"@id\":\"https:\/\/mivegec.fr\/en\/onboarding-doctoral-student#breadcrumb\"},\"inLanguage\":\"en-US\",\"potentialAction\":[{\"@type\":\"ReadAction\",\"target\":[\"https:\/\/mivegec.fr\/en\/onboarding-doctoral-student\"]}]},{\"@type\":\"BreadcrumbList\",\"@id\":\"https:\/\/mivegec.fr\/en\/onboarding-doctoral-student#breadcrumb\",\"itemListElement\":[{\"@type\":\"ListItem\",\"position\":1,\"name\":\"Accueil\",\"item\":\"https:\/\/mivegec.fr\/en\"},{\"@type\":\"ListItem\",\"position\":2,\"name\":\"Onboarding doctoral stutent \/ intern\"}]},{\"@type\":\"WebSite\",\"@id\":\"https:\/\/mivegec.fr\/en#website\",\"url\":\"https:\/\/mivegec.fr\/en\",\"name\":\"MIVEGEC\",\"description\":\"Maladies infectieuses et Vecteurs : \u00c9cologie, G\u00e9n\u00e9tique, \u00c9volution et Contr\u00f4le\",\"publisher\":{\"@id\":\"https:\/\/mivegec.fr\/en#organization\"},\"potentialAction\":[{\"@type\":\"SearchAction\",\"target\":{\"@type\":\"EntryPoint\",\"urlTemplate\":\"https:\/\/mivegec.fr\/en?s={search_term_string}\"},\"query-input\":{\"@type\":\"PropertyValueSpecification\",\"valueRequired\":true,\"valueName\":\"search_term_string\"}}],\"inLanguage\":\"en-US\"},{\"@type\":\"Organization\",\"@id\":\"https:\/\/mivegec.fr\/en#organization\",\"name\":\"Mivegec\",\"url\":\"https:\/\/mivegec.fr\/en\",\"logo\":{\"@type\":\"ImageObject\",\"inLanguage\":\"en-US\",\"@id\":\"https:\/\/mivegec.fr\/en#\/schema\/logo\/image\/\",\"url\":\"https:\/\/mivegec.fr\/wp-content\/uploads\/2021\/03\/logo-mivegec@2x.png\",\"contentUrl\":\"https:\/\/mivegec.fr\/wp-content\/uploads\/2021\/03\/logo-mivegec@2x.png\",\"width\":616,\"height\":405,\"caption\":\"Mivegec\"},\"image\":{\"@id\":\"https:\/\/mivegec.fr\/en#\/schema\/logo\/image\/\"}}]}<\/script>\n<!-- \/ Yoast SEO plugin. -->","yoast_head_json":{"title":"Onboarding doctoral stutent \/ intern - MIVEGEC","robots":{"index":"index","follow":"follow","max-snippet":"max-snippet:-1","max-image-preview":"max-image-preview:large","max-video-preview":"max-video-preview:-1"},"canonical":"https:\/\/mivegec.fr\/en\/onboarding-doctoral-student","og_locale":"en_US","og_type":"article","og_title":"Onboarding doctoral stutent \/ intern - MIVEGEC","og_description":"Onboarding \u00a0For all internship and\/or hosting requests, please go to the organization chart and\/or scienitfic departments tab to target an internship theme and contact the associatd researchers. We would Once the subjetc and the date of the course have been valided with the person in charge of the course, and at least one month before [&hellip;]","og_url":"https:\/\/mivegec.fr\/en\/onboarding-doctoral-student","og_site_name":"MIVEGEC","article_modified_time":"2023-03-01T14:41:23+00:00","twitter_card":"summary_large_image","twitter_misc":{"Est. reading time":"4 minutes"},"schema":{"@context":"https:\/\/schema.org","@graph":[{"@type":"WebPage","@id":"https:\/\/mivegec.fr\/en\/onboarding-doctoral-student","url":"https:\/\/mivegec.fr\/en\/onboarding-doctoral-student","name":"Onboarding doctoral stutent \/ intern - MIVEGEC","isPartOf":{"@id":"https:\/\/mivegec.fr\/en#website"},"datePublished":"2020-09-23T08:08:39+00:00","dateModified":"2023-03-01T14:41:23+00:00","breadcrumb":{"@id":"https:\/\/mivegec.fr\/en\/onboarding-doctoral-student#breadcrumb"},"inLanguage":"en-US","potentialAction":[{"@type":"ReadAction","target":["https:\/\/mivegec.fr\/en\/onboarding-doctoral-student"]}]},{"@type":"BreadcrumbList","@id":"https:\/\/mivegec.fr\/en\/onboarding-doctoral-student#breadcrumb","itemListElement":[{"@type":"ListItem","position":1,"name":"Accueil","item":"https:\/\/mivegec.fr\/en"},{"@type":"ListItem","position":2,"name":"Onboarding doctoral stutent \/ intern"}]},{"@type":"WebSite","@id":"https:\/\/mivegec.fr\/en#website","url":"https:\/\/mivegec.fr\/en","name":"MIVEGEC","description":"Maladies infectieuses et Vecteurs : \u00c9cologie, G\u00e9n\u00e9tique, \u00c9volution et Contr\u00f4le","publisher":{"@id":"https:\/\/mivegec.fr\/en#organization"},"potentialAction":[{"@type":"SearchAction","target":{"@type":"EntryPoint","urlTemplate":"https:\/\/mivegec.fr\/en?s={search_term_string}"},"query-input":{"@type":"PropertyValueSpecification","valueRequired":true,"valueName":"search_term_string"}}],"inLanguage":"en-US"},{"@type":"Organization","@id":"https:\/\/mivegec.fr\/en#organization","name":"Mivegec","url":"https:\/\/mivegec.fr\/en","logo":{"@type":"ImageObject","inLanguage":"en-US","@id":"https:\/\/mivegec.fr\/en#\/schema\/logo\/image\/","url":"https:\/\/mivegec.fr\/wp-content\/uploads\/2021\/03\/logo-mivegec@2x.png","contentUrl":"https:\/\/mivegec.fr\/wp-content\/uploads\/2021\/03\/logo-mivegec@2x.png","width":616,"height":405,"caption":"Mivegec"},"image":{"@id":"https:\/\/mivegec.fr\/en#\/schema\/logo\/image\/"}}]}},"_links":{"self":[{"href":"https:\/\/mivegec.fr\/en\/wp-json\/wp\/v2\/pages\/5116","targetHints":{"allow":["GET"]}}],"collection":[{"href":"https:\/\/mivegec.fr\/en\/wp-json\/wp\/v2\/pages"}],"about":[{"href":"https:\/\/mivegec.fr\/en\/wp-json\/wp\/v2\/types\/page"}],"author":[{"embeddable":true,"href":"https:\/\/mivegec.fr\/en\/wp-json\/wp\/v2\/users\/3"}],"replies":[{"embeddable":true,"href":"https:\/\/mivegec.fr\/en\/wp-json\/wp\/v2\/comments?post=5116"}],"version-history":[{"count":5,"href":"https:\/\/mivegec.fr\/en\/wp-json\/wp\/v2\/pages\/5116\/revisions"}],"predecessor-version":[{"id":8570,"href":"https:\/\/mivegec.fr\/en\/wp-json\/wp\/v2\/pages\/5116\/revisions\/8570"}],"wp:attachment":[{"href":"https:\/\/mivegec.fr\/en\/wp-json\/wp\/v2\/media?parent=5116"}],"curies":[{"name":"wp","href":"https:\/\/api.w.org\/{rel}","templated":true}]}}