{"id":11361,"date":"2025-04-11T13:34:14","date_gmt":"2025-04-11T11:34:14","guid":{"rendered":"https:\/\/mivegec.fr\/?page_id=11361"},"modified":"2025-04-16T10:15:52","modified_gmt":"2025-04-16T08:15:52","slug":"geai-2","status":"publish","type":"page","link":"https:\/\/mivegec.fr\/en\/geai-2","title":{"rendered":"GEAI"},"content":{"rendered":"<p>[et_pb_section fb_built=&#8221;1&#8243; fullwidth=&#8221;on&#8221; _builder_version=&#8221;4.16&#8243; global_colors_info=&#8221;{}&#8221;][et_pb_fullwidth_post_title meta=&#8221;off&#8221; featured_image=&#8221;off&#8221; text_color=&#8221;light&#8221; admin_label=&#8221;Titre&#8221; _builder_version=&#8221;4.16&#8243; title_font_size=&#8221;35px&#8221; background_image=&#8221;https:\/\/mivegec.fr\/wp-content\/uploads\/2020\/09\/MIVEGEC-departements.jpg&#8221; vertical_offset_tablet=&#8221;0&#8243; horizontal_offset_tablet=&#8221;0&#8243; text_orientation=&#8221;center&#8221; custom_padding=&#8221;||100px|&#8221; z_index_tablet=&#8221;0&#8243; title_text_shadow_horizontal_length_tablet=&#8221;0px&#8221; title_text_shadow_vertical_length_tablet=&#8221;0px&#8221; title_text_shadow_blur_strength_tablet=&#8221;1px&#8221; meta_text_shadow_horizontal_length_tablet=&#8221;0px&#8221; meta_text_shadow_vertical_length_tablet=&#8221;0px&#8221; meta_text_shadow_blur_strength_tablet=&#8221;1px&#8221; box_shadow_horizontal_tablet=&#8221;0px&#8221; box_shadow_vertical_tablet=&#8221;0px&#8221; box_shadow_blur_tablet=&#8221;40px&#8221; box_shadow_spread_tablet=&#8221;0px&#8221; text_shadow_style=&#8221;preset3&#8243; text_shadow_blur_strength_tablet=&#8221;1px&#8221; global_colors_info=&#8221;{}&#8221;][\/et_pb_fullwidth_post_title][et_pb_fullwidth_code admin_label=&#8221;Fil d&#8217;ariane&#8221; module_id=&#8221;breadcrumb&#8221; _builder_version=&#8221;4.24.0&#8243; vertical_offset_tablet=&#8221;0&#8243; horizontal_offset_tablet=&#8221;0&#8243; text_orientation=&#8221;center&#8221; box_shadow_horizontal_tablet=&#8221;0px&#8221; box_shadow_vertical_tablet=&#8221;0px&#8221; box_shadow_blur_tablet=&#8221;40px&#8221; box_shadow_spread_tablet=&#8221;0px&#8221; saved_tabs=&#8221;all&#8221; global_colors_info=&#8221;{}&#8221;]<span><span><a href=\"https:\/\/mivegec.fr\/en\">Accueil<\/a><\/span><\/span>[\/et_pb_fullwidth_code][\/et_pb_section][et_pb_section fb_built=&#8221;1&#8243; _builder_version=&#8221;4.16&#8243; global_colors_info=&#8221;{}&#8221;][et_pb_row _builder_version=&#8221;4.16&#8243; _module_preset=&#8221;default&#8221; global_colors_info=&#8221;{}&#8221;][et_pb_column type=&#8221;4_4&#8243; module_class=&#8221;navigationLeftIntranet&#8221; _builder_version=&#8221;4.16&#8243; _module_preset=&#8221;default&#8221; global_colors_info=&#8221;{}&#8221;][et_pb_text _builder_version=&#8221;4.19.1&#8243; vertical_offset_tablet=&#8221;0&#8243; horizontal_offset_tablet=&#8221;0&#8243; z_index_tablet=&#8221;0&#8243; text_text_shadow_horizontal_length_tablet=&#8221;0px&#8221; text_text_shadow_vertical_length_tablet=&#8221;0px&#8221; text_text_shadow_blur_strength_tablet=&#8221;1px&#8221; link_text_shadow_horizontal_length_tablet=&#8221;0px&#8221; link_text_shadow_vertical_length_tablet=&#8221;0px&#8221; link_text_shadow_blur_strength_tablet=&#8221;1px&#8221; ul_text_shadow_horizontal_length_tablet=&#8221;0px&#8221; ul_text_shadow_vertical_length_tablet=&#8221;0px&#8221; ul_text_shadow_blur_strength_tablet=&#8221;1px&#8221; ol_text_shadow_horizontal_length_tablet=&#8221;0px&#8221; ol_text_shadow_vertical_length_tablet=&#8221;0px&#8221; ol_text_shadow_blur_strength_tablet=&#8221;1px&#8221; quote_text_shadow_horizontal_length_tablet=&#8221;0px&#8221; quote_text_shadow_vertical_length_tablet=&#8221;0px&#8221; quote_text_shadow_blur_strength_tablet=&#8221;1px&#8221; header_text_shadow_horizontal_length_tablet=&#8221;0px&#8221; header_text_shadow_vertical_length_tablet=&#8221;0px&#8221; header_text_shadow_blur_strength_tablet=&#8221;1px&#8221; header_2_text_shadow_horizontal_length_tablet=&#8221;0px&#8221; header_2_text_shadow_vertical_length_tablet=&#8221;0px&#8221; header_2_text_shadow_blur_strength_tablet=&#8221;1px&#8221; header_3_text_shadow_horizontal_length_tablet=&#8221;0px&#8221; header_3_text_shadow_vertical_length_tablet=&#8221;0px&#8221; header_3_text_shadow_blur_strength_tablet=&#8221;1px&#8221; header_4_text_shadow_horizontal_length_tablet=&#8221;0px&#8221; header_4_text_shadow_vertical_length_tablet=&#8221;0px&#8221; header_4_text_shadow_blur_strength_tablet=&#8221;1px&#8221; header_5_text_shadow_horizontal_length_tablet=&#8221;0px&#8221; header_5_text_shadow_vertical_length_tablet=&#8221;0px&#8221; header_5_text_shadow_blur_strength_tablet=&#8221;1px&#8221; header_6_text_shadow_horizontal_length_tablet=&#8221;0px&#8221; header_6_text_shadow_vertical_length_tablet=&#8221;0px&#8221; header_6_text_shadow_blur_strength_tablet=&#8221;1px&#8221; box_shadow_horizontal_tablet=&#8221;0px&#8221; box_shadow_vertical_tablet=&#8221;0px&#8221; box_shadow_blur_tablet=&#8221;40px&#8221; box_shadow_spread_tablet=&#8221;0px&#8221; global_colors_info=&#8221;{}&#8221;]<\/p>\n<p><strong><\/strong><strong>&#8211;<\/strong><strong>This page is used in articular by members of the \u201cListening, Support and Information-GEAI\u201dworking group <br \/><\/strong><\/p>\n<p><strong>Contact : <span id=\"OBJ_PREFIX_DWT9257_ZmEmailObjectHandler\" class=\"Object\" role=\"link\"><span id=\"OBJ_PREFIX_DWT9262_ZmEmailObjectHandler\" class=\"Object\" role=\"link\"><a href=\"mailto:geai.mivegec@ird.fr\" target=\"_blank\" rel=\"noopener\">geai.mivegec@ird.fr<\/a><\/span><\/span> <br \/><\/strong><\/p>\n<p>The GEAI is a group created since 2021. It is made up os volunteer officers from the unit and its main mis<\/p>\n<p>\u2013 <strong>Inform and sensitize<\/strong> the agents of the unit on the problem of psycholosocial risks (RPS) in the professional<\/p>\n<p>\u2013 <strong>Listen and accompany <\/strong>each agent in a situation of <strong>relational difficulties<\/strong> wich genrate discomfort and\/or suffering, within conflicts in the unit, in complete confidentiality.<\/p>\n<p>\u2013 <strong>Develop actions to prevent<\/strong> PSR and all forms of harassment\u00a0 and the violences within the unit<\/p>\n<p>We are at your disposal and available at any time for any request relating to subjects\/questions of being unwell at work related to relationship difficulties. You can contcat us by the following generic address\u00a0 <a href=\"mailto:geai.mivegec@ird.fr\">geai.mivegec@ird.fr <\/a>or <strong>each member individually<\/strong><a href=\"mailto:helene.broutin@ird.fr\"> .<\/a><\/p>\n<ul>\n<li><a href=\"https:\/\/mivegec.fr\/wp-content\/uploads\/2022\/11\/FINAL-TDR_GEAI_VF29092021.pdf\">Reference terms<\/a><\/li>\n<\/ul>\n<p>&nbsp;<\/p>\n<h2>Presentation group<\/h2>\n<p>Members are : <a href=\"https:\/\/mivegec.fr\/fr\/annuaire\/agent?id=467\">Colombine Bartholom\u00e9e, <\/a>Sarah Benlamara<a href=\"https:\/\/mivegec.fr\/fr\/annuaire\/agent?id=467\">, Bernard Carcy<\/a>, <a href=\"https:\/\/mivegec.fr\/fr\/annuaire\/agent?id=527\">Valentin Chauvin<\/a>, <a href=\"mailto:florence.droguet@ird.fr\">Florence Droguet<\/a>, <a href=\"https:\/\/mivegec.fr\/fr\/annuaire\/agent?id=519\">St\u00e9phanie Jacquet, Sabrina Locatelli,<\/a> <a href=\"https:\/\/mivegec.fr\/fr\/annuaire\/agent?id=532\">Oc\u00e9ane Rieu <\/a>et <a href=\"https:\/\/mivegec.fr\/fr\/annuaire\/agent?id=532\">G\u00e9raldine Tibayrenc.<\/a><\/p>\n<p>&nbsp;<\/p>\n<ul>\n<li><a href=\"https:\/\/mivegec.fr\/wp-content\/uploads\/2025\/04\/Presentation_GEAI_2025_Francais-08-04-25.pdf\">French presentation <\/a><\/li>\n<li><a href=\"https:\/\/mivegec.fr\/wp-content\/uploads\/2025\/04\/Presentation_GEAI_2025_English-08-04-25.pdf\">English presentation\u00a0<\/a><\/li>\n<\/ul>\n<p>&nbsp;<\/p>\n<h2>Communication :<\/h2>\n<ul>\n<li><a href=\"https:\/\/mivegec.fr\/wp-content\/uploads\/2025\/03\/GEAI-AFFICHE-SENSIBILISATION-2024.pdf\">Awarness posters<\/a><\/li>\n<\/ul>\n<p>&nbsp;<\/p>\n<h2>Resources (Struggles against violence and Harassment at work )<strong><\/strong><\/h2>\n<p>L&#8217;OREAL Foundation: <a href=\"https:\/\/mivegec.fr\/wp-content\/uploads\/2023\/03\/rapport_francais_ipsos_fondation_l_oreal_sexual_harassment_and_sexism_2022_def.pdf\">Report on Sexual Harassment and Sexism in the Scientific World<\/a><\/p>\n<p>L&#8217;OREAL Violentometer: <a href=\"https:\/\/www.fondationloreal.com\/sites\/default\/files\/2024-03\/violentometre_depliant.pdf\">Leaflets<\/a> and <a href=\"https:\/\/www.fondationloreal.com\/fr\/nos-programmes-pour-les-femmes-et-la-science\/contre-les-violences-sexistes-et-sexuelles\">Explanations<\/a><\/p>\n<p>Mental Health of PhD Students: <a href=\"https:\/\/www.youtube.com\/watch?v=MeV-S1YwX9I\">Conference by Ad\u00e8le Combes<\/a><\/p>\n<p>Combating Sexual and Gender-Based Violence: <a href=\"https:\/\/mivegec.fr\/wp-content\/uploads\/2022\/12\/CNRS-FOrmationCoregal-VSS-NOV2022.pdf\">CNRS-Coregal Training, Nov 2022<\/a><\/p>\n<p>Arcardiscri Survey (Oct 2022): Report on \u201c<a href=\"https:\/\/mivegec.fr\/wp-content\/uploads\/2023\/04\/QUESTIONNAIRE-ENQUETE-Discrimination-VSS-rap2022-acadi-num-access-1.pdf\">Experiences of Discrimination in Higher Education and Research in France<\/a><\/p>\n<p>&nbsp;<\/p>\n<div><\/div>\n<h2>Reporting procedures by supervisory authorities<\/h2>\n<p>\u00a0<span style=\"text-decoration: underline;\"><strong>CNRS :<\/strong><\/span> <a href=\"https:\/\/mivegec.fr\/wp-content\/uploads\/2022\/12\/Protocole-signalement-CNRS-.pdf\">Reporting protocol<\/a><span style=\"text-decoration: underline;\"><strong><br \/><\/strong><\/span><\/p>\n<ul>\n<li><a href=\"https:\/\/mivegec.fr\/wp-content\/uploads\/2022\/12\/CNRSCirculaire-signalement2022.pdf\">Circular report<\/a><span style=\"text-decoration: underline;\"><strong><\/strong><\/span><\/li>\n<li><a href=\"https:\/\/mivegec.fr\/wp-content\/uploads\/2022\/12\/CNRS-celulesignalement_DR13_20221118-VF.pdf\">Report cell<\/a><\/li>\n<li><a href=\"https:\/\/mivegec.fr\/wp-content\/uploads\/2023\/02\/CelluleSignalements_A3_UK_HD.pdf\">Awareness poster<\/a> and <a href=\"https:\/\/mivegec.fr\/wp-content\/uploads\/2023\/02\/CelluleSignalement_Flyer_web.pdf\">Flyers<\/a><\/li>\n<\/ul>\n<p><span style=\"text-decoration: underline;\"><strong>Universit\u00e9 de Montpellier :<\/strong><\/span><a href=\"https:\/\/mivegec.fr\/wp-content\/uploads\/2022\/12\/Protocole-harcelement-UM.pdf\"> Reporting protocol<\/a><span style=\"text-decoration: underline;\"><strong><\/strong><\/span><\/p>\n<ul>\n<li><a href=\"https:\/\/mivegec.fr\/wp-content\/uploads\/2022\/12\/UM-Guide_VSS_2022_web.pdf\">Guide victim or witness of violence<\/a><\/li>\n<li><a href=\"https:\/\/mivegec.fr\/wp-content\/uploads\/2022\/12\/UM-Fiche_signalement_discriminations_VSS-2022.docx\">Violence report form <\/a><\/li>\n<\/ul>\n<p><span style=\"text-decoration: underline;\"><strong>IRD :<\/strong><\/span><a href=\"https:\/\/mivegec.fr\/wp-content\/uploads\/2022\/12\/Protocole-signalement-IRD.pdf\"> Reporting protocol<\/a><\/p>\n<p>For further information contact the organizers<\/p>\n<p>&nbsp;<\/p>\n<p>&nbsp;<\/p>\n<div>\u00a0<\/div>\n<p>[\/et_pb_text][\/et_pb_column][\/et_pb_row][\/et_pb_section]<\/p>\n","protected":false},"excerpt":{"rendered":"<p><span><span><a href=\"https:\/\/mivegec.fr\/en\">Accueil<\/a><\/span><\/span>-This page is used in articular by members of the \u201cListening, Support and Information-GEAI\u201dworking group Contact : geai.mivegec@ird.fr The GEAI is a group created since 2021. It is made up os volunteer officers from the unit and its main mis \u2013 Inform and sensitize the agents of the unit on the problem of psycholosocial risks [&hellip;]<\/p>\n","protected":false},"author":3,"featured_media":0,"parent":0,"menu_order":0,"comment_status":"closed","ping_status":"closed","template":"","meta":{"_acf_changed":false,"_et_pb_use_builder":"on","_et_pb_old_content":"","_et_gb_content_width":"","footnotes":""},"class_list":["post-11361","page","type-page","status-publish","hentry"],"acf":[],"yoast_head":"<!-- This site is optimized with the Yoast SEO plugin v26.8 - https:\/\/yoast.com\/product\/yoast-seo-wordpress\/ -->\n<title>GEAI - MIVEGEC<\/title>\n<meta name=\"robots\" content=\"index, follow, max-snippet:-1, max-image-preview:large, max-video-preview:-1\" \/>\n<link rel=\"canonical\" href=\"https:\/\/mivegec.fr\/en\/geai-2\" \/>\n<meta property=\"og:locale\" content=\"en_US\" \/>\n<meta property=\"og:type\" content=\"article\" \/>\n<meta property=\"og:title\" content=\"GEAI - MIVEGEC\" \/>\n<meta property=\"og:description\" content=\"-This page is used in articular by members of the \u201cListening, Support and Information-GEAI\u201dworking group Contact : geai.mivegec@ird.fr The GEAI is a group created since 2021. It is made up os volunteer officers from the unit and its main mis \u2013 Inform and sensitize the agents of the unit on the problem of psycholosocial risks [&hellip;]\" \/>\n<meta property=\"og:url\" content=\"https:\/\/mivegec.fr\/en\/geai-2\" \/>\n<meta property=\"og:site_name\" content=\"MIVEGEC\" \/>\n<meta property=\"article:modified_time\" content=\"2025-04-16T08:15:52+00:00\" \/>\n<meta name=\"twitter:card\" content=\"summary_large_image\" \/>\n<meta name=\"twitter:label1\" content=\"Est. reading time\" \/>\n\t<meta name=\"twitter:data1\" content=\"2 minutes\" \/>\n<script type=\"application\/ld+json\" class=\"yoast-schema-graph\">{\"@context\":\"https:\/\/schema.org\",\"@graph\":[{\"@type\":\"WebPage\",\"@id\":\"https:\/\/mivegec.fr\/en\/geai-2\",\"url\":\"https:\/\/mivegec.fr\/en\/geai-2\",\"name\":\"GEAI - MIVEGEC\",\"isPartOf\":{\"@id\":\"https:\/\/mivegec.fr\/en#website\"},\"datePublished\":\"2025-04-11T11:34:14+00:00\",\"dateModified\":\"2025-04-16T08:15:52+00:00\",\"breadcrumb\":{\"@id\":\"https:\/\/mivegec.fr\/en\/geai-2#breadcrumb\"},\"inLanguage\":\"en-US\",\"potentialAction\":[{\"@type\":\"ReadAction\",\"target\":[\"https:\/\/mivegec.fr\/en\/geai-2\"]}]},{\"@type\":\"BreadcrumbList\",\"@id\":\"https:\/\/mivegec.fr\/en\/geai-2#breadcrumb\",\"itemListElement\":[{\"@type\":\"ListItem\",\"position\":1,\"name\":\"Accueil\",\"item\":\"https:\/\/mivegec.fr\/en\"},{\"@type\":\"ListItem\",\"position\":2,\"name\":\"GEAI\"}]},{\"@type\":\"WebSite\",\"@id\":\"https:\/\/mivegec.fr\/en#website\",\"url\":\"https:\/\/mivegec.fr\/en\",\"name\":\"MIVEGEC\",\"description\":\"Maladies infectieuses et Vecteurs : \u00c9cologie, G\u00e9n\u00e9tique, \u00c9volution et Contr\u00f4le\",\"publisher\":{\"@id\":\"https:\/\/mivegec.fr\/en#organization\"},\"potentialAction\":[{\"@type\":\"SearchAction\",\"target\":{\"@type\":\"EntryPoint\",\"urlTemplate\":\"https:\/\/mivegec.fr\/en?s={search_term_string}\"},\"query-input\":{\"@type\":\"PropertyValueSpecification\",\"valueRequired\":true,\"valueName\":\"search_term_string\"}}],\"inLanguage\":\"en-US\"},{\"@type\":\"Organization\",\"@id\":\"https:\/\/mivegec.fr\/en#organization\",\"name\":\"Mivegec\",\"url\":\"https:\/\/mivegec.fr\/en\",\"logo\":{\"@type\":\"ImageObject\",\"inLanguage\":\"en-US\",\"@id\":\"https:\/\/mivegec.fr\/en#\/schema\/logo\/image\/\",\"url\":\"https:\/\/mivegec.fr\/wp-content\/uploads\/2021\/03\/logo-mivegec@2x.png\",\"contentUrl\":\"https:\/\/mivegec.fr\/wp-content\/uploads\/2021\/03\/logo-mivegec@2x.png\",\"width\":616,\"height\":405,\"caption\":\"Mivegec\"},\"image\":{\"@id\":\"https:\/\/mivegec.fr\/en#\/schema\/logo\/image\/\"}}]}<\/script>\n<!-- \/ Yoast SEO plugin. -->","yoast_head_json":{"title":"GEAI - MIVEGEC","robots":{"index":"index","follow":"follow","max-snippet":"max-snippet:-1","max-image-preview":"max-image-preview:large","max-video-preview":"max-video-preview:-1"},"canonical":"https:\/\/mivegec.fr\/en\/geai-2","og_locale":"en_US","og_type":"article","og_title":"GEAI - MIVEGEC","og_description":"-This page is used in articular by members of the \u201cListening, Support and Information-GEAI\u201dworking group Contact : geai.mivegec@ird.fr The GEAI is a group created since 2021. It is made up os volunteer officers from the unit and its main mis \u2013 Inform and sensitize the agents of the unit on the problem of psycholosocial risks [&hellip;]","og_url":"https:\/\/mivegec.fr\/en\/geai-2","og_site_name":"MIVEGEC","article_modified_time":"2025-04-16T08:15:52+00:00","twitter_card":"summary_large_image","twitter_misc":{"Est. reading time":"2 minutes"},"schema":{"@context":"https:\/\/schema.org","@graph":[{"@type":"WebPage","@id":"https:\/\/mivegec.fr\/en\/geai-2","url":"https:\/\/mivegec.fr\/en\/geai-2","name":"GEAI - MIVEGEC","isPartOf":{"@id":"https:\/\/mivegec.fr\/en#website"},"datePublished":"2025-04-11T11:34:14+00:00","dateModified":"2025-04-16T08:15:52+00:00","breadcrumb":{"@id":"https:\/\/mivegec.fr\/en\/geai-2#breadcrumb"},"inLanguage":"en-US","potentialAction":[{"@type":"ReadAction","target":["https:\/\/mivegec.fr\/en\/geai-2"]}]},{"@type":"BreadcrumbList","@id":"https:\/\/mivegec.fr\/en\/geai-2#breadcrumb","itemListElement":[{"@type":"ListItem","position":1,"name":"Accueil","item":"https:\/\/mivegec.fr\/en"},{"@type":"ListItem","position":2,"name":"GEAI"}]},{"@type":"WebSite","@id":"https:\/\/mivegec.fr\/en#website","url":"https:\/\/mivegec.fr\/en","name":"MIVEGEC","description":"Maladies infectieuses et Vecteurs : \u00c9cologie, G\u00e9n\u00e9tique, \u00c9volution et Contr\u00f4le","publisher":{"@id":"https:\/\/mivegec.fr\/en#organization"},"potentialAction":[{"@type":"SearchAction","target":{"@type":"EntryPoint","urlTemplate":"https:\/\/mivegec.fr\/en?s={search_term_string}"},"query-input":{"@type":"PropertyValueSpecification","valueRequired":true,"valueName":"search_term_string"}}],"inLanguage":"en-US"},{"@type":"Organization","@id":"https:\/\/mivegec.fr\/en#organization","name":"Mivegec","url":"https:\/\/mivegec.fr\/en","logo":{"@type":"ImageObject","inLanguage":"en-US","@id":"https:\/\/mivegec.fr\/en#\/schema\/logo\/image\/","url":"https:\/\/mivegec.fr\/wp-content\/uploads\/2021\/03\/logo-mivegec@2x.png","contentUrl":"https:\/\/mivegec.fr\/wp-content\/uploads\/2021\/03\/logo-mivegec@2x.png","width":616,"height":405,"caption":"Mivegec"},"image":{"@id":"https:\/\/mivegec.fr\/en#\/schema\/logo\/image\/"}}]}},"_links":{"self":[{"href":"https:\/\/mivegec.fr\/en\/wp-json\/wp\/v2\/pages\/11361","targetHints":{"allow":["GET"]}}],"collection":[{"href":"https:\/\/mivegec.fr\/en\/wp-json\/wp\/v2\/pages"}],"about":[{"href":"https:\/\/mivegec.fr\/en\/wp-json\/wp\/v2\/types\/page"}],"author":[{"embeddable":true,"href":"https:\/\/mivegec.fr\/en\/wp-json\/wp\/v2\/users\/3"}],"replies":[{"embeddable":true,"href":"https:\/\/mivegec.fr\/en\/wp-json\/wp\/v2\/comments?post=11361"}],"version-history":[{"count":12,"href":"https:\/\/mivegec.fr\/en\/wp-json\/wp\/v2\/pages\/11361\/revisions"}],"predecessor-version":[{"id":11568,"href":"https:\/\/mivegec.fr\/en\/wp-json\/wp\/v2\/pages\/11361\/revisions\/11568"}],"wp:attachment":[{"href":"https:\/\/mivegec.fr\/en\/wp-json\/wp\/v2\/media?parent=11361"}],"curies":[{"name":"wp","href":"https:\/\/api.w.org\/{rel}","templated":true}]}}